{"id":1493,"date":"2025-11-18T21:18:26","date_gmt":"2025-11-18T21:18:26","guid":{"rendered":"https:\/\/www.mounts.org\/?page_id=1493"},"modified":"2026-01-23T14:34:09","modified_gmt":"2026-01-23T14:34:09","slug":"diversion-en-familia","status":"publish","type":"page","link":"https:\/\/www.mounts.org\/es\/diversion-en-familia\/","title":{"rendered":"Family Fun"},"content":{"rendered":"<div class=\"wp-block-group alignfull is-layout-constrained wp-container-core-group-is-layout-5b6b4da3 wp-block-group-is-layout-constrained has-background\" style=\"min-height:200px;padding-top:21vh;padding-bottom:21vh;background-image:url(&apos;https:\/\/mounts-botanical-gardens.nyc3.cdn.digitaloceanspaces.com\/dev\/2025\/11\/Rectangle-4683-copy-1.jpg&apos;);background-position:50% 50%;background-size:cover;\">\n<h1 class=\"wp-block-heading has-text-align-center has-white-color has-text-color has-link-color has-mansalva-font-family wp-elements-0b6d169ae5ebeede3e2403729836f57f\" style=\"font-size:clamp(37.821px, 2.364rem + ((1vw - 3.2px) * 2.514), 70px);\">Divi\u00e9rtete en familia<\/h1>\n<\/div>\n\n\n\n<div class=\"wp-block-premium-section premium-section-11fb89ae5a4e premium-section premium-section__stretch_true premium-section__boxed  alignfull is-gapped-mobile mbg-three-columns\"><div class=\"premium-section__content_wrap premium-section__top\"><div class=\"premium-section__content_inner premium-section__content_inner-variations\">\n<h2 class=\"wp-block-heading has-earthy-color has-text-color has-link-color has-figtree-font-family wp-elements-b0d4ba331fc80cc32a12d80e1e0dcddf\" style=\"margin-bottom:var(--wp--preset--spacing--40);font-size:clamp(27.894px, 1.743rem + ((1vw - 3.2px) * 1.571), 48px);font-style:normal;font-weight:500\">Diversi\u00f3n verde para todos<\/h2>\n\n\n\n<div class=\"wp-block-premium-container premium-container-eff95e75d128  alignfull premium-is-root-container\"><div class=\"premium-container-inner-blocks-wrap\">\n<div class=\"wp-block-premium-container pbg-animation-80a971cc11e9 premium-container-80a971cc11e9\"><div class=\"premium-container-inner-blocks-wrap\">\n<figure class=\"wp-block-image size-full has-custom-border is-style-rounded\"><img loading=\"lazy\" decoding=\"async\" width=\"2560\" height=\"1707\" src=\"https:\/\/mounts-botanical-gardens.nyc3.cdn.digitaloceanspaces.com\/dev\/2026\/01\/Family-Fun-Giant-Green-Maze-scaled.jpg\" alt=\"\" class=\"wp-image-4380\" style=\"border-radius:20px\" srcset=\"https:\/\/mounts-botanical-gardens.nyc3.cdn.digitaloceanspaces.com\/dev\/2026\/01\/Family-Fun-Giant-Green-Maze-scaled.jpg 2560w, https:\/\/mounts-botanical-gardens.nyc3.cdn.digitaloceanspaces.com\/dev\/2026\/01\/Family-Fun-Giant-Green-Maze-1024x683.jpg 1024w, https:\/\/mounts-botanical-gardens.nyc3.cdn.digitaloceanspaces.com\/dev\/2026\/01\/Family-Fun-Giant-Green-Maze-1440x960.jpg 1440w, https:\/\/mounts-botanical-gardens.nyc3.cdn.digitaloceanspaces.com\/dev\/2026\/01\/Family-Fun-Giant-Green-Maze-768x512.jpg 768w, https:\/\/mounts-botanical-gardens.nyc3.cdn.digitaloceanspaces.com\/dev\/2026\/01\/Family-Fun-Giant-Green-Maze-391x260.jpg 391w, https:\/\/mounts-botanical-gardens.nyc3.cdn.digitaloceanspaces.com\/dev\/2026\/01\/Family-Fun-Giant-Green-Maze-1536x1024.jpg 1536w, https:\/\/mounts-botanical-gardens.nyc3.cdn.digitaloceanspaces.com\/dev\/2026\/01\/Family-Fun-Giant-Green-Maze-2048x1365.jpg 2048w, https:\/\/mounts-botanical-gardens.nyc3.cdn.digitaloceanspaces.com\/dev\/2026\/01\/Family-Fun-Giant-Green-Maze-18x12.jpg 18w\" sizes=\"auto, (max-width: 2560px) 100vw, 2560px\" \/><\/figure>\n\n\n\n<p class=\"has-text-align-left\"><strong>Laberinto verde gigante<\/strong><br><br>Pasee por un puzzle viviente en el coraz\u00f3n del Jard\u00edn. Descubra caminos sinuosos, escondites secretos y deje volar su imaginaci\u00f3n.<\/p>\n<\/div><\/div>\n\n\n\n<div class=\"wp-block-premium-container pbg-animation-002c2da40fd1 premium-container-002c2da40fd1\"><div class=\"premium-container-inner-blocks-wrap\">\n<figure class=\"wp-block-image size-full has-custom-border is-style-rounded\"><img loading=\"lazy\" decoding=\"async\" width=\"2560\" height=\"1702\" src=\"https:\/\/mounts-botanical-gardens.nyc3.cdn.digitaloceanspaces.com\/dev\/2026\/01\/Family-Fun-Feeding-Koi-Fish-Turtles-scaled.jpg\" alt=\"\" class=\"wp-image-4379\" style=\"border-radius:20px\" srcset=\"https:\/\/mounts-botanical-gardens.nyc3.cdn.digitaloceanspaces.com\/dev\/2026\/01\/Family-Fun-Feeding-Koi-Fish-Turtles-scaled.jpg 2560w, https:\/\/mounts-botanical-gardens.nyc3.cdn.digitaloceanspaces.com\/dev\/2026\/01\/Family-Fun-Feeding-Koi-Fish-Turtles-1024x681.jpg 1024w, https:\/\/mounts-botanical-gardens.nyc3.cdn.digitaloceanspaces.com\/dev\/2026\/01\/Family-Fun-Feeding-Koi-Fish-Turtles-1440x957.jpg 1440w, https:\/\/mounts-botanical-gardens.nyc3.cdn.digitaloceanspaces.com\/dev\/2026\/01\/Family-Fun-Feeding-Koi-Fish-Turtles-768x511.jpg 768w, https:\/\/mounts-botanical-gardens.nyc3.cdn.digitaloceanspaces.com\/dev\/2026\/01\/Family-Fun-Feeding-Koi-Fish-Turtles-391x260.jpg 391w, https:\/\/mounts-botanical-gardens.nyc3.cdn.digitaloceanspaces.com\/dev\/2026\/01\/Family-Fun-Feeding-Koi-Fish-Turtles-1536x1021.jpg 1536w, https:\/\/mounts-botanical-gardens.nyc3.cdn.digitaloceanspaces.com\/dev\/2026\/01\/Family-Fun-Feeding-Koi-Fish-Turtles-2048x1362.jpg 2048w, https:\/\/mounts-botanical-gardens.nyc3.cdn.digitaloceanspaces.com\/dev\/2026\/01\/Family-Fun-Feeding-Koi-Fish-Turtles-18x12.jpg 18w\" sizes=\"auto, (max-width: 2560px) 100vw, 2560px\" \/><\/figure>\n\n\n\n<p class=\"has-text-align-left\"><strong>Alimentaci\u00f3n de peces koi y tortugas<br><\/strong><br>Haz amigos con aletas en el lago Orth. Observa c\u00f3mo chapotean las carpas koi y las tortugas, o l\u00e1nzales un aperitivo a ver qui\u00e9n viene a nadar.<\/p>\n<\/div><\/div>\n\n\n\n<div class=\"wp-block-premium-container pbg-animation-4a701bd13b09 premium-container-4a701bd13b09\"><div class=\"premium-container-inner-blocks-wrap\">\n<figure class=\"wp-block-image size-full has-custom-border is-style-rounded\"><img loading=\"lazy\" decoding=\"async\" width=\"828\" height=\"594\" src=\"https:\/\/mounts-botanical-gardens.nyc3.cdn.digitaloceanspaces.com\/dev\/2025\/11\/Screenshot-2025-07-28-at-11.51.41-AM-1.jpg\" alt=\"jard\u00edn de mariposas\" class=\"wp-image-2099\" style=\"border-style:none;border-width:0px;border-radius:20px\" srcset=\"https:\/\/mounts-botanical-gardens.nyc3.cdn.digitaloceanspaces.com\/dev\/2025\/11\/Screenshot-2025-07-28-at-11.51.41-AM-1.jpg 828w, https:\/\/mounts-botanical-gardens.nyc3.cdn.digitaloceanspaces.com\/dev\/2025\/11\/Screenshot-2025-07-28-at-11.51.41-AM-1-768x551.jpg 768w, https:\/\/mounts-botanical-gardens.nyc3.cdn.digitaloceanspaces.com\/dev\/2025\/11\/Screenshot-2025-07-28-at-11.51.41-AM-1-18x12.jpg 18w\" sizes=\"auto, (max-width: 828px) 100vw, 828px\" \/><\/figure>\n\n\n\n<p class=\"has-text-align-left\"><strong>Jard\u00edn de mariposas<\/strong><br><br>Pasee revoloteando y conozca a todas las hermosas mariposas y simp\u00e1ticas orugas que viven en el Jard\u00edn.<\/p>\n<\/div><\/div>\n<\/div><\/div>\n<\/div><\/div><\/div>\n\n\n\n<div class=\"wp-block-media-text has-media-on-the-right is-stacked-on-mobile mounts-media-text ltr is-padded-mobile\"><div class=\"wp-block-media-text__content\">\n<h2 class=\"wp-block-heading has-earthy-color has-text-color has-link-color wp-elements-f905eadacc93cc3e2ac8faa4b6621b0c\">Viaje al Tesoro<\/h2>\n\n\n\n<p>En West Palm Beach, donde se buscan emociones, el Jard\u00edn Bot\u00e1nico de Mounts es donde la X marca el lugar. Emb\u00e1rcate en la b\u00fasqueda del tesoro para descubrir tesoros secretos en cada esquina mientras exploras las maravillas del Jard\u00edn.<\/p>\n\n\n\n<div class=\"wp-block-buttons is-layout-flex wp-block-buttons-is-layout-flex\">\n<div class=\"wp-block-button has-custom-width wp-block-button__width-50 is-style-fill\"><a class=\"wp-block-button__link wp-element-button\" href=\"https:\/\/mounts-botanical-gardens.nyc3.cdn.digitaloceanspaces.com\/dev\/2025\/12\/Treasure-Trek-Map.pdf\" target=\"_blank\" rel=\"noreferrer noopener\">Descargar el mapa<\/a><\/div>\n\n\n\n<div class=\"wp-block-button has-custom-width wp-block-button__width-50 is-style-fill\"><a class=\"wp-block-button__link wp-element-button\" href=\"https:\/\/mounts-botanical-gardens.nyc3.cdn.digitaloceanspaces.com\/dev\/2025\/12\/Treasure-Trek-2023-digital-version.pdf\" target=\"_blank\" rel=\"noreferrer noopener\">Descargar las pistas<\/a><\/div>\n<\/div>\n<\/div><figure class=\"wp-block-media-text__media\"><img loading=\"lazy\" decoding=\"async\" width=\"631\" height=\"631\" src=\"https:\/\/mounts-botanical-gardens.nyc3.cdn.digitaloceanspaces.com\/dev\/2025\/11\/imgi_11_MCO-A9_05502-16.9-scaled-2-min.jpg\" alt=\"mapa de la ruta\" class=\"wp-image-1500 size-full\" srcset=\"https:\/\/mounts-botanical-gardens.nyc3.cdn.digitaloceanspaces.com\/dev\/2025\/11\/imgi_11_MCO-A9_05502-16.9-scaled-2-min.jpg 631w, https:\/\/mounts-botanical-gardens.nyc3.cdn.digitaloceanspaces.com\/dev\/2025\/11\/imgi_11_MCO-A9_05502-16.9-scaled-2-min-300x300.jpg 300w, https:\/\/mounts-botanical-gardens.nyc3.cdn.digitaloceanspaces.com\/dev\/2025\/11\/imgi_11_MCO-A9_05502-16.9-scaled-2-min-500x500.jpg 500w, https:\/\/mounts-botanical-gardens.nyc3.cdn.digitaloceanspaces.com\/dev\/2025\/11\/imgi_11_MCO-A9_05502-16.9-scaled-2-min-12x12.jpg 12w\" sizes=\"auto, (max-width: 631px) 100vw, 631px\" \/><\/figure><\/div>\n\n\n\n<div class=\"wp-block-media-text is-stacked-on-mobile mounts-media-text ltr is-padded-mobile\"><figure class=\"wp-block-media-text__media\"><img loading=\"lazy\" decoding=\"async\" width=\"1440\" height=\"960\" src=\"https:\/\/mounts-botanical-gardens.nyc3.cdn.digitaloceanspaces.com\/dev\/2026\/01\/Family-Fun-Giant-Towering-Moai-1440x960.jpg\" alt=\"\" class=\"wp-image-4381 size-full\" srcset=\"https:\/\/mounts-botanical-gardens.nyc3.cdn.digitaloceanspaces.com\/dev\/2026\/01\/Family-Fun-Giant-Towering-Moai-1440x960.jpg 1440w, https:\/\/mounts-botanical-gardens.nyc3.cdn.digitaloceanspaces.com\/dev\/2026\/01\/Family-Fun-Giant-Towering-Moai-1024x683.jpg 1024w, https:\/\/mounts-botanical-gardens.nyc3.cdn.digitaloceanspaces.com\/dev\/2026\/01\/Family-Fun-Giant-Towering-Moai-768x512.jpg 768w, https:\/\/mounts-botanical-gardens.nyc3.cdn.digitaloceanspaces.com\/dev\/2026\/01\/Family-Fun-Giant-Towering-Moai-391x260.jpg 391w, https:\/\/mounts-botanical-gardens.nyc3.cdn.digitaloceanspaces.com\/dev\/2026\/01\/Family-Fun-Giant-Towering-Moai-1536x1024.jpg 1536w, https:\/\/mounts-botanical-gardens.nyc3.cdn.digitaloceanspaces.com\/dev\/2026\/01\/Family-Fun-Giant-Towering-Moai-2048x1365.jpg 2048w, https:\/\/mounts-botanical-gardens.nyc3.cdn.digitaloceanspaces.com\/dev\/2026\/01\/Family-Fun-Giant-Towering-Moai-18x12.jpg 18w\" sizes=\"auto, (max-width: 1440px) 100vw, 1440px\" \/><\/figure><div class=\"wp-block-media-text__content\">\n<h2 class=\"wp-block-heading has-earthy-color has-text-color has-link-color wp-elements-640808c7c67192ca35763ba20df07e9c\">Moai imponentes<\/h2>\n\n\n\n<p>Visite las gigantescas r\u00e9plicas a tama\u00f1o natural de las ic\u00f3nicas figuras monol\u00edticas situadas en la Isla de Pascua (Chile). Descubre la inspiradora historia de los moai y la cultura rapanui, y la importancia de preservar y proteger nuestro medio ambiente y nuestros recursos.<\/p>\n<\/div><\/div>\n\n\n\n<div class=\"wp-block-media-text has-media-on-the-right is-stacked-on-mobile mounts-media-text ltr is-padded-mobile\"><div class=\"wp-block-media-text__content\">\n<h2 class=\"wp-block-heading has-earthy-color has-text-color has-link-color wp-elements-d382edac5b08e0cbd2a66d9cb0cfb73e\">Mochilas sensoriales<\/h2>\n\n\n\n<p>Hay mochilas sensoriales disponibles para ayudar a los visitantes con sensibilidades sensoriales. Si\u00e9ntase m\u00e1s preparado, confiado y comprometido, ad\u00e1ptese a nuevas caras, nuevas actividades, luces brillantes y otras experiencias sensoriales con auriculares con cancelaci\u00f3n de ruido, gafas de sol polarizadas y una variedad de dispositivos fidget.<\/p>\n<\/div><figure class=\"wp-block-media-text__media\"><img loading=\"lazy\" decoding=\"async\" width=\"1365\" height=\"1024\" src=\"https:\/\/mounts-botanical-gardens.nyc3.cdn.digitaloceanspaces.com\/dev\/2026\/01\/Family-Fun-Sensory-Backpacks-1365x1024.png\" alt=\"\" class=\"wp-image-4319 size-full\" srcset=\"https:\/\/mounts-botanical-gardens.nyc3.cdn.digitaloceanspaces.com\/dev\/2026\/01\/Family-Fun-Sensory-Backpacks-1365x1024.png 1365w, https:\/\/mounts-botanical-gardens.nyc3.cdn.digitaloceanspaces.com\/dev\/2026\/01\/Family-Fun-Sensory-Backpacks-1024x768.png 1024w, https:\/\/mounts-botanical-gardens.nyc3.cdn.digitaloceanspaces.com\/dev\/2026\/01\/Family-Fun-Sensory-Backpacks-400x300.png 400w, https:\/\/mounts-botanical-gardens.nyc3.cdn.digitaloceanspaces.com\/dev\/2026\/01\/Family-Fun-Sensory-Backpacks-768x576.png 768w, https:\/\/mounts-botanical-gardens.nyc3.cdn.digitaloceanspaces.com\/dev\/2026\/01\/Family-Fun-Sensory-Backpacks-1536x1152.png 1536w, https:\/\/mounts-botanical-gardens.nyc3.cdn.digitaloceanspaces.com\/dev\/2026\/01\/Family-Fun-Sensory-Backpacks-2048x1536.png 2048w, https:\/\/mounts-botanical-gardens.nyc3.cdn.digitaloceanspaces.com\/dev\/2026\/01\/Family-Fun-Sensory-Backpacks-16x12.png 16w\" sizes=\"auto, (max-width: 1365px) 100vw, 1365px\" \/><\/figure><\/div>","protected":false},"excerpt":{"rendered":"<p>Sprout some family fun Towering Moai Visit the giant life-size replicas of the iconic monolithic figures located on Easter Island, Chile. Discover the inspiring story of the Moai and Rapa Nui culture, and the importance of preserving and protecting our environment and resources. Sensory Backpacks Sensory backpacks are available to assist visitors with sensory sensitivities. [&hellip;]<\/p>","protected":false},"author":1,"featured_media":4444,"parent":0,"menu_order":0,"comment_status":"closed","ping_status":"closed","template":"","meta":{"_eb_attr":"","inline_featured_image":false,"footnotes":""},"class_list":["post-1493","page","type-page","status-publish","has-post-thumbnail","hentry"],"yoast_head":"<!-- This site is optimized with the Yoast SEO plugin v27.1.1 - https:\/\/yoast.com\/product\/yoast-seo-wordpress\/ -->\n<title>Family Fun - Mounts Botanical Garden of Palm Beach County<\/title>\n<meta name=\"description\" content=\"Family Fun - Mounts Botanical Garden of Palm Beach County\" \/>\n<meta name=\"robots\" content=\"index, follow, max-snippet:-1, max-image-preview:large, max-video-preview:-1\" \/>\n<link rel=\"canonical\" href=\"https:\/\/www.mounts.org\/es\/diversion-en-familia\/\" \/>\n<meta property=\"og:locale\" content=\"es_ES\" \/>\n<meta property=\"og:type\" content=\"article\" \/>\n<meta property=\"og:title\" content=\"Family Fun - Mounts Botanical Garden of Palm Beach County\" \/>\n<meta property=\"og:description\" content=\"Family Fun - Mounts Botanical Garden of Palm Beach County\" \/>\n<meta property=\"og:url\" content=\"https:\/\/www.mounts.org\/es\/diversion-en-familia\/\" \/>\n<meta property=\"og:site_name\" content=\"Mounts Botanical Garden of Palm Beach County\" \/>\n<meta property=\"article:publisher\" content=\"https:\/\/www.facebook.com\/MountsBotanicalGarden\/\" \/>\n<meta property=\"article:modified_time\" content=\"2026-01-23T14:34:09+00:00\" \/>\n<meta property=\"og:image\" content=\"https:\/\/mounts-botanical-gardens.nyc3.cdn.digitaloceanspaces.com\/dev\/2026\/01\/1-Castro-Felix-Animal-Life.jpg\" \/>\n\t<meta property=\"og:image:width\" content=\"641\" \/>\n\t<meta property=\"og:image:height\" content=\"801\" \/>\n\t<meta property=\"og:image:type\" content=\"image\/jpeg\" \/>\n<meta name=\"twitter:card\" content=\"summary_large_image\" \/>\n<meta name=\"twitter:label1\" content=\"Est. reading time\" \/>\n\t<meta name=\"twitter:data1\" content=\"3 minutes\" \/>\n<script type=\"application\/ld+json\" class=\"yoast-schema-graph\">{\"@context\":\"https:\/\/schema.org\",\"@graph\":[{\"@type\":\"WebPage\",\"@id\":\"https:\/\/www.mounts.org\/es\/diversion-en-familia\/\",\"url\":\"https:\/\/www.mounts.org\/es\/diversion-en-familia\/\",\"name\":\"Family Fun - Mounts Botanical Garden of Palm Beach County\",\"isPartOf\":{\"@id\":\"https:\/\/www.mounts.org\/es\/#website\"},\"primaryImageOfPage\":{\"@id\":\"https:\/\/www.mounts.org\/es\/diversion-en-familia\/#primaryimage\"},\"image\":{\"@id\":\"https:\/\/www.mounts.org\/es\/diversion-en-familia\/#primaryimage\"},\"thumbnailUrl\":\"https:\/\/mounts-botanical-gardens.nyc3.cdn.digitaloceanspaces.com\/dev\/2026\/01\/1-Castro-Felix-Animal-Life.jpg\",\"datePublished\":\"2025-11-18T21:18:26+00:00\",\"dateModified\":\"2026-01-23T14:34:09+00:00\",\"description\":\"Family Fun - Mounts Botanical Garden of Palm Beach County\",\"breadcrumb\":{\"@id\":\"https:\/\/www.mounts.org\/es\/diversion-en-familia\/#breadcrumb\"},\"inLanguage\":\"es-ES\",\"potentialAction\":[{\"@type\":\"ReadAction\",\"target\":[\"https:\/\/www.mounts.org\/es\/diversion-en-familia\/\"]}]},{\"@type\":\"ImageObject\",\"inLanguage\":\"es-ES\",\"@id\":\"https:\/\/www.mounts.org\/es\/diversion-en-familia\/#primaryimage\",\"url\":\"https:\/\/mounts-botanical-gardens.nyc3.cdn.digitaloceanspaces.com\/dev\/2026\/01\/1-Castro-Felix-Animal-Life.jpg\",\"contentUrl\":\"https:\/\/mounts-botanical-gardens.nyc3.cdn.digitaloceanspaces.com\/dev\/2026\/01\/1-Castro-Felix-Animal-Life.jpg\",\"width\":641,\"height\":801},{\"@type\":\"BreadcrumbList\",\"@id\":\"https:\/\/www.mounts.org\/es\/diversion-en-familia\/#breadcrumb\",\"itemListElement\":[{\"@type\":\"ListItem\",\"position\":1,\"name\":\"Home\",\"item\":\"https:\/\/www.mounts.org\/es\/\"},{\"@type\":\"ListItem\",\"position\":2,\"name\":\"Family Fun\"}]},{\"@type\":\"WebSite\",\"@id\":\"https:\/\/www.mounts.org\/es\/#website\",\"url\":\"https:\/\/www.mounts.org\/es\/\",\"name\":\"Mounts Botanical Garden of Palm Beach County\",\"description\":\"Welcome to your Garden\",\"publisher\":{\"@id\":\"https:\/\/www.mounts.org\/es\/#organization\"},\"alternateName\":\"Mounts Botanical Garden\",\"potentialAction\":[{\"@type\":\"SearchAction\",\"target\":{\"@type\":\"EntryPoint\",\"urlTemplate\":\"https:\/\/www.mounts.org\/es\/?s={search_term_string}\"},\"query-input\":{\"@type\":\"PropertyValueSpecification\",\"valueRequired\":true,\"valueName\":\"search_term_string\"}}],\"inLanguage\":\"es-ES\"},{\"@type\":\"Organization\",\"@id\":\"https:\/\/www.mounts.org\/es\/#organization\",\"name\":\"Mounts Botanical Garden of Palm Beach County\",\"url\":\"https:\/\/www.mounts.org\/es\/\",\"logo\":{\"@type\":\"ImageObject\",\"inLanguage\":\"es-ES\",\"@id\":\"https:\/\/www.mounts.org\/es\/#\/schema\/logo\/image\/\",\"url\":\"https:\/\/mounts-botanical-gardens.nyc3.cdn.digitaloceanspaces.com\/dev\/2025\/11\/15180613\/Group-27.svg\",\"contentUrl\":\"https:\/\/mounts-botanical-gardens.nyc3.cdn.digitaloceanspaces.com\/dev\/2025\/11\/15180613\/Group-27.svg\",\"width\":85,\"height\":63,\"caption\":\"Mounts Botanical Garden of Palm Beach County\"},\"image\":{\"@id\":\"https:\/\/www.mounts.org\/es\/#\/schema\/logo\/image\/\"},\"sameAs\":[\"https:\/\/www.facebook.com\/MountsBotanicalGarden\/\",\"https:\/\/www.instagram.com\/mountsbotanicalgarden\",\"https:\/\/www.youtube.com\/@mountsbotanicalgardenwpb\"]}]}<\/script>\n<!-- \/ Yoast SEO plugin. -->","yoast_head_json":{"title":"Diversi\u00f3n en familia - Jard\u00edn Bot\u00e1nico del Condado de Palm Beach","description":"Diversi\u00f3n en familia - Jard\u00edn Bot\u00e1nico del Condado de Palm Beach","robots":{"index":"index","follow":"follow","max-snippet":"max-snippet:-1","max-image-preview":"max-image-preview:large","max-video-preview":"max-video-preview:-1"},"canonical":"https:\/\/www.mounts.org\/es\/diversion-en-familia\/","og_locale":"es_ES","og_type":"article","og_title":"Family Fun - Mounts Botanical Garden of Palm Beach County","og_description":"Family Fun - Mounts Botanical Garden of Palm Beach County","og_url":"https:\/\/www.mounts.org\/es\/diversion-en-familia\/","og_site_name":"Mounts Botanical Garden of Palm Beach County","article_publisher":"https:\/\/www.facebook.com\/MountsBotanicalGarden\/","article_modified_time":"2026-01-23T14:34:09+00:00","og_image":[{"width":641,"height":801,"url":"https:\/\/mounts-botanical-gardens.nyc3.cdn.digitaloceanspaces.com\/dev\/2026\/01\/1-Castro-Felix-Animal-Life.jpg","type":"image\/jpeg"}],"twitter_card":"summary_large_image","twitter_misc":{"Est. reading time":"3 minutes"},"schema":{"@context":"https:\/\/schema.org","@graph":[{"@type":"WebPage","@id":"https:\/\/www.mounts.org\/es\/diversion-en-familia\/","url":"https:\/\/www.mounts.org\/es\/diversion-en-familia\/","name":"Diversi\u00f3n en familia - Jard\u00edn Bot\u00e1nico del Condado de Palm Beach","isPartOf":{"@id":"https:\/\/www.mounts.org\/es\/#website"},"primaryImageOfPage":{"@id":"https:\/\/www.mounts.org\/es\/diversion-en-familia\/#primaryimage"},"image":{"@id":"https:\/\/www.mounts.org\/es\/diversion-en-familia\/#primaryimage"},"thumbnailUrl":"https:\/\/mounts-botanical-gardens.nyc3.cdn.digitaloceanspaces.com\/dev\/2026\/01\/1-Castro-Felix-Animal-Life.jpg","datePublished":"2025-11-18T21:18:26+00:00","dateModified":"2026-01-23T14:34:09+00:00","description":"Diversi\u00f3n en familia - Jard\u00edn Bot\u00e1nico del Condado de Palm Beach","breadcrumb":{"@id":"https:\/\/www.mounts.org\/es\/diversion-en-familia\/#breadcrumb"},"inLanguage":"es-ES","potentialAction":[{"@type":"ReadAction","target":["https:\/\/www.mounts.org\/es\/diversion-en-familia\/"]}]},{"@type":"ImageObject","inLanguage":"es-ES","@id":"https:\/\/www.mounts.org\/es\/diversion-en-familia\/#primaryimage","url":"https:\/\/mounts-botanical-gardens.nyc3.cdn.digitaloceanspaces.com\/dev\/2026\/01\/1-Castro-Felix-Animal-Life.jpg","contentUrl":"https:\/\/mounts-botanical-gardens.nyc3.cdn.digitaloceanspaces.com\/dev\/2026\/01\/1-Castro-Felix-Animal-Life.jpg","width":641,"height":801},{"@type":"BreadcrumbList","@id":"https:\/\/www.mounts.org\/es\/diversion-en-familia\/#breadcrumb","itemListElement":[{"@type":"ListItem","position":1,"name":"Home","item":"https:\/\/www.mounts.org\/es\/"},{"@type":"ListItem","position":2,"name":"Family Fun"}]},{"@type":"WebSite","@id":"https:\/\/www.mounts.org\/es\/#website","url":"https:\/\/www.mounts.org\/es\/","name":"Jard\u00edn Bot\u00e1nico del Condado de Palm Beach","description":"Bienvenido a su jard\u00edn","publisher":{"@id":"https:\/\/www.mounts.org\/es\/#organization"},"alternateName":"Mounts Botanical Garden","potentialAction":[{"@type":"SearchAction","target":{"@type":"EntryPoint","urlTemplate":"https:\/\/www.mounts.org\/es\/?s={search_term_string}"},"query-input":{"@type":"PropertyValueSpecification","valueRequired":true,"valueName":"search_term_string"}}],"inLanguage":"es-ES"},{"@type":"Organization","@id":"https:\/\/www.mounts.org\/es\/#organization","name":"Jard\u00edn Bot\u00e1nico del Condado de Palm Beach","url":"https:\/\/www.mounts.org\/es\/","logo":{"@type":"ImageObject","inLanguage":"es-ES","@id":"https:\/\/www.mounts.org\/es\/#\/schema\/logo\/image\/","url":"https:\/\/mounts-botanical-gardens.nyc3.cdn.digitaloceanspaces.com\/dev\/2025\/11\/15180613\/Group-27.svg","contentUrl":"https:\/\/mounts-botanical-gardens.nyc3.cdn.digitaloceanspaces.com\/dev\/2025\/11\/15180613\/Group-27.svg","width":85,"height":63,"caption":"Mounts Botanical Garden of Palm Beach County"},"image":{"@id":"https:\/\/www.mounts.org\/es\/#\/schema\/logo\/image\/"},"sameAs":["https:\/\/www.facebook.com\/MountsBotanicalGarden\/","https:\/\/www.instagram.com\/mountsbotanicalgarden","https:\/\/www.youtube.com\/@mountsbotanicalgardenwpb"]}]}},"pbg_featured_image_src":{"full":["https:\/\/mounts-botanical-gardens.nyc3.cdn.digitaloceanspaces.com\/dev\/2026\/01\/1-Castro-Felix-Animal-Life.jpg",641,801,false],"thumbnail":["https:\/\/mounts-botanical-gardens.nyc3.cdn.digitaloceanspaces.com\/dev\/2026\/01\/1-Castro-Felix-Animal-Life-400x300.jpg",400,300,true],"medium":["https:\/\/mounts-botanical-gardens.nyc3.cdn.digitaloceanspaces.com\/dev\/2026\/01\/1-Castro-Felix-Animal-Life-615x768.jpg",615,768,true],"medium_large":["https:\/\/mounts-botanical-gardens.nyc3.cdn.digitaloceanspaces.com\/dev\/2026\/01\/1-Castro-Felix-Animal-Life.jpg",641,801,false],"large":["https:\/\/mounts-botanical-gardens.nyc3.cdn.digitaloceanspaces.com\/dev\/2026\/01\/1-Castro-Felix-Animal-Life.jpg",641,801,false],"thumblist":["https:\/\/mounts-botanical-gardens.nyc3.cdn.digitaloceanspaces.com\/dev\/2026\/01\/1-Castro-Felix-Animal-Life-300x300.jpg",300,300,true],"thumbrelated":["https:\/\/mounts-botanical-gardens.nyc3.cdn.digitaloceanspaces.com\/dev\/2026\/01\/1-Castro-Felix-Animal-Life-500x500.jpg",500,500,true],"meccarouselthumb":["https:\/\/mounts-botanical-gardens.nyc3.cdn.digitaloceanspaces.com\/dev\/2026\/01\/1-Castro-Felix-Animal-Life-474x324.jpg",474,324,true],"gridsquare":["https:\/\/mounts-botanical-gardens.nyc3.cdn.digitaloceanspaces.com\/dev\/2026\/01\/1-Castro-Felix-Animal-Life-391x260.jpg",391,260,true],"tileview":["https:\/\/mounts-botanical-gardens.nyc3.cdn.digitaloceanspaces.com\/dev\/2026\/01\/1-Castro-Felix-Animal-Life-300x400.jpg",300,400,true],"1536x1536":["https:\/\/mounts-botanical-gardens.nyc3.cdn.digitaloceanspaces.com\/dev\/2026\/01\/1-Castro-Felix-Animal-Life.jpg",641,801,false],"2048x2048":["https:\/\/mounts-botanical-gardens.nyc3.cdn.digitaloceanspaces.com\/dev\/2026\/01\/1-Castro-Felix-Animal-Life.jpg",641,801,false],"trp-custom-language-flag":["https:\/\/mounts-botanical-gardens.nyc3.cdn.digitaloceanspaces.com\/dev\/2026\/01\/1-Castro-Felix-Animal-Life-10x12.jpg",10,12,true],"gform-image-choice-sm":["https:\/\/mounts-botanical-gardens.nyc3.cdn.digitaloceanspaces.com\/dev\/2026\/01\/1-Castro-Felix-Animal-Life.jpg",240,300,false],"gform-image-choice-md":["https:\/\/mounts-botanical-gardens.nyc3.cdn.digitaloceanspaces.com\/dev\/2026\/01\/1-Castro-Felix-Animal-Life.jpg",320,400,false],"gform-image-choice-lg":["https:\/\/mounts-botanical-gardens.nyc3.cdn.digitaloceanspaces.com\/dev\/2026\/01\/1-Castro-Felix-Animal-Life.jpg",480,600,false]},"pbg_author_info":{"display_name":"jworkman","author_link":"https:\/\/www.mounts.org\/es\/author\/jworkman\/","author_img":"<img alt='jworkman' src='https:\/\/secure.gravatar.com\/avatar\/d681782f7ee2dc727aa4c819f3cffffe83d747ec1de3b219878d6e178e409fac?s=128&#038;d=mm&#038;r=g' srcset='https:\/\/secure.gravatar.com\/avatar\/d681782f7ee2dc727aa4c819f3cffffe83d747ec1de3b219878d6e178e409fac?s=256&#038;d=mm&#038;r=g 2x' class='avatar avatar-128 photo' height='128' width='128' loading='lazy' decoding='async'\/>"},"pbg_comment_info":" No Comments","pbg_excerpt":"Sprout some family fun Towering Moai Visit the giant life-size replicas of the iconic monolithic figures located on Easter Island, Chile. Discover the inspiring story of the Moai and Rapa Nui culture, and the importance of preserving and protecting our environment and resources. Sensory Backpacks Sensory backpacks are available to assist visitors with sensory sensitivities.&hellip;","_links":{"self":[{"href":"https:\/\/www.mounts.org\/es\/wp-json\/wp\/v2\/pages\/1493","targetHints":{"allow":["GET"]}}],"collection":[{"href":"https:\/\/www.mounts.org\/es\/wp-json\/wp\/v2\/pages"}],"about":[{"href":"https:\/\/www.mounts.org\/es\/wp-json\/wp\/v2\/types\/page"}],"author":[{"embeddable":true,"href":"https:\/\/www.mounts.org\/es\/wp-json\/wp\/v2\/users\/1"}],"replies":[{"embeddable":true,"href":"https:\/\/www.mounts.org\/es\/wp-json\/wp\/v2\/comments?post=1493"}],"version-history":[{"count":19,"href":"https:\/\/www.mounts.org\/es\/wp-json\/wp\/v2\/pages\/1493\/revisions"}],"predecessor-version":[{"id":5284,"href":"https:\/\/www.mounts.org\/es\/wp-json\/wp\/v2\/pages\/1493\/revisions\/5284"}],"wp:featuredmedia":[{"embeddable":true,"href":"https:\/\/www.mounts.org\/es\/wp-json\/wp\/v2\/media\/4444"}],"wp:attachment":[{"href":"https:\/\/www.mounts.org\/es\/wp-json\/wp\/v2\/media?parent=1493"}],"curies":[{"name":"wp","href":"https:\/\/api.w.org\/{rel}","templated":true}]}}