{"id":1656,"date":"2025-11-20T01:50:30","date_gmt":"2025-11-20T01:50:30","guid":{"rendered":"https:\/\/www.mounts.org\/?page_id=1656"},"modified":"2026-01-30T20:20:35","modified_gmt":"2026-01-30T20:20:35","slug":"tienda","status":"publish","type":"page","link":"https:\/\/www.mounts.org\/es\/visite\/tienda\/","title":{"rendered":"Tienda"},"content":{"rendered":"<div class=\"wp-block-group alignfull is-layout-constrained wp-container-core-group-is-layout-b7a69357 wp-block-group-is-layout-constrained has-background\" style=\"min-height:200px;padding-top:25vh;padding-bottom:25vh;background-image:url(&apos;https:\/\/mounts-botanical-gardens.nyc3.cdn.digitaloceanspaces.com\/dev\/2026\/01\/Shop-Banner-1-scaled.jpg&apos;);background-position:50% 50%;background-size:cover;\">\n<h1 class=\"wp-block-heading has-text-align-center has-white-color has-text-color has-link-color has-mansalva-font-family wp-elements-b814936dbbf66e15cbf64fec3576228c\" style=\"font-size:clamp(37.821px, 2.364rem + ((1vw - 3.2px) * 2.514), 70px);\">Comprar en el jard\u00edn<\/h1>\n<\/div>\n\n\n\n<div class=\"wp-block-media-text has-media-on-the-right is-stacked-on-mobile mounts-media-text ltr is-padded-mobile\"><div class=\"wp-block-media-text__content\">\n<h2 class=\"wp-block-heading has-earthy-color has-text-color has-link-color wp-elements-f68ac234f13148ac36bd582818b29629\">La guarder\u00eda<\/h2>\n\n\n\n<p>Nuestros expertos en jardiner\u00eda cultivan una gran variedad de plantas para que usted pueda cultivar su propio trozo de para\u00edso.<\/p>\n\n\n\n<ul class=\"wp-block-list\">\n<li>Nativos de Florida<\/li>\n\n\n\n<li>Plantas tapizantes<\/li>\n\n\n\n<li>Hierbas<\/li>\n\n\n\n<li>Ornamentales<\/li>\n\n\n\n<li>Plantas mariposa<\/li>\n\n\n\n<li>Plantas de sombra y m\u00e1s<\/li>\n<\/ul>\n\n\n\n<p><\/p>\n\n\n\n<p>Abierto de martes a domingo<br>9:00 h - 15:30 h<\/p>\n<\/div><figure class=\"wp-block-media-text__media\"><img loading=\"lazy\" decoding=\"async\" width=\"1200\" height=\"795\" src=\"https:\/\/mounts-botanical-gardens.nyc3.cdn.digitaloceanspaces.com\/dev\/2025\/11\/1-Featured-Image-Nursery_May-2020_web.jpg\" alt=\"guarder\u00eda\" class=\"wp-image-1981 size-full\" srcset=\"https:\/\/mounts-botanical-gardens.nyc3.cdn.digitaloceanspaces.com\/dev\/2025\/11\/1-Featured-Image-Nursery_May-2020_web.jpg 1200w, https:\/\/mounts-botanical-gardens.nyc3.cdn.digitaloceanspaces.com\/dev\/2025\/11\/1-Featured-Image-Nursery_May-2020_web-1024x678.jpg 1024w, https:\/\/mounts-botanical-gardens.nyc3.cdn.digitaloceanspaces.com\/dev\/2025\/11\/1-Featured-Image-Nursery_May-2020_web-768x509.jpg 768w, https:\/\/mounts-botanical-gardens.nyc3.cdn.digitaloceanspaces.com\/dev\/2025\/11\/1-Featured-Image-Nursery_May-2020_web-391x260.jpg 391w, https:\/\/mounts-botanical-gardens.nyc3.cdn.digitaloceanspaces.com\/dev\/2025\/11\/1-Featured-Image-Nursery_May-2020_web-18x12.jpg 18w\" sizes=\"auto, (max-width: 1200px) 100vw, 1200px\" \/><\/figure><\/div>\n\n\n\n<div class=\"wp-block-media-text is-stacked-on-mobile mounts-media-text rtl is-padded-mobile\"><figure class=\"wp-block-media-text__media\"><img loading=\"lazy\" decoding=\"async\" width=\"1365\" height=\"1024\" src=\"https:\/\/mounts-botanical-gardens.nyc3.cdn.digitaloceanspaces.com\/dev\/2025\/11\/IMG_3011-1365x1024.jpg\" alt=\"tienda de segunda mano\" class=\"wp-image-1983 size-full\" srcset=\"https:\/\/mounts-botanical-gardens.nyc3.cdn.digitaloceanspaces.com\/dev\/2025\/11\/IMG_3011-1365x1024.jpg 1365w, https:\/\/mounts-botanical-gardens.nyc3.cdn.digitaloceanspaces.com\/dev\/2025\/11\/IMG_3011-1024x768.jpg 1024w, https:\/\/mounts-botanical-gardens.nyc3.cdn.digitaloceanspaces.com\/dev\/2025\/11\/IMG_3011-400x300.jpg 400w, https:\/\/mounts-botanical-gardens.nyc3.cdn.digitaloceanspaces.com\/dev\/2025\/11\/IMG_3011-768x576.jpg 768w, https:\/\/mounts-botanical-gardens.nyc3.cdn.digitaloceanspaces.com\/dev\/2025\/11\/IMG_3011-16x12.jpg 16w, https:\/\/mounts-botanical-gardens.nyc3.cdn.digitaloceanspaces.com\/dev\/2025\/11\/IMG_3011.jpg 1500w\" sizes=\"auto, (max-width: 1365px) 100vw, 1365px\" \/><\/figure><div class=\"wp-block-media-text__content\">\n<h2 class=\"wp-block-heading has-earthy-color has-text-color has-link-color wp-elements-c651b3dea30c902b684c71306491d054\">Tienda de segunda mano Vintage Garden<\/h2>\n\n\n\n<p>Nueva tienda vintage en breve<\/p>\n\n\n\n<p>Encuentre o done antig\u00fcedades \u00fanicas, tesoros de segunda mano y m\u00e1s accesorios de jard\u00edn en la tienda vintage de segunda mano.<\/p>\n\n\n\n<p>Abierto de martes a domingo<br>9:00 h - 15:30 h&nbsp;<\/p>\n<\/div><\/div>\n\n\n\n<div class=\"wp-block-media-text has-media-on-the-right is-stacked-on-mobile mounts-media-text ltr is-padded-mobile\"><div class=\"wp-block-media-text__content\">\n<h2 class=\"wp-block-heading has-earthy-color has-text-color has-link-color wp-elements-eb2351b4a7ecbc0cd2c774a83bd59b44\">Hoja con regalo<\/h2>\n\n\n\n<p>Termine su visita al jard\u00edn en la tienda de regalos y ll\u00e9vese a casa un recuerdo bot\u00e1nico para usted y sus amigos.<\/p>\n\n\n\n<ul class=\"wp-block-list\">\n<li>Bolsos<\/li>\n\n\n\n<li>Joyer\u00eda<\/li>\n\n\n\n<li>Libros y juguetes infantiles<\/li>\n\n\n\n<li>Fichas<\/li>\n\n\n\n<li>Libros<\/li>\n\n\n\n<li>Accesorios de jardiner\u00eda y mucho m\u00e1s<\/li>\n<\/ul>\n<\/div><figure class=\"wp-block-media-text__media\"><img loading=\"lazy\" decoding=\"async\" width=\"768\" height=\"1024\" src=\"https:\/\/mounts-botanical-gardens.nyc3.cdn.digitaloceanspaces.com\/dev\/2026\/01\/Shop-Leaf-with-a-gift-768x1024.jpg\" alt=\"\" class=\"wp-image-4357 size-full\" srcset=\"https:\/\/mounts-botanical-gardens.nyc3.cdn.digitaloceanspaces.com\/dev\/2026\/01\/Shop-Leaf-with-a-gift-768x1024.jpg 768w, https:\/\/mounts-botanical-gardens.nyc3.cdn.digitaloceanspaces.com\/dev\/2026\/01\/Shop-Leaf-with-a-gift-576x768.jpg 576w, https:\/\/mounts-botanical-gardens.nyc3.cdn.digitaloceanspaces.com\/dev\/2026\/01\/Shop-Leaf-with-a-gift-300x400.jpg 300w, https:\/\/mounts-botanical-gardens.nyc3.cdn.digitaloceanspaces.com\/dev\/2026\/01\/Shop-Leaf-with-a-gift-1152x1536.jpg 1152w, https:\/\/mounts-botanical-gardens.nyc3.cdn.digitaloceanspaces.com\/dev\/2026\/01\/Shop-Leaf-with-a-gift-1536x2048.jpg 1536w, https:\/\/mounts-botanical-gardens.nyc3.cdn.digitaloceanspaces.com\/dev\/2026\/01\/Shop-Leaf-with-a-gift-9x12.jpg 9w, https:\/\/mounts-botanical-gardens.nyc3.cdn.digitaloceanspaces.com\/dev\/2026\/01\/Shop-Leaf-with-a-gift-scaled.jpg 1920w\" sizes=\"auto, (max-width: 768px) 100vw, 768px\" \/><\/figure><\/div>\n\n\n\n<h2 class=\"wp-block-heading has-text-align-center has-earthy-color has-text-color has-link-color wp-elements-cfcb1e2f5b85218b168cd89aebb9e02f\">Preguntas frecuentes<\/h2>\n\n\n\n<div class=\"wp-block-premium-accordion premium-accordion premium-accordion-91fe09b30ba0\">\n<div class=\"wp-block-premium-accordion-item premium-accordion-item-462fbdf32c3c premium-accordion__content_wrap\"><div class=\"premium-accordion__title_wrap premium-accordion__ltr premium-accordion__out\"><div class=\"premium-accordion__title\"><h4 class=\"premium-accordion__title_text\">\u00bfTengo que pagar entrada para comprar en la Guarder\u00eda?<\/h4><\/div><div class=\"premium-accordion__icon_wrap\"><svg class=\"premium-accordion__icon\" role=\"img\" focusable=\"false\" xmlns=\"http:\/\/www.w3.org\/2000\/svg\" viewbox=\"0 0 20 20\"><polygon points=\"16.7,3.3 10,10 3.3,3.4 0,6.7 10,16.7 10,16.6 20,6.7 \"><\/polygon><\/svg><\/div><\/div><div class=\"premium-accordion__desc_wrap\"><p class=\"premium-accordion__desc\">S\u00ed, las compras en nuestro Vivero est\u00e1n incluidas en la entrada. Si compra con frecuencia en el vivero, le recomendamos que se haga socio, ya que incluye la entrada gratuita durante todo el a\u00f1o, incluido el vivero. <a href=\"https:\/\/www.mounts.org\/es\/afiliacion\/\">M\u00e1s informaci\u00f3n sobre la afiliaci\u00f3n<\/a>. <\/p><\/div><\/div>\n\n\n\n<div class=\"wp-block-premium-accordion-item premium-accordion-item-b163c90efa0b premium-accordion__content_wrap\"><div class=\"premium-accordion__title_wrap premium-accordion__ltr premium-accordion__out\"><div class=\"premium-accordion__title\"><h4 class=\"premium-accordion__title_text\">Tengo una pregunta sobre las plantas y c\u00f3mo tratarlas. \u00bfA qui\u00e9n puedo llamar?<\/h4><\/div><div class=\"premium-accordion__icon_wrap\"><svg class=\"premium-accordion__icon\" role=\"img\" focusable=\"false\" xmlns=\"http:\/\/www.w3.org\/2000\/svg\" viewbox=\"0 0 20 20\"><polygon points=\"16.7,3.3 10,10 3.3,3.4 0,6.7 10,16.7 10,16.6 20,6.7 \"><\/polygon><\/svg><\/div><\/div><div class=\"premium-accordion__desc_wrap\"><p class=\"premium-accordion__desc\">Nuestro vivero cuenta con un equipo de profesionales de la jardiner\u00eda que est\u00e1n a su disposici\u00f3n para responder a sus preguntas cuando nos visite. Tambi\u00e9n puede llamar a la l\u00ednea directa de Master Gardener 561-233-1750 o enviar un correo electr\u00f3nico a <a href=\"mailto:mastergardener@pbc.gov\">mastergardener@pbc.gov<\/a>.<\/p><\/div><\/div>\n\n\n\n<div class=\"wp-block-premium-accordion-item premium-accordion-item-a47f6cd653b3 premium-accordion__content_wrap\"><div class=\"premium-accordion__title_wrap premium-accordion__ltr premium-accordion__out\"><div class=\"premium-accordion__title\"><h4 class=\"premium-accordion__title_text\">\u00bfOfrece cheques regalo?<\/h4><\/div><div class=\"premium-accordion__icon_wrap\"><svg class=\"premium-accordion__icon\" role=\"img\" focusable=\"false\" xmlns=\"http:\/\/www.w3.org\/2000\/svg\" viewbox=\"0 0 20 20\"><polygon points=\"16.7,3.3 10,10 3.3,3.4 0,6.7 10,16.7 10,16.6 20,6.7 \"><\/polygon><\/svg><\/div><\/div><div class=\"premium-accordion__desc_wrap\"><p class=\"premium-accordion__desc\">S\u00ed, puede adquirir cheques regalo de distintos importes en nuestro Centro de Bienvenida.<\/p><\/div><\/div>\n\n\n\n<div class=\"wp-block-premium-accordion-item premium-accordion-item-98a3d1a98dc3 premium-accordion__content_wrap\"><div class=\"premium-accordion__title_wrap premium-accordion__ltr premium-accordion__out\"><div class=\"premium-accordion__title\"><h4 class=\"premium-accordion__title_text\">\u00bfPuedo comprar un abono regalo?<\/h4><\/div><div class=\"premium-accordion__icon_wrap\"><svg class=\"premium-accordion__icon\" role=\"img\" focusable=\"false\" xmlns=\"http:\/\/www.w3.org\/2000\/svg\" viewbox=\"0 0 20 20\"><polygon points=\"16.7,3.3 10,10 3.3,3.4 0,6.7 10,16.7 10,16.6 20,6.7 \"><\/polygon><\/svg><\/div><\/div><div class=\"premium-accordion__desc_wrap\"><p class=\"premium-accordion__desc\">S\u00ed, puede regalar un abono al Jard\u00edn marcando la casilla \"Este abono es un regalo\" al comprar un abono en l\u00ednea. Para m\u00e1s informaci\u00f3n, visite <a href=\"https:\/\/www.mounts.org\/es\/afiliacion\/\">P\u00e1gina de afiliaci\u00f3n<\/a> para m\u00e1s informaci\u00f3n. <\/p><\/div><\/div>\n<\/div>","protected":false},"excerpt":{"rendered":"<p>Descubra plantas, accesorios de jard\u00edn, tesoros antiguos y recuerdos bot\u00e1nicos en el vivero, la tienda de segunda mano y la tienda de regalos del Jard\u00edn.<\/p>","protected":false},"author":1,"featured_media":4547,"parent":152,"menu_order":0,"comment_status":"closed","ping_status":"closed","template":"","meta":{"_eb_attr":"","inline_featured_image":false,"footnotes":""},"class_list":["post-1656","page","type-page","status-publish","has-post-thumbnail","hentry"],"yoast_head":"<!-- This site is optimized with the Yoast SEO plugin v27.1.1 - https:\/\/yoast.com\/product\/yoast-seo-wordpress\/ -->\n<title>Shop - Mounts Botanical Garden of Palm Beach County<\/title>\n<meta name=\"description\" content=\"Shop - Mounts Botanical Garden of Palm Beach County\" \/>\n<meta name=\"robots\" content=\"index, follow, max-snippet:-1, max-image-preview:large, max-video-preview:-1\" \/>\n<link rel=\"canonical\" href=\"https:\/\/www.mounts.org\/es\/visite\/tienda\/\" \/>\n<meta property=\"og:locale\" content=\"es_ES\" \/>\n<meta property=\"og:type\" content=\"article\" \/>\n<meta property=\"og:title\" content=\"Shop - Mounts Botanical Garden of Palm Beach County\" \/>\n<meta property=\"og:description\" content=\"Shop - Mounts Botanical Garden of Palm Beach County\" \/>\n<meta property=\"og:url\" content=\"https:\/\/www.mounts.org\/es\/visite\/tienda\/\" \/>\n<meta property=\"og:site_name\" content=\"Mounts Botanical Garden of Palm Beach County\" \/>\n<meta property=\"article:publisher\" content=\"https:\/\/www.facebook.com\/MountsBotanicalGarden\/\" \/>\n<meta property=\"article:modified_time\" content=\"2026-01-30T20:20:35+00:00\" \/>\n<meta property=\"og:image\" content=\"https:\/\/mounts-botanical-gardens.nyc3.cdn.digitaloceanspaces.com\/dev\/2026\/01\/Visit-Shop-scaled.jpg\" \/>\n\t<meta property=\"og:image:width\" content=\"1920\" \/>\n\t<meta property=\"og:image:height\" content=\"2560\" \/>\n\t<meta property=\"og:image:type\" content=\"image\/jpeg\" \/>\n<meta name=\"twitter:card\" content=\"summary_large_image\" \/>\n<meta name=\"twitter:label1\" content=\"Est. reading time\" \/>\n\t<meta name=\"twitter:data1\" content=\"2 minutes\" \/>\n<script type=\"application\/ld+json\" class=\"yoast-schema-graph\">{\"@context\":\"https:\/\/schema.org\",\"@graph\":[{\"@type\":\"WebPage\",\"@id\":\"https:\/\/www.mounts.org\/es\/visite\/tienda\/\",\"url\":\"https:\/\/www.mounts.org\/es\/visite\/tienda\/\",\"name\":\"Shop - Mounts Botanical Garden of Palm Beach County\",\"isPartOf\":{\"@id\":\"https:\/\/www.mounts.org\/es\/#website\"},\"primaryImageOfPage\":{\"@id\":\"https:\/\/www.mounts.org\/es\/visite\/tienda\/#primaryimage\"},\"image\":{\"@id\":\"https:\/\/www.mounts.org\/es\/visite\/tienda\/#primaryimage\"},\"thumbnailUrl\":\"https:\/\/mounts-botanical-gardens.nyc3.cdn.digitaloceanspaces.com\/dev\/2026\/01\/Visit-Shop-scaled.jpg\",\"datePublished\":\"2025-11-20T01:50:30+00:00\",\"dateModified\":\"2026-01-30T20:20:35+00:00\",\"description\":\"Shop - Mounts Botanical Garden of Palm Beach County\",\"breadcrumb\":{\"@id\":\"https:\/\/www.mounts.org\/es\/visite\/tienda\/#breadcrumb\"},\"inLanguage\":\"es-ES\",\"potentialAction\":[{\"@type\":\"ReadAction\",\"target\":[\"https:\/\/www.mounts.org\/es\/visite\/tienda\/\"]}]},{\"@type\":\"ImageObject\",\"inLanguage\":\"es-ES\",\"@id\":\"https:\/\/www.mounts.org\/es\/visite\/tienda\/#primaryimage\",\"url\":\"https:\/\/mounts-botanical-gardens.nyc3.cdn.digitaloceanspaces.com\/dev\/2026\/01\/Visit-Shop-scaled.jpg\",\"contentUrl\":\"https:\/\/mounts-botanical-gardens.nyc3.cdn.digitaloceanspaces.com\/dev\/2026\/01\/Visit-Shop-scaled.jpg\",\"width\":1920,\"height\":2560},{\"@type\":\"BreadcrumbList\",\"@id\":\"https:\/\/www.mounts.org\/es\/visite\/tienda\/#breadcrumb\",\"itemListElement\":[{\"@type\":\"ListItem\",\"position\":1,\"name\":\"Home\",\"item\":\"https:\/\/www.mounts.org\/es\/\"},{\"@type\":\"ListItem\",\"position\":2,\"name\":\"Shop\"}]},{\"@type\":\"WebSite\",\"@id\":\"https:\/\/www.mounts.org\/es\/#website\",\"url\":\"https:\/\/www.mounts.org\/es\/\",\"name\":\"Mounts Botanical Garden of Palm Beach County\",\"description\":\"Welcome to your Garden\",\"publisher\":{\"@id\":\"https:\/\/www.mounts.org\/es\/#organization\"},\"alternateName\":\"Mounts Botanical Garden\",\"potentialAction\":[{\"@type\":\"SearchAction\",\"target\":{\"@type\":\"EntryPoint\",\"urlTemplate\":\"https:\/\/www.mounts.org\/es\/?s={search_term_string}\"},\"query-input\":{\"@type\":\"PropertyValueSpecification\",\"valueRequired\":true,\"valueName\":\"search_term_string\"}}],\"inLanguage\":\"es-ES\"},{\"@type\":\"Organization\",\"@id\":\"https:\/\/www.mounts.org\/es\/#organization\",\"name\":\"Mounts Botanical Garden of Palm Beach County\",\"url\":\"https:\/\/www.mounts.org\/es\/\",\"logo\":{\"@type\":\"ImageObject\",\"inLanguage\":\"es-ES\",\"@id\":\"https:\/\/www.mounts.org\/es\/#\/schema\/logo\/image\/\",\"url\":\"https:\/\/mounts-botanical-gardens.nyc3.cdn.digitaloceanspaces.com\/dev\/2025\/11\/15180613\/Group-27.svg\",\"contentUrl\":\"https:\/\/mounts-botanical-gardens.nyc3.cdn.digitaloceanspaces.com\/dev\/2025\/11\/15180613\/Group-27.svg\",\"width\":85,\"height\":63,\"caption\":\"Mounts Botanical Garden of Palm Beach County\"},\"image\":{\"@id\":\"https:\/\/www.mounts.org\/es\/#\/schema\/logo\/image\/\"},\"sameAs\":[\"https:\/\/www.facebook.com\/MountsBotanicalGarden\/\",\"https:\/\/www.instagram.com\/mountsbotanicalgarden\",\"https:\/\/www.youtube.com\/@mountsbotanicalgardenwpb\"]}]}<\/script>\n<!-- \/ Yoast SEO plugin. -->","yoast_head_json":{"title":"Tienda - Jard\u00edn Bot\u00e1nico del Condado de Palm Beach","description":"Tienda - Jard\u00edn Bot\u00e1nico del Condado de Palm Beach","robots":{"index":"index","follow":"follow","max-snippet":"max-snippet:-1","max-image-preview":"max-image-preview:large","max-video-preview":"max-video-preview:-1"},"canonical":"https:\/\/www.mounts.org\/es\/visite\/tienda\/","og_locale":"es_ES","og_type":"article","og_title":"Shop - Mounts Botanical Garden of Palm Beach County","og_description":"Shop - Mounts Botanical Garden of Palm Beach County","og_url":"https:\/\/www.mounts.org\/es\/visite\/tienda\/","og_site_name":"Mounts Botanical Garden of Palm Beach County","article_publisher":"https:\/\/www.facebook.com\/MountsBotanicalGarden\/","article_modified_time":"2026-01-30T20:20:35+00:00","og_image":[{"width":1920,"height":2560,"url":"https:\/\/mounts-botanical-gardens.nyc3.cdn.digitaloceanspaces.com\/dev\/2026\/01\/Visit-Shop-scaled.jpg","type":"image\/jpeg"}],"twitter_card":"summary_large_image","twitter_misc":{"Est. reading time":"2 minutes"},"schema":{"@context":"https:\/\/schema.org","@graph":[{"@type":"WebPage","@id":"https:\/\/www.mounts.org\/es\/visite\/tienda\/","url":"https:\/\/www.mounts.org\/es\/visite\/tienda\/","name":"Tienda - Jard\u00edn Bot\u00e1nico del Condado de Palm Beach","isPartOf":{"@id":"https:\/\/www.mounts.org\/es\/#website"},"primaryImageOfPage":{"@id":"https:\/\/www.mounts.org\/es\/visite\/tienda\/#primaryimage"},"image":{"@id":"https:\/\/www.mounts.org\/es\/visite\/tienda\/#primaryimage"},"thumbnailUrl":"https:\/\/mounts-botanical-gardens.nyc3.cdn.digitaloceanspaces.com\/dev\/2026\/01\/Visit-Shop-scaled.jpg","datePublished":"2025-11-20T01:50:30+00:00","dateModified":"2026-01-30T20:20:35+00:00","description":"Tienda - Jard\u00edn Bot\u00e1nico del Condado de Palm Beach","breadcrumb":{"@id":"https:\/\/www.mounts.org\/es\/visite\/tienda\/#breadcrumb"},"inLanguage":"es-ES","potentialAction":[{"@type":"ReadAction","target":["https:\/\/www.mounts.org\/es\/visite\/tienda\/"]}]},{"@type":"ImageObject","inLanguage":"es-ES","@id":"https:\/\/www.mounts.org\/es\/visite\/tienda\/#primaryimage","url":"https:\/\/mounts-botanical-gardens.nyc3.cdn.digitaloceanspaces.com\/dev\/2026\/01\/Visit-Shop-scaled.jpg","contentUrl":"https:\/\/mounts-botanical-gardens.nyc3.cdn.digitaloceanspaces.com\/dev\/2026\/01\/Visit-Shop-scaled.jpg","width":1920,"height":2560},{"@type":"BreadcrumbList","@id":"https:\/\/www.mounts.org\/es\/visite\/tienda\/#breadcrumb","itemListElement":[{"@type":"ListItem","position":1,"name":"Home","item":"https:\/\/www.mounts.org\/es\/"},{"@type":"ListItem","position":2,"name":"Shop"}]},{"@type":"WebSite","@id":"https:\/\/www.mounts.org\/es\/#website","url":"https:\/\/www.mounts.org\/es\/","name":"Jard\u00edn Bot\u00e1nico del Condado de Palm Beach","description":"Bienvenido a su jard\u00edn","publisher":{"@id":"https:\/\/www.mounts.org\/es\/#organization"},"alternateName":"Mounts Botanical Garden","potentialAction":[{"@type":"SearchAction","target":{"@type":"EntryPoint","urlTemplate":"https:\/\/www.mounts.org\/es\/?s={search_term_string}"},"query-input":{"@type":"PropertyValueSpecification","valueRequired":true,"valueName":"search_term_string"}}],"inLanguage":"es-ES"},{"@type":"Organization","@id":"https:\/\/www.mounts.org\/es\/#organization","name":"Jard\u00edn Bot\u00e1nico del Condado de Palm Beach","url":"https:\/\/www.mounts.org\/es\/","logo":{"@type":"ImageObject","inLanguage":"es-ES","@id":"https:\/\/www.mounts.org\/es\/#\/schema\/logo\/image\/","url":"https:\/\/mounts-botanical-gardens.nyc3.cdn.digitaloceanspaces.com\/dev\/2025\/11\/15180613\/Group-27.svg","contentUrl":"https:\/\/mounts-botanical-gardens.nyc3.cdn.digitaloceanspaces.com\/dev\/2025\/11\/15180613\/Group-27.svg","width":85,"height":63,"caption":"Mounts Botanical Garden of Palm Beach County"},"image":{"@id":"https:\/\/www.mounts.org\/es\/#\/schema\/logo\/image\/"},"sameAs":["https:\/\/www.facebook.com\/MountsBotanicalGarden\/","https:\/\/www.instagram.com\/mountsbotanicalgarden","https:\/\/www.youtube.com\/@mountsbotanicalgardenwpb"]}]}},"pbg_featured_image_src":{"full":["https:\/\/mounts-botanical-gardens.nyc3.cdn.digitaloceanspaces.com\/dev\/2026\/01\/Visit-Shop-scaled.jpg",1920,2560,false],"thumbnail":["https:\/\/mounts-botanical-gardens.nyc3.cdn.digitaloceanspaces.com\/dev\/2026\/01\/Visit-Shop-400x300.jpg",400,300,true],"medium":["https:\/\/mounts-botanical-gardens.nyc3.cdn.digitaloceanspaces.com\/dev\/2026\/01\/Visit-Shop-576x768.jpg",576,768,true],"medium_large":["https:\/\/mounts-botanical-gardens.nyc3.cdn.digitaloceanspaces.com\/dev\/2026\/01\/Visit-Shop-768x1024.jpg",768,1024,true],"large":["https:\/\/mounts-botanical-gardens.nyc3.cdn.digitaloceanspaces.com\/dev\/2026\/01\/Visit-Shop-768x1024.jpg",768,1024,true],"thumblist":["https:\/\/mounts-botanical-gardens.nyc3.cdn.digitaloceanspaces.com\/dev\/2026\/01\/Visit-Shop-300x300.jpg",300,300,true],"thumbrelated":["https:\/\/mounts-botanical-gardens.nyc3.cdn.digitaloceanspaces.com\/dev\/2026\/01\/Visit-Shop-500x500.jpg",500,500,true],"meccarouselthumb":["https:\/\/mounts-botanical-gardens.nyc3.cdn.digitaloceanspaces.com\/dev\/2026\/01\/Visit-Shop-474x324.jpg",474,324,true],"gridsquare":["https:\/\/mounts-botanical-gardens.nyc3.cdn.digitaloceanspaces.com\/dev\/2026\/01\/Visit-Shop-391x260.jpg",391,260,true],"tileview":["https:\/\/mounts-botanical-gardens.nyc3.cdn.digitaloceanspaces.com\/dev\/2026\/01\/Visit-Shop-300x400.jpg",300,400,true],"1536x1536":["https:\/\/mounts-botanical-gardens.nyc3.cdn.digitaloceanspaces.com\/dev\/2026\/01\/Visit-Shop-1152x1536.jpg",1152,1536,true],"2048x2048":["https:\/\/mounts-botanical-gardens.nyc3.cdn.digitaloceanspaces.com\/dev\/2026\/01\/Visit-Shop-1536x2048.jpg",1536,2048,true],"trp-custom-language-flag":["https:\/\/mounts-botanical-gardens.nyc3.cdn.digitaloceanspaces.com\/dev\/2026\/01\/Visit-Shop-9x12.jpg",9,12,true],"gform-image-choice-sm":["https:\/\/mounts-botanical-gardens.nyc3.cdn.digitaloceanspaces.com\/dev\/2026\/01\/Visit-Shop-scaled.jpg",225,300,false],"gform-image-choice-md":["https:\/\/mounts-botanical-gardens.nyc3.cdn.digitaloceanspaces.com\/dev\/2026\/01\/Visit-Shop-scaled.jpg",300,400,false],"gform-image-choice-lg":["https:\/\/mounts-botanical-gardens.nyc3.cdn.digitaloceanspaces.com\/dev\/2026\/01\/Visit-Shop-scaled.jpg",450,600,false]},"pbg_author_info":{"display_name":"jworkman","author_link":"https:\/\/www.mounts.org\/es\/author\/jworkman\/","author_img":"<img alt='jworkman' src='https:\/\/secure.gravatar.com\/avatar\/d681782f7ee2dc727aa4c819f3cffffe83d747ec1de3b219878d6e178e409fac?s=128&#038;d=mm&#038;r=g' srcset='https:\/\/secure.gravatar.com\/avatar\/d681782f7ee2dc727aa4c819f3cffffe83d747ec1de3b219878d6e178e409fac?s=256&#038;d=mm&#038;r=g 2x' class='avatar avatar-128 photo' height='128' width='128' loading='lazy' decoding='async'\/>"},"pbg_comment_info":" No Comments","pbg_excerpt":"Discover plants, garden accessories, vintage treasures, and botanical keepsakes at the Garden\u2019s nursery, thrift shop, and gift shop.","_links":{"self":[{"href":"https:\/\/www.mounts.org\/es\/wp-json\/wp\/v2\/pages\/1656","targetHints":{"allow":["GET"]}}],"collection":[{"href":"https:\/\/www.mounts.org\/es\/wp-json\/wp\/v2\/pages"}],"about":[{"href":"https:\/\/www.mounts.org\/es\/wp-json\/wp\/v2\/types\/page"}],"author":[{"embeddable":true,"href":"https:\/\/www.mounts.org\/es\/wp-json\/wp\/v2\/users\/1"}],"replies":[{"embeddable":true,"href":"https:\/\/www.mounts.org\/es\/wp-json\/wp\/v2\/comments?post=1656"}],"version-history":[{"count":16,"href":"https:\/\/www.mounts.org\/es\/wp-json\/wp\/v2\/pages\/1656\/revisions"}],"predecessor-version":[{"id":5278,"href":"https:\/\/www.mounts.org\/es\/wp-json\/wp\/v2\/pages\/1656\/revisions\/5278"}],"up":[{"embeddable":true,"href":"https:\/\/www.mounts.org\/es\/wp-json\/wp\/v2\/pages\/152"}],"wp:featuredmedia":[{"embeddable":true,"href":"https:\/\/www.mounts.org\/es\/wp-json\/wp\/v2\/media\/4547"}],"wp:attachment":[{"href":"https:\/\/www.mounts.org\/es\/wp-json\/wp\/v2\/media?parent=1656"}],"curies":[{"name":"wp","href":"https:\/\/api.w.org\/{rel}","templated":true}]}}