{"id":1820,"date":"2025-11-20T21:22:22","date_gmt":"2025-11-20T21:22:22","guid":{"rendered":"https:\/\/www.mounts.org\/?page_id=1820"},"modified":"2026-01-30T21:41:35","modified_gmt":"2026-01-30T21:41:35","slug":"voluntario","status":"publish","type":"page","link":"https:\/\/www.mounts.org\/es\/soporte\/voluntario\/","title":{"rendered":"Voluntario"},"content":{"rendered":"<div class=\"wp-block-group alignfull is-layout-constrained wp-container-core-group-is-layout-b7a69357 wp-block-group-is-layout-constrained has-background\" style=\"min-height:200px;padding-top:25vh;padding-bottom:25vh;background-image:url(&apos;https:\/\/mounts-botanical-gardens.nyc3.cdn.digitaloceanspaces.com\/dev\/2026\/01\/Volunteer-Banner.jpg&apos;);background-size:cover;background-attachment:scroll;\">\n<h1 class=\"wp-block-heading has-text-align-center has-white-color has-text-color has-link-color has-mansalva-font-family wp-elements-5c7488d2ca13d1b6f43e8f7aa01b1ae7\" style=\"font-size:clamp(37.821px, 2.364rem + ((1vw - 3.2px) * 2.514), 70px);\">Echar una mano<\/h1>\n<\/div>\n\n\n\n<div class=\"wp-block-media-text has-media-on-the-right is-stacked-on-mobile mounts-media-text ltr is-padded-mobile\"><div class=\"wp-block-media-text__content\">\n<h2 class=\"wp-block-heading has-earthy-color has-text-color has-link-color wp-elements-cc8dfb43357296308efd6a2a56fbeb9d\">Marca la diferencia<\/h2>\n\n\n\n<p>Tu tiempo ayuda a cultivar algo m\u00e1s que plantas. Hace crecer sonrisas, habilidades y una conexi\u00f3n m\u00e1s fuerte con el Jard\u00edn, para todos.<\/p>\n\n\n\n<div class=\"wp-block-buttons is-layout-flex wp-block-buttons-is-layout-flex\">\n<div class=\"wp-block-button has-custom-width wp-block-button__width-50 is-style-fill\"><a class=\"wp-block-button__link wp-element-button\" href=\"https:\/\/app.betterimpact.com\/Application?OrganizationGuid=963f714e-d3e5-4063-baf9-1cd3946586a7&amp;ApplicationFormNumber=1\" target=\"_blank\" rel=\"noreferrer noopener\">Inscribirse<\/a><\/div>\n<\/div>\n<\/div><figure class=\"wp-block-media-text__media\"><img loading=\"lazy\" decoding=\"async\" width=\"768\" height=\"1024\" src=\"https:\/\/mounts-botanical-gardens.nyc3.cdn.digitaloceanspaces.com\/dev\/2026\/01\/Volunteer-Make-a-difference-768x1024.jpg\" alt=\"\" class=\"wp-image-4344 size-full\" srcset=\"https:\/\/mounts-botanical-gardens.nyc3.cdn.digitaloceanspaces.com\/dev\/2026\/01\/Volunteer-Make-a-difference-768x1024.jpg 768w, https:\/\/mounts-botanical-gardens.nyc3.cdn.digitaloceanspaces.com\/dev\/2026\/01\/Volunteer-Make-a-difference-576x768.jpg 576w, https:\/\/mounts-botanical-gardens.nyc3.cdn.digitaloceanspaces.com\/dev\/2026\/01\/Volunteer-Make-a-difference-300x400.jpg 300w, https:\/\/mounts-botanical-gardens.nyc3.cdn.digitaloceanspaces.com\/dev\/2026\/01\/Volunteer-Make-a-difference-1152x1536.jpg 1152w, https:\/\/mounts-botanical-gardens.nyc3.cdn.digitaloceanspaces.com\/dev\/2026\/01\/Volunteer-Make-a-difference-1536x2048.jpg 1536w, https:\/\/mounts-botanical-gardens.nyc3.cdn.digitaloceanspaces.com\/dev\/2026\/01\/Volunteer-Make-a-difference-9x12.jpg 9w, https:\/\/mounts-botanical-gardens.nyc3.cdn.digitaloceanspaces.com\/dev\/2026\/01\/Volunteer-Make-a-difference-scaled.jpg 1920w\" sizes=\"auto, (max-width: 768px) 100vw, 768px\" \/><\/figure><\/div>\n\n\n\n<div class=\"wp-block-media-text is-stacked-on-mobile mounts-media-text rtl is-padded-mobile\"><figure class=\"wp-block-media-text__media\"><img loading=\"lazy\" decoding=\"async\" width=\"768\" height=\"1024\" src=\"https:\/\/mounts-botanical-gardens.nyc3.cdn.digitaloceanspaces.com\/dev\/2026\/01\/Volunteer-Why-volunteer-768x1024.jpg\" alt=\"\" class=\"wp-image-4345 size-full\" srcset=\"https:\/\/mounts-botanical-gardens.nyc3.cdn.digitaloceanspaces.com\/dev\/2026\/01\/Volunteer-Why-volunteer-768x1024.jpg 768w, https:\/\/mounts-botanical-gardens.nyc3.cdn.digitaloceanspaces.com\/dev\/2026\/01\/Volunteer-Why-volunteer-576x768.jpg 576w, https:\/\/mounts-botanical-gardens.nyc3.cdn.digitaloceanspaces.com\/dev\/2026\/01\/Volunteer-Why-volunteer-300x400.jpg 300w, https:\/\/mounts-botanical-gardens.nyc3.cdn.digitaloceanspaces.com\/dev\/2026\/01\/Volunteer-Why-volunteer-1152x1536.jpg 1152w, https:\/\/mounts-botanical-gardens.nyc3.cdn.digitaloceanspaces.com\/dev\/2026\/01\/Volunteer-Why-volunteer-1536x2048.jpg 1536w, https:\/\/mounts-botanical-gardens.nyc3.cdn.digitaloceanspaces.com\/dev\/2026\/01\/Volunteer-Why-volunteer-9x12.jpg 9w, https:\/\/mounts-botanical-gardens.nyc3.cdn.digitaloceanspaces.com\/dev\/2026\/01\/Volunteer-Why-volunteer-scaled.jpg 1920w\" sizes=\"auto, (max-width: 768px) 100vw, 768px\" \/><\/figure><div class=\"wp-block-media-text__content\">\n<h2 class=\"wp-block-heading has-earthy-color has-text-color has-link-color wp-elements-5e53ea99e30a3023c0a0dd8e64c28262\">Por qu\u00e9 ser voluntario<\/h2>\n\n\n\n<ul class=\"wp-block-list\">\n<li>Forje v\u00ednculos significativos con la naturaleza y sum\u00e9rjase en la belleza natural de 25 impresionantes zonas ajardinadas.<\/li>\n\n\n\n<li>\u00danase a una comunidad apasionada dedicada a la educaci\u00f3n, la exploraci\u00f3n de la naturaleza y la conservaci\u00f3n del medio ambiente.<\/li>\n\n\n\n<li>Comparta valiosos conocimientos y habilidades en horticultura, servicios a los visitantes y mucho m\u00e1s con nuestro personal experto y nuestros compa\u00f1eros voluntarios.<\/li>\n\n\n\n<li>Con\u00e9ctese con personas afines que compartan su amor por la naturaleza y la jardiner\u00eda.<\/li>\n<\/ul>\n<\/div><\/div>\n\n\n\n<div class=\"wp-block-media-text has-media-on-the-right is-stacked-on-mobile mounts-media-text ltr is-padded-mobile\"><div class=\"wp-block-media-text__content\">\n<h2 class=\"wp-block-heading has-earthy-color has-text-color has-link-color wp-elements-001f81b14ec4fd77fdafe92449f71116\">C\u00f3mo ayudar<\/h2>\n\n\n\n<p>Tanto si ha sido voluntario antes como si acaba de empezar, hay oportunidades para todos.<\/p>\n\n\n\n<ul class=\"wp-block-list\">\n<li><strong>Jardiner\u00eda:<\/strong> Ens\u00faciese las manos. Plante, deshierbe, pode y riegue mientras aprende de nuestros expertos horticultores.<\/li>\n\n\n\n<li><strong>Gu\u00edas tur\u00edsticos:<\/strong> Comparta su pasi\u00f3n por las plantas. Dirige visitas divertidas y atractivas y cuenta las historias que hay detr\u00e1s de nuestras incre\u00edbles colecciones.<\/li>\n\n\n\n<li><strong>Eventos:<\/strong> Participe en la acci\u00f3n. Ayude con la decoraci\u00f3n, las admisiones, las actividades o los preparativos entre bastidores.<\/li>\n\n\n\n<li><strong>Programas educativos:<\/strong> Inspirar mentes curiosas. Asista a clases, talleres, visitas de campo para j\u00f3venes y actividades que ense\u00f1en a los visitantes la naturaleza y la conservaci\u00f3n.<\/li>\n\n\n\n<li><strong>Servicios a los visitantes:<\/strong> Sea la cara del Jard\u00edn. Da la bienvenida a los visitantes, responde a sus preguntas y aseg\u00farate de que todos se vayan con una sonrisa.<\/li>\n\n\n\n<li><strong>Apoyo administrativo:<\/strong> Ay\u00fadenos a mantener nuestro funcionamiento sin problemas. Ayudar con las tareas de oficina, correo, entrada de datos y atenci\u00f3n al cliente.<\/li>\n<\/ul>\n<\/div><figure class=\"wp-block-media-text__media\"><img loading=\"lazy\" decoding=\"async\" width=\"768\" height=\"1024\" src=\"https:\/\/mounts-botanical-gardens.nyc3.cdn.digitaloceanspaces.com\/dev\/2026\/01\/Volunteer-Ways-to-help-scaled-e1768851268996-768x1024.jpg\" alt=\"\" class=\"wp-image-4347 size-full\" srcset=\"https:\/\/mounts-botanical-gardens.nyc3.cdn.digitaloceanspaces.com\/dev\/2026\/01\/Volunteer-Ways-to-help-scaled-e1768851268996-768x1024.jpg 768w, https:\/\/mounts-botanical-gardens.nyc3.cdn.digitaloceanspaces.com\/dev\/2026\/01\/Volunteer-Ways-to-help-scaled-e1768851268996-576x768.jpg 576w, https:\/\/mounts-botanical-gardens.nyc3.cdn.digitaloceanspaces.com\/dev\/2026\/01\/Volunteer-Ways-to-help-scaled-e1768851268996-300x400.jpg 300w, https:\/\/mounts-botanical-gardens.nyc3.cdn.digitaloceanspaces.com\/dev\/2026\/01\/Volunteer-Ways-to-help-scaled-e1768851268996-1152x1536.jpg 1152w, https:\/\/mounts-botanical-gardens.nyc3.cdn.digitaloceanspaces.com\/dev\/2026\/01\/Volunteer-Ways-to-help-scaled-e1768851268996-1536x2048.jpg 1536w, https:\/\/mounts-botanical-gardens.nyc3.cdn.digitaloceanspaces.com\/dev\/2026\/01\/Volunteer-Ways-to-help-scaled-e1768851268996-9x12.jpg 9w, https:\/\/mounts-botanical-gardens.nyc3.cdn.digitaloceanspaces.com\/dev\/2026\/01\/Volunteer-Ways-to-help-scaled-e1768851268996.jpg 1920w\" sizes=\"auto, (max-width: 768px) 100vw, 768px\" \/><\/figure><\/div>\n\n\n\n<div class=\"wp-block-media-text is-stacked-on-mobile mounts-media-text rtl is-padded-mobile\"><figure class=\"wp-block-media-text__media\"><img loading=\"lazy\" decoding=\"async\" width=\"1362\" height=\"1024\" src=\"https:\/\/mounts-botanical-gardens.nyc3.cdn.digitaloceanspaces.com\/dev\/2026\/01\/Volunteer-Ready-to-get-involved-e1768851358931-1362x1024.jpg\" alt=\"\" class=\"wp-image-4348 size-full\" srcset=\"https:\/\/mounts-botanical-gardens.nyc3.cdn.digitaloceanspaces.com\/dev\/2026\/01\/Volunteer-Ready-to-get-involved-e1768851358931-1362x1024.jpg 1362w, https:\/\/mounts-botanical-gardens.nyc3.cdn.digitaloceanspaces.com\/dev\/2026\/01\/Volunteer-Ready-to-get-involved-e1768851358931-1021x768.jpg 1021w, https:\/\/mounts-botanical-gardens.nyc3.cdn.digitaloceanspaces.com\/dev\/2026\/01\/Volunteer-Ready-to-get-involved-e1768851358931-400x300.jpg 400w, https:\/\/mounts-botanical-gardens.nyc3.cdn.digitaloceanspaces.com\/dev\/2026\/01\/Volunteer-Ready-to-get-involved-e1768851358931-768x578.jpg 768w, https:\/\/mounts-botanical-gardens.nyc3.cdn.digitaloceanspaces.com\/dev\/2026\/01\/Volunteer-Ready-to-get-involved-e1768851358931-16x12.jpg 16w, https:\/\/mounts-botanical-gardens.nyc3.cdn.digitaloceanspaces.com\/dev\/2026\/01\/Volunteer-Ready-to-get-involved-e1768851358931.jpg 1496w\" sizes=\"auto, (max-width: 1362px) 100vw, 1362px\" \/><\/figure><div class=\"wp-block-media-text__content\">\n<h2 class=\"wp-block-heading has-earthy-color has-text-color has-link-color wp-elements-373a9513402db4588568a349c1717e56\">\u00bfListo para participar?<\/h2>\n\n\n\n<p>Rellene el siguiente formulario y nuestro coordinador de voluntarios se pondr\u00e1 en contacto con usted en breve. O ll\u00e1menos al 561.233.1733.<\/p>\n\n\n\n<div class=\"wp-block-buttons is-layout-flex wp-block-buttons-is-layout-flex\">\n<div class=\"wp-block-button has-custom-width wp-block-button__width-50 is-style-fill\"><a class=\"wp-block-button__link wp-element-button\" href=\"https:\/\/app.betterimpact.com\/Application?OrganizationGuid=963f714e-d3e5-4063-baf9-1cd3946586a7&amp;ApplicationFormNumber=1\" target=\"_blank\" rel=\"noreferrer noopener\">Inscribirse<\/a><\/div>\n<\/div>\n<\/div><\/div>","protected":false},"excerpt":{"rendered":"<p>Cuida el jard\u00edn, siembra un poco de alegr\u00eda y forma parte de algo hermoso.<\/p>","protected":false},"author":1,"featured_media":1828,"parent":158,"menu_order":0,"comment_status":"closed","ping_status":"closed","template":"","meta":{"_eb_attr":"","inline_featured_image":false,"footnotes":""},"class_list":["post-1820","page","type-page","status-publish","has-post-thumbnail","hentry"],"yoast_head":"<!-- This site is optimized with the Yoast SEO plugin v27.1.1 - https:\/\/yoast.com\/product\/yoast-seo-wordpress\/ -->\n<title>Volunteer - Mounts Botanical Garden of Palm Beach County<\/title>\n<meta name=\"description\" content=\"Volunteer - Mounts Botanical Garden of Palm Beach County\" \/>\n<meta name=\"robots\" content=\"index, follow, max-snippet:-1, max-image-preview:large, max-video-preview:-1\" \/>\n<link rel=\"canonical\" href=\"https:\/\/www.mounts.org\/es\/soporte\/voluntario\/\" \/>\n<meta property=\"og:locale\" content=\"es_ES\" \/>\n<meta property=\"og:type\" content=\"article\" \/>\n<meta property=\"og:title\" content=\"Volunteer - Mounts Botanical Garden of Palm Beach County\" \/>\n<meta property=\"og:description\" content=\"Volunteer - Mounts Botanical Garden of Palm Beach County\" \/>\n<meta property=\"og:url\" content=\"https:\/\/www.mounts.org\/es\/soporte\/voluntario\/\" \/>\n<meta property=\"og:site_name\" content=\"Mounts Botanical Garden of Palm Beach County\" \/>\n<meta property=\"article:publisher\" content=\"https:\/\/www.facebook.com\/MountsBotanicalGarden\/\" \/>\n<meta property=\"article:modified_time\" content=\"2026-01-30T21:41:35+00:00\" \/>\n<meta property=\"og:image\" content=\"https:\/\/mounts-botanical-gardens.nyc3.cdn.digitaloceanspaces.com\/dev\/2025\/11\/imgi_11_MCO-A9_05502-16.9-scaled-2-7.jpg\" \/>\n\t<meta property=\"og:image:width\" content=\"631\" \/>\n\t<meta property=\"og:image:height\" content=\"631\" \/>\n\t<meta property=\"og:image:type\" content=\"image\/jpeg\" \/>\n<meta name=\"twitter:card\" content=\"summary_large_image\" \/>\n<meta name=\"twitter:label1\" content=\"Est. reading time\" \/>\n\t<meta name=\"twitter:data1\" content=\"3 minutes\" \/>\n<script type=\"application\/ld+json\" class=\"yoast-schema-graph\">{\"@context\":\"https:\/\/schema.org\",\"@graph\":[{\"@type\":\"WebPage\",\"@id\":\"https:\/\/www.mounts.org\/es\/soporte\/voluntario\/\",\"url\":\"https:\/\/www.mounts.org\/es\/soporte\/voluntario\/\",\"name\":\"Volunteer - Mounts Botanical Garden of Palm Beach County\",\"isPartOf\":{\"@id\":\"https:\/\/www.mounts.org\/es\/#website\"},\"primaryImageOfPage\":{\"@id\":\"https:\/\/www.mounts.org\/es\/soporte\/voluntario\/#primaryimage\"},\"image\":{\"@id\":\"https:\/\/www.mounts.org\/es\/soporte\/voluntario\/#primaryimage\"},\"thumbnailUrl\":\"https:\/\/mounts-botanical-gardens.nyc3.cdn.digitaloceanspaces.com\/dev\/2025\/11\/imgi_11_MCO-A9_05502-16.9-scaled-2-7.jpg\",\"datePublished\":\"2025-11-20T21:22:22+00:00\",\"dateModified\":\"2026-01-30T21:41:35+00:00\",\"description\":\"Volunteer - Mounts Botanical Garden of Palm Beach County\",\"breadcrumb\":{\"@id\":\"https:\/\/www.mounts.org\/es\/soporte\/voluntario\/#breadcrumb\"},\"inLanguage\":\"es-ES\",\"potentialAction\":[{\"@type\":\"ReadAction\",\"target\":[\"https:\/\/www.mounts.org\/es\/soporte\/voluntario\/\"]}]},{\"@type\":\"ImageObject\",\"inLanguage\":\"es-ES\",\"@id\":\"https:\/\/www.mounts.org\/es\/soporte\/voluntario\/#primaryimage\",\"url\":\"https:\/\/mounts-botanical-gardens.nyc3.cdn.digitaloceanspaces.com\/dev\/2025\/11\/imgi_11_MCO-A9_05502-16.9-scaled-2-7.jpg\",\"contentUrl\":\"https:\/\/mounts-botanical-gardens.nyc3.cdn.digitaloceanspaces.com\/dev\/2025\/11\/imgi_11_MCO-A9_05502-16.9-scaled-2-7.jpg\",\"width\":631,\"height\":631,\"caption\":\"volunteers digging\"},{\"@type\":\"BreadcrumbList\",\"@id\":\"https:\/\/www.mounts.org\/es\/soporte\/voluntario\/#breadcrumb\",\"itemListElement\":[{\"@type\":\"ListItem\",\"position\":1,\"name\":\"Home\",\"item\":\"https:\/\/www.mounts.org\/es\/\"},{\"@type\":\"ListItem\",\"position\":2,\"name\":\"Volunteer\"}]},{\"@type\":\"WebSite\",\"@id\":\"https:\/\/www.mounts.org\/es\/#website\",\"url\":\"https:\/\/www.mounts.org\/es\/\",\"name\":\"Mounts Botanical Garden of Palm Beach County\",\"description\":\"Welcome to your Garden\",\"publisher\":{\"@id\":\"https:\/\/www.mounts.org\/es\/#organization\"},\"alternateName\":\"Mounts Botanical Garden\",\"potentialAction\":[{\"@type\":\"SearchAction\",\"target\":{\"@type\":\"EntryPoint\",\"urlTemplate\":\"https:\/\/www.mounts.org\/es\/?s={search_term_string}\"},\"query-input\":{\"@type\":\"PropertyValueSpecification\",\"valueRequired\":true,\"valueName\":\"search_term_string\"}}],\"inLanguage\":\"es-ES\"},{\"@type\":\"Organization\",\"@id\":\"https:\/\/www.mounts.org\/es\/#organization\",\"name\":\"Mounts Botanical Garden of Palm Beach County\",\"url\":\"https:\/\/www.mounts.org\/es\/\",\"logo\":{\"@type\":\"ImageObject\",\"inLanguage\":\"es-ES\",\"@id\":\"https:\/\/www.mounts.org\/es\/#\/schema\/logo\/image\/\",\"url\":\"https:\/\/mounts-botanical-gardens.nyc3.cdn.digitaloceanspaces.com\/dev\/2025\/11\/15180613\/Group-27.svg\",\"contentUrl\":\"https:\/\/mounts-botanical-gardens.nyc3.cdn.digitaloceanspaces.com\/dev\/2025\/11\/15180613\/Group-27.svg\",\"width\":85,\"height\":63,\"caption\":\"Mounts Botanical Garden of Palm Beach County\"},\"image\":{\"@id\":\"https:\/\/www.mounts.org\/es\/#\/schema\/logo\/image\/\"},\"sameAs\":[\"https:\/\/www.facebook.com\/MountsBotanicalGarden\/\",\"https:\/\/www.instagram.com\/mountsbotanicalgarden\",\"https:\/\/www.youtube.com\/@mountsbotanicalgardenwpb\"]}]}<\/script>\n<!-- \/ Yoast SEO plugin. -->","yoast_head_json":{"title":"Voluntario - Jard\u00edn Bot\u00e1nico Mounts del Condado de Palm Beach","description":"Voluntario - Jard\u00edn Bot\u00e1nico Mounts del Condado de Palm Beach","robots":{"index":"index","follow":"follow","max-snippet":"max-snippet:-1","max-image-preview":"max-image-preview:large","max-video-preview":"max-video-preview:-1"},"canonical":"https:\/\/www.mounts.org\/es\/soporte\/voluntario\/","og_locale":"es_ES","og_type":"article","og_title":"Volunteer - Mounts Botanical Garden of Palm Beach County","og_description":"Volunteer - Mounts Botanical Garden of Palm Beach County","og_url":"https:\/\/www.mounts.org\/es\/soporte\/voluntario\/","og_site_name":"Mounts Botanical Garden of Palm Beach County","article_publisher":"https:\/\/www.facebook.com\/MountsBotanicalGarden\/","article_modified_time":"2026-01-30T21:41:35+00:00","og_image":[{"width":631,"height":631,"url":"https:\/\/mounts-botanical-gardens.nyc3.cdn.digitaloceanspaces.com\/dev\/2025\/11\/imgi_11_MCO-A9_05502-16.9-scaled-2-7.jpg","type":"image\/jpeg"}],"twitter_card":"summary_large_image","twitter_misc":{"Est. reading time":"3 minutes"},"schema":{"@context":"https:\/\/schema.org","@graph":[{"@type":"WebPage","@id":"https:\/\/www.mounts.org\/es\/soporte\/voluntario\/","url":"https:\/\/www.mounts.org\/es\/soporte\/voluntario\/","name":"Voluntario - Jard\u00edn Bot\u00e1nico Mounts del Condado de Palm Beach","isPartOf":{"@id":"https:\/\/www.mounts.org\/es\/#website"},"primaryImageOfPage":{"@id":"https:\/\/www.mounts.org\/es\/soporte\/voluntario\/#primaryimage"},"image":{"@id":"https:\/\/www.mounts.org\/es\/soporte\/voluntario\/#primaryimage"},"thumbnailUrl":"https:\/\/mounts-botanical-gardens.nyc3.cdn.digitaloceanspaces.com\/dev\/2025\/11\/imgi_11_MCO-A9_05502-16.9-scaled-2-7.jpg","datePublished":"2025-11-20T21:22:22+00:00","dateModified":"2026-01-30T21:41:35+00:00","description":"Voluntario - Jard\u00edn Bot\u00e1nico Mounts del Condado de Palm Beach","breadcrumb":{"@id":"https:\/\/www.mounts.org\/es\/soporte\/voluntario\/#breadcrumb"},"inLanguage":"es-ES","potentialAction":[{"@type":"ReadAction","target":["https:\/\/www.mounts.org\/es\/soporte\/voluntario\/"]}]},{"@type":"ImageObject","inLanguage":"es-ES","@id":"https:\/\/www.mounts.org\/es\/soporte\/voluntario\/#primaryimage","url":"https:\/\/mounts-botanical-gardens.nyc3.cdn.digitaloceanspaces.com\/dev\/2025\/11\/imgi_11_MCO-A9_05502-16.9-scaled-2-7.jpg","contentUrl":"https:\/\/mounts-botanical-gardens.nyc3.cdn.digitaloceanspaces.com\/dev\/2025\/11\/imgi_11_MCO-A9_05502-16.9-scaled-2-7.jpg","width":631,"height":631,"caption":"volunteers digging"},{"@type":"BreadcrumbList","@id":"https:\/\/www.mounts.org\/es\/soporte\/voluntario\/#breadcrumb","itemListElement":[{"@type":"ListItem","position":1,"name":"Home","item":"https:\/\/www.mounts.org\/es\/"},{"@type":"ListItem","position":2,"name":"Volunteer"}]},{"@type":"WebSite","@id":"https:\/\/www.mounts.org\/es\/#website","url":"https:\/\/www.mounts.org\/es\/","name":"Jard\u00edn Bot\u00e1nico del Condado de Palm Beach","description":"Bienvenido a su jard\u00edn","publisher":{"@id":"https:\/\/www.mounts.org\/es\/#organization"},"alternateName":"Mounts Botanical Garden","potentialAction":[{"@type":"SearchAction","target":{"@type":"EntryPoint","urlTemplate":"https:\/\/www.mounts.org\/es\/?s={search_term_string}"},"query-input":{"@type":"PropertyValueSpecification","valueRequired":true,"valueName":"search_term_string"}}],"inLanguage":"es-ES"},{"@type":"Organization","@id":"https:\/\/www.mounts.org\/es\/#organization","name":"Jard\u00edn Bot\u00e1nico del Condado de Palm Beach","url":"https:\/\/www.mounts.org\/es\/","logo":{"@type":"ImageObject","inLanguage":"es-ES","@id":"https:\/\/www.mounts.org\/es\/#\/schema\/logo\/image\/","url":"https:\/\/mounts-botanical-gardens.nyc3.cdn.digitaloceanspaces.com\/dev\/2025\/11\/15180613\/Group-27.svg","contentUrl":"https:\/\/mounts-botanical-gardens.nyc3.cdn.digitaloceanspaces.com\/dev\/2025\/11\/15180613\/Group-27.svg","width":85,"height":63,"caption":"Mounts Botanical Garden of Palm Beach County"},"image":{"@id":"https:\/\/www.mounts.org\/es\/#\/schema\/logo\/image\/"},"sameAs":["https:\/\/www.facebook.com\/MountsBotanicalGarden\/","https:\/\/www.instagram.com\/mountsbotanicalgarden","https:\/\/www.youtube.com\/@mountsbotanicalgardenwpb"]}]}},"pbg_featured_image_src":{"full":["https:\/\/mounts-botanical-gardens.nyc3.cdn.digitaloceanspaces.com\/dev\/2025\/11\/imgi_11_MCO-A9_05502-16.9-scaled-2-7.jpg",631,631,false],"thumbnail":["https:\/\/mounts-botanical-gardens.nyc3.cdn.digitaloceanspaces.com\/dev\/2025\/11\/imgi_11_MCO-A9_05502-16.9-scaled-2-7-400x300.jpg",400,300,true],"medium":["https:\/\/mounts-botanical-gardens.nyc3.cdn.digitaloceanspaces.com\/dev\/2025\/11\/imgi_11_MCO-A9_05502-16.9-scaled-2-7.jpg",631,631,false],"medium_large":["https:\/\/mounts-botanical-gardens.nyc3.cdn.digitaloceanspaces.com\/dev\/2025\/11\/imgi_11_MCO-A9_05502-16.9-scaled-2-7.jpg",631,631,false],"large":["https:\/\/mounts-botanical-gardens.nyc3.cdn.digitaloceanspaces.com\/dev\/2025\/11\/imgi_11_MCO-A9_05502-16.9-scaled-2-7.jpg",631,631,false],"thumblist":["https:\/\/mounts-botanical-gardens.nyc3.cdn.digitaloceanspaces.com\/dev\/2025\/11\/imgi_11_MCO-A9_05502-16.9-scaled-2-7-300x300.jpg",300,300,true],"thumbrelated":["https:\/\/mounts-botanical-gardens.nyc3.cdn.digitaloceanspaces.com\/dev\/2025\/11\/imgi_11_MCO-A9_05502-16.9-scaled-2-7-500x500.jpg",500,500,true],"meccarouselthumb":["https:\/\/mounts-botanical-gardens.nyc3.cdn.digitaloceanspaces.com\/dev\/2025\/11\/imgi_11_MCO-A9_05502-16.9-scaled-2-7-474x324.jpg",474,324,true],"gridsquare":["https:\/\/mounts-botanical-gardens.nyc3.cdn.digitaloceanspaces.com\/dev\/2025\/11\/imgi_11_MCO-A9_05502-16.9-scaled-2-7-391x260.jpg",391,260,true],"tileview":["https:\/\/mounts-botanical-gardens.nyc3.cdn.digitaloceanspaces.com\/dev\/2025\/11\/imgi_11_MCO-A9_05502-16.9-scaled-2-7-300x400.jpg",300,400,true],"1536x1536":["https:\/\/mounts-botanical-gardens.nyc3.cdn.digitaloceanspaces.com\/dev\/2025\/11\/imgi_11_MCO-A9_05502-16.9-scaled-2-7.jpg",631,631,false],"2048x2048":["https:\/\/mounts-botanical-gardens.nyc3.cdn.digitaloceanspaces.com\/dev\/2025\/11\/imgi_11_MCO-A9_05502-16.9-scaled-2-7.jpg",631,631,false],"trp-custom-language-flag":["https:\/\/mounts-botanical-gardens.nyc3.cdn.digitaloceanspaces.com\/dev\/2025\/11\/imgi_11_MCO-A9_05502-16.9-scaled-2-7-12x12.jpg",12,12,true],"gform-image-choice-sm":["https:\/\/mounts-botanical-gardens.nyc3.cdn.digitaloceanspaces.com\/dev\/2025\/11\/imgi_11_MCO-A9_05502-16.9-scaled-2-7.jpg",300,300,false],"gform-image-choice-md":["https:\/\/mounts-botanical-gardens.nyc3.cdn.digitaloceanspaces.com\/dev\/2025\/11\/imgi_11_MCO-A9_05502-16.9-scaled-2-7.jpg",400,400,false],"gform-image-choice-lg":["https:\/\/mounts-botanical-gardens.nyc3.cdn.digitaloceanspaces.com\/dev\/2025\/11\/imgi_11_MCO-A9_05502-16.9-scaled-2-7.jpg",600,600,false]},"pbg_author_info":{"display_name":"jworkman","author_link":"https:\/\/www.mounts.org\/es\/author\/jworkman\/","author_img":"<img alt='jworkman' src='https:\/\/secure.gravatar.com\/avatar\/d681782f7ee2dc727aa4c819f3cffffe83d747ec1de3b219878d6e178e409fac?s=128&#038;d=mm&#038;r=g' srcset='https:\/\/secure.gravatar.com\/avatar\/d681782f7ee2dc727aa4c819f3cffffe83d747ec1de3b219878d6e178e409fac?s=256&#038;d=mm&#038;r=g 2x' class='avatar avatar-128 photo' height='128' width='128' loading='lazy' decoding='async'\/>"},"pbg_comment_info":" No Comments","pbg_excerpt":"Tend to the Garden, plant some joy and be part of something beautiful.","_links":{"self":[{"href":"https:\/\/www.mounts.org\/es\/wp-json\/wp\/v2\/pages\/1820","targetHints":{"allow":["GET"]}}],"collection":[{"href":"https:\/\/www.mounts.org\/es\/wp-json\/wp\/v2\/pages"}],"about":[{"href":"https:\/\/www.mounts.org\/es\/wp-json\/wp\/v2\/types\/page"}],"author":[{"embeddable":true,"href":"https:\/\/www.mounts.org\/es\/wp-json\/wp\/v2\/users\/1"}],"replies":[{"embeddable":true,"href":"https:\/\/www.mounts.org\/es\/wp-json\/wp\/v2\/comments?post=1820"}],"version-history":[{"count":16,"href":"https:\/\/www.mounts.org\/es\/wp-json\/wp\/v2\/pages\/1820\/revisions"}],"predecessor-version":[{"id":4721,"href":"https:\/\/www.mounts.org\/es\/wp-json\/wp\/v2\/pages\/1820\/revisions\/4721"}],"up":[{"embeddable":true,"href":"https:\/\/www.mounts.org\/es\/wp-json\/wp\/v2\/pages\/158"}],"wp:featuredmedia":[{"embeddable":true,"href":"https:\/\/www.mounts.org\/es\/wp-json\/wp\/v2\/media\/1828"}],"wp:attachment":[{"href":"https:\/\/www.mounts.org\/es\/wp-json\/wp\/v2\/media?parent=1820"}],"curies":[{"name":"wp","href":"https:\/\/api.w.org\/{rel}","templated":true}]}}