{"id":1860,"date":"2025-11-21T16:37:57","date_gmt":"2025-11-21T16:37:57","guid":{"rendered":"https:\/\/www.mounts.org\/?page_id=1860"},"modified":"2026-01-30T21:48:58","modified_gmt":"2026-01-30T21:48:58","slug":"nuestra-historia","status":"publish","type":"page","link":"https:\/\/www.mounts.org\/es\/acerca-de\/nuestra-historia\/","title":{"rendered":"Nuestra historia"},"content":{"rendered":"<div class=\"wp-block-group alignfull is-layout-constrained wp-container-core-group-is-layout-b7a69357 wp-block-group-is-layout-constrained has-background\" style=\"min-height:200px;padding-top:25vh;padding-bottom:25vh;background-image:url(&apos;https:\/\/mounts-botanical-gardens.nyc3.cdn.digitaloceanspaces.com\/dev\/2025\/11\/Rectangle-4683-9-1-scaled.jpg&apos;);background-position:50% 50%;background-size:cover;\">\n<h1 class=\"wp-block-heading has-text-align-center has-white-color has-text-color has-link-color has-mansalva-font-family wp-elements-54e763ccf69e3efe7559fae0f1611227\" style=\"font-size:clamp(37.821px, 2.364rem + ((1vw - 3.2px) * 2.514), 70px);\">Por qu\u00e9 prosperamos<\/h1>\n<\/div>\n\n\n\n<div class=\"wp-block-media-text has-media-on-the-right is-stacked-on-mobile mounts-media-text ltr is-padded-mobile\"><div class=\"wp-block-media-text__content\">\n<h2 class=\"wp-block-heading has-earthy-color has-text-color has-link-color wp-elements-7fb0bdb9d1a9228ac08e6c7a15ecdf0a\">Misi\u00f3n<\/h2>\n\n\n\n<p>Fomentar conexiones significativas con la naturaleza a trav\u00e9s de experiencias de inmersi\u00f3n y ofertas educativas.<\/p>\n<\/div><figure class=\"wp-block-media-text__media\"><img loading=\"lazy\" decoding=\"async\" width=\"631\" height=\"631\" src=\"https:\/\/mounts-botanical-gardens.nyc3.cdn.digitaloceanspaces.com\/dev\/2025\/11\/imgi_11_MCO-A9_05502-16.9-scaled-2-6-copy-4.jpg\" alt=\"mariposa sobre flor\" class=\"wp-image-2002 size-full\" srcset=\"https:\/\/mounts-botanical-gardens.nyc3.cdn.digitaloceanspaces.com\/dev\/2025\/11\/imgi_11_MCO-A9_05502-16.9-scaled-2-6-copy-4.jpg 631w, https:\/\/mounts-botanical-gardens.nyc3.cdn.digitaloceanspaces.com\/dev\/2025\/11\/imgi_11_MCO-A9_05502-16.9-scaled-2-6-copy-4-300x300.jpg 300w, https:\/\/mounts-botanical-gardens.nyc3.cdn.digitaloceanspaces.com\/dev\/2025\/11\/imgi_11_MCO-A9_05502-16.9-scaled-2-6-copy-4-500x500.jpg 500w, https:\/\/mounts-botanical-gardens.nyc3.cdn.digitaloceanspaces.com\/dev\/2025\/11\/imgi_11_MCO-A9_05502-16.9-scaled-2-6-copy-4-12x12.jpg 12w\" sizes=\"auto, (max-width: 631px) 100vw, 631px\" \/><\/figure><\/div>\n\n\n\n<div class=\"wp-block-media-text is-stacked-on-mobile mounts-media-text rtl is-padded-mobile\"><figure class=\"wp-block-media-text__media\"><img loading=\"lazy\" decoding=\"async\" width=\"1024\" height=\"1024\" src=\"https:\/\/mounts-botanical-gardens.nyc3.cdn.digitaloceanspaces.com\/dev\/2026\/01\/4-Rainbow-Eucalyptus_WEB-1024x1024.jpg\" alt=\"\" class=\"wp-image-4683 size-full\" srcset=\"https:\/\/mounts-botanical-gardens.nyc3.cdn.digitaloceanspaces.com\/dev\/2026\/01\/4-Rainbow-Eucalyptus_WEB-1024x1024.jpg 1024w, https:\/\/mounts-botanical-gardens.nyc3.cdn.digitaloceanspaces.com\/dev\/2026\/01\/4-Rainbow-Eucalyptus_WEB-768x768.jpg 768w, https:\/\/mounts-botanical-gardens.nyc3.cdn.digitaloceanspaces.com\/dev\/2026\/01\/4-Rainbow-Eucalyptus_WEB-300x300.jpg 300w, https:\/\/mounts-botanical-gardens.nyc3.cdn.digitaloceanspaces.com\/dev\/2026\/01\/4-Rainbow-Eucalyptus_WEB-500x500.jpg 500w, https:\/\/mounts-botanical-gardens.nyc3.cdn.digitaloceanspaces.com\/dev\/2026\/01\/4-Rainbow-Eucalyptus_WEB-12x12.jpg 12w, https:\/\/mounts-botanical-gardens.nyc3.cdn.digitaloceanspaces.com\/dev\/2026\/01\/4-Rainbow-Eucalyptus_WEB.jpg 1152w\" sizes=\"auto, (max-width: 1024px) 100vw, 1024px\" \/><\/figure><div class=\"wp-block-media-text__content\">\n<h2 class=\"wp-block-heading has-earthy-color has-text-color has-link-color wp-elements-25be6d65099fadd863984a709620b281\">Visi\u00f3n<\/h2>\n\n\n\n<p>Ser el destino de referencia para descubrir, disfrutar y emocionarse con la naturaleza.<\/p>\n<\/div><\/div>\n\n\n\n<div class=\"wp-block-media-text has-media-on-the-right is-stacked-on-mobile mounts-media-text ltr is-padded-mobile\"><div class=\"wp-block-media-text__content\">\n<h2 class=\"wp-block-heading has-earthy-color has-text-color has-link-color wp-elements-ecdaab26dbebaef43e3439f743eba13d\">Historia<\/h2>\n\n\n\n<p>Explore la historia del Jard\u00edn, desde sus or\u00edgenes hasta nuestros d\u00edas.<\/p>\n\n\n\n<div class=\"wp-block-buttons is-layout-flex wp-block-buttons-is-layout-flex\">\n<div class=\"wp-block-button has-custom-width wp-block-button__width-50 is-style-fill\"><a class=\"wp-block-button__link wp-element-button\" href=\"https:\/\/www.mounts.org\/es\/historia\/\">M\u00e1s informaci\u00f3n<\/a><\/div>\n<\/div>\n<\/div><figure class=\"wp-block-media-text__media\"><img loading=\"lazy\" decoding=\"async\" width=\"792\" height=\"1024\" src=\"https:\/\/mounts-botanical-gardens.nyc3.cdn.digitaloceanspaces.com\/dev\/2026\/01\/History-Marvin-Red-Mounts-792x1024.jpg\" alt=\"\" class=\"wp-image-4364 size-full\" srcset=\"https:\/\/mounts-botanical-gardens.nyc3.cdn.digitaloceanspaces.com\/dev\/2026\/01\/History-Marvin-Red-Mounts-792x1024.jpg 792w, https:\/\/mounts-botanical-gardens.nyc3.cdn.digitaloceanspaces.com\/dev\/2026\/01\/History-Marvin-Red-Mounts-594x768.jpg 594w, https:\/\/mounts-botanical-gardens.nyc3.cdn.digitaloceanspaces.com\/dev\/2026\/01\/History-Marvin-Red-Mounts-768x993.jpg 768w, https:\/\/mounts-botanical-gardens.nyc3.cdn.digitaloceanspaces.com\/dev\/2026\/01\/History-Marvin-Red-Mounts-1188x1536.jpg 1188w, https:\/\/mounts-botanical-gardens.nyc3.cdn.digitaloceanspaces.com\/dev\/2026\/01\/History-Marvin-Red-Mounts-1584x2048.jpg 1584w, https:\/\/mounts-botanical-gardens.nyc3.cdn.digitaloceanspaces.com\/dev\/2026\/01\/History-Marvin-Red-Mounts-9x12.jpg 9w, https:\/\/mounts-botanical-gardens.nyc3.cdn.digitaloceanspaces.com\/dev\/2026\/01\/History-Marvin-Red-Mounts.jpg 1664w\" sizes=\"auto, (max-width: 792px) 100vw, 792px\" \/><\/figure><\/div>","protected":false},"excerpt":{"rendered":"<p>Conozca la misi\u00f3n, la visi\u00f3n y la historia del Jard\u00edn, que sigue inspirando conexiones significativas con la naturaleza.<\/p>","protected":false},"author":1,"featured_media":2001,"parent":1127,"menu_order":0,"comment_status":"closed","ping_status":"closed","template":"","meta":{"_eb_attr":"","inline_featured_image":false,"footnotes":""},"class_list":["post-1860","page","type-page","status-publish","has-post-thumbnail","hentry"],"yoast_head":"<!-- This site is optimized with the Yoast SEO plugin v27.1.1 - https:\/\/yoast.com\/product\/yoast-seo-wordpress\/ -->\n<title>Our Story - Mounts Botanical Garden of Palm Beach County<\/title>\n<meta name=\"description\" content=\"Our Story - Mounts Botanical Garden of Palm Beach County\" \/>\n<meta name=\"robots\" content=\"index, follow, max-snippet:-1, max-image-preview:large, max-video-preview:-1\" \/>\n<link rel=\"canonical\" href=\"https:\/\/www.mounts.org\/es\/acerca-de\/nuestra-historia\/\" \/>\n<meta property=\"og:locale\" content=\"es_ES\" \/>\n<meta property=\"og:type\" content=\"article\" \/>\n<meta property=\"og:title\" content=\"Our Story - Mounts Botanical Garden of Palm Beach County\" \/>\n<meta property=\"og:description\" content=\"Our Story - Mounts Botanical Garden of Palm Beach County\" \/>\n<meta property=\"og:url\" content=\"https:\/\/www.mounts.org\/es\/acerca-de\/nuestra-historia\/\" \/>\n<meta property=\"og:site_name\" content=\"Mounts Botanical Garden of Palm Beach County\" \/>\n<meta property=\"article:publisher\" content=\"https:\/\/www.facebook.com\/MountsBotanicalGarden\/\" \/>\n<meta property=\"article:modified_time\" content=\"2026-01-30T21:48:58+00:00\" \/>\n<meta property=\"og:image\" content=\"https:\/\/mounts-botanical-gardens.nyc3.cdn.digitaloceanspaces.com\/dev\/2025\/11\/FELIX-CASTRO-INSECT-CLOSE-UP.jpg\" \/>\n\t<meta property=\"og:image:width\" content=\"1000\" \/>\n\t<meta property=\"og:image:height\" content=\"1400\" \/>\n\t<meta property=\"og:image:type\" content=\"image\/jpeg\" \/>\n<meta name=\"twitter:card\" content=\"summary_large_image\" \/>\n<meta name=\"twitter:label1\" content=\"Est. reading time\" \/>\n\t<meta name=\"twitter:data1\" content=\"1 minute\" \/>\n<script type=\"application\/ld+json\" class=\"yoast-schema-graph\">{\"@context\":\"https:\/\/schema.org\",\"@graph\":[{\"@type\":\"WebPage\",\"@id\":\"https:\/\/www.mounts.org\/es\/acerca-de\/nuestra-historia\/\",\"url\":\"https:\/\/www.mounts.org\/es\/acerca-de\/nuestra-historia\/\",\"name\":\"Our Story - Mounts Botanical Garden of Palm Beach County\",\"isPartOf\":{\"@id\":\"https:\/\/www.mounts.org\/es\/#website\"},\"primaryImageOfPage\":{\"@id\":\"https:\/\/www.mounts.org\/es\/acerca-de\/nuestra-historia\/#primaryimage\"},\"image\":{\"@id\":\"https:\/\/www.mounts.org\/es\/acerca-de\/nuestra-historia\/#primaryimage\"},\"thumbnailUrl\":\"https:\/\/mounts-botanical-gardens.nyc3.cdn.digitaloceanspaces.com\/dev\/2025\/11\/FELIX-CASTRO-INSECT-CLOSE-UP.jpg\",\"datePublished\":\"2025-11-21T16:37:57+00:00\",\"dateModified\":\"2026-01-30T21:48:58+00:00\",\"description\":\"Our Story - Mounts Botanical Garden of Palm Beach County\",\"breadcrumb\":{\"@id\":\"https:\/\/www.mounts.org\/es\/acerca-de\/nuestra-historia\/#breadcrumb\"},\"inLanguage\":\"es-ES\",\"potentialAction\":[{\"@type\":\"ReadAction\",\"target\":[\"https:\/\/www.mounts.org\/es\/acerca-de\/nuestra-historia\/\"]}]},{\"@type\":\"ImageObject\",\"inLanguage\":\"es-ES\",\"@id\":\"https:\/\/www.mounts.org\/es\/acerca-de\/nuestra-historia\/#primaryimage\",\"url\":\"https:\/\/mounts-botanical-gardens.nyc3.cdn.digitaloceanspaces.com\/dev\/2025\/11\/FELIX-CASTRO-INSECT-CLOSE-UP.jpg\",\"contentUrl\":\"https:\/\/mounts-botanical-gardens.nyc3.cdn.digitaloceanspaces.com\/dev\/2025\/11\/FELIX-CASTRO-INSECT-CLOSE-UP.jpg\",\"width\":1000,\"height\":1400,\"caption\":\"caterpillar\"},{\"@type\":\"BreadcrumbList\",\"@id\":\"https:\/\/www.mounts.org\/es\/acerca-de\/nuestra-historia\/#breadcrumb\",\"itemListElement\":[{\"@type\":\"ListItem\",\"position\":1,\"name\":\"Home\",\"item\":\"https:\/\/www.mounts.org\/es\/\"},{\"@type\":\"ListItem\",\"position\":2,\"name\":\"Our Story\"}]},{\"@type\":\"WebSite\",\"@id\":\"https:\/\/www.mounts.org\/es\/#website\",\"url\":\"https:\/\/www.mounts.org\/es\/\",\"name\":\"Mounts Botanical Garden of Palm Beach County\",\"description\":\"Welcome to your Garden\",\"publisher\":{\"@id\":\"https:\/\/www.mounts.org\/es\/#organization\"},\"alternateName\":\"Mounts Botanical Garden\",\"potentialAction\":[{\"@type\":\"SearchAction\",\"target\":{\"@type\":\"EntryPoint\",\"urlTemplate\":\"https:\/\/www.mounts.org\/es\/?s={search_term_string}\"},\"query-input\":{\"@type\":\"PropertyValueSpecification\",\"valueRequired\":true,\"valueName\":\"search_term_string\"}}],\"inLanguage\":\"es-ES\"},{\"@type\":\"Organization\",\"@id\":\"https:\/\/www.mounts.org\/es\/#organization\",\"name\":\"Mounts Botanical Garden of Palm Beach County\",\"url\":\"https:\/\/www.mounts.org\/es\/\",\"logo\":{\"@type\":\"ImageObject\",\"inLanguage\":\"es-ES\",\"@id\":\"https:\/\/www.mounts.org\/es\/#\/schema\/logo\/image\/\",\"url\":\"https:\/\/mounts-botanical-gardens.nyc3.cdn.digitaloceanspaces.com\/dev\/2025\/11\/15180613\/Group-27.svg\",\"contentUrl\":\"https:\/\/mounts-botanical-gardens.nyc3.cdn.digitaloceanspaces.com\/dev\/2025\/11\/15180613\/Group-27.svg\",\"width\":85,\"height\":63,\"caption\":\"Mounts Botanical Garden of Palm Beach County\"},\"image\":{\"@id\":\"https:\/\/www.mounts.org\/es\/#\/schema\/logo\/image\/\"},\"sameAs\":[\"https:\/\/www.facebook.com\/MountsBotanicalGarden\/\",\"https:\/\/www.instagram.com\/mountsbotanicalgarden\",\"https:\/\/www.youtube.com\/@mountsbotanicalgardenwpb\"]}]}<\/script>\n<!-- \/ Yoast SEO plugin. -->","yoast_head_json":{"title":"Nuestra historia - Mounts Botanical Garden of Palm Beach County","description":"Nuestra historia - Mounts Botanical Garden of Palm Beach County","robots":{"index":"index","follow":"follow","max-snippet":"max-snippet:-1","max-image-preview":"max-image-preview:large","max-video-preview":"max-video-preview:-1"},"canonical":"https:\/\/www.mounts.org\/es\/acerca-de\/nuestra-historia\/","og_locale":"es_ES","og_type":"article","og_title":"Our Story - Mounts Botanical Garden of Palm Beach County","og_description":"Our Story - Mounts Botanical Garden of Palm Beach County","og_url":"https:\/\/www.mounts.org\/es\/acerca-de\/nuestra-historia\/","og_site_name":"Mounts Botanical Garden of Palm Beach County","article_publisher":"https:\/\/www.facebook.com\/MountsBotanicalGarden\/","article_modified_time":"2026-01-30T21:48:58+00:00","og_image":[{"width":1000,"height":1400,"url":"https:\/\/mounts-botanical-gardens.nyc3.cdn.digitaloceanspaces.com\/dev\/2025\/11\/FELIX-CASTRO-INSECT-CLOSE-UP.jpg","type":"image\/jpeg"}],"twitter_card":"summary_large_image","twitter_misc":{"Est. reading time":"1 minute"},"schema":{"@context":"https:\/\/schema.org","@graph":[{"@type":"WebPage","@id":"https:\/\/www.mounts.org\/es\/acerca-de\/nuestra-historia\/","url":"https:\/\/www.mounts.org\/es\/acerca-de\/nuestra-historia\/","name":"Nuestra historia - Mounts Botanical Garden of Palm Beach County","isPartOf":{"@id":"https:\/\/www.mounts.org\/es\/#website"},"primaryImageOfPage":{"@id":"https:\/\/www.mounts.org\/es\/acerca-de\/nuestra-historia\/#primaryimage"},"image":{"@id":"https:\/\/www.mounts.org\/es\/acerca-de\/nuestra-historia\/#primaryimage"},"thumbnailUrl":"https:\/\/mounts-botanical-gardens.nyc3.cdn.digitaloceanspaces.com\/dev\/2025\/11\/FELIX-CASTRO-INSECT-CLOSE-UP.jpg","datePublished":"2025-11-21T16:37:57+00:00","dateModified":"2026-01-30T21:48:58+00:00","description":"Nuestra historia - Mounts Botanical Garden of Palm Beach County","breadcrumb":{"@id":"https:\/\/www.mounts.org\/es\/acerca-de\/nuestra-historia\/#breadcrumb"},"inLanguage":"es-ES","potentialAction":[{"@type":"ReadAction","target":["https:\/\/www.mounts.org\/es\/acerca-de\/nuestra-historia\/"]}]},{"@type":"ImageObject","inLanguage":"es-ES","@id":"https:\/\/www.mounts.org\/es\/acerca-de\/nuestra-historia\/#primaryimage","url":"https:\/\/mounts-botanical-gardens.nyc3.cdn.digitaloceanspaces.com\/dev\/2025\/11\/FELIX-CASTRO-INSECT-CLOSE-UP.jpg","contentUrl":"https:\/\/mounts-botanical-gardens.nyc3.cdn.digitaloceanspaces.com\/dev\/2025\/11\/FELIX-CASTRO-INSECT-CLOSE-UP.jpg","width":1000,"height":1400,"caption":"caterpillar"},{"@type":"BreadcrumbList","@id":"https:\/\/www.mounts.org\/es\/acerca-de\/nuestra-historia\/#breadcrumb","itemListElement":[{"@type":"ListItem","position":1,"name":"Home","item":"https:\/\/www.mounts.org\/es\/"},{"@type":"ListItem","position":2,"name":"Our Story"}]},{"@type":"WebSite","@id":"https:\/\/www.mounts.org\/es\/#website","url":"https:\/\/www.mounts.org\/es\/","name":"Jard\u00edn Bot\u00e1nico del Condado de Palm Beach","description":"Bienvenido a su jard\u00edn","publisher":{"@id":"https:\/\/www.mounts.org\/es\/#organization"},"alternateName":"Mounts Botanical Garden","potentialAction":[{"@type":"SearchAction","target":{"@type":"EntryPoint","urlTemplate":"https:\/\/www.mounts.org\/es\/?s={search_term_string}"},"query-input":{"@type":"PropertyValueSpecification","valueRequired":true,"valueName":"search_term_string"}}],"inLanguage":"es-ES"},{"@type":"Organization","@id":"https:\/\/www.mounts.org\/es\/#organization","name":"Jard\u00edn Bot\u00e1nico del Condado de Palm Beach","url":"https:\/\/www.mounts.org\/es\/","logo":{"@type":"ImageObject","inLanguage":"es-ES","@id":"https:\/\/www.mounts.org\/es\/#\/schema\/logo\/image\/","url":"https:\/\/mounts-botanical-gardens.nyc3.cdn.digitaloceanspaces.com\/dev\/2025\/11\/15180613\/Group-27.svg","contentUrl":"https:\/\/mounts-botanical-gardens.nyc3.cdn.digitaloceanspaces.com\/dev\/2025\/11\/15180613\/Group-27.svg","width":85,"height":63,"caption":"Mounts Botanical Garden of Palm Beach County"},"image":{"@id":"https:\/\/www.mounts.org\/es\/#\/schema\/logo\/image\/"},"sameAs":["https:\/\/www.facebook.com\/MountsBotanicalGarden\/","https:\/\/www.instagram.com\/mountsbotanicalgarden","https:\/\/www.youtube.com\/@mountsbotanicalgardenwpb"]}]}},"pbg_featured_image_src":{"full":["https:\/\/mounts-botanical-gardens.nyc3.cdn.digitaloceanspaces.com\/dev\/2025\/11\/FELIX-CASTRO-INSECT-CLOSE-UP.jpg",1000,1400,false],"thumbnail":["https:\/\/mounts-botanical-gardens.nyc3.cdn.digitaloceanspaces.com\/dev\/2025\/11\/FELIX-CASTRO-INSECT-CLOSE-UP-400x300.jpg",400,300,true],"medium":["https:\/\/mounts-botanical-gardens.nyc3.cdn.digitaloceanspaces.com\/dev\/2025\/11\/FELIX-CASTRO-INSECT-CLOSE-UP-549x768.jpg",549,768,true],"medium_large":["https:\/\/mounts-botanical-gardens.nyc3.cdn.digitaloceanspaces.com\/dev\/2025\/11\/FELIX-CASTRO-INSECT-CLOSE-UP-768x1075.jpg",768,1075,true],"large":["https:\/\/mounts-botanical-gardens.nyc3.cdn.digitaloceanspaces.com\/dev\/2025\/11\/FELIX-CASTRO-INSECT-CLOSE-UP-731x1024.jpg",731,1024,true],"thumblist":["https:\/\/mounts-botanical-gardens.nyc3.cdn.digitaloceanspaces.com\/dev\/2025\/11\/FELIX-CASTRO-INSECT-CLOSE-UP-300x300.jpg",300,300,true],"thumbrelated":["https:\/\/mounts-botanical-gardens.nyc3.cdn.digitaloceanspaces.com\/dev\/2025\/11\/FELIX-CASTRO-INSECT-CLOSE-UP-500x500.jpg",500,500,true],"meccarouselthumb":["https:\/\/mounts-botanical-gardens.nyc3.cdn.digitaloceanspaces.com\/dev\/2025\/11\/FELIX-CASTRO-INSECT-CLOSE-UP-474x324.jpg",474,324,true],"gridsquare":["https:\/\/mounts-botanical-gardens.nyc3.cdn.digitaloceanspaces.com\/dev\/2025\/11\/FELIX-CASTRO-INSECT-CLOSE-UP-391x260.jpg",391,260,true],"tileview":["https:\/\/mounts-botanical-gardens.nyc3.cdn.digitaloceanspaces.com\/dev\/2025\/11\/FELIX-CASTRO-INSECT-CLOSE-UP-300x400.jpg",300,400,true],"1536x1536":["https:\/\/mounts-botanical-gardens.nyc3.cdn.digitaloceanspaces.com\/dev\/2025\/11\/FELIX-CASTRO-INSECT-CLOSE-UP.jpg",1000,1400,false],"2048x2048":["https:\/\/mounts-botanical-gardens.nyc3.cdn.digitaloceanspaces.com\/dev\/2025\/11\/FELIX-CASTRO-INSECT-CLOSE-UP.jpg",1000,1400,false],"trp-custom-language-flag":["https:\/\/mounts-botanical-gardens.nyc3.cdn.digitaloceanspaces.com\/dev\/2025\/11\/FELIX-CASTRO-INSECT-CLOSE-UP-9x12.jpg",9,12,true],"gform-image-choice-sm":["https:\/\/mounts-botanical-gardens.nyc3.cdn.digitaloceanspaces.com\/dev\/2025\/11\/FELIX-CASTRO-INSECT-CLOSE-UP.jpg",214,300,false],"gform-image-choice-md":["https:\/\/mounts-botanical-gardens.nyc3.cdn.digitaloceanspaces.com\/dev\/2025\/11\/FELIX-CASTRO-INSECT-CLOSE-UP.jpg",286,400,false],"gform-image-choice-lg":["https:\/\/mounts-botanical-gardens.nyc3.cdn.digitaloceanspaces.com\/dev\/2025\/11\/FELIX-CASTRO-INSECT-CLOSE-UP.jpg",429,600,false]},"pbg_author_info":{"display_name":"jworkman","author_link":"https:\/\/www.mounts.org\/es\/author\/jworkman\/","author_img":"<img alt='jworkman' src='https:\/\/secure.gravatar.com\/avatar\/d681782f7ee2dc727aa4c819f3cffffe83d747ec1de3b219878d6e178e409fac?s=128&#038;d=mm&#038;r=g' srcset='https:\/\/secure.gravatar.com\/avatar\/d681782f7ee2dc727aa4c819f3cffffe83d747ec1de3b219878d6e178e409fac?s=256&#038;d=mm&#038;r=g 2x' class='avatar avatar-128 photo' height='128' width='128' loading='lazy' decoding='async'\/>"},"pbg_comment_info":" No Comments","pbg_excerpt":"Learn about the Garden's mission, vision, and history as we continue to inspire meaningful connections with nature.","_links":{"self":[{"href":"https:\/\/www.mounts.org\/es\/wp-json\/wp\/v2\/pages\/1860","targetHints":{"allow":["GET"]}}],"collection":[{"href":"https:\/\/www.mounts.org\/es\/wp-json\/wp\/v2\/pages"}],"about":[{"href":"https:\/\/www.mounts.org\/es\/wp-json\/wp\/v2\/types\/page"}],"author":[{"embeddable":true,"href":"https:\/\/www.mounts.org\/es\/wp-json\/wp\/v2\/users\/1"}],"replies":[{"embeddable":true,"href":"https:\/\/www.mounts.org\/es\/wp-json\/wp\/v2\/comments?post=1860"}],"version-history":[{"count":8,"href":"https:\/\/www.mounts.org\/es\/wp-json\/wp\/v2\/pages\/1860\/revisions"}],"predecessor-version":[{"id":4727,"href":"https:\/\/www.mounts.org\/es\/wp-json\/wp\/v2\/pages\/1860\/revisions\/4727"}],"up":[{"embeddable":true,"href":"https:\/\/www.mounts.org\/es\/wp-json\/wp\/v2\/pages\/1127"}],"wp:featuredmedia":[{"embeddable":true,"href":"https:\/\/www.mounts.org\/es\/wp-json\/wp\/v2\/media\/2001"}],"wp:attachment":[{"href":"https:\/\/www.mounts.org\/es\/wp-json\/wp\/v2\/media?parent=1860"}],"curies":[{"name":"wp","href":"https:\/\/api.w.org\/{rel}","templated":true}]}}