{"id":4241,"date":"2026-01-15T19:27:19","date_gmt":"2026-01-15T19:27:19","guid":{"rendered":"https:\/\/www.mounts.org\/?page_id=4241"},"modified":"2026-03-11T16:03:48","modified_gmt":"2026-03-11T16:03:48","slug":"politica-de-animales-de-compania","status":"publish","type":"page","link":"https:\/\/www.mounts.org\/es\/politica-de-animales-de-compania\/","title":{"rendered":"Pet Policy"},"content":{"rendered":"<div class=\"wp-block-group alignfull is-layout-constrained wp-container-core-group-is-layout-5b6b4da3 wp-block-group-is-layout-constrained has-background\" style=\"min-height:200px;padding-top:21vh;padding-bottom:21vh;background-image:url(&apos;https:\/\/mounts-botanical-gardens.nyc3.cdn.digitaloceanspaces.com\/dev\/2025\/11\/Rectangle-4683-copy-1.jpg&apos;);background-position:50% 50%;background-size:cover;\">\n<h1 class=\"wp-block-heading has-text-align-center has-white-color has-text-color has-link-color has-mansalva-font-family wp-elements-5c017dc837641ef7613e29c3a3fad120\" style=\"font-size:clamp(37.821px, 2.364rem + ((1vw - 3.2px) * 2.514), 70px);\">Jard\u00edn Paw-licies<\/h1>\n<\/div>\n\n\n\n<div class=\"wp-block-media-text has-media-on-the-right is-stacked-on-mobile mounts-media-text ltr is-padded-mobile\"><div class=\"wp-block-media-text__content\">\n<h2 class=\"wp-block-heading has-earthy-color has-text-color has-link-color wp-elements-c2f19d2a07c77e8a0af10d3c1a9350d4\">Pol\u00edtica de animales de compa\u00f1\u00eda<\/h2>\n\n\n\n<p>Dogs are welcome in the Garden every second Sunday of each month for Dogs&#8217; Days in the Garden. Service dogs are welcome every day.<\/p>\n\n\n\n<p>La salud y seguridad de los visitantes, perros, empleados y voluntarios del Jard\u00edn es primordial. Para que sea una experiencia divertida y segura para todos los visitantes del Jard\u00edn, le rogamos que respete las siguientes normas cuando visite el Jard\u00edn Bot\u00e1nico de Mounts con su perro durante los D\u00edas del Perro.<\/p>\n\n\n\n<p class=\"has-earthy-color has-text-color has-link-color wp-elements-7c8742b7ed7309b449b7ee45ee9c1329\">Como instalaci\u00f3n del condado de Palm Beach, el Jard\u00edn Bot\u00e1nico de Mounts sigue <a href=\"https:\/\/discover.pbcgov.org\/parks\/Amenities\/Dog-Parks.aspx\">Ordenanzas sobre parques y actividades recreativas del condado de Palm Beach<\/a> en lo que se refiere a los parques para perros, as\u00ed como las pol\u00edticas espec\u00edficas del Jard\u00edn Bot\u00e1nico de Mounts.<\/p>\n<\/div><figure class=\"wp-block-media-text__media\"><img loading=\"lazy\" decoding=\"async\" width=\"1000\" height=\"727\" src=\"https:\/\/mounts-botanical-gardens.nyc3.cdn.digitaloceanspaces.com\/dev\/2025\/11\/1.-Dogs-Day-in-the-Garden-min-2.jpg\" alt=\"Perros en el parque\" class=\"wp-image-1477 size-full\" srcset=\"https:\/\/mounts-botanical-gardens.nyc3.cdn.digitaloceanspaces.com\/dev\/2025\/11\/1.-Dogs-Day-in-the-Garden-min-2.jpg 1000w, https:\/\/mounts-botanical-gardens.nyc3.cdn.digitaloceanspaces.com\/dev\/2025\/11\/1.-Dogs-Day-in-the-Garden-min-2-768x558.jpg 768w, https:\/\/mounts-botanical-gardens.nyc3.cdn.digitaloceanspaces.com\/dev\/2025\/11\/1.-Dogs-Day-in-the-Garden-min-2-18x12.jpg 18w\" sizes=\"auto, (max-width: 1000px) 100vw, 1000px\" \/><\/figure><\/div>\n\n\n\n<div class=\"wp-block-group alignfull has-white-color has-text-color has-link-color has-figtree-font-family has-small-font-size wp-elements-97af78871f536fd8529d3244576751be is-layout-constrained wp-container-core-group-is-layout-4cccd036 wp-block-group-is-layout-constrained\" style=\"border-radius:31px;padding-top:var(--wp--preset--spacing--60);padding-right:var(--wp--preset--spacing--50);padding-bottom:var(--wp--preset--spacing--60);padding-left:var(--wp--preset--spacing--50)\">\n<div class=\"wp-block-group has-white-color has-white-background-color has-text-color has-background has-link-color wp-elements-e0b36ad6934ae346a7d361de52d2be00 is-vertical is-content-justification-stretch is-nowrap is-layout-flex wp-container-core-group-is-layout-d8eda1cf wp-block-group-is-layout-flex\" style=\"border-radius:31px;padding-top:var(--wp--preset--spacing--60);padding-right:var(--wp--preset--spacing--50);padding-bottom:var(--wp--preset--spacing--60);padding-left:var(--wp--preset--spacing--50)\">\n<h2 class=\"wp-block-heading has-text-align-center has-earthy-color has-text-color has-link-color has-figtree-font-family wp-elements-71472de6bc4524ae6f3ccab93e23a54a\" style=\"font-size:clamp(25.984px, 1.624rem + ((1vw - 3.2px) * 1.408), 44px);font-style:normal;font-weight:400;line-height:1\">Pol\u00edticas y c\u00f3digo de conducta caninos y de los propietarios<\/h2>\n\n\n\n<ul class=\"wp-block-list\">\n<li class=\"has-earthy-color has-text-color has-link-color wp-elements-01115bfc235d6f349ef344098c5768f5\">Todos los perros deben llevar correa mientras est\u00e9n en las instalaciones del Jard\u00edn, incluido el aparcamiento.<\/li>\n\n\n\n<li class=\"has-earthy-color has-text-color has-link-color wp-elements-052ce7fb2a5a4e286a9c13d9b7ba6951\">NO SE PERMITEN LAS CORREAS RETR\u00c1CTILES. Las correas no retr\u00e1ctiles no pueden medir m\u00e1s de dos metros.<\/li>\n\n\n\n<li class=\"has-earthy-color has-text-color has-link-color wp-elements-f8dca0438be4274c824187e6b3804628\">No se permite m\u00e1s de UN PERRO POR ADULTO en el Jard\u00edn a la vez.<\/li>\n\n\n\n<li class=\"has-earthy-color has-text-color has-link-color wp-elements-4cbd196bcfae8e583615d169f3820ba3\">Todos los perros deben estar socializados y tener las vacunas y registros actualizados. Se recomienda el uso de productos para la prevenci\u00f3n de par\u00e1sitos del coraz\u00f3n y garrapatas.<\/li>\n\n\n\n<li class=\"has-earthy-color has-text-color has-link-color wp-elements-f742f1c340367850a7340ddf13a6f3c3\">Los perros deben llevar un collar bien ajustado y las placas deben estar visibles en el collar.<\/li>\n\n\n\n<li class=\"has-earthy-color has-text-color has-link-color wp-elements-d628e7a3d8259b6aac8b5d860019a8ce\">Los menores de 18 a\u00f1os deben ir acompa\u00f1ados de un adulto.<\/li>\n\n\n\n<li class=\"has-earthy-color has-text-color has-link-color wp-elements-14cbe3eb414387043020e6170d2ebe4a\">S\u00f3lo perros Los animales que no sean perros no est\u00e1n permitidos en el interior del Jard\u00edn. Esto incluye, pero no se limita a: h\u00edbridos de lobo, gatos, cerdos panzudos, conejos, hurones, ratas, p\u00e1jaros y reptiles.<\/li>\n\n\n\n<li class=\"has-earthy-color has-text-color has-link-color wp-elements-96808403873fabcb0fd80d25cd9ffeed\">Por su seguridad, no se admiten cachorros menores de cuatro meses.<\/li>\n\n\n\n<li class=\"has-earthy-color has-text-color has-link-color wp-elements-eaf9957742167ae020f9228577f00357\">Se ruega traer agua y golosinas, as\u00ed como bolsas para los desechos de los perros.<\/li>\n\n\n\n<li class=\"has-earthy-color has-text-color has-link-color wp-elements-5880ae2c03dea94195f46098fc254ecc\">Se advierte a todos los hu\u00e9spedes que visitar el Jard\u00edn con un perro es bajo su propia responsabilidad.<\/li>\n\n\n\n<li class=\"has-earthy-color has-text-color has-link-color wp-elements-befcb2d75ca16622d9c53984c74fb980\">Los due\u00f1os son responsables de las acciones y el comportamiento de sus perros.<\/li>\n\n\n\n<li class=\"has-earthy-color has-text-color has-link-color wp-elements-914144fe69d44b5edd5939ea154c212a\">Los propietarios de perros asumen toda la responsabilidad por el comportamiento de sus perros y se responsabilizan de los da\u00f1os su\ufb00ered por cualquier persona que es mordido por el perro de un hu\u00e9sped, mientras que en la propiedad del Jard\u00edn. Para la seguridad de su perro y del entorno natural, permanezca en los caminos pavimentados y de tierra establecidos. De este modo se protegen todas las formas de vida (plantas y animales).<\/li>\n\n\n\n<li class=\"has-earthy-color has-text-color has-link-color wp-elements-f2c85c26e0c1bdd7298eb1882b08baca\">Los perros deben estar atendidos y supervisados en todo momento por una persona mayor de 18 a\u00f1os. No se permiten perros desatendidos en el Jard\u00edn en ning\u00fan momento.<\/li>\n\n\n\n<li class=\"has-earthy-color has-text-color has-link-color wp-elements-ac4010a46e467c41c649b527b51f021a\">Deje el jard\u00edn como lo encontr\u00f3. Los excrementos de perro deben ser limpiados inmediatamente por su cuidador.<\/li>\n\n\n\n<li class=\"has-earthy-color has-text-color has-link-color wp-elements-c19694260ebd2c0577ab201200357b51\">Le rogamos discreci\u00f3n a la hora de permitir que su perro orine. La orina de perro puede da\u00f1ar muchas plantas del jard\u00edn.<\/li>\n\n\n\n<li class=\"has-earthy-color has-text-color has-link-color wp-elements-ee67038f3ba638aaf2ff64c28d0ae2d3\">No se admiten perros en los parterres ni en el lago.<\/li>\n\n\n\n<li class=\"has-earthy-color has-text-color has-link-color wp-elements-3bcc1d7d6b39e378622dacce59ca7131\">El adiestrador debe llevar al perro atado en todo momento y los perros deben estar sujetos en todo momento a una distancia no superior a dos metros de su adiestrador.<\/li>\n\n\n\n<li class=\"has-earthy-color has-text-color has-link-color wp-elements-755fd1164727ce10373afb909c1afa1d\">Los perros deben ser retirados del Jard\u00edn al primer signo de agresi\u00f3n. Los perros peligrosos, tal como se definen en la Ordenanza n.\u00ba 98-22 del condado de Palm Beach, la Ordenanza de Cuidado y Control de Animales del condado de Palm Beach, est\u00e1n prohibidos en el Jard\u00edn.<\/li>\n\n\n\n<li class=\"has-earthy-color has-text-color has-link-color wp-elements-4a6666781d2ed88c3304f602e446d572\">Las perras en celo tienen prohibida la entrada al Jard\u00edn.<\/li>\n\n\n\n<li class=\"has-earthy-color has-text-color has-link-color wp-elements-45e13403702cfcd158a12e37a4435080\">Se recomiendan los animales esterilizados.<\/li>\n\n\n\n<li class=\"has-earthy-color has-text-color has-link-color wp-elements-c4119e47c5065d09528ac74649711472\">Las personas que infrinjan estas normas podr\u00e1n ser expulsadas del Jard\u00edn y\/o suspendidas.<\/li>\n<\/ul>\n<\/div>\n<\/div>","protected":false},"excerpt":{"rendered":"<p>Garden Paw-licies Pet Policy Overview Dogs are welcome in the Garden every second Sunday of each month for Dogs&#8217; Days in the Garden. Service dogs are welcome every day. The health and safety of Garden guests, dogs, employees, and volunteers is paramount. To make this a fun and safe experience for all Garden guests, please [&hellip;]<\/p>","protected":false},"author":1,"featured_media":254,"parent":0,"menu_order":0,"comment_status":"closed","ping_status":"closed","template":"","meta":{"_eb_attr":"","inline_featured_image":false,"footnotes":""},"class_list":["post-4241","page","type-page","status-publish","has-post-thumbnail","hentry"],"yoast_head":"<!-- This site is optimized with the Yoast SEO plugin v27.1.1 - https:\/\/yoast.com\/product\/yoast-seo-wordpress\/ -->\n<title>Pet Policy - Mounts Botanical Garden of Palm Beach County<\/title>\n<meta name=\"description\" content=\"Pet Policy - Mounts Botanical Garden of Palm Beach County\" \/>\n<meta name=\"robots\" content=\"index, follow, max-snippet:-1, max-image-preview:large, max-video-preview:-1\" \/>\n<link rel=\"canonical\" href=\"https:\/\/www.mounts.org\/es\/politica-de-animales-de-compania\/\" \/>\n<meta property=\"og:locale\" content=\"es_ES\" \/>\n<meta property=\"og:type\" content=\"article\" \/>\n<meta property=\"og:title\" content=\"Pet Policy - Mounts Botanical Garden of Palm Beach County\" \/>\n<meta property=\"og:description\" content=\"Pet Policy - Mounts Botanical Garden of Palm Beach County\" \/>\n<meta property=\"og:url\" content=\"https:\/\/www.mounts.org\/es\/politica-de-animales-de-compania\/\" \/>\n<meta property=\"og:site_name\" content=\"Mounts Botanical Garden of Palm Beach County\" \/>\n<meta property=\"article:publisher\" content=\"https:\/\/www.facebook.com\/MountsBotanicalGarden\/\" \/>\n<meta property=\"article:modified_time\" content=\"2026-03-11T16:03:48+00:00\" \/>\n<meta name=\"twitter:card\" content=\"summary_large_image\" \/>\n<meta name=\"twitter:label1\" content=\"Est. reading time\" \/>\n\t<meta name=\"twitter:data1\" content=\"3 minutes\" \/>\n<script type=\"application\/ld+json\" class=\"yoast-schema-graph\">{\"@context\":\"https:\/\/schema.org\",\"@graph\":[{\"@type\":\"WebPage\",\"@id\":\"https:\/\/www.mounts.org\/es\/politica-de-animales-de-compania\/\",\"url\":\"https:\/\/www.mounts.org\/es\/politica-de-animales-de-compania\/\",\"name\":\"Pet Policy - Mounts Botanical Garden of Palm Beach County\",\"isPartOf\":{\"@id\":\"https:\/\/www.mounts.org\/es\/#website\"},\"primaryImageOfPage\":{\"@id\":\"https:\/\/www.mounts.org\/es\/politica-de-animales-de-compania\/#primaryimage\"},\"image\":{\"@id\":\"https:\/\/www.mounts.org\/es\/politica-de-animales-de-compania\/#primaryimage\"},\"thumbnailUrl\":\"\",\"datePublished\":\"2026-01-15T19:27:19+00:00\",\"dateModified\":\"2026-03-11T16:03:48+00:00\",\"description\":\"Pet Policy - Mounts Botanical Garden of Palm Beach County\",\"breadcrumb\":{\"@id\":\"https:\/\/www.mounts.org\/es\/politica-de-animales-de-compania\/#breadcrumb\"},\"inLanguage\":\"es-ES\",\"potentialAction\":[{\"@type\":\"ReadAction\",\"target\":[\"https:\/\/www.mounts.org\/es\/politica-de-animales-de-compania\/\"]}]},{\"@type\":\"ImageObject\",\"inLanguage\":\"es-ES\",\"@id\":\"https:\/\/www.mounts.org\/es\/politica-de-animales-de-compania\/#primaryimage\",\"url\":\"\",\"contentUrl\":\"\"},{\"@type\":\"BreadcrumbList\",\"@id\":\"https:\/\/www.mounts.org\/es\/politica-de-animales-de-compania\/#breadcrumb\",\"itemListElement\":[{\"@type\":\"ListItem\",\"position\":1,\"name\":\"Home\",\"item\":\"https:\/\/www.mounts.org\/es\/\"},{\"@type\":\"ListItem\",\"position\":2,\"name\":\"Pet Policy\"}]},{\"@type\":\"WebSite\",\"@id\":\"https:\/\/www.mounts.org\/es\/#website\",\"url\":\"https:\/\/www.mounts.org\/es\/\",\"name\":\"Mounts Botanical Garden of Palm Beach County\",\"description\":\"Welcome to your Garden\",\"publisher\":{\"@id\":\"https:\/\/www.mounts.org\/es\/#organization\"},\"alternateName\":\"Mounts Botanical Garden\",\"potentialAction\":[{\"@type\":\"SearchAction\",\"target\":{\"@type\":\"EntryPoint\",\"urlTemplate\":\"https:\/\/www.mounts.org\/es\/?s={search_term_string}\"},\"query-input\":{\"@type\":\"PropertyValueSpecification\",\"valueRequired\":true,\"valueName\":\"search_term_string\"}}],\"inLanguage\":\"es-ES\"},{\"@type\":\"Organization\",\"@id\":\"https:\/\/www.mounts.org\/es\/#organization\",\"name\":\"Mounts Botanical Garden of Palm Beach County\",\"url\":\"https:\/\/www.mounts.org\/es\/\",\"logo\":{\"@type\":\"ImageObject\",\"inLanguage\":\"es-ES\",\"@id\":\"https:\/\/www.mounts.org\/es\/#\/schema\/logo\/image\/\",\"url\":\"https:\/\/mounts-botanical-gardens.nyc3.cdn.digitaloceanspaces.com\/dev\/2025\/11\/15180613\/Group-27.svg\",\"contentUrl\":\"https:\/\/mounts-botanical-gardens.nyc3.cdn.digitaloceanspaces.com\/dev\/2025\/11\/15180613\/Group-27.svg\",\"width\":85,\"height\":63,\"caption\":\"Mounts Botanical Garden of Palm Beach County\"},\"image\":{\"@id\":\"https:\/\/www.mounts.org\/es\/#\/schema\/logo\/image\/\"},\"sameAs\":[\"https:\/\/www.facebook.com\/MountsBotanicalGarden\/\",\"https:\/\/www.instagram.com\/mountsbotanicalgarden\",\"https:\/\/www.youtube.com\/@mountsbotanicalgardenwpb\"]}]}<\/script>\n<!-- \/ Yoast SEO plugin. -->","yoast_head_json":{"title":"Pol\u00edtica de mascotas - Mounts Botanical Garden of Palm Beach County","description":"Pol\u00edtica de mascotas - Mounts Botanical Garden of Palm Beach County","robots":{"index":"index","follow":"follow","max-snippet":"max-snippet:-1","max-image-preview":"max-image-preview:large","max-video-preview":"max-video-preview:-1"},"canonical":"https:\/\/www.mounts.org\/es\/politica-de-animales-de-compania\/","og_locale":"es_ES","og_type":"article","og_title":"Pet Policy - Mounts Botanical Garden of Palm Beach County","og_description":"Pet Policy - Mounts Botanical Garden of Palm Beach County","og_url":"https:\/\/www.mounts.org\/es\/politica-de-animales-de-compania\/","og_site_name":"Mounts Botanical Garden of Palm Beach County","article_publisher":"https:\/\/www.facebook.com\/MountsBotanicalGarden\/","article_modified_time":"2026-03-11T16:03:48+00:00","twitter_card":"summary_large_image","twitter_misc":{"Est. reading time":"3 minutes"},"schema":{"@context":"https:\/\/schema.org","@graph":[{"@type":"WebPage","@id":"https:\/\/www.mounts.org\/es\/politica-de-animales-de-compania\/","url":"https:\/\/www.mounts.org\/es\/politica-de-animales-de-compania\/","name":"Pol\u00edtica de mascotas - Mounts Botanical Garden of Palm Beach County","isPartOf":{"@id":"https:\/\/www.mounts.org\/es\/#website"},"primaryImageOfPage":{"@id":"https:\/\/www.mounts.org\/es\/politica-de-animales-de-compania\/#primaryimage"},"image":{"@id":"https:\/\/www.mounts.org\/es\/politica-de-animales-de-compania\/#primaryimage"},"thumbnailUrl":"","datePublished":"2026-01-15T19:27:19+00:00","dateModified":"2026-03-11T16:03:48+00:00","description":"Pol\u00edtica de mascotas - Mounts Botanical Garden of Palm Beach County","breadcrumb":{"@id":"https:\/\/www.mounts.org\/es\/politica-de-animales-de-compania\/#breadcrumb"},"inLanguage":"es-ES","potentialAction":[{"@type":"ReadAction","target":["https:\/\/www.mounts.org\/es\/politica-de-animales-de-compania\/"]}]},{"@type":"ImageObject","inLanguage":"es-ES","@id":"https:\/\/www.mounts.org\/es\/politica-de-animales-de-compania\/#primaryimage","url":"","contentUrl":""},{"@type":"BreadcrumbList","@id":"https:\/\/www.mounts.org\/es\/politica-de-animales-de-compania\/#breadcrumb","itemListElement":[{"@type":"ListItem","position":1,"name":"Home","item":"https:\/\/www.mounts.org\/es\/"},{"@type":"ListItem","position":2,"name":"Pet Policy"}]},{"@type":"WebSite","@id":"https:\/\/www.mounts.org\/es\/#website","url":"https:\/\/www.mounts.org\/es\/","name":"Jard\u00edn Bot\u00e1nico del Condado de Palm Beach","description":"Bienvenido a su jard\u00edn","publisher":{"@id":"https:\/\/www.mounts.org\/es\/#organization"},"alternateName":"Mounts Botanical Garden","potentialAction":[{"@type":"SearchAction","target":{"@type":"EntryPoint","urlTemplate":"https:\/\/www.mounts.org\/es\/?s={search_term_string}"},"query-input":{"@type":"PropertyValueSpecification","valueRequired":true,"valueName":"search_term_string"}}],"inLanguage":"es-ES"},{"@type":"Organization","@id":"https:\/\/www.mounts.org\/es\/#organization","name":"Jard\u00edn Bot\u00e1nico del Condado de Palm Beach","url":"https:\/\/www.mounts.org\/es\/","logo":{"@type":"ImageObject","inLanguage":"es-ES","@id":"https:\/\/www.mounts.org\/es\/#\/schema\/logo\/image\/","url":"https:\/\/mounts-botanical-gardens.nyc3.cdn.digitaloceanspaces.com\/dev\/2025\/11\/15180613\/Group-27.svg","contentUrl":"https:\/\/mounts-botanical-gardens.nyc3.cdn.digitaloceanspaces.com\/dev\/2025\/11\/15180613\/Group-27.svg","width":85,"height":63,"caption":"Mounts Botanical Garden of Palm Beach County"},"image":{"@id":"https:\/\/www.mounts.org\/es\/#\/schema\/logo\/image\/"},"sameAs":["https:\/\/www.facebook.com\/MountsBotanicalGarden\/","https:\/\/www.instagram.com\/mountsbotanicalgarden","https:\/\/www.youtube.com\/@mountsbotanicalgardenwpb"]}]}},"pbg_featured_image_src":{"full":false,"thumbnail":false,"medium":false,"medium_large":false,"large":false,"thumblist":false,"thumbrelated":false,"meccarouselthumb":false,"gridsquare":false,"tileview":false,"1536x1536":false,"2048x2048":false,"trp-custom-language-flag":false,"gform-image-choice-sm":false,"gform-image-choice-md":false,"gform-image-choice-lg":false},"pbg_author_info":{"display_name":"jworkman","author_link":"https:\/\/www.mounts.org\/es\/author\/jworkman\/","author_img":"<img alt='jworkman' src='https:\/\/secure.gravatar.com\/avatar\/d681782f7ee2dc727aa4c819f3cffffe83d747ec1de3b219878d6e178e409fac?s=128&#038;d=mm&#038;r=g' srcset='https:\/\/secure.gravatar.com\/avatar\/d681782f7ee2dc727aa4c819f3cffffe83d747ec1de3b219878d6e178e409fac?s=256&#038;d=mm&#038;r=g 2x' class='avatar avatar-128 photo' height='128' width='128' loading='lazy' decoding='async'\/>"},"pbg_comment_info":" No Comments","pbg_excerpt":"Garden Paw-licies Pet Policy Overview Dogs are welcome in the Garden every second Sunday of each month for Dogs&#8217; Days in the Garden. Service dogs are welcome every day. The health and safety of Garden guests, dogs, employees, and volunteers is paramount. To make this a fun and safe experience for all Garden guests, please&hellip;","_links":{"self":[{"href":"https:\/\/www.mounts.org\/es\/wp-json\/wp\/v2\/pages\/4241","targetHints":{"allow":["GET"]}}],"collection":[{"href":"https:\/\/www.mounts.org\/es\/wp-json\/wp\/v2\/pages"}],"about":[{"href":"https:\/\/www.mounts.org\/es\/wp-json\/wp\/v2\/types\/page"}],"author":[{"embeddable":true,"href":"https:\/\/www.mounts.org\/es\/wp-json\/wp\/v2\/users\/1"}],"replies":[{"embeddable":true,"href":"https:\/\/www.mounts.org\/es\/wp-json\/wp\/v2\/comments?post=4241"}],"version-history":[{"count":7,"href":"https:\/\/www.mounts.org\/es\/wp-json\/wp\/v2\/pages\/4241\/revisions"}],"predecessor-version":[{"id":5197,"href":"https:\/\/www.mounts.org\/es\/wp-json\/wp\/v2\/pages\/4241\/revisions\/5197"}],"wp:featuredmedia":[{"embeddable":true,"href":"https:\/\/www.mounts.org\/es\/wp-json\/"}],"wp:attachment":[{"href":"https:\/\/www.mounts.org\/es\/wp-json\/wp\/v2\/media?parent=4241"}],"curies":[{"name":"wp","href":"https:\/\/api.w.org\/{rel}","templated":true}]}}