{"id":158,"date":"2025-09-09T12:23:59","date_gmt":"2025-09-09T12:23:59","guid":{"rendered":"http:\/\/mounts.local\/?page_id=158"},"modified":"2026-02-04T01:40:26","modified_gmt":"2026-02-04T01:40:26","slug":"soutien","status":"publish","type":"page","link":"https:\/\/www.mounts.org\/fr\/soutien\/","title":{"rendered":"Soutien"},"content":{"rendered":"<div class=\"wp-block-group alignwide is-layout-constrained wp-container-core-group-is-layout-393c9616 wp-block-group-is-layout-constrained has-background\" style=\"padding-top:10rem;padding-right:0px;padding-bottom:10rem;padding-left:0px;background-image:url(&apos;https:\/\/mounts-botanical-gardens.nyc3.cdn.digitaloceanspaces.com\/dev\/2026\/02\/MBG_HEADERSArtboard-1-copy-2.jpg&apos;);background-position:50% 46%;background-size:cover;background-attachment:fixed;\">\n<h1 class=\"wp-block-heading alignfull has-text-align-center has-white-color has-text-color has-link-color has-mansalva-font-family wp-elements-1cd847a7d4fd564008d484bdec6f2565\" style=\"font-size:clamp(37.821px, 2.364rem + ((1vw - 3.2px) * 2.514), 70px);\">Plantez votre soutien<\/h1>\n\n\n\n<p><\/p>\n\n\n\n<div class=\"wp-block-buttons is-content-justification-center is-layout-flex wp-container-core-buttons-is-layout-a89b3969 wp-block-buttons-is-layout-flex\">\n<div class=\"wp-block-button has-custom-width wp-block-button__width-50 is-style-outline is-style-outline--1\"><a class=\"wp-block-button__link has-white-color has-text-color has-link-color has-text-align-center wp-element-button\" href=\"\/fr\/donner\/\">Faire un don<\/a><\/div>\n<\/div>\n<\/div>\n\n\n\n<div style=\"height:49px\" aria-hidden=\"true\" class=\"wp-block-spacer\"><\/div>\n\n\n\n<div class=\"wp-block-query pll-query is-padded-mobile is-content-justification-center is-layout-constrained wp-container-core-query-is-layout-5020f0da wp-block-query-is-layout-constrained\"><ul class=\"columns-2 wp-block-post-template is-layout-grid wp-container-core-post-template-is-layout-41f30b26 wp-block-post-template-is-layout-grid\"><li class=\"wp-block-post post-1800 page type-page status-publish has-post-thumbnail hentry\">\n\n<div class=\"wp-block-columns alignwide is-layout-flex wp-container-core-columns-is-layout-28f84493 wp-block-columns-is-layout-flex\">\n<div class=\"wp-block-column is-vertically-aligned-center pll-featured-img-col is-layout-flow wp-block-column-is-layout-flow\" style=\"flex-basis:40%\"><figure style=\"aspect-ratio:1;\" class=\"wp-block-post-featured-image\"><a href=\"https:\/\/www.mounts.org\/fr\/soutien\/les-moyens-de-donner\/\" target=\"_self\"  ><img loading=\"lazy\" decoding=\"async\" width=\"1920\" height=\"2560\" src=\"https:\/\/mounts-botanical-gardens.nyc3.cdn.digitaloceanspaces.com\/dev\/2026\/02\/IMG_2685-white-flower-red-stem-scaled-e1770067069163.jpg\" class=\"attachment-post-thumbnail size-post-thumbnail wp-post-image\" alt=\"Fa\u00e7ons de donner\" style=\"border-radius:100%;width:100%;height:100%;object-fit:cover;\" srcset=\"https:\/\/mounts-botanical-gardens.nyc3.cdn.digitaloceanspaces.com\/dev\/2026\/02\/IMG_2685-white-flower-red-stem-scaled-e1770067069163.jpg 1920w, https:\/\/mounts-botanical-gardens.nyc3.cdn.digitaloceanspaces.com\/dev\/2026\/02\/IMG_2685-white-flower-red-stem-scaled-e1770067069163-576x768.jpg 576w, https:\/\/mounts-botanical-gardens.nyc3.cdn.digitaloceanspaces.com\/dev\/2026\/02\/IMG_2685-white-flower-red-stem-scaled-e1770067069163-768x1024.jpg 768w, https:\/\/mounts-botanical-gardens.nyc3.cdn.digitaloceanspaces.com\/dev\/2026\/02\/IMG_2685-white-flower-red-stem-scaled-e1770067069163-300x400.jpg 300w, https:\/\/mounts-botanical-gardens.nyc3.cdn.digitaloceanspaces.com\/dev\/2026\/02\/IMG_2685-white-flower-red-stem-scaled-e1770067069163-1152x1536.jpg 1152w, https:\/\/mounts-botanical-gardens.nyc3.cdn.digitaloceanspaces.com\/dev\/2026\/02\/IMG_2685-white-flower-red-stem-scaled-e1770067069163-1536x2048.jpg 1536w, https:\/\/mounts-botanical-gardens.nyc3.cdn.digitaloceanspaces.com\/dev\/2026\/02\/IMG_2685-white-flower-red-stem-scaled-e1770067069163-9x12.jpg 9w\" sizes=\"auto, (max-width: 1920px) 100vw, 1920px\" \/><\/a><\/figure><\/div>\n\n\n\n<div class=\"wp-block-column is-vertically-aligned-center pll-content-col is-layout-flow wp-container-core-column-is-layout-666518be wp-block-column-is-layout-flow\" style=\"padding-right:0px;padding-left:0px;flex-basis:60%\"><h2 style=\"font-size:clamp(15.747px, 0.984rem + ((1vw - 3.2px) * 0.645), 24px);font-style:normal;font-weight:400;text-decoration:underline;\" class=\"has-link-color is-figtree wp-elements-4522e8981c1585310af9a0ba62e0fa5d wp-block-post-title has-text-color has-poppy-color\"><a href=\"https:\/\/www.mounts.org\/fr\/soutien\/les-moyens-de-donner\/\" target=\"_self\" >Fa\u00e7ons de donner<\/a><\/h2>\n\n<div style=\"font-size:clamp(14px, 0.875rem + ((1vw - 3.2px) * 0.156), 16px); margin-top:var(--wp--preset--spacing--30);margin-bottom:var(--wp--preset--spacing--30);\" class=\"is-figtree is-light is-secondary wp-block-post-excerpt\"><p class=\"wp-block-post-excerpt__excerpt\">Qu'il s'agisse d'un don unique, d'un don r\u00e9current, d'un parrainage ou autre, il existe de nombreuses fa\u00e7ons de soutenir le jardin. <\/p><\/div><\/div>\n<\/div>\n\n<\/li><li class=\"wp-block-post post-1806 page type-page status-publish has-post-thumbnail hentry\">\n\n<div class=\"wp-block-columns alignwide is-layout-flex wp-container-core-columns-is-layout-28f84493 wp-block-columns-is-layout-flex\">\n<div class=\"wp-block-column is-vertically-aligned-center pll-featured-img-col is-layout-flow wp-block-column-is-layout-flow\" style=\"flex-basis:40%\"><figure style=\"aspect-ratio:1;\" class=\"wp-block-post-featured-image\"><a href=\"https:\/\/www.mounts.org\/fr\/soutien\/donner\/\" target=\"_self\"  ><img loading=\"lazy\" decoding=\"async\" width=\"1920\" height=\"2560\" src=\"https:\/\/mounts-botanical-gardens.nyc3.cdn.digitaloceanspaces.com\/dev\/2026\/01\/IMG_0065-scaled-e1769809047999.jpg\" class=\"attachment-post-thumbnail size-post-thumbnail wp-post-image\" alt=\"Faire un don\" style=\"border-radius:100%;width:100%;height:100%;object-fit:cover;\" srcset=\"https:\/\/mounts-botanical-gardens.nyc3.cdn.digitaloceanspaces.com\/dev\/2026\/01\/IMG_0065-scaled-e1769809047999.jpg 1920w, https:\/\/mounts-botanical-gardens.nyc3.cdn.digitaloceanspaces.com\/dev\/2026\/01\/IMG_0065-scaled-e1769809047999-576x768.jpg 576w, https:\/\/mounts-botanical-gardens.nyc3.cdn.digitaloceanspaces.com\/dev\/2026\/01\/IMG_0065-scaled-e1769809047999-768x1024.jpg 768w, https:\/\/mounts-botanical-gardens.nyc3.cdn.digitaloceanspaces.com\/dev\/2026\/01\/IMG_0065-scaled-e1769809047999-300x400.jpg 300w, https:\/\/mounts-botanical-gardens.nyc3.cdn.digitaloceanspaces.com\/dev\/2026\/01\/IMG_0065-scaled-e1769809047999-1152x1536.jpg 1152w, https:\/\/mounts-botanical-gardens.nyc3.cdn.digitaloceanspaces.com\/dev\/2026\/01\/IMG_0065-scaled-e1769809047999-1536x2048.jpg 1536w, https:\/\/mounts-botanical-gardens.nyc3.cdn.digitaloceanspaces.com\/dev\/2026\/01\/IMG_0065-scaled-e1769809047999-9x12.jpg 9w\" sizes=\"auto, (max-width: 1920px) 100vw, 1920px\" \/><\/a><\/figure><\/div>\n\n\n\n<div class=\"wp-block-column is-vertically-aligned-center pll-content-col is-layout-flow wp-container-core-column-is-layout-666518be wp-block-column-is-layout-flow\" style=\"padding-right:0px;padding-left:0px;flex-basis:60%\"><h2 style=\"font-size:clamp(15.747px, 0.984rem + ((1vw - 3.2px) * 0.645), 24px);font-style:normal;font-weight:400;text-decoration:underline;\" class=\"has-link-color is-figtree wp-elements-4522e8981c1585310af9a0ba62e0fa5d wp-block-post-title has-text-color has-poppy-color\"><a href=\"https:\/\/www.mounts.org\/fr\/soutien\/donner\/\" target=\"_self\" >Faire un don<\/a><\/h2>\n\n<div style=\"font-size:clamp(14px, 0.875rem + ((1vw - 3.2px) * 0.156), 16px); margin-top:var(--wp--preset--spacing--30);margin-bottom:var(--wp--preset--spacing--30);\" class=\"is-figtree is-light is-secondary wp-block-post-excerpt\"><p class=\"wp-block-post-excerpt__excerpt\">Votre verdure permet au jardin de se d\u00e9velopper pour les g\u00e9n\u00e9rations \u00e0 venir. Voyez comment votre don peut nous aider. <\/p><\/div><\/div>\n<\/div>\n\n<\/li><li class=\"wp-block-post post-1820 page type-page status-publish has-post-thumbnail hentry\">\n\n<div class=\"wp-block-columns alignwide is-layout-flex wp-container-core-columns-is-layout-28f84493 wp-block-columns-is-layout-flex\">\n<div class=\"wp-block-column is-vertically-aligned-center pll-featured-img-col is-layout-flow wp-block-column-is-layout-flow\" style=\"flex-basis:40%\"><figure style=\"aspect-ratio:1;\" class=\"wp-block-post-featured-image\"><a href=\"https:\/\/www.mounts.org\/fr\/soutien\/volontaire\/\" target=\"_self\"  ><img loading=\"lazy\" decoding=\"async\" width=\"631\" height=\"631\" src=\"https:\/\/mounts-botanical-gardens.nyc3.cdn.digitaloceanspaces.com\/dev\/2025\/11\/imgi_11_MCO-A9_05502-16.9-scaled-2-7.jpg\" class=\"attachment-post-thumbnail size-post-thumbnail wp-post-image\" alt=\"B\u00e9n\u00e9vole\" style=\"border-radius:100%;width:100%;height:100%;object-fit:cover;\" srcset=\"https:\/\/mounts-botanical-gardens.nyc3.cdn.digitaloceanspaces.com\/dev\/2025\/11\/imgi_11_MCO-A9_05502-16.9-scaled-2-7.jpg 631w, https:\/\/mounts-botanical-gardens.nyc3.cdn.digitaloceanspaces.com\/dev\/2025\/11\/imgi_11_MCO-A9_05502-16.9-scaled-2-7-300x300.jpg 300w, https:\/\/mounts-botanical-gardens.nyc3.cdn.digitaloceanspaces.com\/dev\/2025\/11\/imgi_11_MCO-A9_05502-16.9-scaled-2-7-500x500.jpg 500w, https:\/\/mounts-botanical-gardens.nyc3.cdn.digitaloceanspaces.com\/dev\/2025\/11\/imgi_11_MCO-A9_05502-16.9-scaled-2-7-12x12.jpg 12w\" sizes=\"auto, (max-width: 631px) 100vw, 631px\" \/><\/a><\/figure><\/div>\n\n\n\n<div class=\"wp-block-column is-vertically-aligned-center pll-content-col is-layout-flow wp-container-core-column-is-layout-666518be wp-block-column-is-layout-flow\" style=\"padding-right:0px;padding-left:0px;flex-basis:60%\"><h2 style=\"font-size:clamp(15.747px, 0.984rem + ((1vw - 3.2px) * 0.645), 24px);font-style:normal;font-weight:400;text-decoration:underline;\" class=\"has-link-color is-figtree wp-elements-4522e8981c1585310af9a0ba62e0fa5d wp-block-post-title has-text-color has-poppy-color\"><a href=\"https:\/\/www.mounts.org\/fr\/soutien\/volontaire\/\" target=\"_self\" >B\u00e9n\u00e9vole<\/a><\/h2>\n\n<div style=\"font-size:clamp(14px, 0.875rem + ((1vw - 3.2px) * 0.156), 16px); margin-top:var(--wp--preset--spacing--30);margin-bottom:var(--wp--preset--spacing--30);\" class=\"is-figtree is-light is-secondary wp-block-post-excerpt\"><p class=\"wp-block-post-excerpt__excerpt\">Entretenez le jardin, plantez de la joie et participez \u00e0 quelque chose de beau. <\/p><\/div><\/div>\n<\/div>\n\n<\/li><\/ul><\/div>\n\n\n\n<div style=\"height:0px\" aria-hidden=\"true\" class=\"wp-block-spacer\"><\/div>","protected":false},"excerpt":{"rendered":"<p>Plantez votre soutien<\/p>","protected":false},"author":1,"featured_media":4807,"parent":0,"menu_order":0,"comment_status":"closed","ping_status":"closed","template":"","meta":{"_eb_attr":"","inline_featured_image":false,"footnotes":""},"class_list":["post-158","page","type-page","status-publish","has-post-thumbnail","hentry"],"yoast_head":"<!-- This site is optimized with the Yoast SEO plugin v27.1.1 - https:\/\/yoast.com\/product\/yoast-seo-wordpress\/ -->\n<title>Support - Mounts Botanical Garden of Palm Beach County<\/title>\n<meta name=\"description\" content=\"Support - Mounts Botanical Garden of Palm Beach County\" \/>\n<meta name=\"robots\" content=\"index, follow, max-snippet:-1, max-image-preview:large, max-video-preview:-1\" \/>\n<link rel=\"canonical\" href=\"https:\/\/www.mounts.org\/fr\/soutien\/\" \/>\n<meta property=\"og:locale\" content=\"fr_FR\" \/>\n<meta property=\"og:type\" content=\"article\" \/>\n<meta property=\"og:title\" content=\"Support - Mounts Botanical Garden of Palm Beach County\" \/>\n<meta property=\"og:description\" content=\"Support - Mounts Botanical Garden of Palm Beach County\" \/>\n<meta property=\"og:url\" content=\"https:\/\/www.mounts.org\/fr\/soutien\/\" \/>\n<meta property=\"og:site_name\" content=\"Mounts Botanical Garden of Palm Beach County\" \/>\n<meta property=\"article:publisher\" content=\"https:\/\/www.facebook.com\/MountsBotanicalGarden\/\" \/>\n<meta property=\"article:modified_time\" content=\"2026-02-04T01:40:26+00:00\" \/>\n<meta property=\"og:image\" content=\"https:\/\/mounts-botanical-gardens.nyc3.cdn.digitaloceanspaces.com\/dev\/2026\/02\/1.jpg\" \/>\n\t<meta property=\"og:image:width\" content=\"1024\" \/>\n\t<meta property=\"og:image:height\" content=\"307\" \/>\n\t<meta property=\"og:image:type\" content=\"image\/jpeg\" \/>\n<meta name=\"twitter:card\" content=\"summary_large_image\" \/>\n<meta name=\"twitter:label1\" content=\"Est. reading time\" \/>\n\t<meta name=\"twitter:data1\" content=\"1 minute\" \/>\n<script type=\"application\/ld+json\" class=\"yoast-schema-graph\">{\"@context\":\"https:\/\/schema.org\",\"@graph\":[{\"@type\":\"WebPage\",\"@id\":\"https:\/\/www.mounts.org\/fr\/soutien\/\",\"url\":\"https:\/\/www.mounts.org\/fr\/soutien\/\",\"name\":\"Support - Mounts Botanical Garden of Palm Beach County\",\"isPartOf\":{\"@id\":\"https:\/\/www.mounts.org\/fr\/#website\"},\"primaryImageOfPage\":{\"@id\":\"https:\/\/www.mounts.org\/fr\/soutien\/#primaryimage\"},\"image\":{\"@id\":\"https:\/\/www.mounts.org\/fr\/soutien\/#primaryimage\"},\"thumbnailUrl\":\"https:\/\/mounts-botanical-gardens.nyc3.cdn.digitaloceanspaces.com\/dev\/2026\/02\/1.jpg\",\"datePublished\":\"2025-09-09T12:23:59+00:00\",\"dateModified\":\"2026-02-04T01:40:26+00:00\",\"description\":\"Support - Mounts Botanical Garden of Palm Beach County\",\"breadcrumb\":{\"@id\":\"https:\/\/www.mounts.org\/fr\/soutien\/#breadcrumb\"},\"inLanguage\":\"fr-FR\",\"potentialAction\":[{\"@type\":\"ReadAction\",\"target\":[\"https:\/\/www.mounts.org\/fr\/soutien\/\"]}]},{\"@type\":\"ImageObject\",\"inLanguage\":\"fr-FR\",\"@id\":\"https:\/\/www.mounts.org\/fr\/soutien\/#primaryimage\",\"url\":\"https:\/\/mounts-botanical-gardens.nyc3.cdn.digitaloceanspaces.com\/dev\/2026\/02\/1.jpg\",\"contentUrl\":\"https:\/\/mounts-botanical-gardens.nyc3.cdn.digitaloceanspaces.com\/dev\/2026\/02\/1.jpg\",\"width\":1024,\"height\":307},{\"@type\":\"BreadcrumbList\",\"@id\":\"https:\/\/www.mounts.org\/fr\/soutien\/#breadcrumb\",\"itemListElement\":[{\"@type\":\"ListItem\",\"position\":1,\"name\":\"Home\",\"item\":\"https:\/\/www.mounts.org\/fr\/\"},{\"@type\":\"ListItem\",\"position\":2,\"name\":\"Support\"}]},{\"@type\":\"WebSite\",\"@id\":\"https:\/\/www.mounts.org\/fr\/#website\",\"url\":\"https:\/\/www.mounts.org\/fr\/\",\"name\":\"Mounts Botanical Garden of Palm Beach County\",\"description\":\"Welcome to your Garden\",\"publisher\":{\"@id\":\"https:\/\/www.mounts.org\/fr\/#organization\"},\"alternateName\":\"Mounts Botanical Garden\",\"potentialAction\":[{\"@type\":\"SearchAction\",\"target\":{\"@type\":\"EntryPoint\",\"urlTemplate\":\"https:\/\/www.mounts.org\/fr\/?s={search_term_string}\"},\"query-input\":{\"@type\":\"PropertyValueSpecification\",\"valueRequired\":true,\"valueName\":\"search_term_string\"}}],\"inLanguage\":\"fr-FR\"},{\"@type\":\"Organization\",\"@id\":\"https:\/\/www.mounts.org\/fr\/#organization\",\"name\":\"Mounts Botanical Garden of Palm Beach County\",\"url\":\"https:\/\/www.mounts.org\/fr\/\",\"logo\":{\"@type\":\"ImageObject\",\"inLanguage\":\"fr-FR\",\"@id\":\"https:\/\/www.mounts.org\/fr\/#\/schema\/logo\/image\/\",\"url\":\"https:\/\/mounts-botanical-gardens.nyc3.cdn.digitaloceanspaces.com\/dev\/2025\/11\/15180613\/Group-27.svg\",\"contentUrl\":\"https:\/\/mounts-botanical-gardens.nyc3.cdn.digitaloceanspaces.com\/dev\/2025\/11\/15180613\/Group-27.svg\",\"width\":85,\"height\":63,\"caption\":\"Mounts Botanical Garden of Palm Beach County\"},\"image\":{\"@id\":\"https:\/\/www.mounts.org\/fr\/#\/schema\/logo\/image\/\"},\"sameAs\":[\"https:\/\/www.facebook.com\/MountsBotanicalGarden\/\",\"https:\/\/www.instagram.com\/mountsbotanicalgarden\",\"https:\/\/www.youtube.com\/@mountsbotanicalgardenwpb\"]}]}<\/script>\n<!-- \/ Yoast SEO plugin. -->","yoast_head_json":{"title":"Soutien - Jardin botanique des monts du comt\u00e9 de Palm Beach","description":"Soutien - Jardin botanique des monts du comt\u00e9 de Palm Beach","robots":{"index":"index","follow":"follow","max-snippet":"max-snippet:-1","max-image-preview":"max-image-preview:large","max-video-preview":"max-video-preview:-1"},"canonical":"https:\/\/www.mounts.org\/fr\/soutien\/","og_locale":"fr_FR","og_type":"article","og_title":"Support - Mounts Botanical Garden of Palm Beach County","og_description":"Support - Mounts Botanical Garden of Palm Beach County","og_url":"https:\/\/www.mounts.org\/fr\/soutien\/","og_site_name":"Mounts Botanical Garden of Palm Beach County","article_publisher":"https:\/\/www.facebook.com\/MountsBotanicalGarden\/","article_modified_time":"2026-02-04T01:40:26+00:00","og_image":[{"width":1024,"height":307,"url":"https:\/\/mounts-botanical-gardens.nyc3.cdn.digitaloceanspaces.com\/dev\/2026\/02\/1.jpg","type":"image\/jpeg"}],"twitter_card":"summary_large_image","twitter_misc":{"Est. reading time":"1 minute"},"schema":{"@context":"https:\/\/schema.org","@graph":[{"@type":"WebPage","@id":"https:\/\/www.mounts.org\/fr\/soutien\/","url":"https:\/\/www.mounts.org\/fr\/soutien\/","name":"Soutien - Jardin botanique des monts du comt\u00e9 de Palm Beach","isPartOf":{"@id":"https:\/\/www.mounts.org\/fr\/#website"},"primaryImageOfPage":{"@id":"https:\/\/www.mounts.org\/fr\/soutien\/#primaryimage"},"image":{"@id":"https:\/\/www.mounts.org\/fr\/soutien\/#primaryimage"},"thumbnailUrl":"https:\/\/mounts-botanical-gardens.nyc3.cdn.digitaloceanspaces.com\/dev\/2026\/02\/1.jpg","datePublished":"2025-09-09T12:23:59+00:00","dateModified":"2026-02-04T01:40:26+00:00","description":"Soutien - Jardin botanique des monts du comt\u00e9 de Palm Beach","breadcrumb":{"@id":"https:\/\/www.mounts.org\/fr\/soutien\/#breadcrumb"},"inLanguage":"fr-FR","potentialAction":[{"@type":"ReadAction","target":["https:\/\/www.mounts.org\/fr\/soutien\/"]}]},{"@type":"ImageObject","inLanguage":"fr-FR","@id":"https:\/\/www.mounts.org\/fr\/soutien\/#primaryimage","url":"https:\/\/mounts-botanical-gardens.nyc3.cdn.digitaloceanspaces.com\/dev\/2026\/02\/1.jpg","contentUrl":"https:\/\/mounts-botanical-gardens.nyc3.cdn.digitaloceanspaces.com\/dev\/2026\/02\/1.jpg","width":1024,"height":307},{"@type":"BreadcrumbList","@id":"https:\/\/www.mounts.org\/fr\/soutien\/#breadcrumb","itemListElement":[{"@type":"ListItem","position":1,"name":"Home","item":"https:\/\/www.mounts.org\/fr\/"},{"@type":"ListItem","position":2,"name":"Support"}]},{"@type":"WebSite","@id":"https:\/\/www.mounts.org\/fr\/#website","url":"https:\/\/www.mounts.org\/fr\/","name":"Jardin botanique des monts du comt\u00e9 de Palm Beach","description":"Bienvenue dans votre jardin","publisher":{"@id":"https:\/\/www.mounts.org\/fr\/#organization"},"alternateName":"Mounts Botanical Garden","potentialAction":[{"@type":"SearchAction","target":{"@type":"EntryPoint","urlTemplate":"https:\/\/www.mounts.org\/fr\/?s={search_term_string}"},"query-input":{"@type":"PropertyValueSpecification","valueRequired":true,"valueName":"search_term_string"}}],"inLanguage":"fr-FR"},{"@type":"Organization","@id":"https:\/\/www.mounts.org\/fr\/#organization","name":"Jardin botanique des monts du comt\u00e9 de Palm Beach","url":"https:\/\/www.mounts.org\/fr\/","logo":{"@type":"ImageObject","inLanguage":"fr-FR","@id":"https:\/\/www.mounts.org\/fr\/#\/schema\/logo\/image\/","url":"https:\/\/mounts-botanical-gardens.nyc3.cdn.digitaloceanspaces.com\/dev\/2025\/11\/15180613\/Group-27.svg","contentUrl":"https:\/\/mounts-botanical-gardens.nyc3.cdn.digitaloceanspaces.com\/dev\/2025\/11\/15180613\/Group-27.svg","width":85,"height":63,"caption":"Mounts Botanical Garden of Palm Beach County"},"image":{"@id":"https:\/\/www.mounts.org\/fr\/#\/schema\/logo\/image\/"},"sameAs":["https:\/\/www.facebook.com\/MountsBotanicalGarden\/","https:\/\/www.instagram.com\/mountsbotanicalgarden","https:\/\/www.youtube.com\/@mountsbotanicalgardenwpb"]}]}},"pbg_featured_image_src":{"full":["https:\/\/mounts-botanical-gardens.nyc3.cdn.digitaloceanspaces.com\/dev\/2026\/02\/1.jpg",1024,307,false],"thumbnail":["https:\/\/mounts-botanical-gardens.nyc3.cdn.digitaloceanspaces.com\/dev\/2026\/02\/1-400x300.jpg",400,300,true],"medium":["https:\/\/mounts-botanical-gardens.nyc3.cdn.digitaloceanspaces.com\/dev\/2026\/02\/1.jpg",1024,307,false],"medium_large":["https:\/\/mounts-botanical-gardens.nyc3.cdn.digitaloceanspaces.com\/dev\/2026\/02\/1-768x230.jpg",768,230,true],"large":["https:\/\/mounts-botanical-gardens.nyc3.cdn.digitaloceanspaces.com\/dev\/2026\/02\/1.jpg",1024,307,false],"thumblist":["https:\/\/mounts-botanical-gardens.nyc3.cdn.digitaloceanspaces.com\/dev\/2026\/02\/1-300x300.jpg",300,300,true],"thumbrelated":["https:\/\/mounts-botanical-gardens.nyc3.cdn.digitaloceanspaces.com\/dev\/2026\/02\/1-500x307.jpg",500,307,true],"meccarouselthumb":["https:\/\/mounts-botanical-gardens.nyc3.cdn.digitaloceanspaces.com\/dev\/2026\/02\/1-474x307.jpg",474,307,true],"gridsquare":["https:\/\/mounts-botanical-gardens.nyc3.cdn.digitaloceanspaces.com\/dev\/2026\/02\/1-391x260.jpg",391,260,true],"tileview":["https:\/\/mounts-botanical-gardens.nyc3.cdn.digitaloceanspaces.com\/dev\/2026\/02\/1-300x307.jpg",300,307,true],"1536x1536":["https:\/\/mounts-botanical-gardens.nyc3.cdn.digitaloceanspaces.com\/dev\/2026\/02\/1.jpg",1024,307,false],"2048x2048":["https:\/\/mounts-botanical-gardens.nyc3.cdn.digitaloceanspaces.com\/dev\/2026\/02\/1.jpg",1024,307,false],"trp-custom-language-flag":["https:\/\/mounts-botanical-gardens.nyc3.cdn.digitaloceanspaces.com\/dev\/2026\/02\/1-18x5.jpg",18,5,true],"gform-image-choice-sm":["https:\/\/mounts-botanical-gardens.nyc3.cdn.digitaloceanspaces.com\/dev\/2026\/02\/1.jpg",300,90,false],"gform-image-choice-md":["https:\/\/mounts-botanical-gardens.nyc3.cdn.digitaloceanspaces.com\/dev\/2026\/02\/1.jpg",400,120,false],"gform-image-choice-lg":["https:\/\/mounts-botanical-gardens.nyc3.cdn.digitaloceanspaces.com\/dev\/2026\/02\/1.jpg",600,180,false]},"pbg_author_info":{"display_name":"jworkman","author_link":"https:\/\/www.mounts.org\/fr\/author\/jworkman\/","author_img":"<img alt='jworkman' src='https:\/\/secure.gravatar.com\/avatar\/d681782f7ee2dc727aa4c819f3cffffe83d747ec1de3b219878d6e178e409fac?s=128&#038;d=mm&#038;r=g' srcset='https:\/\/secure.gravatar.com\/avatar\/d681782f7ee2dc727aa4c819f3cffffe83d747ec1de3b219878d6e178e409fac?s=256&#038;d=mm&#038;r=g 2x' class='avatar avatar-128 photo' height='128' width='128' loading='lazy' decoding='async'\/>"},"pbg_comment_info":" No Comments","pbg_excerpt":"Plant your support","_links":{"self":[{"href":"https:\/\/www.mounts.org\/fr\/wp-json\/wp\/v2\/pages\/158","targetHints":{"allow":["GET"]}}],"collection":[{"href":"https:\/\/www.mounts.org\/fr\/wp-json\/wp\/v2\/pages"}],"about":[{"href":"https:\/\/www.mounts.org\/fr\/wp-json\/wp\/v2\/types\/page"}],"author":[{"embeddable":true,"href":"https:\/\/www.mounts.org\/fr\/wp-json\/wp\/v2\/users\/1"}],"replies":[{"embeddable":true,"href":"https:\/\/www.mounts.org\/fr\/wp-json\/wp\/v2\/comments?post=158"}],"version-history":[{"count":17,"href":"https:\/\/www.mounts.org\/fr\/wp-json\/wp\/v2\/pages\/158\/revisions"}],"predecessor-version":[{"id":4916,"href":"https:\/\/www.mounts.org\/fr\/wp-json\/wp\/v2\/pages\/158\/revisions\/4916"}],"wp:featuredmedia":[{"embeddable":true,"href":"https:\/\/www.mounts.org\/fr\/wp-json\/wp\/v2\/media\/4807"}],"wp:attachment":[{"href":"https:\/\/www.mounts.org\/fr\/wp-json\/wp\/v2\/media?parent=158"}],"curies":[{"name":"wp","href":"https:\/\/api.w.org\/{rel}","templated":true}]}}