{"id":1614,"date":"2025-11-19T20:39:50","date_gmt":"2025-11-19T20:39:50","guid":{"rendered":"https:\/\/www.mounts.org\/?page_id=1614"},"modified":"2026-03-09T15:40:19","modified_gmt":"2026-03-09T15:40:19","slug":"mariages-evenements-prives","status":"publish","type":"page","link":"https:\/\/www.mounts.org\/fr\/visiter\/mariages-evenements-prives\/","title":{"rendered":"Weddings &#038; Private Events"},"content":{"rendered":"<div class=\"wp-block-group alignfull is-layout-constrained wp-container-core-group-is-layout-be5c63a1 wp-block-group-is-layout-constrained has-background\" style=\"min-height:200px;padding-top:20vh;padding-bottom:20vh;background-image:url(&apos;https:\/\/mounts-botanical-gardens.nyc3.cdn.digitaloceanspaces.com\/dev\/2025\/12\/IMG_0736-1-min.jpg&apos;);background-position:50% 50%;background-size:cover;\">\n<h1 class=\"wp-block-heading has-text-align-center has-white-color has-text-color has-link-color has-mansalva-font-family wp-elements-a409130aefcb73ec2b7f4cc1a3db5dce\" style=\"font-size:clamp(37.821px, 2.364rem + ((1vw - 3.2px) * 2.514), 70px);line-height:0.9\">Mariages et \u00e9v\u00e9nements priv\u00e9s<\/h1>\n<\/div>\n\n\n\n<div class=\"wp-block-media-text has-media-on-the-right is-stacked-on-mobile mounts-media-text ltr is-padded-mobile\"><div class=\"wp-block-media-text__content\">\n<h2 class=\"wp-block-heading has-earthy-color has-text-color has-link-color wp-elements-cf6de795a4c109d812adf8e2ade51dc3\">Mariages<\/h2>\n\n\n\n<p>Plantez votre bonheur dans l'un de nos jardins uniques.<\/p>\n\n\n\n<ul class=\"wp-block-list\">\n<li>Gazebo - Un jardin intime avec une all\u00e9e centrale flanqu\u00e9e de deux places assises avec des bordures florales.<\/li>\n\n\n\n<li>Grande pelouse - Une pelouse ouverte entour\u00e9e d'arbres en face du jardin des papillons avec le lac Orth en arri\u00e8re-plan. &nbsp;<\/li>\n\n\n\n<li>Jardin arc-en-ciel - Une pelouse ouverte pr\u00e8s du pont menant \u00e0 l'\u00eele Shade, avec des fleurs, des plantes et des arbres color\u00e9s.<\/li>\n\n\n\n<li class=\"has-earthy-color has-text-color has-link-color wp-elements-e87bc363f646fadde1ff16891e8e15b6\">Schedule a site tour: <a href=\"mailto:mountsinfo@pbc.gov\" target=\"_blank\" rel=\"noreferrer noopener\"><\/a><a href=\"mailto:mountsweddings@pbcgov.org\" target=\"_blank\" rel=\"noreferrer noopener\"><\/a><a href=\"mailto:mountsinfo@pbc.gov\" target=\"_blank\" rel=\"noreferrer noopener\">mountsinfo@pbc.gov<\/a> or 561.233.1757<\/li>\n<\/ul>\n<\/div><figure class=\"wp-block-media-text__media\"><img loading=\"lazy\" decoding=\"async\" width=\"1009\" height=\"1024\" src=\"https:\/\/mounts-botanical-gardens.nyc3.cdn.digitaloceanspaces.com\/dev\/2025\/11\/Laurent-Emily-Botanical-Close-up-1-min-1009x1024.jpeg\" alt=\"fleur de pr\u00e8s\" class=\"wp-image-1617 size-full\" srcset=\"https:\/\/mounts-botanical-gardens.nyc3.cdn.digitaloceanspaces.com\/dev\/2025\/11\/Laurent-Emily-Botanical-Close-up-1-min-1009x1024.jpeg 1009w, https:\/\/mounts-botanical-gardens.nyc3.cdn.digitaloceanspaces.com\/dev\/2025\/11\/Laurent-Emily-Botanical-Close-up-1-min-757x768.jpeg 757w, https:\/\/mounts-botanical-gardens.nyc3.cdn.digitaloceanspaces.com\/dev\/2025\/11\/Laurent-Emily-Botanical-Close-up-1-min-768x779.jpeg 768w, https:\/\/mounts-botanical-gardens.nyc3.cdn.digitaloceanspaces.com\/dev\/2025\/11\/Laurent-Emily-Botanical-Close-up-1-min-1514x1536.jpeg 1514w, https:\/\/mounts-botanical-gardens.nyc3.cdn.digitaloceanspaces.com\/dev\/2025\/11\/Laurent-Emily-Botanical-Close-up-1-min-2019x2048.jpeg 2019w, https:\/\/mounts-botanical-gardens.nyc3.cdn.digitaloceanspaces.com\/dev\/2025\/11\/Laurent-Emily-Botanical-Close-up-1-min-12x12.jpeg 12w\" sizes=\"auto, (max-width: 1009px) 100vw, 1009px\" \/><\/figure><\/div>\n\n\n\n<div class=\"wp-block-media-text is-stacked-on-mobile mounts-media-text rtl is-padded-mobile\"><figure class=\"wp-block-media-text__media\"><img loading=\"lazy\" decoding=\"async\" width=\"1269\" height=\"924\" src=\"https:\/\/mounts-botanical-gardens.nyc3.cdn.digitaloceanspaces.com\/dev\/2025\/11\/IMG_7004-min-1-1.jpg\" alt=\"personnes mangeant dans le jardin\" class=\"wp-image-1616 size-full\" srcset=\"https:\/\/mounts-botanical-gardens.nyc3.cdn.digitaloceanspaces.com\/dev\/2025\/11\/IMG_7004-min-1-1.jpg 1269w, https:\/\/mounts-botanical-gardens.nyc3.cdn.digitaloceanspaces.com\/dev\/2025\/11\/IMG_7004-min-1-1-1024x746.jpg 1024w, https:\/\/mounts-botanical-gardens.nyc3.cdn.digitaloceanspaces.com\/dev\/2025\/11\/IMG_7004-min-1-1-768x559.jpg 768w, https:\/\/mounts-botanical-gardens.nyc3.cdn.digitaloceanspaces.com\/dev\/2025\/11\/IMG_7004-min-1-1-16x12.jpg 16w\" sizes=\"auto, (max-width: 1269px) 100vw, 1269px\" \/><\/figure><div class=\"wp-block-media-text__content\">\n<h2 class=\"wp-block-heading has-earthy-color has-text-color has-link-color wp-elements-1e4eed385b9f67df99dcc4c0eed20074\">Donnez du piquant \u00e0 vos c\u00e9l\u00e9brations<\/h2>\n\n\n\n<p>Laissez-nous vous aider \u00e0 organiser votre prochain \u00e9v\u00e9nement dans le jardin. Prenez contact avec notre organisateur d'\u00e9v\u00e9nements d\u00e8s aujourd'hui.<\/p>\n\n\n<\/div><\/div>\n\n\n\n<div class=\"wp-block-group alignfull has-white-color has-text-color has-link-color has-figtree-font-family has-small-font-size wp-elements-57dc6ac3ba2ad6a3e5a0b5df50b86b6a is-layout-constrained wp-container-core-group-is-layout-4cccd036 wp-block-group-is-layout-constrained\" style=\"border-radius:31px;padding-top:var(--wp--preset--spacing--60);padding-right:var(--wp--preset--spacing--50);padding-bottom:var(--wp--preset--spacing--60);padding-left:var(--wp--preset--spacing--50)\">\n<div class=\"wp-block-group has-white-color has-white-background-color has-text-color has-background has-link-color wp-elements-6a0828c71ed62751dc2b12c2bf165813 is-vertical is-content-justification-stretch is-nowrap is-layout-flex wp-container-core-group-is-layout-d8eda1cf wp-block-group-is-layout-flex\" style=\"border-radius:31px;padding-top:var(--wp--preset--spacing--60);padding-right:var(--wp--preset--spacing--50);padding-bottom:var(--wp--preset--spacing--60);padding-left:var(--wp--preset--spacing--50)\">\n<h2 class=\"wp-block-heading has-text-align-center has-earthy-color has-text-color has-link-color has-figtree-font-family wp-elements-513a6d1df53e7ede60daec1724b41819\" style=\"font-size:clamp(25.984px, 1.624rem + ((1vw - 3.2px) * 1.408), 44px);font-style:normal;font-weight:400;line-height:1\">Pr\u00eat \u00e0 r\u00e9server votre \u00e9v\u00e9nement de jardinage ?<\/h2>\n\n\n\n<p class=\"has-text-align-center has-earthy-color has-text-color has-link-color wp-elements-3f541ebbe96b79ebfdf58a1f346efe81\">Plantez les graines de votre \u00e9v\u00e9nement inoubliable et faites une visite guid\u00e9e de nos lieux et espaces.<br><br>Courriel <a href=\"mailto:mountsinfo@pbc.gov\" target=\"_blank\" rel=\"noreferrer noopener\"><a href=\"mailto:mountsweddings@pbcgov.org\" target=\"_blank\" rel=\"noreferrer noopener\"><a href=\"mailto:mountsinfo@pbc.gov\" target=\"_blank\" rel=\"noreferrer noopener\">mountsinfo@pbc.gov<\/a><\/a><\/a> ou appelez le 561.233.1757 pour prendre rendez-vous.\u00a0<br>Rendez-vous disponibles du lundi au vendredi, de 8h \u00e0 15h.<\/p>\n<\/div>\n<\/div>","protected":false},"excerpt":{"rendered":"<p>Weddings &amp; Private Events Ready to book your garden event? Plant the seeds for your unforgettable event and take a tour of our venues and spaces. Email mountsinfo@pbc.gov or call 561.233.1757 to schedule a visit.\u00a0Appointments available Monday \u2013 Friday, 8am \u2013 3pm.<\/p>","protected":false},"author":1,"featured_media":1616,"parent":152,"menu_order":0,"comment_status":"closed","ping_status":"closed","template":"","meta":{"_eb_attr":"","inline_featured_image":false,"footnotes":""},"class_list":["post-1614","page","type-page","status-publish","has-post-thumbnail","hentry"],"yoast_head":"<!-- This site is optimized with the Yoast SEO plugin v27.1.1 - https:\/\/yoast.com\/product\/yoast-seo-wordpress\/ -->\n<title>Weddings &amp; Private Events - Mounts Botanical Garden of Palm Beach County<\/title>\n<meta name=\"description\" content=\"Weddings &amp; Private Events - Mounts Botanical Garden of Palm Beach County\" \/>\n<meta name=\"robots\" content=\"index, follow, max-snippet:-1, max-image-preview:large, max-video-preview:-1\" \/>\n<link rel=\"canonical\" href=\"https:\/\/www.mounts.org\/fr\/visiter\/mariages-evenements-prives\/\" \/>\n<meta property=\"og:locale\" content=\"fr_FR\" \/>\n<meta property=\"og:type\" content=\"article\" \/>\n<meta property=\"og:title\" content=\"Weddings &amp; Private Events - Mounts Botanical Garden of Palm Beach County\" \/>\n<meta property=\"og:description\" content=\"Weddings &amp; Private Events - Mounts Botanical Garden of Palm Beach County\" \/>\n<meta property=\"og:url\" content=\"https:\/\/www.mounts.org\/fr\/visiter\/mariages-evenements-prives\/\" \/>\n<meta property=\"og:site_name\" content=\"Mounts Botanical Garden of Palm Beach County\" \/>\n<meta property=\"article:publisher\" content=\"https:\/\/www.facebook.com\/MountsBotanicalGarden\/\" \/>\n<meta property=\"article:modified_time\" content=\"2026-03-09T15:40:19+00:00\" \/>\n<meta property=\"og:image\" content=\"https:\/\/mounts-botanical-gardens.nyc3.cdn.digitaloceanspaces.com\/dev\/2025\/11\/IMG_7004-min-1-1.jpg\" \/>\n\t<meta property=\"og:image:width\" content=\"1269\" \/>\n\t<meta property=\"og:image:height\" content=\"924\" \/>\n\t<meta property=\"og:image:type\" content=\"image\/jpeg\" \/>\n<meta name=\"twitter:card\" content=\"summary_large_image\" \/>\n<meta name=\"twitter:label1\" content=\"Est. reading time\" \/>\n\t<meta name=\"twitter:data1\" content=\"2 minutes\" \/>\n<script type=\"application\/ld+json\" class=\"yoast-schema-graph\">{\"@context\":\"https:\/\/schema.org\",\"@graph\":[{\"@type\":\"WebPage\",\"@id\":\"https:\/\/www.mounts.org\/fr\/visiter\/mariages-evenements-prives\/\",\"url\":\"https:\/\/www.mounts.org\/fr\/visiter\/mariages-evenements-prives\/\",\"name\":\"Weddings & Private Events - Mounts Botanical Garden of Palm Beach County\",\"isPartOf\":{\"@id\":\"https:\/\/www.mounts.org\/fr\/#website\"},\"primaryImageOfPage\":{\"@id\":\"https:\/\/www.mounts.org\/fr\/visiter\/mariages-evenements-prives\/#primaryimage\"},\"image\":{\"@id\":\"https:\/\/www.mounts.org\/fr\/visiter\/mariages-evenements-prives\/#primaryimage\"},\"thumbnailUrl\":\"https:\/\/mounts-botanical-gardens.nyc3.cdn.digitaloceanspaces.com\/dev\/2025\/11\/IMG_7004-min-1-1.jpg\",\"datePublished\":\"2025-11-19T20:39:50+00:00\",\"dateModified\":\"2026-03-09T15:40:19+00:00\",\"description\":\"Weddings & Private Events - Mounts Botanical Garden of Palm Beach County\",\"breadcrumb\":{\"@id\":\"https:\/\/www.mounts.org\/fr\/visiter\/mariages-evenements-prives\/#breadcrumb\"},\"inLanguage\":\"fr-FR\",\"potentialAction\":[{\"@type\":\"ReadAction\",\"target\":[\"https:\/\/www.mounts.org\/fr\/visiter\/mariages-evenements-prives\/\"]}]},{\"@type\":\"ImageObject\",\"inLanguage\":\"fr-FR\",\"@id\":\"https:\/\/www.mounts.org\/fr\/visiter\/mariages-evenements-prives\/#primaryimage\",\"url\":\"https:\/\/mounts-botanical-gardens.nyc3.cdn.digitaloceanspaces.com\/dev\/2025\/11\/IMG_7004-min-1-1.jpg\",\"contentUrl\":\"https:\/\/mounts-botanical-gardens.nyc3.cdn.digitaloceanspaces.com\/dev\/2025\/11\/IMG_7004-min-1-1.jpg\",\"width\":1269,\"height\":924,\"caption\":\"people eating in garden\"},{\"@type\":\"BreadcrumbList\",\"@id\":\"https:\/\/www.mounts.org\/fr\/visiter\/mariages-evenements-prives\/#breadcrumb\",\"itemListElement\":[{\"@type\":\"ListItem\",\"position\":1,\"name\":\"Home\",\"item\":\"https:\/\/www.mounts.org\/fr\/\"},{\"@type\":\"ListItem\",\"position\":2,\"name\":\"Weddings &#038; Private Events\"}]},{\"@type\":\"WebSite\",\"@id\":\"https:\/\/www.mounts.org\/fr\/#website\",\"url\":\"https:\/\/www.mounts.org\/fr\/\",\"name\":\"Mounts Botanical Garden of Palm Beach County\",\"description\":\"Welcome to your Garden\",\"publisher\":{\"@id\":\"https:\/\/www.mounts.org\/fr\/#organization\"},\"alternateName\":\"Mounts Botanical Garden\",\"potentialAction\":[{\"@type\":\"SearchAction\",\"target\":{\"@type\":\"EntryPoint\",\"urlTemplate\":\"https:\/\/www.mounts.org\/fr\/?s={search_term_string}\"},\"query-input\":{\"@type\":\"PropertyValueSpecification\",\"valueRequired\":true,\"valueName\":\"search_term_string\"}}],\"inLanguage\":\"fr-FR\"},{\"@type\":\"Organization\",\"@id\":\"https:\/\/www.mounts.org\/fr\/#organization\",\"name\":\"Mounts Botanical Garden of Palm Beach County\",\"url\":\"https:\/\/www.mounts.org\/fr\/\",\"logo\":{\"@type\":\"ImageObject\",\"inLanguage\":\"fr-FR\",\"@id\":\"https:\/\/www.mounts.org\/fr\/#\/schema\/logo\/image\/\",\"url\":\"https:\/\/mounts-botanical-gardens.nyc3.cdn.digitaloceanspaces.com\/dev\/2025\/11\/15180613\/Group-27.svg\",\"contentUrl\":\"https:\/\/mounts-botanical-gardens.nyc3.cdn.digitaloceanspaces.com\/dev\/2025\/11\/15180613\/Group-27.svg\",\"width\":85,\"height\":63,\"caption\":\"Mounts Botanical Garden of Palm Beach County\"},\"image\":{\"@id\":\"https:\/\/www.mounts.org\/fr\/#\/schema\/logo\/image\/\"},\"sameAs\":[\"https:\/\/www.facebook.com\/MountsBotanicalGarden\/\",\"https:\/\/www.instagram.com\/mountsbotanicalgarden\",\"https:\/\/www.youtube.com\/@mountsbotanicalgardenwpb\"]}]}<\/script>\n<!-- \/ Yoast SEO plugin. -->","yoast_head_json":{"title":"Mariages et \u00e9v\u00e9nements priv\u00e9s - Mounts Botanical Garden of Palm Beach County","description":"Mariages et \u00e9v\u00e9nements priv\u00e9s - Mounts Botanical Garden of Palm Beach County","robots":{"index":"index","follow":"follow","max-snippet":"max-snippet:-1","max-image-preview":"max-image-preview:large","max-video-preview":"max-video-preview:-1"},"canonical":"https:\/\/www.mounts.org\/fr\/visiter\/mariages-evenements-prives\/","og_locale":"fr_FR","og_type":"article","og_title":"Weddings & Private Events - Mounts Botanical Garden of Palm Beach County","og_description":"Weddings & Private Events - Mounts Botanical Garden of Palm Beach County","og_url":"https:\/\/www.mounts.org\/fr\/visiter\/mariages-evenements-prives\/","og_site_name":"Mounts Botanical Garden of Palm Beach County","article_publisher":"https:\/\/www.facebook.com\/MountsBotanicalGarden\/","article_modified_time":"2026-03-09T15:40:19+00:00","og_image":[{"width":1269,"height":924,"url":"https:\/\/mounts-botanical-gardens.nyc3.cdn.digitaloceanspaces.com\/dev\/2025\/11\/IMG_7004-min-1-1.jpg","type":"image\/jpeg"}],"twitter_card":"summary_large_image","twitter_misc":{"Est. reading time":"2 minutes"},"schema":{"@context":"https:\/\/schema.org","@graph":[{"@type":"WebPage","@id":"https:\/\/www.mounts.org\/fr\/visiter\/mariages-evenements-prives\/","url":"https:\/\/www.mounts.org\/fr\/visiter\/mariages-evenements-prives\/","name":"Mariages et \u00e9v\u00e9nements priv\u00e9s - Mounts Botanical Garden of Palm Beach County","isPartOf":{"@id":"https:\/\/www.mounts.org\/fr\/#website"},"primaryImageOfPage":{"@id":"https:\/\/www.mounts.org\/fr\/visiter\/mariages-evenements-prives\/#primaryimage"},"image":{"@id":"https:\/\/www.mounts.org\/fr\/visiter\/mariages-evenements-prives\/#primaryimage"},"thumbnailUrl":"https:\/\/mounts-botanical-gardens.nyc3.cdn.digitaloceanspaces.com\/dev\/2025\/11\/IMG_7004-min-1-1.jpg","datePublished":"2025-11-19T20:39:50+00:00","dateModified":"2026-03-09T15:40:19+00:00","description":"Mariages et \u00e9v\u00e9nements priv\u00e9s - Mounts Botanical Garden of Palm Beach County","breadcrumb":{"@id":"https:\/\/www.mounts.org\/fr\/visiter\/mariages-evenements-prives\/#breadcrumb"},"inLanguage":"fr-FR","potentialAction":[{"@type":"ReadAction","target":["https:\/\/www.mounts.org\/fr\/visiter\/mariages-evenements-prives\/"]}]},{"@type":"ImageObject","inLanguage":"fr-FR","@id":"https:\/\/www.mounts.org\/fr\/visiter\/mariages-evenements-prives\/#primaryimage","url":"https:\/\/mounts-botanical-gardens.nyc3.cdn.digitaloceanspaces.com\/dev\/2025\/11\/IMG_7004-min-1-1.jpg","contentUrl":"https:\/\/mounts-botanical-gardens.nyc3.cdn.digitaloceanspaces.com\/dev\/2025\/11\/IMG_7004-min-1-1.jpg","width":1269,"height":924,"caption":"people eating in garden"},{"@type":"BreadcrumbList","@id":"https:\/\/www.mounts.org\/fr\/visiter\/mariages-evenements-prives\/#breadcrumb","itemListElement":[{"@type":"ListItem","position":1,"name":"Home","item":"https:\/\/www.mounts.org\/fr\/"},{"@type":"ListItem","position":2,"name":"Weddings &#038; Private Events"}]},{"@type":"WebSite","@id":"https:\/\/www.mounts.org\/fr\/#website","url":"https:\/\/www.mounts.org\/fr\/","name":"Jardin botanique des monts du comt\u00e9 de Palm Beach","description":"Bienvenue dans votre jardin","publisher":{"@id":"https:\/\/www.mounts.org\/fr\/#organization"},"alternateName":"Mounts Botanical Garden","potentialAction":[{"@type":"SearchAction","target":{"@type":"EntryPoint","urlTemplate":"https:\/\/www.mounts.org\/fr\/?s={search_term_string}"},"query-input":{"@type":"PropertyValueSpecification","valueRequired":true,"valueName":"search_term_string"}}],"inLanguage":"fr-FR"},{"@type":"Organization","@id":"https:\/\/www.mounts.org\/fr\/#organization","name":"Jardin botanique des monts du comt\u00e9 de Palm Beach","url":"https:\/\/www.mounts.org\/fr\/","logo":{"@type":"ImageObject","inLanguage":"fr-FR","@id":"https:\/\/www.mounts.org\/fr\/#\/schema\/logo\/image\/","url":"https:\/\/mounts-botanical-gardens.nyc3.cdn.digitaloceanspaces.com\/dev\/2025\/11\/15180613\/Group-27.svg","contentUrl":"https:\/\/mounts-botanical-gardens.nyc3.cdn.digitaloceanspaces.com\/dev\/2025\/11\/15180613\/Group-27.svg","width":85,"height":63,"caption":"Mounts Botanical Garden of Palm Beach County"},"image":{"@id":"https:\/\/www.mounts.org\/fr\/#\/schema\/logo\/image\/"},"sameAs":["https:\/\/www.facebook.com\/MountsBotanicalGarden\/","https:\/\/www.instagram.com\/mountsbotanicalgarden","https:\/\/www.youtube.com\/@mountsbotanicalgardenwpb"]}]}},"pbg_featured_image_src":{"full":["https:\/\/mounts-botanical-gardens.nyc3.cdn.digitaloceanspaces.com\/dev\/2025\/11\/IMG_7004-min-1-1.jpg",1269,924,false],"thumbnail":["https:\/\/mounts-botanical-gardens.nyc3.cdn.digitaloceanspaces.com\/dev\/2025\/11\/IMG_7004-min-1-1-400x300.jpg",400,300,true],"medium":["https:\/\/mounts-botanical-gardens.nyc3.cdn.digitaloceanspaces.com\/dev\/2025\/11\/IMG_7004-min-1-1-1024x746.jpg",1024,746,true],"medium_large":["https:\/\/mounts-botanical-gardens.nyc3.cdn.digitaloceanspaces.com\/dev\/2025\/11\/IMG_7004-min-1-1-768x559.jpg",768,559,true],"large":["https:\/\/mounts-botanical-gardens.nyc3.cdn.digitaloceanspaces.com\/dev\/2025\/11\/IMG_7004-min-1-1.jpg",1269,924,false],"thumblist":["https:\/\/mounts-botanical-gardens.nyc3.cdn.digitaloceanspaces.com\/dev\/2025\/11\/IMG_7004-min-1-1-300x300.jpg",300,300,true],"thumbrelated":["https:\/\/mounts-botanical-gardens.nyc3.cdn.digitaloceanspaces.com\/dev\/2025\/11\/IMG_7004-min-1-1-500x500.jpg",500,500,true],"meccarouselthumb":["https:\/\/mounts-botanical-gardens.nyc3.cdn.digitaloceanspaces.com\/dev\/2025\/11\/IMG_7004-min-1-1-474x324.jpg",474,324,true],"gridsquare":["https:\/\/mounts-botanical-gardens.nyc3.cdn.digitaloceanspaces.com\/dev\/2025\/11\/IMG_7004-min-1-1-391x260.jpg",391,260,true],"tileview":["https:\/\/mounts-botanical-gardens.nyc3.cdn.digitaloceanspaces.com\/dev\/2025\/11\/IMG_7004-min-1-1-300x400.jpg",300,400,true],"1536x1536":["https:\/\/mounts-botanical-gardens.nyc3.cdn.digitaloceanspaces.com\/dev\/2025\/11\/IMG_7004-min-1-1.jpg",1269,924,false],"2048x2048":["https:\/\/mounts-botanical-gardens.nyc3.cdn.digitaloceanspaces.com\/dev\/2025\/11\/IMG_7004-min-1-1.jpg",1269,924,false],"trp-custom-language-flag":["https:\/\/mounts-botanical-gardens.nyc3.cdn.digitaloceanspaces.com\/dev\/2025\/11\/IMG_7004-min-1-1-16x12.jpg",16,12,true],"gform-image-choice-sm":["https:\/\/mounts-botanical-gardens.nyc3.cdn.digitaloceanspaces.com\/dev\/2025\/11\/IMG_7004-min-1-1.jpg",300,218,false],"gform-image-choice-md":["https:\/\/mounts-botanical-gardens.nyc3.cdn.digitaloceanspaces.com\/dev\/2025\/11\/IMG_7004-min-1-1.jpg",400,291,false],"gform-image-choice-lg":["https:\/\/mounts-botanical-gardens.nyc3.cdn.digitaloceanspaces.com\/dev\/2025\/11\/IMG_7004-min-1-1.jpg",600,437,false]},"pbg_author_info":{"display_name":"jworkman","author_link":"https:\/\/www.mounts.org\/fr\/author\/jworkman\/","author_img":"<img alt='jworkman' src='https:\/\/secure.gravatar.com\/avatar\/d681782f7ee2dc727aa4c819f3cffffe83d747ec1de3b219878d6e178e409fac?s=128&#038;d=mm&#038;r=g' srcset='https:\/\/secure.gravatar.com\/avatar\/d681782f7ee2dc727aa4c819f3cffffe83d747ec1de3b219878d6e178e409fac?s=256&#038;d=mm&#038;r=g 2x' class='avatar avatar-128 photo' height='128' width='128' loading='lazy' decoding='async'\/>"},"pbg_comment_info":" No Comments","pbg_excerpt":"Weddings &amp; Private Events Ready to book your garden event? Plant the seeds for your unforgettable event and take a tour of our venues and spaces. Email mountsinfo@pbc.gov or call 561.233.1757 to schedule a visit.\u00a0Appointments available Monday \u2013 Friday, 8am \u2013 3pm.","_links":{"self":[{"href":"https:\/\/www.mounts.org\/fr\/wp-json\/wp\/v2\/pages\/1614","targetHints":{"allow":["GET"]}}],"collection":[{"href":"https:\/\/www.mounts.org\/fr\/wp-json\/wp\/v2\/pages"}],"about":[{"href":"https:\/\/www.mounts.org\/fr\/wp-json\/wp\/v2\/types\/page"}],"author":[{"embeddable":true,"href":"https:\/\/www.mounts.org\/fr\/wp-json\/wp\/v2\/users\/1"}],"replies":[{"embeddable":true,"href":"https:\/\/www.mounts.org\/fr\/wp-json\/wp\/v2\/comments?post=1614"}],"version-history":[{"count":24,"href":"https:\/\/www.mounts.org\/fr\/wp-json\/wp\/v2\/pages\/1614\/revisions"}],"predecessor-version":[{"id":5030,"href":"https:\/\/www.mounts.org\/fr\/wp-json\/wp\/v2\/pages\/1614\/revisions\/5030"}],"up":[{"embeddable":true,"href":"https:\/\/www.mounts.org\/fr\/wp-json\/wp\/v2\/pages\/152"}],"wp:featuredmedia":[{"embeddable":true,"href":"https:\/\/www.mounts.org\/fr\/wp-json\/wp\/v2\/media\/1616"}],"wp:attachment":[{"href":"https:\/\/www.mounts.org\/fr\/wp-json\/wp\/v2\/media?parent=1614"}],"curies":[{"name":"wp","href":"https:\/\/api.w.org\/{rel}","templated":true}]}}