{"id":1645,"date":"2025-11-19T22:00:24","date_gmt":"2025-11-19T22:00:24","guid":{"rendered":"https:\/\/www.mounts.org\/?page_id=1645"},"modified":"2026-03-23T12:51:12","modified_gmt":"2026-03-23T12:51:12","slug":"prises-de-vue","status":"publish","type":"page","link":"https:\/\/www.mounts.org\/fr\/prises-de-vue\/","title":{"rendered":"S\u00e9ances photos"},"content":{"rendered":"<div class=\"wp-block-group alignfull is-layout-constrained wp-container-core-group-is-layout-b7a69357 wp-block-group-is-layout-constrained has-background\" style=\"min-height:200px;padding-top:25vh;padding-bottom:25vh;background-image:url(&apos;https:\/\/mounts-botanical-gardens.nyc3.cdn.digitaloceanspaces.com\/dev\/2026\/01\/Photo-Shoots-scaled.jpg&apos;);background-position:50% 50%;background-size:cover;\">\n<h1 class=\"wp-block-heading has-text-align-center has-white-color has-text-color has-link-color has-mansalva-font-family wp-elements-a60a9f5b2761c240700096e11d2b4f61\" style=\"font-size:clamp(37.821px, 2.364rem + ((1vw - 3.2px) * 2.514), 70px);\">La nature \u00e0 l'honneur<\/h1>\n<\/div>\n\n\n\n<div class=\"wp-block-media-text has-media-on-the-right is-stacked-on-mobile mounts-media-text ltr is-padded-mobile\"><div class=\"wp-block-media-text__content\">\n<h2 class=\"wp-block-heading has-earthy-color has-text-color has-link-color wp-elements-695657cb1ff37a81d7721e98ab34830c\">S\u00e9ances photos<\/h2>\n\n\n\n<p>Au Jardin botanique du Mont, chaque visite est une image parfaite. Qu'il s'agisse de photos de famille, de fian\u00e7ailles, de Quincea\u00f1era ou de mariage, le jardin est une toile vivante pour vos souvenirs.<\/p>\n\n\n\n<p>Pricing: $250 (includes up to 3 adults and photographer; $25 per each additional guest). Advance reservation required.<\/p>\n\n\n\n<p>Please Note: Drones are prohibited from the Mounts Botanical Garden property.<\/p>\n<\/div><figure class=\"wp-block-media-text__media\"><img loading=\"lazy\" decoding=\"async\" width=\"1395\" height=\"1024\" src=\"https:\/\/mounts-botanical-gardens.nyc3.cdn.digitaloceanspaces.com\/dev\/2025\/11\/Laurent-Emily-Animal-Life-min-1395x1024.jpg\" alt=\"vie animale\" class=\"wp-image-1648 size-full\" srcset=\"https:\/\/mounts-botanical-gardens.nyc3.cdn.digitaloceanspaces.com\/dev\/2025\/11\/Laurent-Emily-Animal-Life-min-1395x1024.jpg 1395w, https:\/\/mounts-botanical-gardens.nyc3.cdn.digitaloceanspaces.com\/dev\/2025\/11\/Laurent-Emily-Animal-Life-min-1024x752.jpg 1024w, https:\/\/mounts-botanical-gardens.nyc3.cdn.digitaloceanspaces.com\/dev\/2025\/11\/Laurent-Emily-Animal-Life-min-768x564.jpg 768w, https:\/\/mounts-botanical-gardens.nyc3.cdn.digitaloceanspaces.com\/dev\/2025\/11\/Laurent-Emily-Animal-Life-min-1536x1128.jpg 1536w, https:\/\/mounts-botanical-gardens.nyc3.cdn.digitaloceanspaces.com\/dev\/2025\/11\/Laurent-Emily-Animal-Life-min-2048x1503.jpg 2048w, https:\/\/mounts-botanical-gardens.nyc3.cdn.digitaloceanspaces.com\/dev\/2025\/11\/Laurent-Emily-Animal-Life-min-16x12.jpg 16w\" sizes=\"auto, (max-width: 1395px) 100vw, 1395px\" \/><\/figure><\/div>\n\n\n\n<div class=\"wp-block-media-text is-stacked-on-mobile mounts-media-text rtl is-padded-mobile\"><figure class=\"wp-block-media-text__media\"><img loading=\"lazy\" decoding=\"async\" width=\"969\" height=\"940\" src=\"https:\/\/mounts-botanical-gardens.nyc3.cdn.digitaloceanspaces.com\/dev\/2025\/11\/People-in-the-Garden-Deena-Vore.jpg\" alt=\"enfant dans le jardin\" class=\"wp-image-1650 size-full\" srcset=\"https:\/\/mounts-botanical-gardens.nyc3.cdn.digitaloceanspaces.com\/dev\/2025\/11\/People-in-the-Garden-Deena-Vore.jpg 969w, https:\/\/mounts-botanical-gardens.nyc3.cdn.digitaloceanspaces.com\/dev\/2025\/11\/People-in-the-Garden-Deena-Vore-792x768.jpg 792w, https:\/\/mounts-botanical-gardens.nyc3.cdn.digitaloceanspaces.com\/dev\/2025\/11\/People-in-the-Garden-Deena-Vore-768x745.jpg 768w, https:\/\/mounts-botanical-gardens.nyc3.cdn.digitaloceanspaces.com\/dev\/2025\/11\/People-in-the-Garden-Deena-Vore-12x12.jpg 12w\" sizes=\"auto, (max-width: 969px) 100vw, 969px\" \/><\/figure><div class=\"wp-block-media-text__content\">\n<h2 class=\"wp-block-heading has-earthy-color has-text-color has-link-color wp-elements-b356d7b79dd6848387657837630ecab0\"><br>Donnez vie \u00e0 vos photos<\/h2>\n\n\n\n<p>Saisissez les moments qui fleurissent autour de vous dans le jardin et partagez vos clich\u00e9s pr\u00e9f\u00e9r\u00e9s avec nous en utilisant #MountsBotanicalGarden.<\/p>\n<\/div><\/div>\n\n\n\n<div class=\"wp-block-media-text has-media-on-the-right is-stacked-on-mobile mounts-media-text ltr is-padded-mobile\"><div class=\"wp-block-media-text__content\">\n<h2 class=\"wp-block-heading has-earthy-color has-text-color has-link-color wp-elements-48959fae5a4a0a98eac2a5a78d1f25b2\">S\u00e9ances de photos commerciales<\/h2>\n\n\n\n<p>Vous souhaitez utiliser le jardin comme toile de fond pour une s\u00e9ance photo professionnelle, mise en sc\u00e8ne ou commerciale ? Contactez-nous pour conna\u00eetre les disponibilit\u00e9s et obtenir plus de d\u00e9tails.<\/p>\n<\/div><figure class=\"wp-block-media-text__media\"><img loading=\"lazy\" decoding=\"async\" width=\"631\" height=\"631\" src=\"https:\/\/mounts-botanical-gardens.nyc3.cdn.digitaloceanspaces.com\/dev\/2025\/11\/imgi_11_MCO-A9_05502-16.9-scaled-2-1-min.jpg\" alt=\"S\u00e9ance photo commerciale\" class=\"wp-image-1651 size-full\" srcset=\"https:\/\/mounts-botanical-gardens.nyc3.cdn.digitaloceanspaces.com\/dev\/2025\/11\/imgi_11_MCO-A9_05502-16.9-scaled-2-1-min.jpg 631w, https:\/\/mounts-botanical-gardens.nyc3.cdn.digitaloceanspaces.com\/dev\/2025\/11\/imgi_11_MCO-A9_05502-16.9-scaled-2-1-min-300x300.jpg 300w, https:\/\/mounts-botanical-gardens.nyc3.cdn.digitaloceanspaces.com\/dev\/2025\/11\/imgi_11_MCO-A9_05502-16.9-scaled-2-1-min-500x500.jpg 500w, https:\/\/mounts-botanical-gardens.nyc3.cdn.digitaloceanspaces.com\/dev\/2025\/11\/imgi_11_MCO-A9_05502-16.9-scaled-2-1-min-12x12.jpg 12w\" sizes=\"auto, (max-width: 631px) 100vw, 631px\" \/><\/figure><\/div>\n\n\n\n<div class=\"wp-block-group has-white-color has-white-background-color has-text-color has-background has-link-color wp-elements-374e670650c915d3f02c1dadbd04fb60 is-vertical is-content-justification-stretch is-nowrap is-layout-flex wp-container-core-group-is-layout-d8eda1cf wp-block-group-is-layout-flex\" style=\"border-radius:31px;padding-top:var(--wp--preset--spacing--60);padding-right:var(--wp--preset--spacing--50);padding-bottom:var(--wp--preset--spacing--60);padding-left:var(--wp--preset--spacing--50)\">\n<h2 class=\"wp-block-heading has-text-align-center has-earthy-color has-text-color has-link-color has-figtree-font-family wp-elements-ba7ebcc1edd6024a0e748010effbbef2\" style=\"font-size:clamp(25.984px, 1.624rem + ((1vw - 3.2px) * 1.408), 44px);font-style:normal;font-weight:400;line-height:1\">Pr\u00eat \u00e0 r\u00e9server votre s\u00e9ance photo dans le jardin ?<\/h2>\n\n\n\n<p class=\"has-text-align-center has-earthy-color has-text-color has-link-color wp-elements-12829998ee82e074043cc3c77c07c2d2\">Laissez votre vision s'\u00e9panouir - d\u00e9couvrez nos espaces de jardin con\u00e7us pour des s\u00e9ances photo \u00e9poustouflantes.<\/p>\n\n\n\n<p class=\"has-text-align-center has-earthy-color has-text-color has-link-color wp-elements-8c010b5d72250250ef9590219cdba87c\">Envoyez un courriel \u00e0 mountsinfo@pbc.gov ou appelez le 561.233.1757.<br><\/p>\n<\/div>","protected":false},"excerpt":{"rendered":"<p>Focus on nature Photo Shoots Every visit is picture-perfect at Mounts Botanical Garden. Whether it\u2019s family, engagement, Quincea\u00f1era or wedding photos, the Garden is a living canvas for your memories. Pricing: $250 (includes up to 3 adults and photographer; $25 per each additional guest). Advance reservation required. Please Note: Drones are prohibited from the Mounts [&hellip;]<\/p>","protected":false},"author":1,"featured_media":4629,"parent":0,"menu_order":0,"comment_status":"closed","ping_status":"closed","template":"","meta":{"_eb_attr":"","inline_featured_image":false,"footnotes":""},"class_list":["post-1645","page","type-page","status-publish","has-post-thumbnail","hentry"],"yoast_head":"<!-- This site is optimized with the Yoast SEO plugin v27.1.1 - https:\/\/yoast.com\/product\/yoast-seo-wordpress\/ -->\n<title>Photo Shoots - Mounts Botanical Garden of Palm Beach County<\/title>\n<meta name=\"description\" content=\"Photo Shoots - Mounts Botanical Garden of Palm Beach County\" \/>\n<meta name=\"robots\" content=\"index, follow, max-snippet:-1, max-image-preview:large, max-video-preview:-1\" \/>\n<link rel=\"canonical\" href=\"https:\/\/www.mounts.org\/fr\/prises-de-vue\/\" \/>\n<meta property=\"og:locale\" content=\"fr_FR\" \/>\n<meta property=\"og:type\" content=\"article\" \/>\n<meta property=\"og:title\" content=\"Photo Shoots - Mounts Botanical Garden of Palm Beach County\" \/>\n<meta property=\"og:description\" content=\"Photo Shoots - Mounts Botanical Garden of Palm Beach County\" \/>\n<meta property=\"og:url\" content=\"https:\/\/www.mounts.org\/fr\/prises-de-vue\/\" \/>\n<meta property=\"og:site_name\" content=\"Mounts Botanical Garden of Palm Beach County\" \/>\n<meta property=\"article:publisher\" content=\"https:\/\/www.facebook.com\/MountsBotanicalGarden\/\" \/>\n<meta property=\"article:modified_time\" content=\"2026-03-23T12:51:12+00:00\" \/>\n<meta property=\"og:image\" content=\"https:\/\/mounts-botanical-gardens.nyc3.cdn.digitaloceanspaces.com\/dev\/2026\/01\/Photo-Shoots-scaled.jpg\" \/>\n\t<meta property=\"og:image:width\" content=\"1920\" \/>\n\t<meta property=\"og:image:height\" content=\"2560\" \/>\n\t<meta property=\"og:image:type\" content=\"image\/jpeg\" \/>\n<meta name=\"twitter:card\" content=\"summary_large_image\" \/>\n<meta name=\"twitter:label1\" content=\"Est. reading time\" \/>\n\t<meta name=\"twitter:data1\" content=\"2 minutes\" \/>\n<script type=\"application\/ld+json\" class=\"yoast-schema-graph\">{\"@context\":\"https:\/\/schema.org\",\"@graph\":[{\"@type\":\"WebPage\",\"@id\":\"https:\/\/www.mounts.org\/fr\/prises-de-vue\/\",\"url\":\"https:\/\/www.mounts.org\/fr\/prises-de-vue\/\",\"name\":\"Photo Shoots - Mounts Botanical Garden of Palm Beach County\",\"isPartOf\":{\"@id\":\"https:\/\/www.mounts.org\/fr\/#website\"},\"primaryImageOfPage\":{\"@id\":\"https:\/\/www.mounts.org\/fr\/prises-de-vue\/#primaryimage\"},\"image\":{\"@id\":\"https:\/\/www.mounts.org\/fr\/prises-de-vue\/#primaryimage\"},\"thumbnailUrl\":\"https:\/\/mounts-botanical-gardens.nyc3.cdn.digitaloceanspaces.com\/dev\/2026\/01\/Photo-Shoots-scaled.jpg\",\"datePublished\":\"2025-11-19T22:00:24+00:00\",\"dateModified\":\"2026-03-23T12:51:12+00:00\",\"description\":\"Photo Shoots - Mounts Botanical Garden of Palm Beach County\",\"breadcrumb\":{\"@id\":\"https:\/\/www.mounts.org\/fr\/prises-de-vue\/#breadcrumb\"},\"inLanguage\":\"fr-FR\",\"potentialAction\":[{\"@type\":\"ReadAction\",\"target\":[\"https:\/\/www.mounts.org\/fr\/prises-de-vue\/\"]}]},{\"@type\":\"ImageObject\",\"inLanguage\":\"fr-FR\",\"@id\":\"https:\/\/www.mounts.org\/fr\/prises-de-vue\/#primaryimage\",\"url\":\"https:\/\/mounts-botanical-gardens.nyc3.cdn.digitaloceanspaces.com\/dev\/2026\/01\/Photo-Shoots-scaled.jpg\",\"contentUrl\":\"https:\/\/mounts-botanical-gardens.nyc3.cdn.digitaloceanspaces.com\/dev\/2026\/01\/Photo-Shoots-scaled.jpg\",\"width\":1920,\"height\":2560},{\"@type\":\"BreadcrumbList\",\"@id\":\"https:\/\/www.mounts.org\/fr\/prises-de-vue\/#breadcrumb\",\"itemListElement\":[{\"@type\":\"ListItem\",\"position\":1,\"name\":\"Home\",\"item\":\"https:\/\/www.mounts.org\/fr\/\"},{\"@type\":\"ListItem\",\"position\":2,\"name\":\"Photo Shoots\"}]},{\"@type\":\"WebSite\",\"@id\":\"https:\/\/www.mounts.org\/fr\/#website\",\"url\":\"https:\/\/www.mounts.org\/fr\/\",\"name\":\"Mounts Botanical Garden of Palm Beach County\",\"description\":\"Welcome to your Garden\",\"publisher\":{\"@id\":\"https:\/\/www.mounts.org\/fr\/#organization\"},\"alternateName\":\"Mounts Botanical Garden\",\"potentialAction\":[{\"@type\":\"SearchAction\",\"target\":{\"@type\":\"EntryPoint\",\"urlTemplate\":\"https:\/\/www.mounts.org\/fr\/?s={search_term_string}\"},\"query-input\":{\"@type\":\"PropertyValueSpecification\",\"valueRequired\":true,\"valueName\":\"search_term_string\"}}],\"inLanguage\":\"fr-FR\"},{\"@type\":\"Organization\",\"@id\":\"https:\/\/www.mounts.org\/fr\/#organization\",\"name\":\"Mounts Botanical Garden of Palm Beach County\",\"url\":\"https:\/\/www.mounts.org\/fr\/\",\"logo\":{\"@type\":\"ImageObject\",\"inLanguage\":\"fr-FR\",\"@id\":\"https:\/\/www.mounts.org\/fr\/#\/schema\/logo\/image\/\",\"url\":\"https:\/\/mounts-botanical-gardens.nyc3.cdn.digitaloceanspaces.com\/dev\/2025\/11\/15180613\/Group-27.svg\",\"contentUrl\":\"https:\/\/mounts-botanical-gardens.nyc3.cdn.digitaloceanspaces.com\/dev\/2025\/11\/15180613\/Group-27.svg\",\"width\":85,\"height\":63,\"caption\":\"Mounts Botanical Garden of Palm Beach County\"},\"image\":{\"@id\":\"https:\/\/www.mounts.org\/fr\/#\/schema\/logo\/image\/\"},\"sameAs\":[\"https:\/\/www.facebook.com\/MountsBotanicalGarden\/\",\"https:\/\/www.instagram.com\/mountsbotanicalgarden\",\"https:\/\/www.youtube.com\/@mountsbotanicalgardenwpb\"]}]}<\/script>\n<!-- \/ Yoast SEO plugin. -->","yoast_head_json":{"title":"S\u00e9ances photos - Jardin botanique des monts du comt\u00e9 de Palm Beach","description":"S\u00e9ances photos - Jardin botanique des monts du comt\u00e9 de Palm Beach","robots":{"index":"index","follow":"follow","max-snippet":"max-snippet:-1","max-image-preview":"max-image-preview:large","max-video-preview":"max-video-preview:-1"},"canonical":"https:\/\/www.mounts.org\/fr\/prises-de-vue\/","og_locale":"fr_FR","og_type":"article","og_title":"Photo Shoots - Mounts Botanical Garden of Palm Beach County","og_description":"Photo Shoots - Mounts Botanical Garden of Palm Beach County","og_url":"https:\/\/www.mounts.org\/fr\/prises-de-vue\/","og_site_name":"Mounts Botanical Garden of Palm Beach County","article_publisher":"https:\/\/www.facebook.com\/MountsBotanicalGarden\/","article_modified_time":"2026-03-23T12:51:12+00:00","og_image":[{"width":1920,"height":2560,"url":"https:\/\/mounts-botanical-gardens.nyc3.cdn.digitaloceanspaces.com\/dev\/2026\/01\/Photo-Shoots-scaled.jpg","type":"image\/jpeg"}],"twitter_card":"summary_large_image","twitter_misc":{"Est. reading time":"2 minutes"},"schema":{"@context":"https:\/\/schema.org","@graph":[{"@type":"WebPage","@id":"https:\/\/www.mounts.org\/fr\/prises-de-vue\/","url":"https:\/\/www.mounts.org\/fr\/prises-de-vue\/","name":"S\u00e9ances photos - Jardin botanique des monts du comt\u00e9 de Palm Beach","isPartOf":{"@id":"https:\/\/www.mounts.org\/fr\/#website"},"primaryImageOfPage":{"@id":"https:\/\/www.mounts.org\/fr\/prises-de-vue\/#primaryimage"},"image":{"@id":"https:\/\/www.mounts.org\/fr\/prises-de-vue\/#primaryimage"},"thumbnailUrl":"https:\/\/mounts-botanical-gardens.nyc3.cdn.digitaloceanspaces.com\/dev\/2026\/01\/Photo-Shoots-scaled.jpg","datePublished":"2025-11-19T22:00:24+00:00","dateModified":"2026-03-23T12:51:12+00:00","description":"S\u00e9ances photos - Jardin botanique des monts du comt\u00e9 de Palm Beach","breadcrumb":{"@id":"https:\/\/www.mounts.org\/fr\/prises-de-vue\/#breadcrumb"},"inLanguage":"fr-FR","potentialAction":[{"@type":"ReadAction","target":["https:\/\/www.mounts.org\/fr\/prises-de-vue\/"]}]},{"@type":"ImageObject","inLanguage":"fr-FR","@id":"https:\/\/www.mounts.org\/fr\/prises-de-vue\/#primaryimage","url":"https:\/\/mounts-botanical-gardens.nyc3.cdn.digitaloceanspaces.com\/dev\/2026\/01\/Photo-Shoots-scaled.jpg","contentUrl":"https:\/\/mounts-botanical-gardens.nyc3.cdn.digitaloceanspaces.com\/dev\/2026\/01\/Photo-Shoots-scaled.jpg","width":1920,"height":2560},{"@type":"BreadcrumbList","@id":"https:\/\/www.mounts.org\/fr\/prises-de-vue\/#breadcrumb","itemListElement":[{"@type":"ListItem","position":1,"name":"Home","item":"https:\/\/www.mounts.org\/fr\/"},{"@type":"ListItem","position":2,"name":"Photo Shoots"}]},{"@type":"WebSite","@id":"https:\/\/www.mounts.org\/fr\/#website","url":"https:\/\/www.mounts.org\/fr\/","name":"Jardin botanique des monts du comt\u00e9 de Palm Beach","description":"Bienvenue dans votre jardin","publisher":{"@id":"https:\/\/www.mounts.org\/fr\/#organization"},"alternateName":"Mounts Botanical Garden","potentialAction":[{"@type":"SearchAction","target":{"@type":"EntryPoint","urlTemplate":"https:\/\/www.mounts.org\/fr\/?s={search_term_string}"},"query-input":{"@type":"PropertyValueSpecification","valueRequired":true,"valueName":"search_term_string"}}],"inLanguage":"fr-FR"},{"@type":"Organization","@id":"https:\/\/www.mounts.org\/fr\/#organization","name":"Jardin botanique des monts du comt\u00e9 de Palm Beach","url":"https:\/\/www.mounts.org\/fr\/","logo":{"@type":"ImageObject","inLanguage":"fr-FR","@id":"https:\/\/www.mounts.org\/fr\/#\/schema\/logo\/image\/","url":"https:\/\/mounts-botanical-gardens.nyc3.cdn.digitaloceanspaces.com\/dev\/2025\/11\/15180613\/Group-27.svg","contentUrl":"https:\/\/mounts-botanical-gardens.nyc3.cdn.digitaloceanspaces.com\/dev\/2025\/11\/15180613\/Group-27.svg","width":85,"height":63,"caption":"Mounts Botanical Garden of Palm Beach County"},"image":{"@id":"https:\/\/www.mounts.org\/fr\/#\/schema\/logo\/image\/"},"sameAs":["https:\/\/www.facebook.com\/MountsBotanicalGarden\/","https:\/\/www.instagram.com\/mountsbotanicalgarden","https:\/\/www.youtube.com\/@mountsbotanicalgardenwpb"]}]}},"pbg_featured_image_src":{"full":["https:\/\/mounts-botanical-gardens.nyc3.cdn.digitaloceanspaces.com\/dev\/2026\/01\/Photo-Shoots-scaled.jpg",1920,2560,false],"thumbnail":["https:\/\/mounts-botanical-gardens.nyc3.cdn.digitaloceanspaces.com\/dev\/2026\/01\/Photo-Shoots-400x300.jpg",400,300,true],"medium":["https:\/\/mounts-botanical-gardens.nyc3.cdn.digitaloceanspaces.com\/dev\/2026\/01\/Photo-Shoots-576x768.jpg",576,768,true],"medium_large":["https:\/\/mounts-botanical-gardens.nyc3.cdn.digitaloceanspaces.com\/dev\/2026\/01\/Photo-Shoots-768x1024.jpg",768,1024,true],"large":["https:\/\/mounts-botanical-gardens.nyc3.cdn.digitaloceanspaces.com\/dev\/2026\/01\/Photo-Shoots-768x1024.jpg",768,1024,true],"thumblist":["https:\/\/mounts-botanical-gardens.nyc3.cdn.digitaloceanspaces.com\/dev\/2026\/01\/Photo-Shoots-300x300.jpg",300,300,true],"thumbrelated":["https:\/\/mounts-botanical-gardens.nyc3.cdn.digitaloceanspaces.com\/dev\/2026\/01\/Photo-Shoots-500x500.jpg",500,500,true],"meccarouselthumb":["https:\/\/mounts-botanical-gardens.nyc3.cdn.digitaloceanspaces.com\/dev\/2026\/01\/Photo-Shoots-474x324.jpg",474,324,true],"gridsquare":["https:\/\/mounts-botanical-gardens.nyc3.cdn.digitaloceanspaces.com\/dev\/2026\/01\/Photo-Shoots-391x260.jpg",391,260,true],"tileview":["https:\/\/mounts-botanical-gardens.nyc3.cdn.digitaloceanspaces.com\/dev\/2026\/01\/Photo-Shoots-300x400.jpg",300,400,true],"1536x1536":["https:\/\/mounts-botanical-gardens.nyc3.cdn.digitaloceanspaces.com\/dev\/2026\/01\/Photo-Shoots-1152x1536.jpg",1152,1536,true],"2048x2048":["https:\/\/mounts-botanical-gardens.nyc3.cdn.digitaloceanspaces.com\/dev\/2026\/01\/Photo-Shoots-1536x2048.jpg",1536,2048,true],"trp-custom-language-flag":["https:\/\/mounts-botanical-gardens.nyc3.cdn.digitaloceanspaces.com\/dev\/2026\/01\/Photo-Shoots-9x12.jpg",9,12,true],"gform-image-choice-sm":["https:\/\/mounts-botanical-gardens.nyc3.cdn.digitaloceanspaces.com\/dev\/2026\/01\/Photo-Shoots-scaled.jpg",225,300,false],"gform-image-choice-md":["https:\/\/mounts-botanical-gardens.nyc3.cdn.digitaloceanspaces.com\/dev\/2026\/01\/Photo-Shoots-scaled.jpg",300,400,false],"gform-image-choice-lg":["https:\/\/mounts-botanical-gardens.nyc3.cdn.digitaloceanspaces.com\/dev\/2026\/01\/Photo-Shoots-scaled.jpg",450,600,false]},"pbg_author_info":{"display_name":"jworkman","author_link":"https:\/\/www.mounts.org\/fr\/author\/jworkman\/","author_img":"<img alt='jworkman' src='https:\/\/secure.gravatar.com\/avatar\/d681782f7ee2dc727aa4c819f3cffffe83d747ec1de3b219878d6e178e409fac?s=128&#038;d=mm&#038;r=g' srcset='https:\/\/secure.gravatar.com\/avatar\/d681782f7ee2dc727aa4c819f3cffffe83d747ec1de3b219878d6e178e409fac?s=256&#038;d=mm&#038;r=g 2x' class='avatar avatar-128 photo' height='128' width='128' loading='lazy' decoding='async'\/>"},"pbg_comment_info":" No Comments","pbg_excerpt":"Focus on nature Photo Shoots Every visit is picture-perfect at Mounts Botanical Garden. Whether it\u2019s family, engagement, Quincea\u00f1era or wedding photos, the Garden is a living canvas for your memories. Pricing: $250 (includes up to 3 adults and photographer; $25 per each additional guest). Advance reservation required. Please Note: Drones are prohibited from the Mounts&hellip;","_links":{"self":[{"href":"https:\/\/www.mounts.org\/fr\/wp-json\/wp\/v2\/pages\/1645","targetHints":{"allow":["GET"]}}],"collection":[{"href":"https:\/\/www.mounts.org\/fr\/wp-json\/wp\/v2\/pages"}],"about":[{"href":"https:\/\/www.mounts.org\/fr\/wp-json\/wp\/v2\/types\/page"}],"author":[{"embeddable":true,"href":"https:\/\/www.mounts.org\/fr\/wp-json\/wp\/v2\/users\/1"}],"replies":[{"embeddable":true,"href":"https:\/\/www.mounts.org\/fr\/wp-json\/wp\/v2\/comments?post=1645"}],"version-history":[{"count":10,"href":"https:\/\/www.mounts.org\/fr\/wp-json\/wp\/v2\/pages\/1645\/revisions"}],"predecessor-version":[{"id":5246,"href":"https:\/\/www.mounts.org\/fr\/wp-json\/wp\/v2\/pages\/1645\/revisions\/5246"}],"wp:featuredmedia":[{"embeddable":true,"href":"https:\/\/www.mounts.org\/fr\/wp-json\/wp\/v2\/media\/4629"}],"wp:attachment":[{"href":"https:\/\/www.mounts.org\/fr\/wp-json\/wp\/v2\/media?parent=1645"}],"curies":[{"name":"wp","href":"https:\/\/api.w.org\/{rel}","templated":true}]}}