{"id":1656,"date":"2025-11-20T01:50:30","date_gmt":"2025-11-20T01:50:30","guid":{"rendered":"https:\/\/www.mounts.org\/?page_id=1656"},"modified":"2026-01-30T20:20:35","modified_gmt":"2026-01-30T20:20:35","slug":"boutique","status":"publish","type":"page","link":"https:\/\/www.mounts.org\/fr\/visiter\/boutique\/","title":{"rendered":"Boutique"},"content":{"rendered":"<div class=\"wp-block-group alignfull is-layout-constrained wp-container-core-group-is-layout-b7a69357 wp-block-group-is-layout-constrained has-background\" style=\"min-height:200px;padding-top:25vh;padding-bottom:25vh;background-image:url(&apos;https:\/\/mounts-botanical-gardens.nyc3.cdn.digitaloceanspaces.com\/dev\/2026\/01\/Shop-Banner-1-scaled.jpg&apos;);background-position:50% 50%;background-size:cover;\">\n<h1 class=\"wp-block-heading has-text-align-center has-white-color has-text-color has-link-color has-mansalva-font-family wp-elements-b814936dbbf66e15cbf64fec3576228c\" style=\"font-size:clamp(37.821px, 2.364rem + ((1vw - 3.2px) * 2.514), 70px);\">Magasiner le jardin<\/h1>\n<\/div>\n\n\n\n<div class=\"wp-block-media-text has-media-on-the-right is-stacked-on-mobile mounts-media-text ltr is-padded-mobile\"><div class=\"wp-block-media-text__content\">\n<h2 class=\"wp-block-heading has-earthy-color has-text-color has-link-color wp-elements-f68ac234f13148ac36bd582818b29629\">La p\u00e9pini\u00e8re<\/h2>\n\n\n\n<p>Nos experts en jardinage cultivent un \u00e9ventail de plantes pour que vous puissiez cultiver votre propre coin de paradis.<\/p>\n\n\n\n<ul class=\"wp-block-list\">\n<li>Indig\u00e8nes de Floride<\/li>\n\n\n\n<li>Couvre-sol<\/li>\n\n\n\n<li>Herbes<\/li>\n\n\n\n<li>Plantes ornementales<\/li>\n\n\n\n<li>Plantes \u00e0 papillons<\/li>\n\n\n\n<li>Plantes d'ombre et plus<\/li>\n<\/ul>\n\n\n\n<p><\/p>\n\n\n\n<p>Ouvert du mardi au dimanche<br>9:00 - 15:30<\/p>\n<\/div><figure class=\"wp-block-media-text__media\"><img loading=\"lazy\" decoding=\"async\" width=\"1200\" height=\"795\" src=\"https:\/\/mounts-botanical-gardens.nyc3.cdn.digitaloceanspaces.com\/dev\/2025\/11\/1-Featured-Image-Nursery_May-2020_web.jpg\" alt=\"cr\u00e8che\" class=\"wp-image-1981 size-full\" srcset=\"https:\/\/mounts-botanical-gardens.nyc3.cdn.digitaloceanspaces.com\/dev\/2025\/11\/1-Featured-Image-Nursery_May-2020_web.jpg 1200w, https:\/\/mounts-botanical-gardens.nyc3.cdn.digitaloceanspaces.com\/dev\/2025\/11\/1-Featured-Image-Nursery_May-2020_web-1024x678.jpg 1024w, https:\/\/mounts-botanical-gardens.nyc3.cdn.digitaloceanspaces.com\/dev\/2025\/11\/1-Featured-Image-Nursery_May-2020_web-768x509.jpg 768w, https:\/\/mounts-botanical-gardens.nyc3.cdn.digitaloceanspaces.com\/dev\/2025\/11\/1-Featured-Image-Nursery_May-2020_web-391x260.jpg 391w, https:\/\/mounts-botanical-gardens.nyc3.cdn.digitaloceanspaces.com\/dev\/2025\/11\/1-Featured-Image-Nursery_May-2020_web-18x12.jpg 18w\" sizes=\"auto, (max-width: 1200px) 100vw, 1200px\" \/><\/figure><\/div>\n\n\n\n<div class=\"wp-block-media-text is-stacked-on-mobile mounts-media-text rtl is-padded-mobile\"><figure class=\"wp-block-media-text__media\"><img loading=\"lazy\" decoding=\"async\" width=\"1365\" height=\"1024\" src=\"https:\/\/mounts-botanical-gardens.nyc3.cdn.digitaloceanspaces.com\/dev\/2025\/11\/IMG_3011-1365x1024.jpg\" alt=\"friperie\" class=\"wp-image-1983 size-full\" srcset=\"https:\/\/mounts-botanical-gardens.nyc3.cdn.digitaloceanspaces.com\/dev\/2025\/11\/IMG_3011-1365x1024.jpg 1365w, https:\/\/mounts-botanical-gardens.nyc3.cdn.digitaloceanspaces.com\/dev\/2025\/11\/IMG_3011-1024x768.jpg 1024w, https:\/\/mounts-botanical-gardens.nyc3.cdn.digitaloceanspaces.com\/dev\/2025\/11\/IMG_3011-400x300.jpg 400w, https:\/\/mounts-botanical-gardens.nyc3.cdn.digitaloceanspaces.com\/dev\/2025\/11\/IMG_3011-768x576.jpg 768w, https:\/\/mounts-botanical-gardens.nyc3.cdn.digitaloceanspaces.com\/dev\/2025\/11\/IMG_3011-16x12.jpg 16w, https:\/\/mounts-botanical-gardens.nyc3.cdn.digitaloceanspaces.com\/dev\/2025\/11\/IMG_3011.jpg 1500w\" sizes=\"auto, (max-width: 1365px) 100vw, 1365px\" \/><\/figure><div class=\"wp-block-media-text__content\">\n<h2 class=\"wp-block-heading has-earthy-color has-text-color has-link-color wp-elements-c651b3dea30c902b684c71306491d054\">Vintage Garden Thrift Shop<\/h2>\n\n\n\n<p>Nouvelle boutique vintage bient\u00f4t disponible !<\/p>\n\n\n\n<p>Trouvez ou donnez des antiquit\u00e9s uniques, des tr\u00e9sors de seconde main et d'autres accessoires de jardin dans la friperie vintage.<\/p>\n\n\n\n<p>Ouvert du mardi au dimanche<br>9:00 - 15:30&nbsp;<\/p>\n<\/div><\/div>\n\n\n\n<div class=\"wp-block-media-text has-media-on-the-right is-stacked-on-mobile mounts-media-text ltr is-padded-mobile\"><div class=\"wp-block-media-text__content\">\n<h2 class=\"wp-block-heading has-earthy-color has-text-color has-link-color wp-elements-eb2351b4a7ecbc0cd2c774a83bd59b44\">Feuille avec un cadeau<\/h2>\n\n\n\n<p>Terminez votre visite du jardin \u00e0 la boutique de souvenirs et rapportez \u00e0 la maison un souvenir botanique pour vous et vos amis.<\/p>\n\n\n\n<ul class=\"wp-block-list\">\n<li>Sacs \u00e0 main<\/li>\n\n\n\n<li>Bijoux<\/li>\n\n\n\n<li>Livres et jouets pour enfants<\/li>\n\n\n\n<li>Cartes de notes<\/li>\n\n\n\n<li>Livres<\/li>\n\n\n\n<li>Accessoires de jardinage et bien plus encore<\/li>\n<\/ul>\n<\/div><figure class=\"wp-block-media-text__media\"><img loading=\"lazy\" decoding=\"async\" width=\"768\" height=\"1024\" src=\"https:\/\/mounts-botanical-gardens.nyc3.cdn.digitaloceanspaces.com\/dev\/2026\/01\/Shop-Leaf-with-a-gift-768x1024.jpg\" alt=\"\" class=\"wp-image-4357 size-full\" srcset=\"https:\/\/mounts-botanical-gardens.nyc3.cdn.digitaloceanspaces.com\/dev\/2026\/01\/Shop-Leaf-with-a-gift-768x1024.jpg 768w, https:\/\/mounts-botanical-gardens.nyc3.cdn.digitaloceanspaces.com\/dev\/2026\/01\/Shop-Leaf-with-a-gift-576x768.jpg 576w, https:\/\/mounts-botanical-gardens.nyc3.cdn.digitaloceanspaces.com\/dev\/2026\/01\/Shop-Leaf-with-a-gift-300x400.jpg 300w, https:\/\/mounts-botanical-gardens.nyc3.cdn.digitaloceanspaces.com\/dev\/2026\/01\/Shop-Leaf-with-a-gift-1152x1536.jpg 1152w, https:\/\/mounts-botanical-gardens.nyc3.cdn.digitaloceanspaces.com\/dev\/2026\/01\/Shop-Leaf-with-a-gift-1536x2048.jpg 1536w, https:\/\/mounts-botanical-gardens.nyc3.cdn.digitaloceanspaces.com\/dev\/2026\/01\/Shop-Leaf-with-a-gift-9x12.jpg 9w, https:\/\/mounts-botanical-gardens.nyc3.cdn.digitaloceanspaces.com\/dev\/2026\/01\/Shop-Leaf-with-a-gift-scaled.jpg 1920w\" sizes=\"auto, (max-width: 768px) 100vw, 768px\" \/><\/figure><\/div>\n\n\n\n<h2 class=\"wp-block-heading has-text-align-center has-earthy-color has-text-color has-link-color wp-elements-cfcb1e2f5b85218b168cd89aebb9e02f\">Questions fr\u00e9quemment pos\u00e9es<\/h2>\n\n\n\n<div class=\"wp-block-premium-accordion premium-accordion premium-accordion-91fe09b30ba0\">\n<div class=\"wp-block-premium-accordion-item premium-accordion-item-462fbdf32c3c premium-accordion__content_wrap\"><div class=\"premium-accordion__title_wrap premium-accordion__ltr premium-accordion__out\"><div class=\"premium-accordion__title\"><h4 class=\"premium-accordion__title_text\">Dois-je payer un droit d'entr\u00e9e pour faire des achats dans la p\u00e9pini\u00e8re ?<\/h4><\/div><div class=\"premium-accordion__icon_wrap\"><svg class=\"premium-accordion__icon\" role=\"img\" focusable=\"false\" xmlns=\"http:\/\/www.w3.org\/2000\/svg\" viewbox=\"0 0 20 20\"><polygon points=\"16.7,3.3 10,10 3.3,3.4 0,6.7 10,16.7 10,16.6 20,6.7 \"><\/polygon><\/svg><\/div><\/div><div class=\"premium-accordion__desc_wrap\"><p class=\"premium-accordion__desc\">Oui, les achats dans notre p\u00e9pini\u00e8re sont inclus dans le prix d'entr\u00e9e. Si vous faites souvent des achats \u00e0 la P\u00e9pini\u00e8re, nous vous recommandons vivement d'envisager une adh\u00e9sion qui comprend l'entr\u00e9e gratuite en journ\u00e9e toute l'ann\u00e9e, y compris \u00e0 la P\u00e9pini\u00e8re. <a href=\"https:\/\/www.mounts.org\/fr\/ladhesion\/\">En savoir plus sur l'adh\u00e9sion<\/a>. <\/p><\/div><\/div>\n\n\n\n<div class=\"wp-block-premium-accordion-item premium-accordion-item-b163c90efa0b premium-accordion__content_wrap\"><div class=\"premium-accordion__title_wrap premium-accordion__ltr premium-accordion__out\"><div class=\"premium-accordion__title\"><h4 class=\"premium-accordion__title_text\">J'ai une question concernant les plantes et la mani\u00e8re de les traiter. Qui puis-je appeler ?<\/h4><\/div><div class=\"premium-accordion__icon_wrap\"><svg class=\"premium-accordion__icon\" role=\"img\" focusable=\"false\" xmlns=\"http:\/\/www.w3.org\/2000\/svg\" viewbox=\"0 0 20 20\"><polygon points=\"16.7,3.3 10,10 3.3,3.4 0,6.7 10,16.7 10,16.6 20,6.7 \"><\/polygon><\/svg><\/div><\/div><div class=\"premium-accordion__desc_wrap\"><p class=\"premium-accordion__desc\">Notre p\u00e9pini\u00e8re dispose d'une \u00e9quipe de professionnels du jardinage qui se tient \u00e0 votre disposition pour r\u00e9pondre \u00e0 vos questions lors de votre visite. Vous pouvez \u00e9galement appeler la ligne d'assistance Master Gardener 561-233-1750 ou envoyer un courriel \u00e0 l'adresse suivante <a href=\"mailto:mastergardener@pbc.gov\">mastergardener@pbc.gov<\/a>.<\/p><\/div><\/div>\n\n\n\n<div class=\"wp-block-premium-accordion-item premium-accordion-item-a47f6cd653b3 premium-accordion__content_wrap\"><div class=\"premium-accordion__title_wrap premium-accordion__ltr premium-accordion__out\"><div class=\"premium-accordion__title\"><h4 class=\"premium-accordion__title_text\">Offrez-vous des ch\u00e8ques-cadeaux ?<\/h4><\/div><div class=\"premium-accordion__icon_wrap\"><svg class=\"premium-accordion__icon\" role=\"img\" focusable=\"false\" xmlns=\"http:\/\/www.w3.org\/2000\/svg\" viewbox=\"0 0 20 20\"><polygon points=\"16.7,3.3 10,10 3.3,3.4 0,6.7 10,16.7 10,16.6 20,6.7 \"><\/polygon><\/svg><\/div><\/div><div class=\"premium-accordion__desc_wrap\"><p class=\"premium-accordion__desc\">Oui, vous pouvez acheter des ch\u00e8ques-cadeaux de diff\u00e9rents montants dans notre Welcome Center.<\/p><\/div><\/div>\n\n\n\n<div class=\"wp-block-premium-accordion-item premium-accordion-item-98a3d1a98dc3 premium-accordion__content_wrap\"><div class=\"premium-accordion__title_wrap premium-accordion__ltr premium-accordion__out\"><div class=\"premium-accordion__title\"><h4 class=\"premium-accordion__title_text\">Est-il possible d'offrir une adh\u00e9sion en cadeau ?<\/h4><\/div><div class=\"premium-accordion__icon_wrap\"><svg class=\"premium-accordion__icon\" role=\"img\" focusable=\"false\" xmlns=\"http:\/\/www.w3.org\/2000\/svg\" viewbox=\"0 0 20 20\"><polygon points=\"16.7,3.3 10,10 3.3,3.4 0,6.7 10,16.7 10,16.6 20,6.7 \"><\/polygon><\/svg><\/div><\/div><div class=\"premium-accordion__desc_wrap\"><p class=\"premium-accordion__desc\">Oui, vous pouvez offrir un abonnement au jardin en cochant la case \"Cet abonnement est un cadeau\" lors de l'achat d'un abonnement en ligne. Pour plus d'informations sur l'adh\u00e9sion, visitez notre site <a href=\"https:\/\/www.mounts.org\/fr\/ladhesion\/\">Page d'adh\u00e9sion<\/a> pour plus d'informations. <\/p><\/div><\/div>\n<\/div>","protected":false},"excerpt":{"rendered":"<p>D\u00e9couvrez des plantes, des accessoires de jardin, des tr\u00e9sors vintage et des souvenirs botaniques \u00e0 la p\u00e9pini\u00e8re, \u00e0 la friperie et \u00e0 la boutique de cadeaux du jardin.<\/p>","protected":false},"author":1,"featured_media":4547,"parent":152,"menu_order":0,"comment_status":"closed","ping_status":"closed","template":"","meta":{"_eb_attr":"","inline_featured_image":false,"footnotes":""},"class_list":["post-1656","page","type-page","status-publish","has-post-thumbnail","hentry"],"yoast_head":"<!-- This site is optimized with the Yoast SEO plugin v27.1.1 - https:\/\/yoast.com\/product\/yoast-seo-wordpress\/ -->\n<title>Shop - Mounts Botanical Garden of Palm Beach County<\/title>\n<meta name=\"description\" content=\"Shop - Mounts Botanical Garden of Palm Beach County\" \/>\n<meta name=\"robots\" content=\"index, follow, max-snippet:-1, max-image-preview:large, max-video-preview:-1\" \/>\n<link rel=\"canonical\" href=\"https:\/\/www.mounts.org\/fr\/visiter\/boutique\/\" \/>\n<meta property=\"og:locale\" content=\"fr_FR\" \/>\n<meta property=\"og:type\" content=\"article\" \/>\n<meta property=\"og:title\" content=\"Shop - Mounts Botanical Garden of Palm Beach County\" \/>\n<meta property=\"og:description\" content=\"Shop - Mounts Botanical Garden of Palm Beach County\" \/>\n<meta property=\"og:url\" content=\"https:\/\/www.mounts.org\/fr\/visiter\/boutique\/\" \/>\n<meta property=\"og:site_name\" content=\"Mounts Botanical Garden of Palm Beach County\" \/>\n<meta property=\"article:publisher\" content=\"https:\/\/www.facebook.com\/MountsBotanicalGarden\/\" \/>\n<meta property=\"article:modified_time\" content=\"2026-01-30T20:20:35+00:00\" \/>\n<meta property=\"og:image\" content=\"https:\/\/mounts-botanical-gardens.nyc3.cdn.digitaloceanspaces.com\/dev\/2026\/01\/Visit-Shop-scaled.jpg\" \/>\n\t<meta property=\"og:image:width\" content=\"1920\" \/>\n\t<meta property=\"og:image:height\" content=\"2560\" \/>\n\t<meta property=\"og:image:type\" content=\"image\/jpeg\" \/>\n<meta name=\"twitter:card\" content=\"summary_large_image\" \/>\n<meta name=\"twitter:label1\" content=\"Est. reading time\" \/>\n\t<meta name=\"twitter:data1\" content=\"2 minutes\" \/>\n<script type=\"application\/ld+json\" class=\"yoast-schema-graph\">{\"@context\":\"https:\/\/schema.org\",\"@graph\":[{\"@type\":\"WebPage\",\"@id\":\"https:\/\/www.mounts.org\/fr\/visiter\/boutique\/\",\"url\":\"https:\/\/www.mounts.org\/fr\/visiter\/boutique\/\",\"name\":\"Shop - Mounts Botanical Garden of Palm Beach County\",\"isPartOf\":{\"@id\":\"https:\/\/www.mounts.org\/fr\/#website\"},\"primaryImageOfPage\":{\"@id\":\"https:\/\/www.mounts.org\/fr\/visiter\/boutique\/#primaryimage\"},\"image\":{\"@id\":\"https:\/\/www.mounts.org\/fr\/visiter\/boutique\/#primaryimage\"},\"thumbnailUrl\":\"https:\/\/mounts-botanical-gardens.nyc3.cdn.digitaloceanspaces.com\/dev\/2026\/01\/Visit-Shop-scaled.jpg\",\"datePublished\":\"2025-11-20T01:50:30+00:00\",\"dateModified\":\"2026-01-30T20:20:35+00:00\",\"description\":\"Shop - Mounts Botanical Garden of Palm Beach County\",\"breadcrumb\":{\"@id\":\"https:\/\/www.mounts.org\/fr\/visiter\/boutique\/#breadcrumb\"},\"inLanguage\":\"fr-FR\",\"potentialAction\":[{\"@type\":\"ReadAction\",\"target\":[\"https:\/\/www.mounts.org\/fr\/visiter\/boutique\/\"]}]},{\"@type\":\"ImageObject\",\"inLanguage\":\"fr-FR\",\"@id\":\"https:\/\/www.mounts.org\/fr\/visiter\/boutique\/#primaryimage\",\"url\":\"https:\/\/mounts-botanical-gardens.nyc3.cdn.digitaloceanspaces.com\/dev\/2026\/01\/Visit-Shop-scaled.jpg\",\"contentUrl\":\"https:\/\/mounts-botanical-gardens.nyc3.cdn.digitaloceanspaces.com\/dev\/2026\/01\/Visit-Shop-scaled.jpg\",\"width\":1920,\"height\":2560},{\"@type\":\"BreadcrumbList\",\"@id\":\"https:\/\/www.mounts.org\/fr\/visiter\/boutique\/#breadcrumb\",\"itemListElement\":[{\"@type\":\"ListItem\",\"position\":1,\"name\":\"Home\",\"item\":\"https:\/\/www.mounts.org\/fr\/\"},{\"@type\":\"ListItem\",\"position\":2,\"name\":\"Shop\"}]},{\"@type\":\"WebSite\",\"@id\":\"https:\/\/www.mounts.org\/fr\/#website\",\"url\":\"https:\/\/www.mounts.org\/fr\/\",\"name\":\"Mounts Botanical Garden of Palm Beach County\",\"description\":\"Welcome to your Garden\",\"publisher\":{\"@id\":\"https:\/\/www.mounts.org\/fr\/#organization\"},\"alternateName\":\"Mounts Botanical Garden\",\"potentialAction\":[{\"@type\":\"SearchAction\",\"target\":{\"@type\":\"EntryPoint\",\"urlTemplate\":\"https:\/\/www.mounts.org\/fr\/?s={search_term_string}\"},\"query-input\":{\"@type\":\"PropertyValueSpecification\",\"valueRequired\":true,\"valueName\":\"search_term_string\"}}],\"inLanguage\":\"fr-FR\"},{\"@type\":\"Organization\",\"@id\":\"https:\/\/www.mounts.org\/fr\/#organization\",\"name\":\"Mounts Botanical Garden of Palm Beach County\",\"url\":\"https:\/\/www.mounts.org\/fr\/\",\"logo\":{\"@type\":\"ImageObject\",\"inLanguage\":\"fr-FR\",\"@id\":\"https:\/\/www.mounts.org\/fr\/#\/schema\/logo\/image\/\",\"url\":\"https:\/\/mounts-botanical-gardens.nyc3.cdn.digitaloceanspaces.com\/dev\/2025\/11\/15180613\/Group-27.svg\",\"contentUrl\":\"https:\/\/mounts-botanical-gardens.nyc3.cdn.digitaloceanspaces.com\/dev\/2025\/11\/15180613\/Group-27.svg\",\"width\":85,\"height\":63,\"caption\":\"Mounts Botanical Garden of Palm Beach County\"},\"image\":{\"@id\":\"https:\/\/www.mounts.org\/fr\/#\/schema\/logo\/image\/\"},\"sameAs\":[\"https:\/\/www.facebook.com\/MountsBotanicalGarden\/\",\"https:\/\/www.instagram.com\/mountsbotanicalgarden\",\"https:\/\/www.youtube.com\/@mountsbotanicalgardenwpb\"]}]}<\/script>\n<!-- \/ Yoast SEO plugin. -->","yoast_head_json":{"title":"Boutique - Jardin botanique des monts du comt\u00e9 de Palm Beach","description":"Boutique - Jardin botanique des monts du comt\u00e9 de Palm Beach","robots":{"index":"index","follow":"follow","max-snippet":"max-snippet:-1","max-image-preview":"max-image-preview:large","max-video-preview":"max-video-preview:-1"},"canonical":"https:\/\/www.mounts.org\/fr\/visiter\/boutique\/","og_locale":"fr_FR","og_type":"article","og_title":"Shop - Mounts Botanical Garden of Palm Beach County","og_description":"Shop - Mounts Botanical Garden of Palm Beach County","og_url":"https:\/\/www.mounts.org\/fr\/visiter\/boutique\/","og_site_name":"Mounts Botanical Garden of Palm Beach County","article_publisher":"https:\/\/www.facebook.com\/MountsBotanicalGarden\/","article_modified_time":"2026-01-30T20:20:35+00:00","og_image":[{"width":1920,"height":2560,"url":"https:\/\/mounts-botanical-gardens.nyc3.cdn.digitaloceanspaces.com\/dev\/2026\/01\/Visit-Shop-scaled.jpg","type":"image\/jpeg"}],"twitter_card":"summary_large_image","twitter_misc":{"Est. reading time":"2 minutes"},"schema":{"@context":"https:\/\/schema.org","@graph":[{"@type":"WebPage","@id":"https:\/\/www.mounts.org\/fr\/visiter\/boutique\/","url":"https:\/\/www.mounts.org\/fr\/visiter\/boutique\/","name":"Boutique - Jardin botanique des monts du comt\u00e9 de Palm Beach","isPartOf":{"@id":"https:\/\/www.mounts.org\/fr\/#website"},"primaryImageOfPage":{"@id":"https:\/\/www.mounts.org\/fr\/visiter\/boutique\/#primaryimage"},"image":{"@id":"https:\/\/www.mounts.org\/fr\/visiter\/boutique\/#primaryimage"},"thumbnailUrl":"https:\/\/mounts-botanical-gardens.nyc3.cdn.digitaloceanspaces.com\/dev\/2026\/01\/Visit-Shop-scaled.jpg","datePublished":"2025-11-20T01:50:30+00:00","dateModified":"2026-01-30T20:20:35+00:00","description":"Boutique - Jardin botanique des monts du comt\u00e9 de Palm Beach","breadcrumb":{"@id":"https:\/\/www.mounts.org\/fr\/visiter\/boutique\/#breadcrumb"},"inLanguage":"fr-FR","potentialAction":[{"@type":"ReadAction","target":["https:\/\/www.mounts.org\/fr\/visiter\/boutique\/"]}]},{"@type":"ImageObject","inLanguage":"fr-FR","@id":"https:\/\/www.mounts.org\/fr\/visiter\/boutique\/#primaryimage","url":"https:\/\/mounts-botanical-gardens.nyc3.cdn.digitaloceanspaces.com\/dev\/2026\/01\/Visit-Shop-scaled.jpg","contentUrl":"https:\/\/mounts-botanical-gardens.nyc3.cdn.digitaloceanspaces.com\/dev\/2026\/01\/Visit-Shop-scaled.jpg","width":1920,"height":2560},{"@type":"BreadcrumbList","@id":"https:\/\/www.mounts.org\/fr\/visiter\/boutique\/#breadcrumb","itemListElement":[{"@type":"ListItem","position":1,"name":"Home","item":"https:\/\/www.mounts.org\/fr\/"},{"@type":"ListItem","position":2,"name":"Shop"}]},{"@type":"WebSite","@id":"https:\/\/www.mounts.org\/fr\/#website","url":"https:\/\/www.mounts.org\/fr\/","name":"Jardin botanique des monts du comt\u00e9 de Palm Beach","description":"Bienvenue dans votre jardin","publisher":{"@id":"https:\/\/www.mounts.org\/fr\/#organization"},"alternateName":"Mounts Botanical Garden","potentialAction":[{"@type":"SearchAction","target":{"@type":"EntryPoint","urlTemplate":"https:\/\/www.mounts.org\/fr\/?s={search_term_string}"},"query-input":{"@type":"PropertyValueSpecification","valueRequired":true,"valueName":"search_term_string"}}],"inLanguage":"fr-FR"},{"@type":"Organization","@id":"https:\/\/www.mounts.org\/fr\/#organization","name":"Jardin botanique des monts du comt\u00e9 de Palm Beach","url":"https:\/\/www.mounts.org\/fr\/","logo":{"@type":"ImageObject","inLanguage":"fr-FR","@id":"https:\/\/www.mounts.org\/fr\/#\/schema\/logo\/image\/","url":"https:\/\/mounts-botanical-gardens.nyc3.cdn.digitaloceanspaces.com\/dev\/2025\/11\/15180613\/Group-27.svg","contentUrl":"https:\/\/mounts-botanical-gardens.nyc3.cdn.digitaloceanspaces.com\/dev\/2025\/11\/15180613\/Group-27.svg","width":85,"height":63,"caption":"Mounts Botanical Garden of Palm Beach County"},"image":{"@id":"https:\/\/www.mounts.org\/fr\/#\/schema\/logo\/image\/"},"sameAs":["https:\/\/www.facebook.com\/MountsBotanicalGarden\/","https:\/\/www.instagram.com\/mountsbotanicalgarden","https:\/\/www.youtube.com\/@mountsbotanicalgardenwpb"]}]}},"pbg_featured_image_src":{"full":["https:\/\/mounts-botanical-gardens.nyc3.cdn.digitaloceanspaces.com\/dev\/2026\/01\/Visit-Shop-scaled.jpg",1920,2560,false],"thumbnail":["https:\/\/mounts-botanical-gardens.nyc3.cdn.digitaloceanspaces.com\/dev\/2026\/01\/Visit-Shop-400x300.jpg",400,300,true],"medium":["https:\/\/mounts-botanical-gardens.nyc3.cdn.digitaloceanspaces.com\/dev\/2026\/01\/Visit-Shop-576x768.jpg",576,768,true],"medium_large":["https:\/\/mounts-botanical-gardens.nyc3.cdn.digitaloceanspaces.com\/dev\/2026\/01\/Visit-Shop-768x1024.jpg",768,1024,true],"large":["https:\/\/mounts-botanical-gardens.nyc3.cdn.digitaloceanspaces.com\/dev\/2026\/01\/Visit-Shop-768x1024.jpg",768,1024,true],"thumblist":["https:\/\/mounts-botanical-gardens.nyc3.cdn.digitaloceanspaces.com\/dev\/2026\/01\/Visit-Shop-300x300.jpg",300,300,true],"thumbrelated":["https:\/\/mounts-botanical-gardens.nyc3.cdn.digitaloceanspaces.com\/dev\/2026\/01\/Visit-Shop-500x500.jpg",500,500,true],"meccarouselthumb":["https:\/\/mounts-botanical-gardens.nyc3.cdn.digitaloceanspaces.com\/dev\/2026\/01\/Visit-Shop-474x324.jpg",474,324,true],"gridsquare":["https:\/\/mounts-botanical-gardens.nyc3.cdn.digitaloceanspaces.com\/dev\/2026\/01\/Visit-Shop-391x260.jpg",391,260,true],"tileview":["https:\/\/mounts-botanical-gardens.nyc3.cdn.digitaloceanspaces.com\/dev\/2026\/01\/Visit-Shop-300x400.jpg",300,400,true],"1536x1536":["https:\/\/mounts-botanical-gardens.nyc3.cdn.digitaloceanspaces.com\/dev\/2026\/01\/Visit-Shop-1152x1536.jpg",1152,1536,true],"2048x2048":["https:\/\/mounts-botanical-gardens.nyc3.cdn.digitaloceanspaces.com\/dev\/2026\/01\/Visit-Shop-1536x2048.jpg",1536,2048,true],"trp-custom-language-flag":["https:\/\/mounts-botanical-gardens.nyc3.cdn.digitaloceanspaces.com\/dev\/2026\/01\/Visit-Shop-9x12.jpg",9,12,true],"gform-image-choice-sm":["https:\/\/mounts-botanical-gardens.nyc3.cdn.digitaloceanspaces.com\/dev\/2026\/01\/Visit-Shop-scaled.jpg",225,300,false],"gform-image-choice-md":["https:\/\/mounts-botanical-gardens.nyc3.cdn.digitaloceanspaces.com\/dev\/2026\/01\/Visit-Shop-scaled.jpg",300,400,false],"gform-image-choice-lg":["https:\/\/mounts-botanical-gardens.nyc3.cdn.digitaloceanspaces.com\/dev\/2026\/01\/Visit-Shop-scaled.jpg",450,600,false]},"pbg_author_info":{"display_name":"jworkman","author_link":"https:\/\/www.mounts.org\/fr\/author\/jworkman\/","author_img":"<img alt='jworkman' src='https:\/\/secure.gravatar.com\/avatar\/d681782f7ee2dc727aa4c819f3cffffe83d747ec1de3b219878d6e178e409fac?s=128&#038;d=mm&#038;r=g' srcset='https:\/\/secure.gravatar.com\/avatar\/d681782f7ee2dc727aa4c819f3cffffe83d747ec1de3b219878d6e178e409fac?s=256&#038;d=mm&#038;r=g 2x' class='avatar avatar-128 photo' height='128' width='128' loading='lazy' decoding='async'\/>"},"pbg_comment_info":" No Comments","pbg_excerpt":"Discover plants, garden accessories, vintage treasures, and botanical keepsakes at the Garden\u2019s nursery, thrift shop, and gift shop.","_links":{"self":[{"href":"https:\/\/www.mounts.org\/fr\/wp-json\/wp\/v2\/pages\/1656","targetHints":{"allow":["GET"]}}],"collection":[{"href":"https:\/\/www.mounts.org\/fr\/wp-json\/wp\/v2\/pages"}],"about":[{"href":"https:\/\/www.mounts.org\/fr\/wp-json\/wp\/v2\/types\/page"}],"author":[{"embeddable":true,"href":"https:\/\/www.mounts.org\/fr\/wp-json\/wp\/v2\/users\/1"}],"replies":[{"embeddable":true,"href":"https:\/\/www.mounts.org\/fr\/wp-json\/wp\/v2\/comments?post=1656"}],"version-history":[{"count":16,"href":"https:\/\/www.mounts.org\/fr\/wp-json\/wp\/v2\/pages\/1656\/revisions"}],"predecessor-version":[{"id":5278,"href":"https:\/\/www.mounts.org\/fr\/wp-json\/wp\/v2\/pages\/1656\/revisions\/5278"}],"up":[{"embeddable":true,"href":"https:\/\/www.mounts.org\/fr\/wp-json\/wp\/v2\/pages\/152"}],"wp:featuredmedia":[{"embeddable":true,"href":"https:\/\/www.mounts.org\/fr\/wp-json\/wp\/v2\/media\/4547"}],"wp:attachment":[{"href":"https:\/\/www.mounts.org\/fr\/wp-json\/wp\/v2\/media?parent=1656"}],"curies":[{"name":"wp","href":"https:\/\/api.w.org\/{rel}","templated":true}]}}