{"id":1806,"date":"2025-11-20T21:01:53","date_gmt":"2025-11-20T21:01:53","guid":{"rendered":"https:\/\/www.mounts.org\/?page_id=1806"},"modified":"2026-01-30T21:40:20","modified_gmt":"2026-01-30T21:40:20","slug":"donner","status":"publish","type":"page","link":"https:\/\/www.mounts.org\/fr\/soutien\/donner\/","title":{"rendered":"Faire un don"},"content":{"rendered":"<div class=\"wp-block-group alignfull is-layout-constrained wp-container-core-group-is-layout-b7a69357 wp-block-group-is-layout-constrained has-background\" style=\"min-height:200px;padding-top:25vh;padding-bottom:25vh;font-size:clamp(37.821px, 2.364rem + ((1vw - 3.2px) * 2.514), 70px);background-image:url(&apos;https:\/\/mounts-botanical-gardens.nyc3.cdn.digitaloceanspaces.com\/dev\/2026\/01\/IMG_0065-scaled-e1769809047999.jpg&apos;);background-position:50% 50%;background-size:cover;\">\n<h1 class=\"wp-block-heading has-text-align-center has-white-color has-text-color has-link-color has-mansalva-font-family wp-elements-939d4eca8ddaa47b3fff3b6ee279d1d8\" style=\"font-size:clamp(37.821px, 2.364rem + ((1vw - 3.2px) * 2.514), 70px);\">Financer la flore<\/h1>\n<\/div>\n\n\n\n<div class=\"wp-block-media-text has-media-on-the-right is-stacked-on-mobile mounts-media-text ltr is-padded-mobile\"><div class=\"wp-block-media-text__content\">\n<h2 class=\"wp-block-heading has-earthy-color has-text-color has-link-color wp-elements-6f1881d76ed097ff515959c7b204efbd\">Cultiver pour de bon<\/h2>\n\n\n\n<p>Notre mission est d'entretenir des liens significatifs avec la nature par le biais d'exp\u00e9riences immersives et d'offres \u00e9ducatives. Votre soutien permet aux Amis du Jardin Botanique des Monts, l'organisation 501(c)(3) qui r\u00e9alise la mission et la vision du Jardin, de maintenir notre jardin en fleurs, nos programmes en croissance et nos sourires en \u00e9veil.<\/p>\n\n\n\n<p>Le jardin botanique du Mont est un lieu magnifique, une salle de classe vivante et un sanctuaire pour la d\u00e9couverte. Les familles y trouvent de la joie, les \u00e9l\u00e8ves y d\u00e9couvrent de nouvelles choses, les artistes y trouvent de l'inspiration et les scientifiques y acqui\u00e8rent des connaissances - des chemins diff\u00e9rents qui nous ram\u00e8nent tous \u00e0 une appr\u00e9ciation commune de la nature.<\/p>\n\n\n\n<div class=\"wp-block-buttons is-layout-flex wp-block-buttons-is-layout-flex\">\n<div class=\"wp-block-button has-custom-width wp-block-button__width-50 is-style-fill\"><a class=\"wp-block-button__link wp-element-button\" href=\"https:\/\/114251.blackbaudhosting.com\/114251\/Total-Contributions-General-Operating-General-Donation\" target=\"_blank\" rel=\"noreferrer noopener\">Faire un don<\/a><\/div>\n<\/div>\n<\/div><figure class=\"wp-block-media-text__media\"><img loading=\"lazy\" decoding=\"async\" width=\"1440\" height=\"960\" src=\"https:\/\/mounts-botanical-gardens.nyc3.cdn.digitaloceanspaces.com\/dev\/2026\/01\/Youth-Girl-Looking-at-Water-1440x960.jpg\" alt=\"\" class=\"wp-image-4622 size-full\" srcset=\"https:\/\/mounts-botanical-gardens.nyc3.cdn.digitaloceanspaces.com\/dev\/2026\/01\/Youth-Girl-Looking-at-Water-1440x960.jpg 1440w, https:\/\/mounts-botanical-gardens.nyc3.cdn.digitaloceanspaces.com\/dev\/2026\/01\/Youth-Girl-Looking-at-Water-1024x683.jpg 1024w, https:\/\/mounts-botanical-gardens.nyc3.cdn.digitaloceanspaces.com\/dev\/2026\/01\/Youth-Girl-Looking-at-Water-768x512.jpg 768w, https:\/\/mounts-botanical-gardens.nyc3.cdn.digitaloceanspaces.com\/dev\/2026\/01\/Youth-Girl-Looking-at-Water-391x260.jpg 391w, https:\/\/mounts-botanical-gardens.nyc3.cdn.digitaloceanspaces.com\/dev\/2026\/01\/Youth-Girl-Looking-at-Water-1536x1024.jpg 1536w, https:\/\/mounts-botanical-gardens.nyc3.cdn.digitaloceanspaces.com\/dev\/2026\/01\/Youth-Girl-Looking-at-Water-18x12.jpg 18w, https:\/\/mounts-botanical-gardens.nyc3.cdn.digitaloceanspaces.com\/dev\/2026\/01\/Youth-Girl-Looking-at-Water.jpg 1578w\" sizes=\"auto, (max-width: 1440px) 100vw, 1440px\" \/><\/figure><\/div>\n\n\n\n<div class=\"wp-block-media-text is-stacked-on-mobile mounts-media-text rtl is-padded-mobile\"><figure class=\"wp-block-media-text__media\"><img loading=\"lazy\" decoding=\"async\" width=\"768\" height=\"1024\" src=\"https:\/\/mounts-botanical-gardens.nyc3.cdn.digitaloceanspaces.com\/dev\/2026\/01\/Hibiscus-Coccinea-768x1024.jpg\" alt=\"\" class=\"wp-image-4624 size-full\" srcset=\"https:\/\/mounts-botanical-gardens.nyc3.cdn.digitaloceanspaces.com\/dev\/2026\/01\/Hibiscus-Coccinea-768x1024.jpg 768w, https:\/\/mounts-botanical-gardens.nyc3.cdn.digitaloceanspaces.com\/dev\/2026\/01\/Hibiscus-Coccinea-576x768.jpg 576w, https:\/\/mounts-botanical-gardens.nyc3.cdn.digitaloceanspaces.com\/dev\/2026\/01\/Hibiscus-Coccinea-300x400.jpg 300w, https:\/\/mounts-botanical-gardens.nyc3.cdn.digitaloceanspaces.com\/dev\/2026\/01\/Hibiscus-Coccinea-1152x1536.jpg 1152w, https:\/\/mounts-botanical-gardens.nyc3.cdn.digitaloceanspaces.com\/dev\/2026\/01\/Hibiscus-Coccinea-1536x2048.jpg 1536w, https:\/\/mounts-botanical-gardens.nyc3.cdn.digitaloceanspaces.com\/dev\/2026\/01\/Hibiscus-Coccinea-9x12.jpg 9w, https:\/\/mounts-botanical-gardens.nyc3.cdn.digitaloceanspaces.com\/dev\/2026\/01\/Hibiscus-Coccinea-scaled.jpg 1920w\" sizes=\"auto, (max-width: 768px) 100vw, 768px\" \/><\/figure><div class=\"wp-block-media-text__content\">\n<h2 class=\"wp-block-heading has-earthy-color has-text-color has-link-color wp-elements-8b7890f5056e9ea5b06c8a66d63e992f\">Les fruits de votre don.<\/h2>\n\n\n\n<p>Lorsque vous soutenez Mounts, vous ne faites pas qu'un don, vous investissez dans la curiosit\u00e9, la conservation et le pouvoir transformateur de la nature. Votre g\u00e9n\u00e9rosit\u00e9 soutient nos programmes, nourrit nos collections vivantes et fait du jardin un lieu d'apprentissage, de beaut\u00e9 et d'inspiration pour tous les membres de notre communaut\u00e9.<\/p>\n\n\n\n<p>Votre don d\u00e9ductible des imp\u00f4ts soutient directement nos programmes \u00e9ducatifs, nos soins horticoles et nos initiatives d'acc\u00e8s \u00e0 la communaut\u00e9. Votre g\u00e9n\u00e9rosit\u00e9 permet \u00e0 Mounts de prosp\u00e9rer. Chaque don, qu'il soit de $50, $100, $250 ou plus, a un impact significatif.<\/p>\n\n\n\n<div class=\"wp-block-buttons is-layout-flex wp-block-buttons-is-layout-flex\">\n<div class=\"wp-block-button has-custom-width wp-block-button__width-50 is-style-fill\"><a class=\"wp-block-button__link wp-element-button\" href=\"https:\/\/114251.blackbaudhosting.com\/114251\/Total-Contributions-General-Operating-General-Donation\" target=\"_blank\" rel=\"noreferrer noopener\">Faire un don<\/a><\/div>\n<\/div>\n\n\n\n<div style=\"height:25px\" aria-hidden=\"true\" class=\"wp-block-spacer\"><\/div>\n\n\n\n<p>Vous pouvez \u00e9galement envoyer vos ch\u00e8ques \u00e0 l'ordre de Friends of the Mounts Botanical Garden \u00e0 559 N. Military Trail, West Palm Beach, FL 33415.<\/p>\n<\/div><\/div>\n\n\n\n<div style=\"height:16px\" aria-hidden=\"true\" class=\"wp-block-spacer\"><\/div>\n\n\n\n<div class=\"wp-block-group alignfull has-white-color has-text-color has-link-color has-figtree-font-family has-small-font-size wp-elements-e19cfd2ed1de578fe49e1aee5426926b is-layout-constrained wp-container-core-group-is-layout-4cccd036 wp-block-group-is-layout-constrained\" style=\"border-radius:31px;padding-top:var(--wp--preset--spacing--60);padding-right:var(--wp--preset--spacing--50);padding-bottom:var(--wp--preset--spacing--60);padding-left:var(--wp--preset--spacing--50)\">\n<div class=\"wp-block-group has-white-color has-white-background-color has-text-color has-background has-link-color wp-elements-37d2147ffe92158605501f95ffd8684a is-vertical is-content-justification-stretch is-nowrap is-layout-flex wp-container-core-group-is-layout-d8eda1cf wp-block-group-is-layout-flex\" style=\"border-radius:31px;padding-top:var(--wp--preset--spacing--60);padding-right:var(--wp--preset--spacing--50);padding-bottom:var(--wp--preset--spacing--60);padding-left:var(--wp--preset--spacing--50)\">\n<p class=\"has-text-align-center has-earthy-color has-text-color has-link-color has-figtree-font-family wp-elements-b42194594778bc8d1a77aef05314997f\" style=\"font-size:clamp(14px, 0.875rem + ((1vw - 3.2px) * 0.313), 18px);font-style:normal;font-weight:400;letter-spacing:0px;line-height:1.5\">Si vous souhaitez modifier ou annuler votre mode de paiement r\u00e9current, veuillez contacter Rachel Lucas, responsable des programmes d'adh\u00e9sion, au 561.233.1755 ou \u00e0 l'adresse rlucas@pbc.gov.<\/p>\n\n\n\n<p class=\"has-text-align-center has-earthy-color has-text-color has-link-color has-figtree-font-family wp-elements-7426e752e3a78bf45e2c1ccc0682a81d\" style=\"font-size:clamp(14px, 0.875rem + ((1vw - 3.2px) * 0.313), 18px);font-style:normal;font-weight:400;letter-spacing:0px;line-height:1.5\">FRIENDS OF THE MOUNTS BOTANICAL GARDEN, INC. EST UNE ORGANISATION \u00c0 BUT NON LUCRATIF ENREGISTR\u00c9E SOUS LE NUM\u00c9RO #CH9858. UNE COPIE DE L'ENREGISTREMENT OFFICIEL ET DES INFORMATIONS FINANCI\u00c8RES PEUT \u00caTRE OBTENUE AUPR\u00c8S DE LA DIVISION DES SERVICES AUX CONSOMMATEURS EN APPELANT LE NUM\u00c9RO GRATUIT (800-435-7352) DANS L'\u00c9TAT. L'ENREGISTREMENT N'IMPLIQUE PAS L'APPROBATION OU LA RECOMMANDATION DE L'ETAT.<\/p>\n<\/div>\n<\/div>\n\n\n\n<div style=\"height:22px\" aria-hidden=\"true\" class=\"wp-block-spacer\"><\/div>","protected":false},"excerpt":{"rendered":"<p>Votre verdure permet au jardin de se d\u00e9velopper pour les g\u00e9n\u00e9rations \u00e0 venir. Voyez comment votre don peut nous aider.<\/p>","protected":false},"author":1,"featured_media":4709,"parent":158,"menu_order":0,"comment_status":"closed","ping_status":"closed","template":"","meta":{"_eb_attr":"","inline_featured_image":false,"footnotes":""},"class_list":["post-1806","page","type-page","status-publish","has-post-thumbnail","hentry"],"yoast_head":"<!-- This site is optimized with the Yoast SEO plugin v27.1.1 - https:\/\/yoast.com\/product\/yoast-seo-wordpress\/ -->\n<title>Donate - Mounts Botanical Garden of Palm Beach County<\/title>\n<meta name=\"description\" content=\"Donate - Mounts Botanical Garden of Palm Beach County\" \/>\n<meta name=\"robots\" content=\"index, follow, max-snippet:-1, max-image-preview:large, max-video-preview:-1\" \/>\n<link rel=\"canonical\" href=\"https:\/\/www.mounts.org\/fr\/soutien\/donner\/\" \/>\n<meta property=\"og:locale\" content=\"fr_FR\" \/>\n<meta property=\"og:type\" content=\"article\" \/>\n<meta property=\"og:title\" content=\"Donate - Mounts Botanical Garden of Palm Beach County\" \/>\n<meta property=\"og:description\" content=\"Donate - Mounts Botanical Garden of Palm Beach County\" \/>\n<meta property=\"og:url\" content=\"https:\/\/www.mounts.org\/fr\/soutien\/donner\/\" \/>\n<meta property=\"og:site_name\" content=\"Mounts Botanical Garden of Palm Beach County\" \/>\n<meta property=\"article:publisher\" content=\"https:\/\/www.facebook.com\/MountsBotanicalGarden\/\" \/>\n<meta property=\"article:modified_time\" content=\"2026-01-30T21:40:20+00:00\" \/>\n<meta property=\"og:image\" content=\"https:\/\/mounts-botanical-gardens.nyc3.cdn.digitaloceanspaces.com\/dev\/2026\/01\/IMG_0065-scaled-e1769809047999.jpg\" \/>\n\t<meta property=\"og:image:width\" content=\"1920\" \/>\n\t<meta property=\"og:image:height\" content=\"2560\" \/>\n\t<meta property=\"og:image:type\" content=\"image\/jpeg\" \/>\n<meta name=\"twitter:card\" content=\"summary_large_image\" \/>\n<meta name=\"twitter:label1\" content=\"Est. reading time\" \/>\n\t<meta name=\"twitter:data1\" content=\"2 minutes\" \/>\n<script type=\"application\/ld+json\" class=\"yoast-schema-graph\">{\"@context\":\"https:\/\/schema.org\",\"@graph\":[{\"@type\":\"WebPage\",\"@id\":\"https:\/\/www.mounts.org\/fr\/soutien\/donner\/\",\"url\":\"https:\/\/www.mounts.org\/fr\/soutien\/donner\/\",\"name\":\"Donate - Mounts Botanical Garden of Palm Beach County\",\"isPartOf\":{\"@id\":\"https:\/\/www.mounts.org\/fr\/#website\"},\"primaryImageOfPage\":{\"@id\":\"https:\/\/www.mounts.org\/fr\/soutien\/donner\/#primaryimage\"},\"image\":{\"@id\":\"https:\/\/www.mounts.org\/fr\/soutien\/donner\/#primaryimage\"},\"thumbnailUrl\":\"https:\/\/mounts-botanical-gardens.nyc3.cdn.digitaloceanspaces.com\/dev\/2026\/01\/IMG_0065-scaled-e1769809047999.jpg\",\"datePublished\":\"2025-11-20T21:01:53+00:00\",\"dateModified\":\"2026-01-30T21:40:20+00:00\",\"description\":\"Donate - Mounts Botanical Garden of Palm Beach County\",\"breadcrumb\":{\"@id\":\"https:\/\/www.mounts.org\/fr\/soutien\/donner\/#breadcrumb\"},\"inLanguage\":\"fr-FR\",\"potentialAction\":[{\"@type\":\"ReadAction\",\"target\":[\"https:\/\/www.mounts.org\/fr\/soutien\/donner\/\"]}]},{\"@type\":\"ImageObject\",\"inLanguage\":\"fr-FR\",\"@id\":\"https:\/\/www.mounts.org\/fr\/soutien\/donner\/#primaryimage\",\"url\":\"https:\/\/mounts-botanical-gardens.nyc3.cdn.digitaloceanspaces.com\/dev\/2026\/01\/IMG_0065-scaled-e1769809047999.jpg\",\"contentUrl\":\"https:\/\/mounts-botanical-gardens.nyc3.cdn.digitaloceanspaces.com\/dev\/2026\/01\/IMG_0065-scaled-e1769809047999.jpg\",\"width\":1920,\"height\":2560},{\"@type\":\"BreadcrumbList\",\"@id\":\"https:\/\/www.mounts.org\/fr\/soutien\/donner\/#breadcrumb\",\"itemListElement\":[{\"@type\":\"ListItem\",\"position\":1,\"name\":\"Home\",\"item\":\"https:\/\/www.mounts.org\/fr\/\"},{\"@type\":\"ListItem\",\"position\":2,\"name\":\"Donate\"}]},{\"@type\":\"WebSite\",\"@id\":\"https:\/\/www.mounts.org\/fr\/#website\",\"url\":\"https:\/\/www.mounts.org\/fr\/\",\"name\":\"Mounts Botanical Garden of Palm Beach County\",\"description\":\"Welcome to your Garden\",\"publisher\":{\"@id\":\"https:\/\/www.mounts.org\/fr\/#organization\"},\"alternateName\":\"Mounts Botanical Garden\",\"potentialAction\":[{\"@type\":\"SearchAction\",\"target\":{\"@type\":\"EntryPoint\",\"urlTemplate\":\"https:\/\/www.mounts.org\/fr\/?s={search_term_string}\"},\"query-input\":{\"@type\":\"PropertyValueSpecification\",\"valueRequired\":true,\"valueName\":\"search_term_string\"}}],\"inLanguage\":\"fr-FR\"},{\"@type\":\"Organization\",\"@id\":\"https:\/\/www.mounts.org\/fr\/#organization\",\"name\":\"Mounts Botanical Garden of Palm Beach County\",\"url\":\"https:\/\/www.mounts.org\/fr\/\",\"logo\":{\"@type\":\"ImageObject\",\"inLanguage\":\"fr-FR\",\"@id\":\"https:\/\/www.mounts.org\/fr\/#\/schema\/logo\/image\/\",\"url\":\"https:\/\/mounts-botanical-gardens.nyc3.cdn.digitaloceanspaces.com\/dev\/2025\/11\/15180613\/Group-27.svg\",\"contentUrl\":\"https:\/\/mounts-botanical-gardens.nyc3.cdn.digitaloceanspaces.com\/dev\/2025\/11\/15180613\/Group-27.svg\",\"width\":85,\"height\":63,\"caption\":\"Mounts Botanical Garden of Palm Beach County\"},\"image\":{\"@id\":\"https:\/\/www.mounts.org\/fr\/#\/schema\/logo\/image\/\"},\"sameAs\":[\"https:\/\/www.facebook.com\/MountsBotanicalGarden\/\",\"https:\/\/www.instagram.com\/mountsbotanicalgarden\",\"https:\/\/www.youtube.com\/@mountsbotanicalgardenwpb\"]}]}<\/script>\n<!-- \/ Yoast SEO plugin. -->","yoast_head_json":{"title":"Faire un don - Mounts Botanical Garden of Palm Beach County","description":"Faire un don - Mounts Botanical Garden of Palm Beach County","robots":{"index":"index","follow":"follow","max-snippet":"max-snippet:-1","max-image-preview":"max-image-preview:large","max-video-preview":"max-video-preview:-1"},"canonical":"https:\/\/www.mounts.org\/fr\/soutien\/donner\/","og_locale":"fr_FR","og_type":"article","og_title":"Donate - Mounts Botanical Garden of Palm Beach County","og_description":"Donate - Mounts Botanical Garden of Palm Beach County","og_url":"https:\/\/www.mounts.org\/fr\/soutien\/donner\/","og_site_name":"Mounts Botanical Garden of Palm Beach County","article_publisher":"https:\/\/www.facebook.com\/MountsBotanicalGarden\/","article_modified_time":"2026-01-30T21:40:20+00:00","og_image":[{"width":1920,"height":2560,"url":"https:\/\/mounts-botanical-gardens.nyc3.cdn.digitaloceanspaces.com\/dev\/2026\/01\/IMG_0065-scaled-e1769809047999.jpg","type":"image\/jpeg"}],"twitter_card":"summary_large_image","twitter_misc":{"Est. reading time":"2 minutes"},"schema":{"@context":"https:\/\/schema.org","@graph":[{"@type":"WebPage","@id":"https:\/\/www.mounts.org\/fr\/soutien\/donner\/","url":"https:\/\/www.mounts.org\/fr\/soutien\/donner\/","name":"Faire un don - Mounts Botanical Garden of Palm Beach County","isPartOf":{"@id":"https:\/\/www.mounts.org\/fr\/#website"},"primaryImageOfPage":{"@id":"https:\/\/www.mounts.org\/fr\/soutien\/donner\/#primaryimage"},"image":{"@id":"https:\/\/www.mounts.org\/fr\/soutien\/donner\/#primaryimage"},"thumbnailUrl":"https:\/\/mounts-botanical-gardens.nyc3.cdn.digitaloceanspaces.com\/dev\/2026\/01\/IMG_0065-scaled-e1769809047999.jpg","datePublished":"2025-11-20T21:01:53+00:00","dateModified":"2026-01-30T21:40:20+00:00","description":"Faire un don - Mounts Botanical Garden of Palm Beach County","breadcrumb":{"@id":"https:\/\/www.mounts.org\/fr\/soutien\/donner\/#breadcrumb"},"inLanguage":"fr-FR","potentialAction":[{"@type":"ReadAction","target":["https:\/\/www.mounts.org\/fr\/soutien\/donner\/"]}]},{"@type":"ImageObject","inLanguage":"fr-FR","@id":"https:\/\/www.mounts.org\/fr\/soutien\/donner\/#primaryimage","url":"https:\/\/mounts-botanical-gardens.nyc3.cdn.digitaloceanspaces.com\/dev\/2026\/01\/IMG_0065-scaled-e1769809047999.jpg","contentUrl":"https:\/\/mounts-botanical-gardens.nyc3.cdn.digitaloceanspaces.com\/dev\/2026\/01\/IMG_0065-scaled-e1769809047999.jpg","width":1920,"height":2560},{"@type":"BreadcrumbList","@id":"https:\/\/www.mounts.org\/fr\/soutien\/donner\/#breadcrumb","itemListElement":[{"@type":"ListItem","position":1,"name":"Home","item":"https:\/\/www.mounts.org\/fr\/"},{"@type":"ListItem","position":2,"name":"Donate"}]},{"@type":"WebSite","@id":"https:\/\/www.mounts.org\/fr\/#website","url":"https:\/\/www.mounts.org\/fr\/","name":"Jardin botanique des monts du comt\u00e9 de Palm Beach","description":"Bienvenue dans votre jardin","publisher":{"@id":"https:\/\/www.mounts.org\/fr\/#organization"},"alternateName":"Mounts Botanical Garden","potentialAction":[{"@type":"SearchAction","target":{"@type":"EntryPoint","urlTemplate":"https:\/\/www.mounts.org\/fr\/?s={search_term_string}"},"query-input":{"@type":"PropertyValueSpecification","valueRequired":true,"valueName":"search_term_string"}}],"inLanguage":"fr-FR"},{"@type":"Organization","@id":"https:\/\/www.mounts.org\/fr\/#organization","name":"Jardin botanique des monts du comt\u00e9 de Palm Beach","url":"https:\/\/www.mounts.org\/fr\/","logo":{"@type":"ImageObject","inLanguage":"fr-FR","@id":"https:\/\/www.mounts.org\/fr\/#\/schema\/logo\/image\/","url":"https:\/\/mounts-botanical-gardens.nyc3.cdn.digitaloceanspaces.com\/dev\/2025\/11\/15180613\/Group-27.svg","contentUrl":"https:\/\/mounts-botanical-gardens.nyc3.cdn.digitaloceanspaces.com\/dev\/2025\/11\/15180613\/Group-27.svg","width":85,"height":63,"caption":"Mounts Botanical Garden of Palm Beach County"},"image":{"@id":"https:\/\/www.mounts.org\/fr\/#\/schema\/logo\/image\/"},"sameAs":["https:\/\/www.facebook.com\/MountsBotanicalGarden\/","https:\/\/www.instagram.com\/mountsbotanicalgarden","https:\/\/www.youtube.com\/@mountsbotanicalgardenwpb"]}]}},"pbg_featured_image_src":{"full":["https:\/\/mounts-botanical-gardens.nyc3.cdn.digitaloceanspaces.com\/dev\/2026\/01\/IMG_0065-scaled-e1769809047999.jpg",1920,2560,false],"thumbnail":["https:\/\/mounts-botanical-gardens.nyc3.cdn.digitaloceanspaces.com\/dev\/2026\/01\/IMG_0065-scaled-e1769809047999-400x300.jpg",400,300,true],"medium":["https:\/\/mounts-botanical-gardens.nyc3.cdn.digitaloceanspaces.com\/dev\/2026\/01\/IMG_0065-scaled-e1769809047999-576x768.jpg",576,768,true],"medium_large":["https:\/\/mounts-botanical-gardens.nyc3.cdn.digitaloceanspaces.com\/dev\/2026\/01\/IMG_0065-scaled-e1769809047999-768x1024.jpg",768,1024,true],"large":["https:\/\/mounts-botanical-gardens.nyc3.cdn.digitaloceanspaces.com\/dev\/2026\/01\/IMG_0065-scaled-e1769809047999-768x1024.jpg",768,1024,true],"thumblist":["https:\/\/mounts-botanical-gardens.nyc3.cdn.digitaloceanspaces.com\/dev\/2026\/01\/IMG_0065-scaled-e1769809047999-300x300.jpg",300,300,true],"thumbrelated":["https:\/\/mounts-botanical-gardens.nyc3.cdn.digitaloceanspaces.com\/dev\/2026\/01\/IMG_0065-scaled-e1769809047999-500x500.jpg",500,500,true],"meccarouselthumb":["https:\/\/mounts-botanical-gardens.nyc3.cdn.digitaloceanspaces.com\/dev\/2026\/01\/IMG_0065-scaled-e1769809047999-474x324.jpg",474,324,true],"gridsquare":["https:\/\/mounts-botanical-gardens.nyc3.cdn.digitaloceanspaces.com\/dev\/2026\/01\/IMG_0065-scaled-e1769809047999-391x260.jpg",391,260,true],"tileview":["https:\/\/mounts-botanical-gardens.nyc3.cdn.digitaloceanspaces.com\/dev\/2026\/01\/IMG_0065-scaled-e1769809047999-300x400.jpg",300,400,true],"1536x1536":["https:\/\/mounts-botanical-gardens.nyc3.cdn.digitaloceanspaces.com\/dev\/2026\/01\/IMG_0065-scaled-e1769809047999-1152x1536.jpg",1152,1536,true],"2048x2048":["https:\/\/mounts-botanical-gardens.nyc3.cdn.digitaloceanspaces.com\/dev\/2026\/01\/IMG_0065-scaled-e1769809047999-1536x2048.jpg",1536,2048,true],"trp-custom-language-flag":["https:\/\/mounts-botanical-gardens.nyc3.cdn.digitaloceanspaces.com\/dev\/2026\/01\/IMG_0065-scaled-e1769809047999-9x12.jpg",9,12,true],"gform-image-choice-sm":["https:\/\/mounts-botanical-gardens.nyc3.cdn.digitaloceanspaces.com\/dev\/2026\/01\/IMG_0065-scaled-e1769809047999-300x300.jpg",300,300,true],"gform-image-choice-md":["https:\/\/mounts-botanical-gardens.nyc3.cdn.digitaloceanspaces.com\/dev\/2026\/01\/IMG_0065-scaled-e1769809047999-400x400.jpg",400,400,true],"gform-image-choice-lg":["https:\/\/mounts-botanical-gardens.nyc3.cdn.digitaloceanspaces.com\/dev\/2026\/01\/IMG_0065-scaled-e1769809047999-600x600.jpg",600,600,true]},"pbg_author_info":{"display_name":"jworkman","author_link":"https:\/\/www.mounts.org\/fr\/author\/jworkman\/","author_img":"<img alt='jworkman' src='https:\/\/secure.gravatar.com\/avatar\/d681782f7ee2dc727aa4c819f3cffffe83d747ec1de3b219878d6e178e409fac?s=128&#038;d=mm&#038;r=g' srcset='https:\/\/secure.gravatar.com\/avatar\/d681782f7ee2dc727aa4c819f3cffffe83d747ec1de3b219878d6e178e409fac?s=256&#038;d=mm&#038;r=g 2x' class='avatar avatar-128 photo' height='128' width='128' loading='lazy' decoding='async'\/>"},"pbg_comment_info":" No Comments","pbg_excerpt":"Your green keeps the garden growing for generations to come. See how your donation can help.","_links":{"self":[{"href":"https:\/\/www.mounts.org\/fr\/wp-json\/wp\/v2\/pages\/1806","targetHints":{"allow":["GET"]}}],"collection":[{"href":"https:\/\/www.mounts.org\/fr\/wp-json\/wp\/v2\/pages"}],"about":[{"href":"https:\/\/www.mounts.org\/fr\/wp-json\/wp\/v2\/types\/page"}],"author":[{"embeddable":true,"href":"https:\/\/www.mounts.org\/fr\/wp-json\/wp\/v2\/users\/1"}],"replies":[{"embeddable":true,"href":"https:\/\/www.mounts.org\/fr\/wp-json\/wp\/v2\/comments?post=1806"}],"version-history":[{"count":25,"href":"https:\/\/www.mounts.org\/fr\/wp-json\/wp\/v2\/pages\/1806\/revisions"}],"predecessor-version":[{"id":4719,"href":"https:\/\/www.mounts.org\/fr\/wp-json\/wp\/v2\/pages\/1806\/revisions\/4719"}],"up":[{"embeddable":true,"href":"https:\/\/www.mounts.org\/fr\/wp-json\/wp\/v2\/pages\/158"}],"wp:featuredmedia":[{"embeddable":true,"href":"https:\/\/www.mounts.org\/fr\/wp-json\/wp\/v2\/media\/4709"}],"wp:attachment":[{"href":"https:\/\/www.mounts.org\/fr\/wp-json\/wp\/v2\/media?parent=1806"}],"curies":[{"name":"wp","href":"https:\/\/api.w.org\/{rel}","templated":true}]}}