{"id":1887,"date":"2025-11-23T16:43:07","date_gmt":"2025-11-23T16:43:07","guid":{"rendered":"https:\/\/www.mounts.org\/?page_id=1887"},"modified":"2026-03-11T15:58:00","modified_gmt":"2026-03-11T15:58:00","slug":"plan-directeur","status":"publish","type":"page","link":"https:\/\/www.mounts.org\/fr_ca\/a-propos-de\/plan-directeur\/","title":{"rendered":"Plan directeur"},"content":{"rendered":"<div class=\"wp-block-group alignwide is-layout-constrained wp-container-core-group-is-layout-393c9616 wp-block-group-is-layout-constrained has-background\" style=\"padding-top:10rem;padding-right:0px;padding-bottom:10rem;padding-left:0px;background-image:url(&apos;https:\/\/mounts-botanical-gardens.nyc3.cdn.digitaloceanspaces.com\/dev\/2026\/02\/MASTER-PLAN.jpg&apos;);background-position:50% 46%;background-size:cover;background-attachment:fixed;\">\n<h1 class=\"wp-block-heading alignfull has-text-align-center has-white-color has-text-color has-link-color has-mansalva-font-family wp-elements-9cb4293ba8e43cef987a3aa54c4981f6\" style=\"font-size:clamp(37.821px, 2.364rem + ((1vw - 3.2px) * 2.514), 70px);\">Out future is blooming<\/h1>\n<\/div>\n\n\n\n<div class=\"wp-block-media-text has-media-on-the-right is-stacked-on-mobile mounts-media-text ltr is-padded-mobile\"><div class=\"wp-block-media-text__content\">\n<h2 class=\"wp-block-heading has-earthy-color has-text-color has-link-color wp-elements-0a069779a43e578fded1add7baa331c3\">Notre avenir s'\u00e9panouit<\/h2>\n\n\n\n<p>La croissance ne se fait pas toute seule. Elle est cultiv\u00e9e avec soin. Ce plan trace la voie \u00e0 suivre pour enrichir l'exp\u00e9rience des visiteurs, \u00e9largir l'acc\u00e8s et les possibilit\u00e9s et renforcer le r\u00f4le du jardin en tant que ressource culturelle et environnementale vitale pour le comt\u00e9 de Palm Beach et au-del\u00e0.<\/p>\n\n\n\n<div class=\"wp-block-buttons is-layout-flex wp-block-buttons-is-layout-flex\">\n<div class=\"wp-block-button has-custom-width wp-block-button__width-50 is-style-fill\"><a class=\"wp-block-button__link wp-element-button\" href=\"https:\/\/mounts-botanical-gardens.nyc3.cdn.digitaloceanspaces.com\/dev\/2026\/01\/MOUNTS-BOTANICAL-GARDEN-MASTER-PLAN.pdf\" target=\"_blank\" rel=\"noreferrer noopener\">En savoir plus<\/a><\/div>\n<\/div>\n<\/div><figure class=\"wp-block-media-text__media\"><img loading=\"lazy\" decoding=\"async\" width=\"631\" height=\"631\" src=\"https:\/\/mounts-botanical-gardens.nyc3.cdn.digitaloceanspaces.com\/dev\/2025\/11\/imgi_11_MCO-A9_05502-16.9-scaled-2-8-1.jpg\" alt=\"Gros plan sur une fleur et un papillon\" class=\"wp-image-2031 size-full\" srcset=\"https:\/\/mounts-botanical-gardens.nyc3.cdn.digitaloceanspaces.com\/dev\/2025\/11\/imgi_11_MCO-A9_05502-16.9-scaled-2-8-1.jpg 631w, https:\/\/mounts-botanical-gardens.nyc3.cdn.digitaloceanspaces.com\/dev\/2025\/11\/imgi_11_MCO-A9_05502-16.9-scaled-2-8-1-300x300.jpg 300w, https:\/\/mounts-botanical-gardens.nyc3.cdn.digitaloceanspaces.com\/dev\/2025\/11\/imgi_11_MCO-A9_05502-16.9-scaled-2-8-1-500x500.jpg 500w, https:\/\/mounts-botanical-gardens.nyc3.cdn.digitaloceanspaces.com\/dev\/2025\/11\/imgi_11_MCO-A9_05502-16.9-scaled-2-8-1-12x12.jpg 12w\" sizes=\"auto, (max-width: 631px) 100vw, 631px\" \/><\/figure><\/div>","protected":false},"excerpt":{"rendered":"<p>D\u00e9couvrez comment le plan directeur guidera la croissance r\u00e9fl\u00e9chie du jardin.<\/p>","protected":false},"author":1,"featured_media":4687,"parent":1127,"menu_order":0,"comment_status":"closed","ping_status":"closed","template":"","meta":{"_eb_attr":"","inline_featured_image":false,"footnotes":""},"class_list":["post-1887","page","type-page","status-publish","has-post-thumbnail","hentry"],"yoast_head":"<!-- This site is optimized with the Yoast SEO plugin v27.1.1 - https:\/\/yoast.com\/product\/yoast-seo-wordpress\/ -->\n<title>Master Plan - Mounts Botanical Garden of Palm Beach County<\/title>\n<meta name=\"description\" content=\"Master Plan - Mounts Botanical Garden of Palm Beach County\" \/>\n<meta name=\"robots\" content=\"index, follow, max-snippet:-1, max-image-preview:large, max-video-preview:-1\" \/>\n<link rel=\"canonical\" href=\"https:\/\/www.mounts.org\/fr_ca\/a-propos-de\/plan-directeur\/\" \/>\n<meta property=\"og:locale\" content=\"fr_CA\" \/>\n<meta property=\"og:type\" content=\"article\" \/>\n<meta property=\"og:title\" content=\"Master Plan - Mounts Botanical Garden of Palm Beach County\" \/>\n<meta property=\"og:description\" content=\"Master Plan - Mounts Botanical Garden of Palm Beach County\" \/>\n<meta property=\"og:url\" content=\"https:\/\/www.mounts.org\/fr_ca\/a-propos-de\/plan-directeur\/\" \/>\n<meta property=\"og:site_name\" content=\"Mounts Botanical Garden of Palm Beach County\" \/>\n<meta property=\"article:publisher\" content=\"https:\/\/www.facebook.com\/MountsBotanicalGarden\/\" \/>\n<meta property=\"article:modified_time\" content=\"2026-03-11T15:58:00+00:00\" \/>\n<meta property=\"og:image\" content=\"https:\/\/mounts-botanical-gardens.nyc3.cdn.digitaloceanspaces.com\/dev\/2026\/01\/5-06_Carri-Lager-1st-Place-plant-life.jpg\" \/>\n\t<meta property=\"og:image:width\" content=\"1200\" \/>\n\t<meta property=\"og:image:height\" content=\"800\" \/>\n\t<meta property=\"og:image:type\" content=\"image\/jpeg\" \/>\n<meta name=\"twitter:card\" content=\"summary_large_image\" \/>\n<meta name=\"twitter:label1\" content=\"Est. reading time\" \/>\n\t<meta name=\"twitter:data1\" content=\"1 minute\" \/>\n<script type=\"application\/ld+json\" class=\"yoast-schema-graph\">{\"@context\":\"https:\/\/schema.org\",\"@graph\":[{\"@type\":\"WebPage\",\"@id\":\"https:\/\/www.mounts.org\/fr_ca\/a-propos-de\/plan-directeur\/\",\"url\":\"https:\/\/www.mounts.org\/fr_ca\/a-propos-de\/plan-directeur\/\",\"name\":\"Master Plan - Mounts Botanical Garden of Palm Beach County\",\"isPartOf\":{\"@id\":\"https:\/\/www.mounts.org\/fr_ca\/#website\"},\"primaryImageOfPage\":{\"@id\":\"https:\/\/www.mounts.org\/fr_ca\/a-propos-de\/plan-directeur\/#primaryimage\"},\"image\":{\"@id\":\"https:\/\/www.mounts.org\/fr_ca\/a-propos-de\/plan-directeur\/#primaryimage\"},\"thumbnailUrl\":\"https:\/\/mounts-botanical-gardens.nyc3.cdn.digitaloceanspaces.com\/dev\/2026\/01\/5-06_Carri-Lager-1st-Place-plant-life.jpg\",\"datePublished\":\"2025-11-23T16:43:07+00:00\",\"dateModified\":\"2026-03-11T15:58:00+00:00\",\"description\":\"Master Plan - Mounts Botanical Garden of Palm Beach County\",\"breadcrumb\":{\"@id\":\"https:\/\/www.mounts.org\/fr_ca\/a-propos-de\/plan-directeur\/#breadcrumb\"},\"inLanguage\":\"fr-CA\",\"potentialAction\":[{\"@type\":\"ReadAction\",\"target\":[\"https:\/\/www.mounts.org\/fr_ca\/a-propos-de\/plan-directeur\/\"]}]},{\"@type\":\"ImageObject\",\"inLanguage\":\"fr-CA\",\"@id\":\"https:\/\/www.mounts.org\/fr_ca\/a-propos-de\/plan-directeur\/#primaryimage\",\"url\":\"https:\/\/mounts-botanical-gardens.nyc3.cdn.digitaloceanspaces.com\/dev\/2026\/01\/5-06_Carri-Lager-1st-Place-plant-life.jpg\",\"contentUrl\":\"https:\/\/mounts-botanical-gardens.nyc3.cdn.digitaloceanspaces.com\/dev\/2026\/01\/5-06_Carri-Lager-1st-Place-plant-life.jpg\",\"width\":1200,\"height\":800},{\"@type\":\"BreadcrumbList\",\"@id\":\"https:\/\/www.mounts.org\/fr_ca\/a-propos-de\/plan-directeur\/#breadcrumb\",\"itemListElement\":[{\"@type\":\"ListItem\",\"position\":1,\"name\":\"Home\",\"item\":\"https:\/\/www.mounts.org\/fr_ca\/\"},{\"@type\":\"ListItem\",\"position\":2,\"name\":\"Master Plan\"}]},{\"@type\":\"WebSite\",\"@id\":\"https:\/\/www.mounts.org\/fr_ca\/#website\",\"url\":\"https:\/\/www.mounts.org\/fr_ca\/\",\"name\":\"Mounts Botanical Garden of Palm Beach County\",\"description\":\"Welcome to your Garden\",\"publisher\":{\"@id\":\"https:\/\/www.mounts.org\/fr_ca\/#organization\"},\"alternateName\":\"Mounts Botanical Garden\",\"potentialAction\":[{\"@type\":\"SearchAction\",\"target\":{\"@type\":\"EntryPoint\",\"urlTemplate\":\"https:\/\/www.mounts.org\/fr_ca\/?s={search_term_string}\"},\"query-input\":{\"@type\":\"PropertyValueSpecification\",\"valueRequired\":true,\"valueName\":\"search_term_string\"}}],\"inLanguage\":\"fr-CA\"},{\"@type\":\"Organization\",\"@id\":\"https:\/\/www.mounts.org\/fr_ca\/#organization\",\"name\":\"Mounts Botanical Garden of Palm Beach County\",\"url\":\"https:\/\/www.mounts.org\/fr_ca\/\",\"logo\":{\"@type\":\"ImageObject\",\"inLanguage\":\"fr-CA\",\"@id\":\"https:\/\/www.mounts.org\/fr_ca\/#\/schema\/logo\/image\/\",\"url\":\"https:\/\/mounts-botanical-gardens.nyc3.cdn.digitaloceanspaces.com\/dev\/2025\/11\/15180613\/Group-27.svg\",\"contentUrl\":\"https:\/\/mounts-botanical-gardens.nyc3.cdn.digitaloceanspaces.com\/dev\/2025\/11\/15180613\/Group-27.svg\",\"width\":85,\"height\":63,\"caption\":\"Mounts Botanical Garden of Palm Beach County\"},\"image\":{\"@id\":\"https:\/\/www.mounts.org\/fr_ca\/#\/schema\/logo\/image\/\"},\"sameAs\":[\"https:\/\/www.facebook.com\/MountsBotanicalGarden\/\",\"https:\/\/www.instagram.com\/mountsbotanicalgarden\",\"https:\/\/www.youtube.com\/@mountsbotanicalgardenwpb\"]}]}<\/script>\n<!-- \/ Yoast SEO plugin. -->","yoast_head_json":{"title":"Plan directeur - Jardin botanique des monts du comt\u00e9 de Palm Beach","description":"Plan directeur - Jardin botanique des monts du comt\u00e9 de Palm Beach","robots":{"index":"index","follow":"follow","max-snippet":"max-snippet:-1","max-image-preview":"max-image-preview:large","max-video-preview":"max-video-preview:-1"},"canonical":"https:\/\/www.mounts.org\/fr_ca\/a-propos-de\/plan-directeur\/","og_locale":"fr_CA","og_type":"article","og_title":"Master Plan - Mounts Botanical Garden of Palm Beach County","og_description":"Master Plan - Mounts Botanical Garden of Palm Beach County","og_url":"https:\/\/www.mounts.org\/fr_ca\/a-propos-de\/plan-directeur\/","og_site_name":"Mounts Botanical Garden of Palm Beach County","article_publisher":"https:\/\/www.facebook.com\/MountsBotanicalGarden\/","article_modified_time":"2026-03-11T15:58:00+00:00","og_image":[{"width":1200,"height":800,"url":"https:\/\/mounts-botanical-gardens.nyc3.cdn.digitaloceanspaces.com\/dev\/2026\/01\/5-06_Carri-Lager-1st-Place-plant-life.jpg","type":"image\/jpeg"}],"twitter_card":"summary_large_image","twitter_misc":{"Est. reading time":"1 minute"},"schema":{"@context":"https:\/\/schema.org","@graph":[{"@type":"WebPage","@id":"https:\/\/www.mounts.org\/fr_ca\/a-propos-de\/plan-directeur\/","url":"https:\/\/www.mounts.org\/fr_ca\/a-propos-de\/plan-directeur\/","name":"Plan directeur - Jardin botanique des monts du comt\u00e9 de Palm Beach","isPartOf":{"@id":"https:\/\/www.mounts.org\/fr_ca\/#website"},"primaryImageOfPage":{"@id":"https:\/\/www.mounts.org\/fr_ca\/a-propos-de\/plan-directeur\/#primaryimage"},"image":{"@id":"https:\/\/www.mounts.org\/fr_ca\/a-propos-de\/plan-directeur\/#primaryimage"},"thumbnailUrl":"https:\/\/mounts-botanical-gardens.nyc3.cdn.digitaloceanspaces.com\/dev\/2026\/01\/5-06_Carri-Lager-1st-Place-plant-life.jpg","datePublished":"2025-11-23T16:43:07+00:00","dateModified":"2026-03-11T15:58:00+00:00","description":"Plan directeur - Jardin botanique des monts du comt\u00e9 de Palm Beach","breadcrumb":{"@id":"https:\/\/www.mounts.org\/fr_ca\/a-propos-de\/plan-directeur\/#breadcrumb"},"inLanguage":"fr-CA","potentialAction":[{"@type":"ReadAction","target":["https:\/\/www.mounts.org\/fr_ca\/a-propos-de\/plan-directeur\/"]}]},{"@type":"ImageObject","inLanguage":"fr-CA","@id":"https:\/\/www.mounts.org\/fr_ca\/a-propos-de\/plan-directeur\/#primaryimage","url":"https:\/\/mounts-botanical-gardens.nyc3.cdn.digitaloceanspaces.com\/dev\/2026\/01\/5-06_Carri-Lager-1st-Place-plant-life.jpg","contentUrl":"https:\/\/mounts-botanical-gardens.nyc3.cdn.digitaloceanspaces.com\/dev\/2026\/01\/5-06_Carri-Lager-1st-Place-plant-life.jpg","width":1200,"height":800},{"@type":"BreadcrumbList","@id":"https:\/\/www.mounts.org\/fr_ca\/a-propos-de\/plan-directeur\/#breadcrumb","itemListElement":[{"@type":"ListItem","position":1,"name":"Home","item":"https:\/\/www.mounts.org\/fr_ca\/"},{"@type":"ListItem","position":2,"name":"Master Plan"}]},{"@type":"WebSite","@id":"https:\/\/www.mounts.org\/fr_ca\/#website","url":"https:\/\/www.mounts.org\/fr_ca\/","name":"Jardin botanique des monts du comt\u00e9 de Palm Beach","description":"Bienvenue dans votre jardin","publisher":{"@id":"https:\/\/www.mounts.org\/fr_ca\/#organization"},"alternateName":"Mounts Botanical Garden","potentialAction":[{"@type":"SearchAction","target":{"@type":"EntryPoint","urlTemplate":"https:\/\/www.mounts.org\/fr_ca\/?s={search_term_string}"},"query-input":{"@type":"PropertyValueSpecification","valueRequired":true,"valueName":"search_term_string"}}],"inLanguage":"fr-CA"},{"@type":"Organization","@id":"https:\/\/www.mounts.org\/fr_ca\/#organization","name":"Jardin botanique des monts du comt\u00e9 de Palm Beach","url":"https:\/\/www.mounts.org\/fr_ca\/","logo":{"@type":"ImageObject","inLanguage":"fr-CA","@id":"https:\/\/www.mounts.org\/fr_ca\/#\/schema\/logo\/image\/","url":"https:\/\/mounts-botanical-gardens.nyc3.cdn.digitaloceanspaces.com\/dev\/2025\/11\/15180613\/Group-27.svg","contentUrl":"https:\/\/mounts-botanical-gardens.nyc3.cdn.digitaloceanspaces.com\/dev\/2025\/11\/15180613\/Group-27.svg","width":85,"height":63,"caption":"Mounts Botanical Garden of Palm Beach County"},"image":{"@id":"https:\/\/www.mounts.org\/fr_ca\/#\/schema\/logo\/image\/"},"sameAs":["https:\/\/www.facebook.com\/MountsBotanicalGarden\/","https:\/\/www.instagram.com\/mountsbotanicalgarden","https:\/\/www.youtube.com\/@mountsbotanicalgardenwpb"]}]}},"pbg_featured_image_src":{"full":["https:\/\/mounts-botanical-gardens.nyc3.cdn.digitaloceanspaces.com\/dev\/2026\/01\/5-06_Carri-Lager-1st-Place-plant-life.jpg",1200,800,false],"thumbnail":["https:\/\/mounts-botanical-gardens.nyc3.cdn.digitaloceanspaces.com\/dev\/2026\/01\/5-06_Carri-Lager-1st-Place-plant-life-400x300.jpg",400,300,true],"medium":["https:\/\/mounts-botanical-gardens.nyc3.cdn.digitaloceanspaces.com\/dev\/2026\/01\/5-06_Carri-Lager-1st-Place-plant-life-1024x683.jpg",1024,683,true],"medium_large":["https:\/\/mounts-botanical-gardens.nyc3.cdn.digitaloceanspaces.com\/dev\/2026\/01\/5-06_Carri-Lager-1st-Place-plant-life-768x512.jpg",768,512,true],"large":["https:\/\/mounts-botanical-gardens.nyc3.cdn.digitaloceanspaces.com\/dev\/2026\/01\/5-06_Carri-Lager-1st-Place-plant-life.jpg",1200,800,false],"thumblist":["https:\/\/mounts-botanical-gardens.nyc3.cdn.digitaloceanspaces.com\/dev\/2026\/01\/5-06_Carri-Lager-1st-Place-plant-life-300x300.jpg",300,300,true],"thumbrelated":["https:\/\/mounts-botanical-gardens.nyc3.cdn.digitaloceanspaces.com\/dev\/2026\/01\/5-06_Carri-Lager-1st-Place-plant-life-500x500.jpg",500,500,true],"meccarouselthumb":["https:\/\/mounts-botanical-gardens.nyc3.cdn.digitaloceanspaces.com\/dev\/2026\/01\/5-06_Carri-Lager-1st-Place-plant-life-474x324.jpg",474,324,true],"gridsquare":["https:\/\/mounts-botanical-gardens.nyc3.cdn.digitaloceanspaces.com\/dev\/2026\/01\/5-06_Carri-Lager-1st-Place-plant-life-391x260.jpg",391,260,true],"tileview":["https:\/\/mounts-botanical-gardens.nyc3.cdn.digitaloceanspaces.com\/dev\/2026\/01\/5-06_Carri-Lager-1st-Place-plant-life-300x400.jpg",300,400,true],"1536x1536":["https:\/\/mounts-botanical-gardens.nyc3.cdn.digitaloceanspaces.com\/dev\/2026\/01\/5-06_Carri-Lager-1st-Place-plant-life.jpg",1200,800,false],"2048x2048":["https:\/\/mounts-botanical-gardens.nyc3.cdn.digitaloceanspaces.com\/dev\/2026\/01\/5-06_Carri-Lager-1st-Place-plant-life.jpg",1200,800,false],"trp-custom-language-flag":["https:\/\/mounts-botanical-gardens.nyc3.cdn.digitaloceanspaces.com\/dev\/2026\/01\/5-06_Carri-Lager-1st-Place-plant-life-18x12.jpg",18,12,true],"gform-image-choice-sm":["https:\/\/mounts-botanical-gardens.nyc3.cdn.digitaloceanspaces.com\/dev\/2026\/01\/5-06_Carri-Lager-1st-Place-plant-life.jpg",300,200,false],"gform-image-choice-md":["https:\/\/mounts-botanical-gardens.nyc3.cdn.digitaloceanspaces.com\/dev\/2026\/01\/5-06_Carri-Lager-1st-Place-plant-life.jpg",400,267,false],"gform-image-choice-lg":["https:\/\/mounts-botanical-gardens.nyc3.cdn.digitaloceanspaces.com\/dev\/2026\/01\/5-06_Carri-Lager-1st-Place-plant-life.jpg",600,400,false]},"pbg_author_info":{"display_name":"jworkman","author_link":"https:\/\/www.mounts.org\/fr_ca\/author\/jworkman\/","author_img":"<img alt='jworkman' src='https:\/\/secure.gravatar.com\/avatar\/d681782f7ee2dc727aa4c819f3cffffe83d747ec1de3b219878d6e178e409fac?s=128&#038;d=mm&#038;r=g' srcset='https:\/\/secure.gravatar.com\/avatar\/d681782f7ee2dc727aa4c819f3cffffe83d747ec1de3b219878d6e178e409fac?s=256&#038;d=mm&#038;r=g 2x' class='avatar avatar-128 photo' height='128' width='128' loading='lazy' decoding='async'\/>"},"pbg_comment_info":" No Comments","pbg_excerpt":"Explore how the Master Plan will guide thoughtful growth for the Garden.","_links":{"self":[{"href":"https:\/\/www.mounts.org\/fr_ca\/wp-json\/wp\/v2\/pages\/1887","targetHints":{"allow":["GET"]}}],"collection":[{"href":"https:\/\/www.mounts.org\/fr_ca\/wp-json\/wp\/v2\/pages"}],"about":[{"href":"https:\/\/www.mounts.org\/fr_ca\/wp-json\/wp\/v2\/types\/page"}],"author":[{"embeddable":true,"href":"https:\/\/www.mounts.org\/fr_ca\/wp-json\/wp\/v2\/users\/1"}],"replies":[{"embeddable":true,"href":"https:\/\/www.mounts.org\/fr_ca\/wp-json\/wp\/v2\/comments?post=1887"}],"version-history":[{"count":12,"href":"https:\/\/www.mounts.org\/fr_ca\/wp-json\/wp\/v2\/pages\/1887\/revisions"}],"predecessor-version":[{"id":5192,"href":"https:\/\/www.mounts.org\/fr_ca\/wp-json\/wp\/v2\/pages\/1887\/revisions\/5192"}],"up":[{"embeddable":true,"href":"https:\/\/www.mounts.org\/fr_ca\/wp-json\/wp\/v2\/pages\/1127"}],"wp:featuredmedia":[{"embeddable":true,"href":"https:\/\/www.mounts.org\/fr_ca\/wp-json\/wp\/v2\/media\/4687"}],"wp:attachment":[{"href":"https:\/\/www.mounts.org\/fr_ca\/wp-json\/wp\/v2\/media?parent=1887"}],"curies":[{"name":"wp","href":"https:\/\/api.w.org\/{rel}","templated":true}]}}