{"id":4241,"date":"2026-01-15T19:27:19","date_gmt":"2026-01-15T19:27:19","guid":{"rendered":"https:\/\/www.mounts.org\/?page_id=4241"},"modified":"2026-03-11T16:03:48","modified_gmt":"2026-03-11T16:03:48","slug":"politique-concernant-les-animaux-de-compagnie","status":"publish","type":"page","link":"https:\/\/www.mounts.org\/fr_ca\/politique-concernant-les-animaux-de-compagnie\/","title":{"rendered":"Pet Policy"},"content":{"rendered":"<div class=\"wp-block-group alignfull is-layout-constrained wp-container-core-group-is-layout-5b6b4da3 wp-block-group-is-layout-constrained has-background\" style=\"min-height:200px;padding-top:21vh;padding-bottom:21vh;background-image:url(&apos;https:\/\/mounts-botanical-gardens.nyc3.cdn.digitaloceanspaces.com\/dev\/2025\/11\/Rectangle-4683-copy-1.jpg&apos;);background-position:50% 50%;background-size:cover;\">\n<h1 class=\"wp-block-heading has-text-align-center has-white-color has-text-color has-link-color has-mansalva-font-family wp-elements-5c017dc837641ef7613e29c3a3fad120\" style=\"font-size:clamp(37.821px, 2.364rem + ((1vw - 3.2px) * 2.514), 70px);\">Paw-licies de jardin<\/h1>\n<\/div>\n\n\n\n<div class=\"wp-block-media-text has-media-on-the-right is-stacked-on-mobile mounts-media-text ltr is-padded-mobile\"><div class=\"wp-block-media-text__content\">\n<h2 class=\"wp-block-heading has-earthy-color has-text-color has-link-color wp-elements-c2f19d2a07c77e8a0af10d3c1a9350d4\">Aper\u00e7u de la politique relative aux animaux de compagnie<\/h2>\n\n\n\n<p>Dogs are welcome in the Garden every second Sunday of each month for Dogs&#8217; Days in the Garden. Service dogs are welcome every day.<\/p>\n\n\n\n<p>La sant\u00e9 et la s\u00e9curit\u00e9 des visiteurs du jardin, des chiens, des employ\u00e9s et des b\u00e9n\u00e9voles sont primordiales. Pour que cette exp\u00e9rience soit amusante et s\u00fbre pour tous les visiteurs du jardin, veuillez respecter les r\u00e8gles suivantes lorsque vous visitez le Jardin botanique des Monts avec votre chien lors des Journ\u00e9es des chiens.<\/p>\n\n\n\n<p class=\"has-earthy-color has-text-color has-link-color wp-elements-7c8742b7ed7309b449b7ee45ee9c1329\">En tant qu'\u00e9tablissement du comt\u00e9 de Palm Beach, le Mounts Botanical Garden respecte les r\u00e8gles suivantes <a href=\"https:\/\/discover.pbcgov.org\/parks\/Amenities\/Dog-Parks.aspx\">Ordonnances du comt\u00e9 de Palm Beach relatives aux parcs et aux loisirs<\/a> en ce qui concerne les parcs \u00e0 chiens, ainsi que les politiques sp\u00e9cifiques du Jardin botanique des Monts.<\/p>\n<\/div><figure class=\"wp-block-media-text__media\"><img loading=\"lazy\" decoding=\"async\" width=\"1000\" height=\"727\" src=\"https:\/\/mounts-botanical-gardens.nyc3.cdn.digitaloceanspaces.com\/dev\/2025\/11\/1.-Dogs-Day-in-the-Garden-min-2.jpg\" alt=\"Chiens dans le parc\" class=\"wp-image-1477 size-full\" srcset=\"https:\/\/mounts-botanical-gardens.nyc3.cdn.digitaloceanspaces.com\/dev\/2025\/11\/1.-Dogs-Day-in-the-Garden-min-2.jpg 1000w, https:\/\/mounts-botanical-gardens.nyc3.cdn.digitaloceanspaces.com\/dev\/2025\/11\/1.-Dogs-Day-in-the-Garden-min-2-768x558.jpg 768w, https:\/\/mounts-botanical-gardens.nyc3.cdn.digitaloceanspaces.com\/dev\/2025\/11\/1.-Dogs-Day-in-the-Garden-min-2-18x12.jpg 18w\" sizes=\"auto, (max-width: 1000px) 100vw, 1000px\" \/><\/figure><\/div>\n\n\n\n<div class=\"wp-block-group alignfull has-white-color has-text-color has-link-color has-figtree-font-family has-small-font-size wp-elements-97af78871f536fd8529d3244576751be is-layout-constrained wp-container-core-group-is-layout-4cccd036 wp-block-group-is-layout-constrained\" style=\"border-radius:31px;padding-top:var(--wp--preset--spacing--60);padding-right:var(--wp--preset--spacing--50);padding-bottom:var(--wp--preset--spacing--60);padding-left:var(--wp--preset--spacing--50)\">\n<div class=\"wp-block-group has-white-color has-white-background-color has-text-color has-background has-link-color wp-elements-e0b36ad6934ae346a7d361de52d2be00 is-vertical is-content-justification-stretch is-nowrap is-layout-flex wp-container-core-group-is-layout-d8eda1cf wp-block-group-is-layout-flex\" style=\"border-radius:31px;padding-top:var(--wp--preset--spacing--60);padding-right:var(--wp--preset--spacing--50);padding-bottom:var(--wp--preset--spacing--60);padding-left:var(--wp--preset--spacing--50)\">\n<h2 class=\"wp-block-heading has-text-align-center has-earthy-color has-text-color has-link-color has-figtree-font-family wp-elements-71472de6bc4524ae6f3ccab93e23a54a\" style=\"font-size:clamp(25.984px, 1.624rem + ((1vw - 3.2px) * 1.408), 44px);font-style:normal;font-weight:400;line-height:1\">Politiques et code de conduite pour les chiens et les propri\u00e9taires<\/h2>\n\n\n\n<ul class=\"wp-block-list\">\n<li class=\"has-earthy-color has-text-color has-link-color wp-elements-01115bfc235d6f349ef344098c5768f5\">Tous les chiens doivent \u00eatre tenus en laisse lorsqu'ils se trouvent sur la propri\u00e9t\u00e9 du jardin, y compris sur le parking.<\/li>\n\n\n\n<li class=\"has-earthy-color has-text-color has-link-color wp-elements-052ce7fb2a5a4e286a9c13d9b7ba6951\">LES LAISSES R\u00c9TRACTABLES SONT INTERDITES. Les laisses non r\u00e9tractables ne doivent pas d\u00e9passer six pieds de long.<\/li>\n\n\n\n<li class=\"has-earthy-color has-text-color has-link-color wp-elements-f8dca0438be4274c824187e6b3804628\">Il n'est pas permis d'avoir plus d'UN CHIEN PAR ADULTE \u00e0 la fois dans le jardin.<\/li>\n\n\n\n<li class=\"has-earthy-color has-text-color has-link-color wp-elements-4cbd196bcfae8e583615d169f3820ba3\">Tous les chiens doivent \u00eatre socialis\u00e9s et leurs vaccins et enregistrements doivent \u00eatre \u00e0 jour. L'utilisation de produits de pr\u00e9vention contre le ver du c\u0153ur et les tiques est recommand\u00e9e.<\/li>\n\n\n\n<li class=\"has-earthy-color has-text-color has-link-color wp-elements-f742f1c340367850a7340ddf13a6f3c3\">Les chiens doivent avoir un collier bien ajust\u00e9 et les m\u00e9dailles doivent \u00eatre affich\u00e9es sur le collier.<\/li>\n\n\n\n<li class=\"has-earthy-color has-text-color has-link-color wp-elements-d628e7a3d8259b6aac8b5d860019a8ce\">Les enfants de moins de 18 ans doivent \u00eatre accompagn\u00e9s d'un adulte.<\/li>\n\n\n\n<li class=\"has-earthy-color has-text-color has-link-color wp-elements-14cbe3eb414387043020e6170d2ebe4a\">Uniquement les chiens ! Les animaux autres que les chiens ne sont pas autoris\u00e9s \u00e0 l'int\u00e9rieur du jardin. Il s'agit notamment des hybrides de loups, des chats, des cochons \u00e0 ventre plat, des lapins, des furets, des rats, des oiseaux et des reptiles.<\/li>\n\n\n\n<li class=\"has-earthy-color has-text-color has-link-color wp-elements-96808403873fabcb0fd80d25cd9ffeed\">Pour leur s\u00e9curit\u00e9, les chiots de moins de quatre mois ne sont pas admis.<\/li>\n\n\n\n<li class=\"has-earthy-color has-text-color has-link-color wp-elements-eaf9957742167ae020f9228577f00357\">Veuillez apporter votre eau et vos friandises, ainsi que des sacs \u00e0 d\u00e9jections canines !<\/li>\n\n\n\n<li class=\"has-earthy-color has-text-color has-link-color wp-elements-5880ae2c03dea94195f46098fc254ecc\">Tous les visiteurs sont inform\u00e9s que la visite du jardin avec un chien se fait \u00e0 leurs risques et p\u00e9rils.<\/li>\n\n\n\n<li class=\"has-earthy-color has-text-color has-link-color wp-elements-befcb2d75ca16622d9c53984c74fb980\">Les propri\u00e9taires d'animaux sont responsables des actions et du comportement de leur chien.<\/li>\n\n\n\n<li class=\"has-earthy-color has-text-color has-link-color wp-elements-914144fe69d44b5edd5939ea154c212a\">Les propri\u00e9taires de chiens sont enti\u00e8rement responsables du comportement de leur animal et assument la responsabilit\u00e9 des dommages subis par toute personne mordue par le chien d'un h\u00f4te pendant qu'elle se trouve sur la propri\u00e9t\u00e9 du jardin. Pour la s\u00e9curit\u00e9 de votre chien et de l'environnement naturel, restez sur les chemins pav\u00e9s et en terre battue. Cela permet de prot\u00e9ger toutes les formes de vie (plantes et animaux) !<\/li>\n\n\n\n<li class=\"has-earthy-color has-text-color has-link-color wp-elements-f2c85c26e0c1bdd7298eb1882b08baca\">Les chiens doivent \u00eatre surveill\u00e9s \u00e0 tout moment par une personne \u00e2g\u00e9e de 18 ans ou plus. Les chiens sans surveillance sont interdits dans le jardin \u00e0 tout moment.<\/li>\n\n\n\n<li class=\"has-earthy-color has-text-color has-link-color wp-elements-ac4010a46e467c41c649b527b51f021a\">Veuillez laisser le jardin dans l'\u00e9tat o\u00f9 vous l'avez trouv\u00e9 ! Les excr\u00e9ments de chiens doivent \u00eatre nettoy\u00e9s imm\u00e9diatement par leur ma\u00eetre.<\/li>\n\n\n\n<li class=\"has-earthy-color has-text-color has-link-color wp-elements-c19694260ebd2c0577ab201200357b51\">Veuillez faire preuve de discernement lorsque vous autorisez votre chien \u00e0 uriner. De nombreuses plantes du jardin peuvent \u00eatre endommag\u00e9es par l'urine des chiens.<\/li>\n\n\n\n<li class=\"has-earthy-color has-text-color has-link-color wp-elements-ee67038f3ba638aaf2ff64c28d0ae2d3\">Les chiens ne sont pas admis dans les massifs de plantes ni dans le lac.<\/li>\n\n\n\n<li class=\"has-earthy-color has-text-color has-link-color wp-elements-3bcc1d7d6b39e378622dacce59ca7131\">Le ma\u00eetre-chien doit tenir son chien en laisse \u00e0 tout moment et les chiens doivent \u00eatre attach\u00e9s \u00e0 tout moment \u00e0 une distance ne d\u00e9passant pas six pieds de long de leur ma\u00eetre.<\/li>\n\n\n\n<li class=\"has-earthy-color has-text-color has-link-color wp-elements-755fd1164727ce10373afb909c1afa1d\">Les chiens doivent \u00eatre retir\u00e9s du jardin d\u00e8s les premiers signes d'agression. Les chiens dangereux, tels que d\u00e9finis dans l'ordonnance n\u00b0 98-22 du comt\u00e9 de Palm Beach (Palm Beach County Animal Care and Control Ordinance), sont interdits dans le jardin.<\/li>\n\n\n\n<li class=\"has-earthy-color has-text-color has-link-color wp-elements-4a6666781d2ed88c3304f602e446d572\">L'acc\u00e8s au jardin est interdit aux chiennes en chaleur.<\/li>\n\n\n\n<li class=\"has-earthy-color has-text-color has-link-color wp-elements-45e13403702cfcd158a12e37a4435080\">Les animaux st\u00e9rilis\u00e9s sont recommand\u00e9s.<\/li>\n\n\n\n<li class=\"has-earthy-color has-text-color has-link-color wp-elements-c4119e47c5065d09528ac74649711472\">Les personnes qui enfreignent ces r\u00e8gles s'exposent \u00e0 une expulsion du jardin et\/ou \u00e0 une suspension.<\/li>\n<\/ul>\n<\/div>\n<\/div>","protected":false},"excerpt":{"rendered":"<p>Garden Paw-licies Pet Policy Overview Dogs are welcome in the Garden every second Sunday of each month for Dogs&#8217; Days in the Garden. Service dogs are welcome every day. The health and safety of Garden guests, dogs, employees, and volunteers is paramount. To make this a fun and safe experience for all Garden guests, please [&hellip;]<\/p>","protected":false},"author":1,"featured_media":254,"parent":0,"menu_order":0,"comment_status":"closed","ping_status":"closed","template":"","meta":{"_eb_attr":"","inline_featured_image":false,"footnotes":""},"class_list":["post-4241","page","type-page","status-publish","has-post-thumbnail","hentry"],"yoast_head":"<!-- This site is optimized with the Yoast SEO plugin v27.1.1 - https:\/\/yoast.com\/product\/yoast-seo-wordpress\/ -->\n<title>Pet Policy - Mounts Botanical Garden of Palm Beach County<\/title>\n<meta name=\"description\" content=\"Pet Policy - Mounts Botanical Garden of Palm Beach County\" \/>\n<meta name=\"robots\" content=\"index, follow, max-snippet:-1, max-image-preview:large, max-video-preview:-1\" \/>\n<link rel=\"canonical\" href=\"https:\/\/www.mounts.org\/fr_ca\/politique-concernant-les-animaux-de-compagnie\/\" \/>\n<meta property=\"og:locale\" content=\"fr_CA\" \/>\n<meta property=\"og:type\" content=\"article\" \/>\n<meta property=\"og:title\" content=\"Pet Policy - Mounts Botanical Garden of Palm Beach County\" \/>\n<meta property=\"og:description\" content=\"Pet Policy - Mounts Botanical Garden of Palm Beach County\" \/>\n<meta property=\"og:url\" content=\"https:\/\/www.mounts.org\/fr_ca\/politique-concernant-les-animaux-de-compagnie\/\" \/>\n<meta property=\"og:site_name\" content=\"Mounts Botanical Garden of Palm Beach County\" \/>\n<meta property=\"article:publisher\" content=\"https:\/\/www.facebook.com\/MountsBotanicalGarden\/\" \/>\n<meta property=\"article:modified_time\" content=\"2026-03-11T16:03:48+00:00\" \/>\n<meta name=\"twitter:card\" content=\"summary_large_image\" \/>\n<meta name=\"twitter:label1\" content=\"Est. reading time\" \/>\n\t<meta name=\"twitter:data1\" content=\"3 minutes\" \/>\n<script type=\"application\/ld+json\" class=\"yoast-schema-graph\">{\"@context\":\"https:\/\/schema.org\",\"@graph\":[{\"@type\":\"WebPage\",\"@id\":\"https:\/\/www.mounts.org\/fr_ca\/politique-concernant-les-animaux-de-compagnie\/\",\"url\":\"https:\/\/www.mounts.org\/fr_ca\/politique-concernant-les-animaux-de-compagnie\/\",\"name\":\"Pet Policy - Mounts Botanical Garden of Palm Beach County\",\"isPartOf\":{\"@id\":\"https:\/\/www.mounts.org\/fr_ca\/#website\"},\"primaryImageOfPage\":{\"@id\":\"https:\/\/www.mounts.org\/fr_ca\/politique-concernant-les-animaux-de-compagnie\/#primaryimage\"},\"image\":{\"@id\":\"https:\/\/www.mounts.org\/fr_ca\/politique-concernant-les-animaux-de-compagnie\/#primaryimage\"},\"thumbnailUrl\":\"\",\"datePublished\":\"2026-01-15T19:27:19+00:00\",\"dateModified\":\"2026-03-11T16:03:48+00:00\",\"description\":\"Pet Policy - Mounts Botanical Garden of Palm Beach County\",\"breadcrumb\":{\"@id\":\"https:\/\/www.mounts.org\/fr_ca\/politique-concernant-les-animaux-de-compagnie\/#breadcrumb\"},\"inLanguage\":\"fr-CA\",\"potentialAction\":[{\"@type\":\"ReadAction\",\"target\":[\"https:\/\/www.mounts.org\/fr_ca\/politique-concernant-les-animaux-de-compagnie\/\"]}]},{\"@type\":\"ImageObject\",\"inLanguage\":\"fr-CA\",\"@id\":\"https:\/\/www.mounts.org\/fr_ca\/politique-concernant-les-animaux-de-compagnie\/#primaryimage\",\"url\":\"\",\"contentUrl\":\"\"},{\"@type\":\"BreadcrumbList\",\"@id\":\"https:\/\/www.mounts.org\/fr_ca\/politique-concernant-les-animaux-de-compagnie\/#breadcrumb\",\"itemListElement\":[{\"@type\":\"ListItem\",\"position\":1,\"name\":\"Home\",\"item\":\"https:\/\/www.mounts.org\/fr_ca\/\"},{\"@type\":\"ListItem\",\"position\":2,\"name\":\"Pet Policy\"}]},{\"@type\":\"WebSite\",\"@id\":\"https:\/\/www.mounts.org\/fr_ca\/#website\",\"url\":\"https:\/\/www.mounts.org\/fr_ca\/\",\"name\":\"Mounts Botanical Garden of Palm Beach County\",\"description\":\"Welcome to your Garden\",\"publisher\":{\"@id\":\"https:\/\/www.mounts.org\/fr_ca\/#organization\"},\"alternateName\":\"Mounts Botanical Garden\",\"potentialAction\":[{\"@type\":\"SearchAction\",\"target\":{\"@type\":\"EntryPoint\",\"urlTemplate\":\"https:\/\/www.mounts.org\/fr_ca\/?s={search_term_string}\"},\"query-input\":{\"@type\":\"PropertyValueSpecification\",\"valueRequired\":true,\"valueName\":\"search_term_string\"}}],\"inLanguage\":\"fr-CA\"},{\"@type\":\"Organization\",\"@id\":\"https:\/\/www.mounts.org\/fr_ca\/#organization\",\"name\":\"Mounts Botanical Garden of Palm Beach County\",\"url\":\"https:\/\/www.mounts.org\/fr_ca\/\",\"logo\":{\"@type\":\"ImageObject\",\"inLanguage\":\"fr-CA\",\"@id\":\"https:\/\/www.mounts.org\/fr_ca\/#\/schema\/logo\/image\/\",\"url\":\"https:\/\/mounts-botanical-gardens.nyc3.cdn.digitaloceanspaces.com\/dev\/2025\/11\/15180613\/Group-27.svg\",\"contentUrl\":\"https:\/\/mounts-botanical-gardens.nyc3.cdn.digitaloceanspaces.com\/dev\/2025\/11\/15180613\/Group-27.svg\",\"width\":85,\"height\":63,\"caption\":\"Mounts Botanical Garden of Palm Beach County\"},\"image\":{\"@id\":\"https:\/\/www.mounts.org\/fr_ca\/#\/schema\/logo\/image\/\"},\"sameAs\":[\"https:\/\/www.facebook.com\/MountsBotanicalGarden\/\",\"https:\/\/www.instagram.com\/mountsbotanicalgarden\",\"https:\/\/www.youtube.com\/@mountsbotanicalgardenwpb\"]}]}<\/script>\n<!-- \/ Yoast SEO plugin. -->","yoast_head_json":{"title":"Politique relative aux animaux de compagnie - Mounts Botanical Garden of Palm Beach County","description":"Politique relative aux animaux de compagnie - Mounts Botanical Garden of Palm Beach County","robots":{"index":"index","follow":"follow","max-snippet":"max-snippet:-1","max-image-preview":"max-image-preview:large","max-video-preview":"max-video-preview:-1"},"canonical":"https:\/\/www.mounts.org\/fr_ca\/politique-concernant-les-animaux-de-compagnie\/","og_locale":"fr_CA","og_type":"article","og_title":"Pet Policy - Mounts Botanical Garden of Palm Beach County","og_description":"Pet Policy - Mounts Botanical Garden of Palm Beach County","og_url":"https:\/\/www.mounts.org\/fr_ca\/politique-concernant-les-animaux-de-compagnie\/","og_site_name":"Mounts Botanical Garden of Palm Beach County","article_publisher":"https:\/\/www.facebook.com\/MountsBotanicalGarden\/","article_modified_time":"2026-03-11T16:03:48+00:00","twitter_card":"summary_large_image","twitter_misc":{"Est. reading time":"3 minutes"},"schema":{"@context":"https:\/\/schema.org","@graph":[{"@type":"WebPage","@id":"https:\/\/www.mounts.org\/fr_ca\/politique-concernant-les-animaux-de-compagnie\/","url":"https:\/\/www.mounts.org\/fr_ca\/politique-concernant-les-animaux-de-compagnie\/","name":"Politique relative aux animaux de compagnie - Mounts Botanical Garden of Palm Beach County","isPartOf":{"@id":"https:\/\/www.mounts.org\/fr_ca\/#website"},"primaryImageOfPage":{"@id":"https:\/\/www.mounts.org\/fr_ca\/politique-concernant-les-animaux-de-compagnie\/#primaryimage"},"image":{"@id":"https:\/\/www.mounts.org\/fr_ca\/politique-concernant-les-animaux-de-compagnie\/#primaryimage"},"thumbnailUrl":"","datePublished":"2026-01-15T19:27:19+00:00","dateModified":"2026-03-11T16:03:48+00:00","description":"Politique relative aux animaux de compagnie - Mounts Botanical Garden of Palm Beach County","breadcrumb":{"@id":"https:\/\/www.mounts.org\/fr_ca\/politique-concernant-les-animaux-de-compagnie\/#breadcrumb"},"inLanguage":"fr-CA","potentialAction":[{"@type":"ReadAction","target":["https:\/\/www.mounts.org\/fr_ca\/politique-concernant-les-animaux-de-compagnie\/"]}]},{"@type":"ImageObject","inLanguage":"fr-CA","@id":"https:\/\/www.mounts.org\/fr_ca\/politique-concernant-les-animaux-de-compagnie\/#primaryimage","url":"","contentUrl":""},{"@type":"BreadcrumbList","@id":"https:\/\/www.mounts.org\/fr_ca\/politique-concernant-les-animaux-de-compagnie\/#breadcrumb","itemListElement":[{"@type":"ListItem","position":1,"name":"Home","item":"https:\/\/www.mounts.org\/fr_ca\/"},{"@type":"ListItem","position":2,"name":"Pet Policy"}]},{"@type":"WebSite","@id":"https:\/\/www.mounts.org\/fr_ca\/#website","url":"https:\/\/www.mounts.org\/fr_ca\/","name":"Jardin botanique des monts du comt\u00e9 de Palm Beach","description":"Bienvenue dans votre jardin","publisher":{"@id":"https:\/\/www.mounts.org\/fr_ca\/#organization"},"alternateName":"Mounts Botanical Garden","potentialAction":[{"@type":"SearchAction","target":{"@type":"EntryPoint","urlTemplate":"https:\/\/www.mounts.org\/fr_ca\/?s={search_term_string}"},"query-input":{"@type":"PropertyValueSpecification","valueRequired":true,"valueName":"search_term_string"}}],"inLanguage":"fr-CA"},{"@type":"Organization","@id":"https:\/\/www.mounts.org\/fr_ca\/#organization","name":"Jardin botanique des monts du comt\u00e9 de Palm Beach","url":"https:\/\/www.mounts.org\/fr_ca\/","logo":{"@type":"ImageObject","inLanguage":"fr-CA","@id":"https:\/\/www.mounts.org\/fr_ca\/#\/schema\/logo\/image\/","url":"https:\/\/mounts-botanical-gardens.nyc3.cdn.digitaloceanspaces.com\/dev\/2025\/11\/15180613\/Group-27.svg","contentUrl":"https:\/\/mounts-botanical-gardens.nyc3.cdn.digitaloceanspaces.com\/dev\/2025\/11\/15180613\/Group-27.svg","width":85,"height":63,"caption":"Mounts Botanical Garden of Palm Beach County"},"image":{"@id":"https:\/\/www.mounts.org\/fr_ca\/#\/schema\/logo\/image\/"},"sameAs":["https:\/\/www.facebook.com\/MountsBotanicalGarden\/","https:\/\/www.instagram.com\/mountsbotanicalgarden","https:\/\/www.youtube.com\/@mountsbotanicalgardenwpb"]}]}},"pbg_featured_image_src":{"full":false,"thumbnail":false,"medium":false,"medium_large":false,"large":false,"thumblist":false,"thumbrelated":false,"meccarouselthumb":false,"gridsquare":false,"tileview":false,"1536x1536":false,"2048x2048":false,"trp-custom-language-flag":false,"gform-image-choice-sm":false,"gform-image-choice-md":false,"gform-image-choice-lg":false},"pbg_author_info":{"display_name":"jworkman","author_link":"https:\/\/www.mounts.org\/fr_ca\/author\/jworkman\/","author_img":"<img alt='jworkman' src='https:\/\/secure.gravatar.com\/avatar\/d681782f7ee2dc727aa4c819f3cffffe83d747ec1de3b219878d6e178e409fac?s=128&#038;d=mm&#038;r=g' srcset='https:\/\/secure.gravatar.com\/avatar\/d681782f7ee2dc727aa4c819f3cffffe83d747ec1de3b219878d6e178e409fac?s=256&#038;d=mm&#038;r=g 2x' class='avatar avatar-128 photo' height='128' width='128' loading='lazy' decoding='async'\/>"},"pbg_comment_info":" No Comments","pbg_excerpt":"Garden Paw-licies Pet Policy Overview Dogs are welcome in the Garden every second Sunday of each month for Dogs&#8217; Days in the Garden. Service dogs are welcome every day. The health and safety of Garden guests, dogs, employees, and volunteers is paramount. To make this a fun and safe experience for all Garden guests, please&hellip;","_links":{"self":[{"href":"https:\/\/www.mounts.org\/fr_ca\/wp-json\/wp\/v2\/pages\/4241","targetHints":{"allow":["GET"]}}],"collection":[{"href":"https:\/\/www.mounts.org\/fr_ca\/wp-json\/wp\/v2\/pages"}],"about":[{"href":"https:\/\/www.mounts.org\/fr_ca\/wp-json\/wp\/v2\/types\/page"}],"author":[{"embeddable":true,"href":"https:\/\/www.mounts.org\/fr_ca\/wp-json\/wp\/v2\/users\/1"}],"replies":[{"embeddable":true,"href":"https:\/\/www.mounts.org\/fr_ca\/wp-json\/wp\/v2\/comments?post=4241"}],"version-history":[{"count":7,"href":"https:\/\/www.mounts.org\/fr_ca\/wp-json\/wp\/v2\/pages\/4241\/revisions"}],"predecessor-version":[{"id":5197,"href":"https:\/\/www.mounts.org\/fr_ca\/wp-json\/wp\/v2\/pages\/4241\/revisions\/5197"}],"wp:featuredmedia":[{"embeddable":true,"href":"https:\/\/www.mounts.org\/fr_ca\/wp-json\/"}],"wp:attachment":[{"href":"https:\/\/www.mounts.org\/fr_ca\/wp-json\/wp\/v2\/media?parent=4241"}],"curies":[{"name":"wp","href":"https:\/\/api.w.org\/{rel}","templated":true}]}}