{"id":1656,"date":"2025-11-20T01:50:30","date_gmt":"2025-11-20T01:50:30","guid":{"rendered":"https:\/\/www.mounts.org\/?page_id=1656"},"modified":"2026-01-30T20:20:35","modified_gmt":"2026-01-30T20:20:35","slug":"loja","status":"publish","type":"page","link":"https:\/\/www.mounts.org\/pt\/visita\/loja\/","title":{"rendered":"Loja"},"content":{"rendered":"<div class=\"wp-block-group alignfull is-layout-constrained wp-container-core-group-is-layout-b7a69357 wp-block-group-is-layout-constrained has-background\" style=\"min-height:200px;padding-top:25vh;padding-bottom:25vh;background-image:url(&apos;https:\/\/mounts-botanical-gardens.nyc3.cdn.digitaloceanspaces.com\/dev\/2026\/01\/Shop-Banner-1-scaled.jpg&apos;);background-position:50% 50%;background-size:cover;\">\n<h1 class=\"wp-block-heading has-text-align-center has-white-color has-text-color has-link-color has-mansalva-font-family wp-elements-b814936dbbf66e15cbf64fec3576228c\" style=\"font-size:clamp(37.821px, 2.364rem + ((1vw - 3.2px) * 2.514), 70px);\">Comprar no jardim<\/h1>\n<\/div>\n\n\n\n<div class=\"wp-block-media-text has-media-on-the-right is-stacked-on-mobile mounts-media-text ltr is-padded-mobile\"><div class=\"wp-block-media-text__content\">\n<h2 class=\"wp-block-heading has-earthy-color has-text-color has-link-color wp-elements-f68ac234f13148ac36bd582818b29629\">O ber\u00e7\u00e1rio<\/h2>\n\n\n\n<p>Os nossos especialistas em jardinagem cuidam de uma s\u00e9rie de plantas para que possa cultivar o seu pr\u00f3prio peda\u00e7o de para\u00edso.<\/p>\n\n\n\n<ul class=\"wp-block-list\">\n<li>Nativos da Fl\u00f3rida<\/li>\n\n\n\n<li>Coberturas de solo<\/li>\n\n\n\n<li>Ervas<\/li>\n\n\n\n<li>Plantas ornamentais<\/li>\n\n\n\n<li>Plantas de borboletas<\/li>\n\n\n\n<li>Plantas de sombra e muito mais<\/li>\n<\/ul>\n\n\n\n<p><\/p>\n\n\n\n<p>Aberto de ter\u00e7a a domingo<br>9:00 - 15:30<\/p>\n<\/div><figure class=\"wp-block-media-text__media\"><img loading=\"lazy\" decoding=\"async\" width=\"1200\" height=\"795\" src=\"https:\/\/mounts-botanical-gardens.nyc3.cdn.digitaloceanspaces.com\/dev\/2025\/11\/1-Featured-Image-Nursery_May-2020_web.jpg\" alt=\"viveiro\" class=\"wp-image-1981 size-full\" srcset=\"https:\/\/mounts-botanical-gardens.nyc3.cdn.digitaloceanspaces.com\/dev\/2025\/11\/1-Featured-Image-Nursery_May-2020_web.jpg 1200w, https:\/\/mounts-botanical-gardens.nyc3.cdn.digitaloceanspaces.com\/dev\/2025\/11\/1-Featured-Image-Nursery_May-2020_web-1024x678.jpg 1024w, https:\/\/mounts-botanical-gardens.nyc3.cdn.digitaloceanspaces.com\/dev\/2025\/11\/1-Featured-Image-Nursery_May-2020_web-768x509.jpg 768w, https:\/\/mounts-botanical-gardens.nyc3.cdn.digitaloceanspaces.com\/dev\/2025\/11\/1-Featured-Image-Nursery_May-2020_web-391x260.jpg 391w, https:\/\/mounts-botanical-gardens.nyc3.cdn.digitaloceanspaces.com\/dev\/2025\/11\/1-Featured-Image-Nursery_May-2020_web-18x12.jpg 18w\" sizes=\"auto, (max-width: 1200px) 100vw, 1200px\" \/><\/figure><\/div>\n\n\n\n<div class=\"wp-block-media-text is-stacked-on-mobile mounts-media-text rtl is-padded-mobile\"><figure class=\"wp-block-media-text__media\"><img loading=\"lazy\" decoding=\"async\" width=\"1365\" height=\"1024\" src=\"https:\/\/mounts-botanical-gardens.nyc3.cdn.digitaloceanspaces.com\/dev\/2025\/11\/IMG_3011-1365x1024.jpg\" alt=\"loja de artigos em segunda m\u00e3o\" class=\"wp-image-1983 size-full\" srcset=\"https:\/\/mounts-botanical-gardens.nyc3.cdn.digitaloceanspaces.com\/dev\/2025\/11\/IMG_3011-1365x1024.jpg 1365w, https:\/\/mounts-botanical-gardens.nyc3.cdn.digitaloceanspaces.com\/dev\/2025\/11\/IMG_3011-1024x768.jpg 1024w, https:\/\/mounts-botanical-gardens.nyc3.cdn.digitaloceanspaces.com\/dev\/2025\/11\/IMG_3011-400x300.jpg 400w, https:\/\/mounts-botanical-gardens.nyc3.cdn.digitaloceanspaces.com\/dev\/2025\/11\/IMG_3011-768x576.jpg 768w, https:\/\/mounts-botanical-gardens.nyc3.cdn.digitaloceanspaces.com\/dev\/2025\/11\/IMG_3011-16x12.jpg 16w, https:\/\/mounts-botanical-gardens.nyc3.cdn.digitaloceanspaces.com\/dev\/2025\/11\/IMG_3011.jpg 1500w\" sizes=\"auto, (max-width: 1365px) 100vw, 1365px\" \/><\/figure><div class=\"wp-block-media-text__content\">\n<h2 class=\"wp-block-heading has-earthy-color has-text-color has-link-color wp-elements-c651b3dea30c902b684c71306491d054\">Vintage Garden Thrift Shop<\/h2>\n\n\n\n<p>Nova loja vintage em breve!<\/p>\n\n\n\n<p>Encontre ou doe antiguidades \u00fanicas, tesouros em segunda m\u00e3o e mais acess\u00f3rios de jardim na loja vintage.<\/p>\n\n\n\n<p>Aberto de ter\u00e7a a domingo<br>9:00 - 15:30&nbsp;<\/p>\n<\/div><\/div>\n\n\n\n<div class=\"wp-block-media-text has-media-on-the-right is-stacked-on-mobile mounts-media-text ltr is-padded-mobile\"><div class=\"wp-block-media-text__content\">\n<h2 class=\"wp-block-heading has-earthy-color has-text-color has-link-color wp-elements-eb2351b4a7ecbc0cd2c774a83bd59b44\">Folha com um presente<\/h2>\n\n\n\n<p>Termine a sua visita ao jardim na loja de recorda\u00e7\u00f5es e leve para casa uma lembran\u00e7a bot\u00e2nica para si e para os seus amigos.<\/p>\n\n\n\n<ul class=\"wp-block-list\">\n<li>Bolsas de m\u00e3o<\/li>\n\n\n\n<li>J\u00f3ias<\/li>\n\n\n\n<li>Livros e brinquedos para crian\u00e7as<\/li>\n\n\n\n<li>Cart\u00f5es de notas<\/li>\n\n\n\n<li>Livros<\/li>\n\n\n\n<li>Acess\u00f3rios de jardinagem e muito mais<\/li>\n<\/ul>\n<\/div><figure class=\"wp-block-media-text__media\"><img loading=\"lazy\" decoding=\"async\" width=\"768\" height=\"1024\" src=\"https:\/\/mounts-botanical-gardens.nyc3.cdn.digitaloceanspaces.com\/dev\/2026\/01\/Shop-Leaf-with-a-gift-768x1024.jpg\" alt=\"\" class=\"wp-image-4357 size-full\" srcset=\"https:\/\/mounts-botanical-gardens.nyc3.cdn.digitaloceanspaces.com\/dev\/2026\/01\/Shop-Leaf-with-a-gift-768x1024.jpg 768w, https:\/\/mounts-botanical-gardens.nyc3.cdn.digitaloceanspaces.com\/dev\/2026\/01\/Shop-Leaf-with-a-gift-576x768.jpg 576w, https:\/\/mounts-botanical-gardens.nyc3.cdn.digitaloceanspaces.com\/dev\/2026\/01\/Shop-Leaf-with-a-gift-300x400.jpg 300w, https:\/\/mounts-botanical-gardens.nyc3.cdn.digitaloceanspaces.com\/dev\/2026\/01\/Shop-Leaf-with-a-gift-1152x1536.jpg 1152w, https:\/\/mounts-botanical-gardens.nyc3.cdn.digitaloceanspaces.com\/dev\/2026\/01\/Shop-Leaf-with-a-gift-1536x2048.jpg 1536w, https:\/\/mounts-botanical-gardens.nyc3.cdn.digitaloceanspaces.com\/dev\/2026\/01\/Shop-Leaf-with-a-gift-9x12.jpg 9w, https:\/\/mounts-botanical-gardens.nyc3.cdn.digitaloceanspaces.com\/dev\/2026\/01\/Shop-Leaf-with-a-gift-scaled.jpg 1920w\" sizes=\"auto, (max-width: 768px) 100vw, 768px\" \/><\/figure><\/div>\n\n\n\n<h2 class=\"wp-block-heading has-text-align-center has-earthy-color has-text-color has-link-color wp-elements-cfcb1e2f5b85218b168cd89aebb9e02f\">Perguntas mais frequentes<\/h2>\n\n\n\n<div class=\"wp-block-premium-accordion premium-accordion premium-accordion-91fe09b30ba0\">\n<div class=\"wp-block-premium-accordion-item premium-accordion-item-462fbdf32c3c premium-accordion__content_wrap\"><div class=\"premium-accordion__title_wrap premium-accordion__ltr premium-accordion__out\"><div class=\"premium-accordion__title\"><h4 class=\"premium-accordion__title_text\">Tenho de pagar a entrada para fazer compras no Viveiro?<\/h4><\/div><div class=\"premium-accordion__icon_wrap\"><svg class=\"premium-accordion__icon\" role=\"img\" focusable=\"false\" xmlns=\"http:\/\/www.w3.org\/2000\/svg\" viewbox=\"0 0 20 20\"><polygon points=\"16.7,3.3 10,10 3.3,3.4 0,6.7 10,16.7 10,16.6 20,6.7 \"><\/polygon><\/svg><\/div><\/div><div class=\"premium-accordion__desc_wrap\"><p class=\"premium-accordion__desc\">Sim, as compras no nosso viveiro est\u00e3o inclu\u00eddas na entrada. Se \u00e9 um comprador frequente do Viveiro, recomendamos vivamente que considere a possibilidade de se tornar membro, o que inclui a entrada gratuita durante todo o ano, incluindo no Viveiro. <a href=\"https:\/\/www.mounts.org\/pt\/adesao\/\">Saiba mais sobre a ades\u00e3o<\/a>. <\/p><\/div><\/div>\n\n\n\n<div class=\"wp-block-premium-accordion-item premium-accordion-item-b163c90efa0b premium-accordion__content_wrap\"><div class=\"premium-accordion__title_wrap premium-accordion__ltr premium-accordion__out\"><div class=\"premium-accordion__title\"><h4 class=\"premium-accordion__title_text\">Tenho uma pergunta sobre plantas e como as tratar. A quem posso telefonar?<\/h4><\/div><div class=\"premium-accordion__icon_wrap\"><svg class=\"premium-accordion__icon\" role=\"img\" focusable=\"false\" xmlns=\"http:\/\/www.w3.org\/2000\/svg\" viewbox=\"0 0 20 20\"><polygon points=\"16.7,3.3 10,10 3.3,3.4 0,6.7 10,16.7 10,16.6 20,6.7 \"><\/polygon><\/svg><\/div><\/div><div class=\"premium-accordion__desc_wrap\"><p class=\"premium-accordion__desc\">O nosso viveiro tem uma equipa de profissionais de jardinagem que est\u00e3o dispon\u00edveis para responder \u00e0s suas perguntas quando nos visitar. Tamb\u00e9m pode ligar para a linha direta do Master Gardener 561-233-1750 ou enviar um e-mail para <a href=\"mailto:mastergardener@pbc.gov\">mastergardener@pbc.gov<\/a>.<\/p><\/div><\/div>\n\n\n\n<div class=\"wp-block-premium-accordion-item premium-accordion-item-a47f6cd653b3 premium-accordion__content_wrap\"><div class=\"premium-accordion__title_wrap premium-accordion__ltr premium-accordion__out\"><div class=\"premium-accordion__title\"><h4 class=\"premium-accordion__title_text\">Oferece certificados de oferta?<\/h4><\/div><div class=\"premium-accordion__icon_wrap\"><svg class=\"premium-accordion__icon\" role=\"img\" focusable=\"false\" xmlns=\"http:\/\/www.w3.org\/2000\/svg\" viewbox=\"0 0 20 20\"><polygon points=\"16.7,3.3 10,10 3.3,3.4 0,6.7 10,16.7 10,16.6 20,6.7 \"><\/polygon><\/svg><\/div><\/div><div class=\"premium-accordion__desc_wrap\"><p class=\"premium-accordion__desc\">Sim, pode comprar certificados de oferta de v\u00e1rios montantes no nosso Centro de Boas-vindas.<\/p><\/div><\/div>\n\n\n\n<div class=\"wp-block-premium-accordion-item premium-accordion-item-98a3d1a98dc3 premium-accordion__content_wrap\"><div class=\"premium-accordion__title_wrap premium-accordion__ltr premium-accordion__out\"><div class=\"premium-accordion__title\"><h4 class=\"premium-accordion__title_text\">Posso comprar uma subscri\u00e7\u00e3o para oferta?<\/h4><\/div><div class=\"premium-accordion__icon_wrap\"><svg class=\"premium-accordion__icon\" role=\"img\" focusable=\"false\" xmlns=\"http:\/\/www.w3.org\/2000\/svg\" viewbox=\"0 0 20 20\"><polygon points=\"16.7,3.3 10,10 3.3,3.4 0,6.7 10,16.7 10,16.6 20,6.7 \"><\/polygon><\/svg><\/div><\/div><div class=\"premium-accordion__desc_wrap\"><p class=\"premium-accordion__desc\">Sim, pode oferecer uma inscri\u00e7\u00e3o no Garden marcando a op\u00e7\u00e3o \"Esta inscri\u00e7\u00e3o \u00e9 um presente\" ao comprar uma inscri\u00e7\u00e3o online. Para mais informa\u00e7\u00f5es sobre a ades\u00e3o, visite o nosso <a href=\"https:\/\/www.mounts.org\/pt\/adesao\/\">P\u00e1gina de ades\u00e3o<\/a> para mais informa\u00e7\u00f5es. <\/p><\/div><\/div>\n<\/div>","protected":false},"excerpt":{"rendered":"<p>Descubra plantas, acess\u00f3rios de jardim, tesouros vintage e lembran\u00e7as bot\u00e2nicas no viveiro, na loja de artigos usados e na loja de recorda\u00e7\u00f5es do Jardim.<\/p>","protected":false},"author":1,"featured_media":4547,"parent":152,"menu_order":0,"comment_status":"closed","ping_status":"closed","template":"","meta":{"_eb_attr":"","inline_featured_image":false,"footnotes":""},"class_list":["post-1656","page","type-page","status-publish","has-post-thumbnail","hentry"],"yoast_head":"<!-- This site is optimized with the Yoast SEO plugin v27.1.1 - https:\/\/yoast.com\/product\/yoast-seo-wordpress\/ -->\n<title>Shop - Mounts Botanical Garden of Palm Beach County<\/title>\n<meta name=\"description\" content=\"Shop - Mounts Botanical Garden of Palm Beach County\" \/>\n<meta name=\"robots\" content=\"index, follow, max-snippet:-1, max-image-preview:large, max-video-preview:-1\" \/>\n<link rel=\"canonical\" href=\"https:\/\/www.mounts.org\/pt\/visita\/loja\/\" \/>\n<meta property=\"og:locale\" content=\"pt_PT\" \/>\n<meta property=\"og:type\" content=\"article\" \/>\n<meta property=\"og:title\" content=\"Shop - Mounts Botanical Garden of Palm Beach County\" \/>\n<meta property=\"og:description\" content=\"Shop - Mounts Botanical Garden of Palm Beach County\" \/>\n<meta property=\"og:url\" content=\"https:\/\/www.mounts.org\/pt\/visita\/loja\/\" \/>\n<meta property=\"og:site_name\" content=\"Mounts Botanical Garden of Palm Beach County\" \/>\n<meta property=\"article:publisher\" content=\"https:\/\/www.facebook.com\/MountsBotanicalGarden\/\" \/>\n<meta property=\"article:modified_time\" content=\"2026-01-30T20:20:35+00:00\" \/>\n<meta property=\"og:image\" content=\"https:\/\/mounts-botanical-gardens.nyc3.cdn.digitaloceanspaces.com\/dev\/2026\/01\/Visit-Shop-scaled.jpg\" \/>\n\t<meta property=\"og:image:width\" content=\"1920\" \/>\n\t<meta property=\"og:image:height\" content=\"2560\" \/>\n\t<meta property=\"og:image:type\" content=\"image\/jpeg\" \/>\n<meta name=\"twitter:card\" content=\"summary_large_image\" \/>\n<meta name=\"twitter:label1\" content=\"Est. reading time\" \/>\n\t<meta name=\"twitter:data1\" content=\"2 minutes\" \/>\n<script type=\"application\/ld+json\" class=\"yoast-schema-graph\">{\"@context\":\"https:\/\/schema.org\",\"@graph\":[{\"@type\":\"WebPage\",\"@id\":\"https:\/\/www.mounts.org\/pt\/visita\/loja\/\",\"url\":\"https:\/\/www.mounts.org\/pt\/visita\/loja\/\",\"name\":\"Shop - Mounts Botanical Garden of Palm Beach County\",\"isPartOf\":{\"@id\":\"https:\/\/www.mounts.org\/pt\/#website\"},\"primaryImageOfPage\":{\"@id\":\"https:\/\/www.mounts.org\/pt\/visita\/loja\/#primaryimage\"},\"image\":{\"@id\":\"https:\/\/www.mounts.org\/pt\/visita\/loja\/#primaryimage\"},\"thumbnailUrl\":\"https:\/\/mounts-botanical-gardens.nyc3.cdn.digitaloceanspaces.com\/dev\/2026\/01\/Visit-Shop-scaled.jpg\",\"datePublished\":\"2025-11-20T01:50:30+00:00\",\"dateModified\":\"2026-01-30T20:20:35+00:00\",\"description\":\"Shop - Mounts Botanical Garden of Palm Beach County\",\"breadcrumb\":{\"@id\":\"https:\/\/www.mounts.org\/pt\/visita\/loja\/#breadcrumb\"},\"inLanguage\":\"pt-PT\",\"potentialAction\":[{\"@type\":\"ReadAction\",\"target\":[\"https:\/\/www.mounts.org\/pt\/visita\/loja\/\"]}]},{\"@type\":\"ImageObject\",\"inLanguage\":\"pt-PT\",\"@id\":\"https:\/\/www.mounts.org\/pt\/visita\/loja\/#primaryimage\",\"url\":\"https:\/\/mounts-botanical-gardens.nyc3.cdn.digitaloceanspaces.com\/dev\/2026\/01\/Visit-Shop-scaled.jpg\",\"contentUrl\":\"https:\/\/mounts-botanical-gardens.nyc3.cdn.digitaloceanspaces.com\/dev\/2026\/01\/Visit-Shop-scaled.jpg\",\"width\":1920,\"height\":2560},{\"@type\":\"BreadcrumbList\",\"@id\":\"https:\/\/www.mounts.org\/pt\/visita\/loja\/#breadcrumb\",\"itemListElement\":[{\"@type\":\"ListItem\",\"position\":1,\"name\":\"Home\",\"item\":\"https:\/\/www.mounts.org\/pt\/\"},{\"@type\":\"ListItem\",\"position\":2,\"name\":\"Shop\"}]},{\"@type\":\"WebSite\",\"@id\":\"https:\/\/www.mounts.org\/pt\/#website\",\"url\":\"https:\/\/www.mounts.org\/pt\/\",\"name\":\"Mounts Botanical Garden of Palm Beach County\",\"description\":\"Welcome to your Garden\",\"publisher\":{\"@id\":\"https:\/\/www.mounts.org\/pt\/#organization\"},\"alternateName\":\"Mounts Botanical Garden\",\"potentialAction\":[{\"@type\":\"SearchAction\",\"target\":{\"@type\":\"EntryPoint\",\"urlTemplate\":\"https:\/\/www.mounts.org\/pt\/?s={search_term_string}\"},\"query-input\":{\"@type\":\"PropertyValueSpecification\",\"valueRequired\":true,\"valueName\":\"search_term_string\"}}],\"inLanguage\":\"pt-PT\"},{\"@type\":\"Organization\",\"@id\":\"https:\/\/www.mounts.org\/pt\/#organization\",\"name\":\"Mounts Botanical Garden of Palm Beach County\",\"url\":\"https:\/\/www.mounts.org\/pt\/\",\"logo\":{\"@type\":\"ImageObject\",\"inLanguage\":\"pt-PT\",\"@id\":\"https:\/\/www.mounts.org\/pt\/#\/schema\/logo\/image\/\",\"url\":\"https:\/\/mounts-botanical-gardens.nyc3.cdn.digitaloceanspaces.com\/dev\/2025\/11\/15180613\/Group-27.svg\",\"contentUrl\":\"https:\/\/mounts-botanical-gardens.nyc3.cdn.digitaloceanspaces.com\/dev\/2025\/11\/15180613\/Group-27.svg\",\"width\":85,\"height\":63,\"caption\":\"Mounts Botanical Garden of Palm Beach County\"},\"image\":{\"@id\":\"https:\/\/www.mounts.org\/pt\/#\/schema\/logo\/image\/\"},\"sameAs\":[\"https:\/\/www.facebook.com\/MountsBotanicalGarden\/\",\"https:\/\/www.instagram.com\/mountsbotanicalgarden\",\"https:\/\/www.youtube.com\/@mountsbotanicalgardenwpb\"]}]}<\/script>\n<!-- \/ Yoast SEO plugin. -->","yoast_head_json":{"title":"Loja - Jardim Bot\u00e2nico Mounts do Condado de Palm Beach","description":"Loja - Jardim Bot\u00e2nico Mounts do Condado de Palm Beach","robots":{"index":"index","follow":"follow","max-snippet":"max-snippet:-1","max-image-preview":"max-image-preview:large","max-video-preview":"max-video-preview:-1"},"canonical":"https:\/\/www.mounts.org\/pt\/visita\/loja\/","og_locale":"pt_PT","og_type":"article","og_title":"Shop - Mounts Botanical Garden of Palm Beach County","og_description":"Shop - Mounts Botanical Garden of Palm Beach County","og_url":"https:\/\/www.mounts.org\/pt\/visita\/loja\/","og_site_name":"Mounts Botanical Garden of Palm Beach County","article_publisher":"https:\/\/www.facebook.com\/MountsBotanicalGarden\/","article_modified_time":"2026-01-30T20:20:35+00:00","og_image":[{"width":1920,"height":2560,"url":"https:\/\/mounts-botanical-gardens.nyc3.cdn.digitaloceanspaces.com\/dev\/2026\/01\/Visit-Shop-scaled.jpg","type":"image\/jpeg"}],"twitter_card":"summary_large_image","twitter_misc":{"Est. reading time":"2 minutes"},"schema":{"@context":"https:\/\/schema.org","@graph":[{"@type":"WebPage","@id":"https:\/\/www.mounts.org\/pt\/visita\/loja\/","url":"https:\/\/www.mounts.org\/pt\/visita\/loja\/","name":"Loja - Jardim Bot\u00e2nico Mounts do Condado de Palm Beach","isPartOf":{"@id":"https:\/\/www.mounts.org\/pt\/#website"},"primaryImageOfPage":{"@id":"https:\/\/www.mounts.org\/pt\/visita\/loja\/#primaryimage"},"image":{"@id":"https:\/\/www.mounts.org\/pt\/visita\/loja\/#primaryimage"},"thumbnailUrl":"https:\/\/mounts-botanical-gardens.nyc3.cdn.digitaloceanspaces.com\/dev\/2026\/01\/Visit-Shop-scaled.jpg","datePublished":"2025-11-20T01:50:30+00:00","dateModified":"2026-01-30T20:20:35+00:00","description":"Loja - Jardim Bot\u00e2nico Mounts do Condado de Palm Beach","breadcrumb":{"@id":"https:\/\/www.mounts.org\/pt\/visita\/loja\/#breadcrumb"},"inLanguage":"pt-PT","potentialAction":[{"@type":"ReadAction","target":["https:\/\/www.mounts.org\/pt\/visita\/loja\/"]}]},{"@type":"ImageObject","inLanguage":"pt-PT","@id":"https:\/\/www.mounts.org\/pt\/visita\/loja\/#primaryimage","url":"https:\/\/mounts-botanical-gardens.nyc3.cdn.digitaloceanspaces.com\/dev\/2026\/01\/Visit-Shop-scaled.jpg","contentUrl":"https:\/\/mounts-botanical-gardens.nyc3.cdn.digitaloceanspaces.com\/dev\/2026\/01\/Visit-Shop-scaled.jpg","width":1920,"height":2560},{"@type":"BreadcrumbList","@id":"https:\/\/www.mounts.org\/pt\/visita\/loja\/#breadcrumb","itemListElement":[{"@type":"ListItem","position":1,"name":"Home","item":"https:\/\/www.mounts.org\/pt\/"},{"@type":"ListItem","position":2,"name":"Shop"}]},{"@type":"WebSite","@id":"https:\/\/www.mounts.org\/pt\/#website","url":"https:\/\/www.mounts.org\/pt\/","name":"Jardim Bot\u00c3\u00a2nico Mounts do Condado de Palm Beach","description":"Bem-vindo ao seu jardim","publisher":{"@id":"https:\/\/www.mounts.org\/pt\/#organization"},"alternateName":"Mounts Botanical Garden","potentialAction":[{"@type":"SearchAction","target":{"@type":"EntryPoint","urlTemplate":"https:\/\/www.mounts.org\/pt\/?s={search_term_string}"},"query-input":{"@type":"PropertyValueSpecification","valueRequired":true,"valueName":"search_term_string"}}],"inLanguage":"pt-PT"},{"@type":"Organization","@id":"https:\/\/www.mounts.org\/pt\/#organization","name":"Jardim Bot\u00c3\u00a2nico Mounts do Condado de Palm Beach","url":"https:\/\/www.mounts.org\/pt\/","logo":{"@type":"ImageObject","inLanguage":"pt-PT","@id":"https:\/\/www.mounts.org\/pt\/#\/schema\/logo\/image\/","url":"https:\/\/mounts-botanical-gardens.nyc3.cdn.digitaloceanspaces.com\/dev\/2025\/11\/15180613\/Group-27.svg","contentUrl":"https:\/\/mounts-botanical-gardens.nyc3.cdn.digitaloceanspaces.com\/dev\/2025\/11\/15180613\/Group-27.svg","width":85,"height":63,"caption":"Mounts Botanical Garden of Palm Beach County"},"image":{"@id":"https:\/\/www.mounts.org\/pt\/#\/schema\/logo\/image\/"},"sameAs":["https:\/\/www.facebook.com\/MountsBotanicalGarden\/","https:\/\/www.instagram.com\/mountsbotanicalgarden","https:\/\/www.youtube.com\/@mountsbotanicalgardenwpb"]}]}},"pbg_featured_image_src":{"full":["https:\/\/mounts-botanical-gardens.nyc3.cdn.digitaloceanspaces.com\/dev\/2026\/01\/Visit-Shop-scaled.jpg",1920,2560,false],"thumbnail":["https:\/\/mounts-botanical-gardens.nyc3.cdn.digitaloceanspaces.com\/dev\/2026\/01\/Visit-Shop-400x300.jpg",400,300,true],"medium":["https:\/\/mounts-botanical-gardens.nyc3.cdn.digitaloceanspaces.com\/dev\/2026\/01\/Visit-Shop-576x768.jpg",576,768,true],"medium_large":["https:\/\/mounts-botanical-gardens.nyc3.cdn.digitaloceanspaces.com\/dev\/2026\/01\/Visit-Shop-768x1024.jpg",768,1024,true],"large":["https:\/\/mounts-botanical-gardens.nyc3.cdn.digitaloceanspaces.com\/dev\/2026\/01\/Visit-Shop-768x1024.jpg",768,1024,true],"thumblist":["https:\/\/mounts-botanical-gardens.nyc3.cdn.digitaloceanspaces.com\/dev\/2026\/01\/Visit-Shop-300x300.jpg",300,300,true],"thumbrelated":["https:\/\/mounts-botanical-gardens.nyc3.cdn.digitaloceanspaces.com\/dev\/2026\/01\/Visit-Shop-500x500.jpg",500,500,true],"meccarouselthumb":["https:\/\/mounts-botanical-gardens.nyc3.cdn.digitaloceanspaces.com\/dev\/2026\/01\/Visit-Shop-474x324.jpg",474,324,true],"gridsquare":["https:\/\/mounts-botanical-gardens.nyc3.cdn.digitaloceanspaces.com\/dev\/2026\/01\/Visit-Shop-391x260.jpg",391,260,true],"tileview":["https:\/\/mounts-botanical-gardens.nyc3.cdn.digitaloceanspaces.com\/dev\/2026\/01\/Visit-Shop-300x400.jpg",300,400,true],"1536x1536":["https:\/\/mounts-botanical-gardens.nyc3.cdn.digitaloceanspaces.com\/dev\/2026\/01\/Visit-Shop-1152x1536.jpg",1152,1536,true],"2048x2048":["https:\/\/mounts-botanical-gardens.nyc3.cdn.digitaloceanspaces.com\/dev\/2026\/01\/Visit-Shop-1536x2048.jpg",1536,2048,true],"trp-custom-language-flag":["https:\/\/mounts-botanical-gardens.nyc3.cdn.digitaloceanspaces.com\/dev\/2026\/01\/Visit-Shop-9x12.jpg",9,12,true],"gform-image-choice-sm":["https:\/\/mounts-botanical-gardens.nyc3.cdn.digitaloceanspaces.com\/dev\/2026\/01\/Visit-Shop-scaled.jpg",225,300,false],"gform-image-choice-md":["https:\/\/mounts-botanical-gardens.nyc3.cdn.digitaloceanspaces.com\/dev\/2026\/01\/Visit-Shop-scaled.jpg",300,400,false],"gform-image-choice-lg":["https:\/\/mounts-botanical-gardens.nyc3.cdn.digitaloceanspaces.com\/dev\/2026\/01\/Visit-Shop-scaled.jpg",450,600,false]},"pbg_author_info":{"display_name":"jworkman","author_link":"https:\/\/www.mounts.org\/pt\/author\/jworkman\/","author_img":"<img alt='jworkman' src='https:\/\/secure.gravatar.com\/avatar\/d681782f7ee2dc727aa4c819f3cffffe83d747ec1de3b219878d6e178e409fac?s=128&#038;d=mm&#038;r=g' srcset='https:\/\/secure.gravatar.com\/avatar\/d681782f7ee2dc727aa4c819f3cffffe83d747ec1de3b219878d6e178e409fac?s=256&#038;d=mm&#038;r=g 2x' class='avatar avatar-128 photo' height='128' width='128' loading='lazy' decoding='async'\/>"},"pbg_comment_info":" No Comments","pbg_excerpt":"Discover plants, garden accessories, vintage treasures, and botanical keepsakes at the Garden\u2019s nursery, thrift shop, and gift shop.","_links":{"self":[{"href":"https:\/\/www.mounts.org\/pt\/wp-json\/wp\/v2\/pages\/1656","targetHints":{"allow":["GET"]}}],"collection":[{"href":"https:\/\/www.mounts.org\/pt\/wp-json\/wp\/v2\/pages"}],"about":[{"href":"https:\/\/www.mounts.org\/pt\/wp-json\/wp\/v2\/types\/page"}],"author":[{"embeddable":true,"href":"https:\/\/www.mounts.org\/pt\/wp-json\/wp\/v2\/users\/1"}],"replies":[{"embeddable":true,"href":"https:\/\/www.mounts.org\/pt\/wp-json\/wp\/v2\/comments?post=1656"}],"version-history":[{"count":16,"href":"https:\/\/www.mounts.org\/pt\/wp-json\/wp\/v2\/pages\/1656\/revisions"}],"predecessor-version":[{"id":5278,"href":"https:\/\/www.mounts.org\/pt\/wp-json\/wp\/v2\/pages\/1656\/revisions\/5278"}],"up":[{"embeddable":true,"href":"https:\/\/www.mounts.org\/pt\/wp-json\/wp\/v2\/pages\/152"}],"wp:featuredmedia":[{"embeddable":true,"href":"https:\/\/www.mounts.org\/pt\/wp-json\/wp\/v2\/media\/4547"}],"wp:attachment":[{"href":"https:\/\/www.mounts.org\/pt\/wp-json\/wp\/v2\/media?parent=1656"}],"curies":[{"name":"wp","href":"https:\/\/api.w.org\/{rel}","templated":true}]}}