{"id":4241,"date":"2026-01-15T19:27:19","date_gmt":"2026-01-15T19:27:19","guid":{"rendered":"https:\/\/www.mounts.org\/?page_id=4241"},"modified":"2026-03-11T16:03:48","modified_gmt":"2026-03-11T16:03:48","slug":"politica-de-animais-de-estimacao","status":"publish","type":"page","link":"https:\/\/www.mounts.org\/pt\/politica-de-animais-de-estimacao\/","title":{"rendered":"Pet Policy"},"content":{"rendered":"<div class=\"wp-block-group alignfull is-layout-constrained wp-container-core-group-is-layout-5b6b4da3 wp-block-group-is-layout-constrained has-background\" style=\"min-height:200px;padding-top:21vh;padding-bottom:21vh;background-image:url(&apos;https:\/\/mounts-botanical-gardens.nyc3.cdn.digitaloceanspaces.com\/dev\/2025\/11\/Rectangle-4683-copy-1.jpg&apos;);background-position:50% 50%;background-size:cover;\">\n<h1 class=\"wp-block-heading has-text-align-center has-white-color has-text-color has-link-color has-mansalva-font-family wp-elements-5c017dc837641ef7613e29c3a3fad120\" style=\"font-size:clamp(37.821px, 2.364rem + ((1vw - 3.2px) * 2.514), 70px);\">Pol\u00edticas de pata de jardim<\/h1>\n<\/div>\n\n\n\n<div class=\"wp-block-media-text has-media-on-the-right is-stacked-on-mobile mounts-media-text ltr is-padded-mobile\"><div class=\"wp-block-media-text__content\">\n<h2 class=\"wp-block-heading has-earthy-color has-text-color has-link-color wp-elements-c2f19d2a07c77e8a0af10d3c1a9350d4\">Vis\u00e3o geral da pol\u00edtica para animais de estima\u00e7\u00e3o<\/h2>\n\n\n\n<p>Dogs are welcome in the Garden every second Sunday of each month for Dogs&#8217; Days in the Garden. Service dogs are welcome every day.<\/p>\n\n\n\n<p>A sa\u00fade e a seguran\u00e7a dos h\u00f3spedes, c\u00e3es, funcion\u00e1rios e volunt\u00e1rios do Jardim \u00e9 fundamental. Para que esta seja uma experi\u00eancia divertida e segura para todos os visitantes do Jardim, por favor, cumpra as seguintes pol\u00edticas quando visitar o Jardim Bot\u00e2nico de Mounts com o seu c\u00e3o nos Dias dos C\u00e3es.<\/p>\n\n\n\n<p class=\"has-earthy-color has-text-color has-link-color wp-elements-7c8742b7ed7309b449b7ee45ee9c1329\">Como uma instala\u00e7\u00e3o do Condado de Palm Beach, o Jardim Bot\u00e2nico de Mounts segue <a href=\"https:\/\/discover.pbcgov.org\/parks\/Amenities\/Dog-Parks.aspx\">Regulamentos relativos a parques e actividades recreativas do Condado de Palm Beach<\/a> no que se refere aos parques para c\u00e3es, bem como as pol\u00edticas espec\u00edficas do Jardim Bot\u00e2nico de Mounts.<\/p>\n<\/div><figure class=\"wp-block-media-text__media\"><img loading=\"lazy\" decoding=\"async\" width=\"1000\" height=\"727\" src=\"https:\/\/mounts-botanical-gardens.nyc3.cdn.digitaloceanspaces.com\/dev\/2025\/11\/1.-Dogs-Day-in-the-Garden-min-2.jpg\" alt=\"C\u00e3es no parque\" class=\"wp-image-1477 size-full\" srcset=\"https:\/\/mounts-botanical-gardens.nyc3.cdn.digitaloceanspaces.com\/dev\/2025\/11\/1.-Dogs-Day-in-the-Garden-min-2.jpg 1000w, https:\/\/mounts-botanical-gardens.nyc3.cdn.digitaloceanspaces.com\/dev\/2025\/11\/1.-Dogs-Day-in-the-Garden-min-2-768x558.jpg 768w, https:\/\/mounts-botanical-gardens.nyc3.cdn.digitaloceanspaces.com\/dev\/2025\/11\/1.-Dogs-Day-in-the-Garden-min-2-18x12.jpg 18w\" sizes=\"auto, (max-width: 1000px) 100vw, 1000px\" \/><\/figure><\/div>\n\n\n\n<div class=\"wp-block-group alignfull has-white-color has-text-color has-link-color has-figtree-font-family has-small-font-size wp-elements-97af78871f536fd8529d3244576751be is-layout-constrained wp-container-core-group-is-layout-4cccd036 wp-block-group-is-layout-constrained\" style=\"border-radius:31px;padding-top:var(--wp--preset--spacing--60);padding-right:var(--wp--preset--spacing--50);padding-bottom:var(--wp--preset--spacing--60);padding-left:var(--wp--preset--spacing--50)\">\n<div class=\"wp-block-group has-white-color has-white-background-color has-text-color has-background has-link-color wp-elements-e0b36ad6934ae346a7d361de52d2be00 is-vertical is-content-justification-stretch is-nowrap is-layout-flex wp-container-core-group-is-layout-d8eda1cf wp-block-group-is-layout-flex\" style=\"border-radius:31px;padding-top:var(--wp--preset--spacing--60);padding-right:var(--wp--preset--spacing--50);padding-bottom:var(--wp--preset--spacing--60);padding-left:var(--wp--preset--spacing--50)\">\n<h2 class=\"wp-block-heading has-text-align-center has-earthy-color has-text-color has-link-color has-figtree-font-family wp-elements-71472de6bc4524ae6f3ccab93e23a54a\" style=\"font-size:clamp(25.984px, 1.624rem + ((1vw - 3.2px) * 1.408), 44px);font-style:normal;font-weight:400;line-height:1\">Pol\u00edticas e C\u00f3digo de Conduta para Caninos e Propriet\u00e1rios<\/h2>\n\n\n\n<ul class=\"wp-block-list\">\n<li class=\"has-earthy-color has-text-color has-link-color wp-elements-01115bfc235d6f349ef344098c5768f5\">Todos os c\u00e3es devem estar com trela enquanto estiverem na propriedade do Jardim, incluindo o parque de estacionamento.<\/li>\n\n\n\n<li class=\"has-earthy-color has-text-color has-link-color wp-elements-052ce7fb2a5a4e286a9c13d9b7ba6951\">N\u00c3O S\u00c3O PERMITIDAS TRELAS RETR\u00c1CTEIS. As trelas n\u00e3o retr\u00e1cteis n\u00e3o podem ter um comprimento superior a 2,5 metros.<\/li>\n\n\n\n<li class=\"has-earthy-color has-text-color has-link-color wp-elements-f8dca0438be4274c824187e6b3804628\">N\u00e3o \u00e9 permitido mais do que UM C\u00c3O POR ADULTO de cada vez no Jardim.<\/li>\n\n\n\n<li class=\"has-earthy-color has-text-color has-link-color wp-elements-4cbd196bcfae8e583615d169f3820ba3\">Todos os c\u00e3es devem ser socializados e ter vacinas e registos actualizados. Recomenda-se a utiliza\u00e7\u00e3o de produtos de preven\u00e7\u00e3o de dirofilariose e carra\u00e7as.<\/li>\n\n\n\n<li class=\"has-earthy-color has-text-color has-link-color wp-elements-f742f1c340367850a7340ddf13a6f3c3\">Os c\u00e3es devem ter uma coleira bem ajustada e as etiquetas devem ser exibidas na coleira.<\/li>\n\n\n\n<li class=\"has-earthy-color has-text-color has-link-color wp-elements-d628e7a3d8259b6aac8b5d860019a8ce\">As crian\u00e7as com menos de 18 anos devem ser acompanhadas por um adulto.<\/li>\n\n\n\n<li class=\"has-earthy-color has-text-color has-link-color wp-elements-14cbe3eb414387043020e6170d2ebe4a\">Apenas c\u00e3es! N\u00e3o s\u00e3o permitidos outros animais para al\u00e9m dos c\u00e3es no interior do Jardim. Isto inclui, mas n\u00e3o se limita a: h\u00edbridos de lobo, gatos, porcos de barriga para baixo, coelhos, fur\u00f5es, ratos, p\u00e1ssaros e r\u00e9pteis.<\/li>\n\n\n\n<li class=\"has-earthy-color has-text-color has-link-color wp-elements-96808403873fabcb0fd80d25cd9ffeed\">Para sua seguran\u00e7a, n\u00e3o s\u00e3o permitidos cachorros com menos de quatro meses.<\/li>\n\n\n\n<li class=\"has-earthy-color has-text-color has-link-color wp-elements-eaf9957742167ae020f9228577f00357\">Por favor, traga a sua pr\u00f3pria \u00e1gua e guloseimas - e sacos de lixo para c\u00e3es!<\/li>\n\n\n\n<li class=\"has-earthy-color has-text-color has-link-color wp-elements-5880ae2c03dea94195f46098fc254ecc\">Todos os h\u00f3spedes s\u00e3o avisados de que visitar o Jardim com um c\u00e3o \u00e9 por sua conta e risco.<\/li>\n\n\n\n<li class=\"has-earthy-color has-text-color has-link-color wp-elements-befcb2d75ca16622d9c53984c74fb980\">Os donos dos animais s\u00e3o respons\u00e1veis pelas ac\u00e7\u00f5es e pelo comportamento dos seus c\u00e3es.<\/li>\n\n\n\n<li class=\"has-earthy-color has-text-color has-link-color wp-elements-914144fe69d44b5edd5939ea154c212a\">Os donos dos c\u00e3es assumem total responsabilidade pelo comportamento do seu c\u00e3o e assumem a responsabilidade pelos danos sofridos por qualquer pessoa que seja mordida pelo c\u00e3o de um h\u00f3spede enquanto estiver na propriedade do Jardim. Para a seguran\u00e7a do seu c\u00e3o e do ambiente natural, mantenha-se nos caminhos pavimentados e de terra batida estabelecidos. Isto protege todas as formas de vida (plantas e animais)!<\/li>\n\n\n\n<li class=\"has-earthy-color has-text-color has-link-color wp-elements-f2c85c26e0c1bdd7298eb1882b08baca\">Os c\u00e3es devem ser acompanhados e supervisionados em perman\u00eancia por uma pessoa com idade igual ou superior a 18 anos. N\u00e3o \u00e9 permitida a presen\u00e7a de c\u00e3es sem vigil\u00e2ncia no Jardim em qualquer altura.<\/li>\n\n\n\n<li class=\"has-earthy-color has-text-color has-link-color wp-elements-ac4010a46e467c41c649b527b51f021a\">Por favor, deixe o jardim tal como o encontrou! As fezes dos c\u00e3es devem ser limpas imediatamente pelo dono.<\/li>\n\n\n\n<li class=\"has-earthy-color has-text-color has-link-color wp-elements-c19694260ebd2c0577ab201200357b51\">\u00c9 favor usar de discri\u00e7\u00e3o nos locais onde permite que o seu c\u00e3o urine. Muitas das plantas do Jardim podem ser danificadas pela urina do c\u00e3o.<\/li>\n\n\n\n<li class=\"has-earthy-color has-text-color has-link-color wp-elements-ee67038f3ba638aaf2ff64c28d0ae2d3\">N\u00e3o s\u00e3o permitidos c\u00e3es em canteiros de plantas ou no lago.<\/li>\n\n\n\n<li class=\"has-earthy-color has-text-color has-link-color wp-elements-3bcc1d7d6b39e378622dacce59ca7131\">O condutor do c\u00e3o deve ter sempre o c\u00e3o com trela na m\u00e3o e os c\u00e3es devem estar sempre presos a uma dist\u00e2ncia n\u00e3o superior a 2,5 metros do seu condutor.<\/li>\n\n\n\n<li class=\"has-earthy-color has-text-color has-link-color wp-elements-755fd1164727ce10373afb909c1afa1d\">Os c\u00e3es devem ser retirados do Garden ao primeiro sinal de agress\u00e3o. Os c\u00e3es perigosos, tal como definidos no Decreto n.\u00ba 98-22 do Condado de Palm Beach, o Decreto de Controlo e Cuidados com os Animais do Condado de Palm Beach, s\u00e3o proibidos no Garden.<\/li>\n\n\n\n<li class=\"has-earthy-color has-text-color has-link-color wp-elements-4a6666781d2ed88c3304f602e446d572\">\u00c9 proibida a entrada no Jardim de cadelas com cio.<\/li>\n\n\n\n<li class=\"has-earthy-color has-text-color has-link-color wp-elements-45e13403702cfcd158a12e37a4435080\">Recomenda-se a utiliza\u00e7\u00e3o de animais esterilizados\/neutros.<\/li>\n\n\n\n<li class=\"has-earthy-color has-text-color has-link-color wp-elements-c4119e47c5065d09528ac74649711472\">As pessoas que violarem estas regras est\u00e3o sujeitas a serem retiradas do Jardim e\/ou suspensas.<\/li>\n<\/ul>\n<\/div>\n<\/div>","protected":false},"excerpt":{"rendered":"<p>Garden Paw-licies Pet Policy Overview Dogs are welcome in the Garden every second Sunday of each month for Dogs&#8217; Days in the Garden. Service dogs are welcome every day. The health and safety of Garden guests, dogs, employees, and volunteers is paramount. To make this a fun and safe experience for all Garden guests, please [&hellip;]<\/p>","protected":false},"author":1,"featured_media":254,"parent":0,"menu_order":0,"comment_status":"closed","ping_status":"closed","template":"","meta":{"_eb_attr":"","inline_featured_image":false,"footnotes":""},"class_list":["post-4241","page","type-page","status-publish","has-post-thumbnail","hentry"],"yoast_head":"<!-- This site is optimized with the Yoast SEO plugin v27.1.1 - https:\/\/yoast.com\/product\/yoast-seo-wordpress\/ -->\n<title>Pet Policy - Mounts Botanical Garden of Palm Beach County<\/title>\n<meta name=\"description\" content=\"Pet Policy - Mounts Botanical Garden of Palm Beach County\" \/>\n<meta name=\"robots\" content=\"index, follow, max-snippet:-1, max-image-preview:large, max-video-preview:-1\" \/>\n<link rel=\"canonical\" href=\"https:\/\/www.mounts.org\/pt\/politica-de-animais-de-estimacao\/\" \/>\n<meta property=\"og:locale\" content=\"pt_PT\" \/>\n<meta property=\"og:type\" content=\"article\" \/>\n<meta property=\"og:title\" content=\"Pet Policy - Mounts Botanical Garden of Palm Beach County\" \/>\n<meta property=\"og:description\" content=\"Pet Policy - Mounts Botanical Garden of Palm Beach County\" \/>\n<meta property=\"og:url\" content=\"https:\/\/www.mounts.org\/pt\/politica-de-animais-de-estimacao\/\" \/>\n<meta property=\"og:site_name\" content=\"Mounts Botanical Garden of Palm Beach County\" \/>\n<meta property=\"article:publisher\" content=\"https:\/\/www.facebook.com\/MountsBotanicalGarden\/\" \/>\n<meta property=\"article:modified_time\" content=\"2026-03-11T16:03:48+00:00\" \/>\n<meta name=\"twitter:card\" content=\"summary_large_image\" \/>\n<meta name=\"twitter:label1\" content=\"Est. reading time\" \/>\n\t<meta name=\"twitter:data1\" content=\"3 minutes\" \/>\n<script type=\"application\/ld+json\" class=\"yoast-schema-graph\">{\"@context\":\"https:\/\/schema.org\",\"@graph\":[{\"@type\":\"WebPage\",\"@id\":\"https:\/\/www.mounts.org\/pt\/politica-de-animais-de-estimacao\/\",\"url\":\"https:\/\/www.mounts.org\/pt\/politica-de-animais-de-estimacao\/\",\"name\":\"Pet Policy - Mounts Botanical Garden of Palm Beach County\",\"isPartOf\":{\"@id\":\"https:\/\/www.mounts.org\/pt\/#website\"},\"primaryImageOfPage\":{\"@id\":\"https:\/\/www.mounts.org\/pt\/politica-de-animais-de-estimacao\/#primaryimage\"},\"image\":{\"@id\":\"https:\/\/www.mounts.org\/pt\/politica-de-animais-de-estimacao\/#primaryimage\"},\"thumbnailUrl\":\"\",\"datePublished\":\"2026-01-15T19:27:19+00:00\",\"dateModified\":\"2026-03-11T16:03:48+00:00\",\"description\":\"Pet Policy - Mounts Botanical Garden of Palm Beach County\",\"breadcrumb\":{\"@id\":\"https:\/\/www.mounts.org\/pt\/politica-de-animais-de-estimacao\/#breadcrumb\"},\"inLanguage\":\"pt-PT\",\"potentialAction\":[{\"@type\":\"ReadAction\",\"target\":[\"https:\/\/www.mounts.org\/pt\/politica-de-animais-de-estimacao\/\"]}]},{\"@type\":\"ImageObject\",\"inLanguage\":\"pt-PT\",\"@id\":\"https:\/\/www.mounts.org\/pt\/politica-de-animais-de-estimacao\/#primaryimage\",\"url\":\"\",\"contentUrl\":\"\"},{\"@type\":\"BreadcrumbList\",\"@id\":\"https:\/\/www.mounts.org\/pt\/politica-de-animais-de-estimacao\/#breadcrumb\",\"itemListElement\":[{\"@type\":\"ListItem\",\"position\":1,\"name\":\"Home\",\"item\":\"https:\/\/www.mounts.org\/pt\/\"},{\"@type\":\"ListItem\",\"position\":2,\"name\":\"Pet Policy\"}]},{\"@type\":\"WebSite\",\"@id\":\"https:\/\/www.mounts.org\/pt\/#website\",\"url\":\"https:\/\/www.mounts.org\/pt\/\",\"name\":\"Mounts Botanical Garden of Palm Beach County\",\"description\":\"Welcome to your Garden\",\"publisher\":{\"@id\":\"https:\/\/www.mounts.org\/pt\/#organization\"},\"alternateName\":\"Mounts Botanical Garden\",\"potentialAction\":[{\"@type\":\"SearchAction\",\"target\":{\"@type\":\"EntryPoint\",\"urlTemplate\":\"https:\/\/www.mounts.org\/pt\/?s={search_term_string}\"},\"query-input\":{\"@type\":\"PropertyValueSpecification\",\"valueRequired\":true,\"valueName\":\"search_term_string\"}}],\"inLanguage\":\"pt-PT\"},{\"@type\":\"Organization\",\"@id\":\"https:\/\/www.mounts.org\/pt\/#organization\",\"name\":\"Mounts Botanical Garden of Palm Beach County\",\"url\":\"https:\/\/www.mounts.org\/pt\/\",\"logo\":{\"@type\":\"ImageObject\",\"inLanguage\":\"pt-PT\",\"@id\":\"https:\/\/www.mounts.org\/pt\/#\/schema\/logo\/image\/\",\"url\":\"https:\/\/mounts-botanical-gardens.nyc3.cdn.digitaloceanspaces.com\/dev\/2025\/11\/15180613\/Group-27.svg\",\"contentUrl\":\"https:\/\/mounts-botanical-gardens.nyc3.cdn.digitaloceanspaces.com\/dev\/2025\/11\/15180613\/Group-27.svg\",\"width\":85,\"height\":63,\"caption\":\"Mounts Botanical Garden of Palm Beach County\"},\"image\":{\"@id\":\"https:\/\/www.mounts.org\/pt\/#\/schema\/logo\/image\/\"},\"sameAs\":[\"https:\/\/www.facebook.com\/MountsBotanicalGarden\/\",\"https:\/\/www.instagram.com\/mountsbotanicalgarden\",\"https:\/\/www.youtube.com\/@mountsbotanicalgardenwpb\"]}]}<\/script>\n<!-- \/ Yoast SEO plugin. -->","yoast_head_json":{"title":"Pol\u00edtica de animais de estima\u00e7\u00e3o - Jardim Bot\u00e2nico Mounts do Condado de Palm Beach","description":"Pol\u00edtica de animais de estima\u00e7\u00e3o - Jardim Bot\u00e2nico Mounts do Condado de Palm Beach","robots":{"index":"index","follow":"follow","max-snippet":"max-snippet:-1","max-image-preview":"max-image-preview:large","max-video-preview":"max-video-preview:-1"},"canonical":"https:\/\/www.mounts.org\/pt\/politica-de-animais-de-estimacao\/","og_locale":"pt_PT","og_type":"article","og_title":"Pet Policy - Mounts Botanical Garden of Palm Beach County","og_description":"Pet Policy - Mounts Botanical Garden of Palm Beach County","og_url":"https:\/\/www.mounts.org\/pt\/politica-de-animais-de-estimacao\/","og_site_name":"Mounts Botanical Garden of Palm Beach County","article_publisher":"https:\/\/www.facebook.com\/MountsBotanicalGarden\/","article_modified_time":"2026-03-11T16:03:48+00:00","twitter_card":"summary_large_image","twitter_misc":{"Est. reading time":"3 minutes"},"schema":{"@context":"https:\/\/schema.org","@graph":[{"@type":"WebPage","@id":"https:\/\/www.mounts.org\/pt\/politica-de-animais-de-estimacao\/","url":"https:\/\/www.mounts.org\/pt\/politica-de-animais-de-estimacao\/","name":"Pol\u00edtica de animais de estima\u00e7\u00e3o - Jardim Bot\u00e2nico Mounts do Condado de Palm Beach","isPartOf":{"@id":"https:\/\/www.mounts.org\/pt\/#website"},"primaryImageOfPage":{"@id":"https:\/\/www.mounts.org\/pt\/politica-de-animais-de-estimacao\/#primaryimage"},"image":{"@id":"https:\/\/www.mounts.org\/pt\/politica-de-animais-de-estimacao\/#primaryimage"},"thumbnailUrl":"","datePublished":"2026-01-15T19:27:19+00:00","dateModified":"2026-03-11T16:03:48+00:00","description":"Pol\u00edtica de animais de estima\u00e7\u00e3o - Jardim Bot\u00e2nico Mounts do Condado de Palm Beach","breadcrumb":{"@id":"https:\/\/www.mounts.org\/pt\/politica-de-animais-de-estimacao\/#breadcrumb"},"inLanguage":"pt-PT","potentialAction":[{"@type":"ReadAction","target":["https:\/\/www.mounts.org\/pt\/politica-de-animais-de-estimacao\/"]}]},{"@type":"ImageObject","inLanguage":"pt-PT","@id":"https:\/\/www.mounts.org\/pt\/politica-de-animais-de-estimacao\/#primaryimage","url":"","contentUrl":""},{"@type":"BreadcrumbList","@id":"https:\/\/www.mounts.org\/pt\/politica-de-animais-de-estimacao\/#breadcrumb","itemListElement":[{"@type":"ListItem","position":1,"name":"Home","item":"https:\/\/www.mounts.org\/pt\/"},{"@type":"ListItem","position":2,"name":"Pet Policy"}]},{"@type":"WebSite","@id":"https:\/\/www.mounts.org\/pt\/#website","url":"https:\/\/www.mounts.org\/pt\/","name":"Jardim Bot\u00c3\u00a2nico Mounts do Condado de Palm Beach","description":"Bem-vindo ao seu jardim","publisher":{"@id":"https:\/\/www.mounts.org\/pt\/#organization"},"alternateName":"Mounts Botanical Garden","potentialAction":[{"@type":"SearchAction","target":{"@type":"EntryPoint","urlTemplate":"https:\/\/www.mounts.org\/pt\/?s={search_term_string}"},"query-input":{"@type":"PropertyValueSpecification","valueRequired":true,"valueName":"search_term_string"}}],"inLanguage":"pt-PT"},{"@type":"Organization","@id":"https:\/\/www.mounts.org\/pt\/#organization","name":"Jardim Bot\u00c3\u00a2nico Mounts do Condado de Palm Beach","url":"https:\/\/www.mounts.org\/pt\/","logo":{"@type":"ImageObject","inLanguage":"pt-PT","@id":"https:\/\/www.mounts.org\/pt\/#\/schema\/logo\/image\/","url":"https:\/\/mounts-botanical-gardens.nyc3.cdn.digitaloceanspaces.com\/dev\/2025\/11\/15180613\/Group-27.svg","contentUrl":"https:\/\/mounts-botanical-gardens.nyc3.cdn.digitaloceanspaces.com\/dev\/2025\/11\/15180613\/Group-27.svg","width":85,"height":63,"caption":"Mounts Botanical Garden of Palm Beach County"},"image":{"@id":"https:\/\/www.mounts.org\/pt\/#\/schema\/logo\/image\/"},"sameAs":["https:\/\/www.facebook.com\/MountsBotanicalGarden\/","https:\/\/www.instagram.com\/mountsbotanicalgarden","https:\/\/www.youtube.com\/@mountsbotanicalgardenwpb"]}]}},"pbg_featured_image_src":{"full":false,"thumbnail":false,"medium":false,"medium_large":false,"large":false,"thumblist":false,"thumbrelated":false,"meccarouselthumb":false,"gridsquare":false,"tileview":false,"1536x1536":false,"2048x2048":false,"trp-custom-language-flag":false,"gform-image-choice-sm":false,"gform-image-choice-md":false,"gform-image-choice-lg":false},"pbg_author_info":{"display_name":"jworkman","author_link":"https:\/\/www.mounts.org\/pt\/author\/jworkman\/","author_img":"<img alt='jworkman' src='https:\/\/secure.gravatar.com\/avatar\/d681782f7ee2dc727aa4c819f3cffffe83d747ec1de3b219878d6e178e409fac?s=128&#038;d=mm&#038;r=g' srcset='https:\/\/secure.gravatar.com\/avatar\/d681782f7ee2dc727aa4c819f3cffffe83d747ec1de3b219878d6e178e409fac?s=256&#038;d=mm&#038;r=g 2x' class='avatar avatar-128 photo' height='128' width='128' loading='lazy' decoding='async'\/>"},"pbg_comment_info":" No Comments","pbg_excerpt":"Garden Paw-licies Pet Policy Overview Dogs are welcome in the Garden every second Sunday of each month for Dogs&#8217; Days in the Garden. Service dogs are welcome every day. The health and safety of Garden guests, dogs, employees, and volunteers is paramount. To make this a fun and safe experience for all Garden guests, please&hellip;","_links":{"self":[{"href":"https:\/\/www.mounts.org\/pt\/wp-json\/wp\/v2\/pages\/4241","targetHints":{"allow":["GET"]}}],"collection":[{"href":"https:\/\/www.mounts.org\/pt\/wp-json\/wp\/v2\/pages"}],"about":[{"href":"https:\/\/www.mounts.org\/pt\/wp-json\/wp\/v2\/types\/page"}],"author":[{"embeddable":true,"href":"https:\/\/www.mounts.org\/pt\/wp-json\/wp\/v2\/users\/1"}],"replies":[{"embeddable":true,"href":"https:\/\/www.mounts.org\/pt\/wp-json\/wp\/v2\/comments?post=4241"}],"version-history":[{"count":7,"href":"https:\/\/www.mounts.org\/pt\/wp-json\/wp\/v2\/pages\/4241\/revisions"}],"predecessor-version":[{"id":5197,"href":"https:\/\/www.mounts.org\/pt\/wp-json\/wp\/v2\/pages\/4241\/revisions\/5197"}],"wp:featuredmedia":[{"embeddable":true,"href":"https:\/\/www.mounts.org\/pt\/wp-json\/"}],"wp:attachment":[{"href":"https:\/\/www.mounts.org\/pt\/wp-json\/wp\/v2\/media?parent=4241"}],"curies":[{"name":"wp","href":"https:\/\/api.w.org\/{rel}","templated":true}]}}